{"id":6019,"date":"2019-10-10T13:30:33","date_gmt":"2019-10-10T11:30:33","guid":{"rendered":"https:\/\/nbn23.com\/swish\/"},"modified":"2021-08-12T09:46:10","modified_gmt":"2021-08-12T07:46:10","slug":"swish","status":"publish","type":"page","link":"https:\/\/nbn23.com\/tr\/swish\/","title":{"rendered":"SWISH"},"content":{"rendered":"<p>[vc_row full_height=&#8221;yes&#8221; foundry_padding=&#8221;pt180 pb180 pt-xs-80 pb-xs-80&#8243; css=&#8221;.vc_custom_1598427644923{background: #101e4c url(https:\/\/nbn23.com\/wp-content\/uploads\/2020\/08\/bg-swish.jpg?id=8946) !important;}&#8221;][vc_column][vc_row_inner][vc_column_inner offset=&#8221;vc_hidden-lg vc_hidden-md vc_hidden-sm vc_col-xs-offset-1&#8243;][vc_single_image image=&#8221;5090&#8243; img_size=&#8221;&#8221; css_animation=&#8221;fadeInDown&#8221; css=&#8221;.vc_custom_1597759511522{padding-top: 40px !important;}&#8221;][\/vc_column_inner][\/vc_row_inner][vc_row_inner][vc_column_inner width=&#8221;1\/2&#8243; offset=&#8221;vc_hidden-xs&#8221;][vc_single_image image=&#8221;12875&#8243; img_size=&#8221;medium&#8221; alignment=&#8221;center&#8221; css_animation=&#8221;fadeInDown&#8221; css=&#8221;.vc_custom_1628754143328{padding-top: 30px !important;}&#8221;][\/vc_column_inner][vc_column_inner width=&#8221;1\/2&#8243;][vc_column_text css_animation=&#8221;fadeIn&#8221;]<\/p>\n<p style=\"font-size: 3.5em; line-height: 1.5em;\">\u015euana kadar \u00e7\u0131kan en yarat\u0131c\u0131 uygulama sayesinde istedi\u011finiz basketbol turnuvas\u0131n\u0131\/ligini takip edin<\/p>\n<p>[\/vc_column_text][vc_empty_space height=&#8221;24px&#8221;][vc_column_text]<a href=\"https:\/\/apps.apple.com\/es\/app\/swish-by-nbn23\/id1472705925\" target=\"_blank\" rel=\"noopener noreferrer\"><img decoding=\"async\" class=\"wp-image-5107 alignleft\" src=\"https:\/\/nbn23.com\/wp-content\/uploads\/2019\/08\/iOSAppStore-1-300x89.png\" alt=\"\" width=\"139\" height=\"41\" srcset=\"https:\/\/nbn23.com\/wp-content\/uploads\/2019\/08\/iOSAppStore-1-300x89.png 300w, https:\/\/nbn23.com\/wp-content\/uploads\/2019\/08\/iOSAppStore-1.png 563w\" sizes=\"(max-width: 139px) 100vw, 139px\" \/><\/a><a href=\"https:\/\/play.google.com\/store\/apps\/details?id=com.nbn23.fansapp&amp;utm_source=landing&amp;utm_medium=landing&amp;utm_campaign=swish&amp;utm_content=Landing\" target=\"_blank\" rel=\"noopener noreferrer\"><img decoding=\"async\" class=\"wp-image-5125 alignleft\" src=\"https:\/\/nbn23.com\/wp-content\/uploads\/2019\/08\/googleplay-store.png\" alt=\"\" width=\"138\" height=\"41\" \/><\/a>[\/vc_column_text][\/vc_column_inner][\/vc_row_inner][\/vc_column][\/vc_row][vc_row foundry_padding=&#8221;pt64 pb64&#8243;][vc_column][vc_column_text]<\/p>\n<h6 class=\"uppercase mb0\" style=\"text-align: center;\"><b><span lang=\"EN-GB\">BASKETBOLUN \u00d6NDE GELEN L\u0130GLER\u0130\u2026<\/span><\/b><\/h6>\n<p>[\/vc_column_text][\/vc_column][\/vc_row][vc_section css=&#8221;.vc_custom_1598367178417{background-color: #edf1f4 !important;}&#8221;][vc_row full_width=&#8221;stretch_row&#8221;][vc_column][foundry_text_image layout=&#8221;offscreen-right&#8221; image=&#8221;8924&#8243;][vc_custom_heading text=&#8221;Kar\u015f\u0131la\u015fma hakk\u0131nda her\u015fey&#8221; font_container=&#8221;tag:h2|font_size:48px|text_align:left&#8221; google_fonts=&#8221;font_family:Lato%3A100%2C100italic%2C300%2C300italic%2Cregular%2Citalic%2C700%2C700italic%2C900%2C900italic|font_style:900%20bold%20regular%3A900%3Anormal&#8221; css_animation=&#8221;fadeIn&#8221; css=&#8221;.vc_custom_1598429419392{margin-left: 84px !important;}&#8221;][vc_column_text css_animation=&#8221;fadeIn&#8221; css=&#8221;.vc_custom_1603451589360{margin-left: 84px !important;}&#8221;]<\/p>\n<div class=\"tab-content\">\n<p>Kar\u015f\u0131la\u015fmalar hakk\u0131ndaki t\u00fcm g\u00f6rsel detaylar\u0131 inceleyebilirsiniz. Kar\u015f\u0131la\u015ft\u0131rmal\u0131 grafikler, tak\u0131m istatistikleri, bireysel oyuncu istatistikleri, \u00f6ne \u00e7\u0131kan oyuncular\u2026Ayn\u0131 zamanda Canl\u0131 Anlat\u0131m, \u015eut Haritas\u0131 ve Is\u0131 Haritas\u0131 sayesinde her aksiyonu ayr\u0131 ayr\u0131 g\u00f6rebilirsiniz.<\/p>\n<h4><strong>\u00d6\u011fren, kar\u015f\u0131la\u015ft\u0131r ve verileri analiz et<\/strong><\/h4>\n<\/div>\n<p>[\/vc_column_text][vc_single_image image=&#8221;8988&#8243; img_size=&#8221;full&#8221; css_animation=&#8221;top-to-bottom&#8221; css=&#8221;.vc_custom_1598430961933{margin-left: 84px !important;}&#8221;][\/foundry_text_image][\/vc_column][\/vc_row][vc_row full_width=&#8221;stretch_row&#8221; css=&#8221;.vc_custom_1598367186225{background-color: #edf1f4 !important;}&#8221;][vc_column][foundry_text_image image=&#8221;8931&#8243;][vc_custom_heading text=&#8221;Oyuncular, tak\u0131mlar, ligler ve daha fazlas\u0131!&#8221; font_container=&#8221;tag:h2|font_size:48px|text_align:left&#8221; google_fonts=&#8221;font_family:Lato%3A100%2C100italic%2C300%2C300italic%2Cregular%2Citalic%2C700%2C700italic%2C900%2C900italic|font_style:900%20bold%20regular%3A900%3Anormal&#8221; css_animation=&#8221;fadeIn&#8221; css=&#8221;.vc_custom_1598429569580{margin-right: 84px !important;}&#8221;][vc_column_text css_animation=&#8221;fadeIn&#8221; css=&#8221;.vc_custom_1598370255649{margin-right: 84px !important;}&#8221;]<\/p>\n<div class=\"tab-content\">\n<p>Sevdi\u011finiz tak\u0131m ve oyuncular\u0131n\u0131z\u0131 takip etmek hi\u00e7 bu kadar kolay olmam\u0131\u015ft\u0131. SWISH sayesinde istedi\u011finiz her\u015feyi takip edebilirsiniz. Lig, tak\u0131m veya oyuncu aramas\u0131 yapabilirsiniz.<\/p>\n<div class=\"tab-content\">\n<p>Favori oyuncunuzu takip edebilir ve onun farkl\u0131 liglerdeki\/turnuvalardaki istatistiklerini g\u00f6rebilirsiniz. Favori oyuncular\u0131n\u0131z\u0131 takip edin ve bildirimlerini a\u00e7\u0131n, b\u00f6ylece her detaydan haberiniz olacak.<\/p>\n<\/div>\n<p>&nbsp;<\/p>\n<\/div>\n<p>[\/vc_column_text][vc_single_image image=&#8221;8974&#8243; img_size=&#8221;full&#8221; css_animation=&#8221;top-to-bottom&#8221;][\/foundry_text_image][\/vc_column][\/vc_row][\/vc_section][vc_row css=&#8221;.vc_custom_1598367861499{background-image: url(https:\/\/nbn23.com\/wp-content\/uploads\/2020\/08\/iphone-x-mockup-lying-on-a-red-carpet-a17504-min.png?id=8915) !important;background-position: center !important;background-repeat: no-repeat !important;background-size: cover !important;}&#8221;][vc_column css=&#8221;.vc_custom_1567150683255{padding-top: 60px !important;padding-bottom: 60px !important;}&#8221;][vc_column_text]<\/p>\n<h2 class=\"uppercase mb8\" style=\"text-align: center;\"><strong>E\u011flen<\/strong><\/h2>\n<h3 class=\"lead mb40\" style=\"text-align: center;\">Detayl\u0131 ve canl\u0131 i\u00e7erik<\/h3>\n<p>[\/vc_column_text][\/vc_column][\/vc_row][vc_row gap=&#8221;10&#8243; css=&#8221;.vc_custom_1605094839169{background-color: #edf1f4 !important;}&#8221; el_id=&#8221;desktop&#8221;][vc_column width=&#8221;1\/4&#8243; offset=&#8221;vc_hidden-xs&#8221;][vc_custom_heading text=&#8221;Ana ekran\u0131 be\u011feninize g\u00f6re \u00f6zelle\u015ftirin&#8221; font_container=&#8221;tag:h2|font_size:48px|text_align:left&#8221; google_fonts=&#8221;font_family:Lato%3A100%2C100italic%2C300%2C300italic%2Cregular%2Citalic%2C700%2C700italic%2C900%2C900italic|font_style:900%20bold%20regular%3A900%3Anormal&#8221; css_animation=&#8221;fadeIn&#8221; css=&#8221;.vc_custom_1605094464202{padding-top: 64px !important;}&#8221;][vc_empty_space height=&#8221;380px&#8221;][vc_custom_heading text=&#8221;Favori oyuncular\u0131n\u0131z\u0131n ve tak\u0131mlar\u0131n\u0131z\u0131n canl\u0131 ma\u00e7lar\u0131na veya yakla\u015fan ma\u00e7lar\u0131na eri\u015fin.&#8221; font_container=&#8221;tag:p|font_size:18px|text_align:right&#8221; google_fonts=&#8221;font_family:Lato%3A100%2C100italic%2C300%2C300italic%2Cregular%2Citalic%2C700%2C700italic%2C900%2C900italic|font_style:400%20regular%3A400%3Anormal&#8221; css_animation=&#8221;fadeIn&#8221; css=&#8221;.vc_custom_1605093462736{padding-top: 30px !important;padding-right: 30px !important;padding-bottom: 30px !important;padding-left: 30px !important;background-color: #ffffff !important;}&#8221;][vc_empty_space height=&#8221;24px&#8221;][vc_custom_heading text=&#8221;Uygulamay\u0131 a\u00e7ar a\u00e7maz bir oyuncunun istatistiklerini takip edin. Ve son oyununun verilerini ve birikmi\u015f verileri biliyor.&#8221; font_container=&#8221;tag:p|font_size:18px|text_align:right&#8221; google_fonts=&#8221;font_family:Lato%3A100%2C100italic%2C300%2C300italic%2Cregular%2Citalic%2C700%2C700italic%2C900%2C900italic|font_style:400%20regular%3A400%3Anormal&#8221; css_animation=&#8221;fadeIn&#8221; css=&#8221;.vc_custom_1605093568479{padding-top: 30px !important;padding-right: 30px !important;padding-bottom: 30px !important;padding-left: 30px !important;background-color: #ffffff !important;}&#8221;][vc_empty_space height=&#8221;380px&#8221;][vc_custom_heading text=&#8221;Ne i\u00e7in bekliyorsun! Her zaman hayalini kurdu\u011funuz ana ekran\u0131 olu\u015fturmaya ba\u015flay\u0131n&#8221; font_container=&#8221;tag:h2|font_size:48px|text_align:left&#8221; google_fonts=&#8221;font_family:Lato%3A100%2C100italic%2C300%2C300italic%2Cregular%2Citalic%2C700%2C700italic%2C900%2C900italic|font_style:900%20bold%20regular%3A900%3Anormal&#8221; css_animation=&#8221;fadeIn&#8221; css=&#8221;.vc_custom_1605094634629{padding-top: 64px !important;}&#8221;][\/vc_column][vc_column width=&#8221;1\/2&#8243; offset=&#8221;vc_hidden-xs&#8221;][vc_single_image image=&#8221;10178&#8243; img_size=&#8221;full&#8221; alignment=&#8221;center&#8221;][\/vc_column][vc_column width=&#8221;1\/4&#8243; offset=&#8221;vc_hidden-xs&#8221;][vc_empty_space height=&#8221;240px&#8221;][vc_custom_heading text=&#8221;Hi\u00e7bir \u015feyi ka\u00e7\u0131rmaman\u0131z i\u00e7in organizat\u00f6r taraf\u0131ndan sipari\u015f edilen size \u00f6zel i\u00e7erik.&#8221; font_container=&#8221;tag:p|font_size:18px|text_align:left&#8221; google_fonts=&#8221;font_family:Lato%3A100%2C100italic%2C300%2C300italic%2Cregular%2Citalic%2C700%2C700italic%2C900%2C900italic|font_style:400%20regular%3A400%3Anormal&#8221; css_animation=&#8221;fadeIn&#8221; css=&#8221;.vc_custom_1605090823683{padding-top: 30px !important;padding-right: 30px !important;padding-bottom: 30px !important;padding-left: 30px !important;background-color: #ffffff !important;}&#8221;][vc_empty_space height=&#8221;24px&#8221;][vc_custom_heading text=&#8221;Ayn\u0131 d\u00fczenleyiciden tak\u0131mlar\u0131 ve oyuncular\u0131 takip edebilir ve skor tablosuna her zamankinden daha h\u0131zl\u0131 eri\u015febilirsiniz.&#8221; font_container=&#8221;tag:p|font_size:18px|text_align:left&#8221; google_fonts=&#8221;font_family:Lato%3A100%2C100italic%2C300%2C300italic%2Cregular%2Citalic%2C700%2C700italic%2C900%2C900italic|font_style:400%20regular%3A400%3Anormal&#8221; css_animation=&#8221;fadeIn&#8221; css=&#8221;.vc_custom_1605090845186{padding-top: 30px !important;padding-right: 30px !important;padding-bottom: 30px !important;padding-left: 30px !important;background-color: #ffffff !important;}&#8221;][vc_empty_space height=&#8221;240px&#8221;][vc_custom_heading text=&#8221;Size \u00f6zel i\u00e7erik&#8221; font_container=&#8221;tag:h2|font_size:48px|text_align:left&#8221; google_fonts=&#8221;font_family:Lato%3A100%2C100italic%2C300%2C300italic%2Cregular%2Citalic%2C700%2C700italic%2C900%2C900italic|font_style:900%20bold%20regular%3A900%3Anormal&#8221; css_animation=&#8221;fadeIn&#8221; css=&#8221;.vc_custom_1605094428209{padding-top: 64px !important;}&#8221;][vc_empty_space height=&#8221;320px&#8221;][vc_custom_heading text=&#8221;En sevdi\u011finiz tak\u0131mlar\u0131n k\u00fcresel istatistiklerini ilk bak\u0131\u015fta \u00f6\u011frenin.&#8221; font_container=&#8221;tag:p|font_size:18px|text_align:left&#8221; google_fonts=&#8221;font_family:Lato%3A100%2C100italic%2C300%2C300italic%2Cregular%2Citalic%2C700%2C700italic%2C900%2C900italic|font_style:400%20regular%3A400%3Anormal&#8221; css_animation=&#8221;fadeIn&#8221; css=&#8221;.vc_custom_1605094563226{padding-top: 30px !important;padding-right: 30px !important;padding-bottom: 30px !important;padding-left: 30px !important;background-color: #ffffff !important;}&#8221;][\/vc_column][\/vc_row][vc_row gap=&#8221;10&#8243; css=&#8221;.vc_custom_1605094844926{background-color: #edf1f4 !important;}&#8221; el_id=&#8221;mobile&#8221;][vc_column offset=&#8221;vc_hidden-lg vc_hidden-md vc_hidden-sm vc_col-xs-12&#8243;][vc_custom_heading text=&#8221;Ana ekran\u0131 be\u011feninize g\u00f6re \u00f6zelle\u015ftirin&#8221; font_container=&#8221;tag:h2|font_size:48px|text_align:left&#8221; google_fonts=&#8221;font_family:Lato%3A100%2C100italic%2C300%2C300italic%2Cregular%2Citalic%2C700%2C700italic%2C900%2C900italic|font_style:900%20bold%20regular%3A900%3Anormal&#8221; css_animation=&#8221;fadeIn&#8221; css=&#8221;.vc_custom_1605095203635{padding-bottom: 32px !important;}&#8221;][vc_single_image image=&#8221;10178&#8243; img_size=&#8221;full&#8221; alignment=&#8221;center&#8221;][vc_custom_heading text=&#8221;Ayn\u0131 d\u00fczenleyiciden tak\u0131mlar\u0131 ve oyuncular\u0131 takip edebilir ve skor tablosuna her zamankinden daha h\u0131zl\u0131 eri\u015febilirsiniz.&#8221; font_container=&#8221;tag:p|font_size:18px|text_align:left&#8221; google_fonts=&#8221;font_family:Lato%3A100%2C100italic%2C300%2C300italic%2Cregular%2Citalic%2C700%2C700italic%2C900%2C900italic|font_style:400%20regular%3A400%3Anormal&#8221; css_animation=&#8221;fadeIn&#8221; css=&#8221;.vc_custom_1605090845186{padding-top: 30px !important;padding-right: 30px !important;padding-bottom: 30px !important;padding-left: 30px !important;background-color: #ffffff !important;}&#8221;][vc_custom_heading text=&#8221;Favori oyuncular\u0131n\u0131z\u0131n ve tak\u0131mlar\u0131n\u0131z\u0131n canl\u0131 ma\u00e7lar\u0131na veya yakla\u015fan ma\u00e7lar\u0131na eri\u015fin.&#8221; font_container=&#8221;tag:p|font_size:18px|text_align:right&#8221; google_fonts=&#8221;font_family:Lato%3A100%2C100italic%2C300%2C300italic%2Cregular%2Citalic%2C700%2C700italic%2C900%2C900italic|font_style:400%20regular%3A400%3Anormal&#8221; css_animation=&#8221;fadeIn&#8221; css=&#8221;.vc_custom_1605093462736{padding-top: 30px !important;padding-right: 30px !important;padding-bottom: 30px !important;padding-left: 30px !important;background-color: #ffffff !important;}&#8221;][vc_custom_heading text=&#8221;Uygulamay\u0131 a\u00e7ar a\u00e7maz bir oyuncunun istatistiklerini takip edin. Ve son oyununun verilerini ve birikmi\u015f verileri biliyor.&#8221; font_container=&#8221;tag:p|font_size:18px|text_align:right&#8221; google_fonts=&#8221;font_family:Lato%3A100%2C100italic%2C300%2C300italic%2Cregular%2Citalic%2C700%2C700italic%2C900%2C900italic|font_style:400%20regular%3A400%3Anormal&#8221; css_animation=&#8221;fadeIn&#8221; css=&#8221;.vc_custom_1605093568479{padding-top: 30px !important;padding-right: 30px !important;padding-bottom: 30px !important;padding-left: 30px !important;background-color: #ffffff !important;}&#8221;][vc_custom_heading text=&#8221;Hi\u00e7bir \u015feyi ka\u00e7\u0131rmaman\u0131z i\u00e7in organizat\u00f6r taraf\u0131ndan sipari\u015f edilen size \u00f6zel i\u00e7erik.&#8221; font_container=&#8221;tag:p|font_size:18px|text_align:left&#8221; google_fonts=&#8221;font_family:Lato%3A100%2C100italic%2C300%2C300italic%2Cregular%2Citalic%2C700%2C700italic%2C900%2C900italic|font_style:400%20regular%3A400%3Anormal&#8221; css_animation=&#8221;fadeIn&#8221; css=&#8221;.vc_custom_1605090823683{padding-top: 30px !important;padding-right: 30px !important;padding-bottom: 30px !important;padding-left: 30px !important;background-color: #ffffff !important;}&#8221;][vc_custom_heading text=&#8221;En sevdi\u011finiz tak\u0131mlar\u0131n k\u00fcresel istatistiklerini ilk bak\u0131\u015fta \u00f6\u011frenin.&#8221; font_container=&#8221;tag:p|font_size:18px|text_align:left&#8221; google_fonts=&#8221;font_family:Lato%3A100%2C100italic%2C300%2C300italic%2Cregular%2Citalic%2C700%2C700italic%2C900%2C900italic|font_style:400%20regular%3A400%3Anormal&#8221; css_animation=&#8221;fadeIn&#8221; css=&#8221;.vc_custom_1605094563226{padding-top: 30px !important;padding-right: 30px !important;padding-bottom: 30px !important;padding-left: 30px !important;background-color: #ffffff !important;}&#8221;][\/vc_column][\/vc_row][vc_row css=&#8221;.vc_custom_1567150779135{background-image: url(https:\/\/nbn23.com\/wp-content\/uploads\/2019\/08\/para-ti.png?id=4962) !important;background-position: center !important;background-repeat: no-repeat !important;background-size: cover !important;}&#8221;][vc_column css=&#8221;.vc_custom_1567150689195{padding-top: 60px !important;padding-bottom: 60px !important;}&#8221;][vc_column_text]<\/p>\n<h2 class=\"uppercase mb8\" style=\"text-align: center;\"><strong>Sizin i\u00e7in tasarland\u0131<\/strong><\/h2>\n<h3 class=\"lead mb40\" style=\"text-align: center;\">Aileler, arkada\u015flar, profesyonel ve amat\u00f6r oyuncular, ko\u00e7lar ve taraftarlar. Bu uygulama sizler i\u00e7in tasarland\u0131.<\/h3>\n<p>[\/vc_column_text][\/vc_column][\/vc_row][vc_row gap=&#8221;10&#8243; css=&#8221;.vc_custom_1598434879120{background-color: #edf1f4 !important;}&#8221;][vc_column width=&#8221;1\/2&#8243;][vc_single_image image=&#8221;9003&#8243; img_size=&#8221;full&#8221;][\/vc_column][vc_column width=&#8221;1\/2&#8243;][vc_custom_heading text=&#8221;Her kar\u015f\u0131la\u015fmaya \u00f6zel olu\u015fan Canl\u0131 Anlat\u0131m sayesinde g\u00f6rmek istedi\u011finiz t\u00fcm detaylar\u0131 yakalay\u0131n&#8221; font_container=&#8221;tag:h2|font_size:48px|text_align:left&#8221; google_fonts=&#8221;font_family:Lato%3A100%2C100italic%2C300%2C300italic%2Cregular%2Citalic%2C700%2C700italic%2C900%2C900italic|font_style:900%20bold%20regular%3A900%3Anormal&#8221; css_animation=&#8221;fadeIn&#8221; css=&#8221;.vc_custom_1598436456072{padding-top: 64px !important;}&#8221;][vc_single_image image=&#8221;9010&#8243; img_size=&#8221;full&#8221;][\/vc_column][\/vc_row][vc_row full_width=&#8221;stretch_row_content&#8221; foundry_padding=&#8221;pt180 pb180 pt-xs-80 pb-xs-80&#8243; foundry_parallax=&#8221;not-parallax&#8221; css=&#8221;.vc_custom_1598437343243{padding-top: 48px !important;padding-bottom: 48px !important;background: #101e4c url(https:\/\/nbn23.com\/wp-content\/uploads\/2020\/08\/Sin-t\u00edtulo-1.jpg?id=9025) !important;}&#8221;][vc_column offset=&#8221;vc_hidden-xs&#8221;][vc_empty_space height=&#8221;124px&#8221;][vc_column_text]<\/p>\n<h5 class=\"uppercase mb0\" style=\"text-align: center;\"><strong>Basketbola dair istedi\u011finiz her veri SWISH Uygulamas\u0131nda<\/strong><\/h5>\n<p>[\/vc_column_text][vc_empty_space height=&#8221;124px&#8221;][\/vc_column][\/vc_row][vc_row gap=&#8221;5&#8243; foundry_padding=&#8221;pb0&#8243; css=&#8221;.vc_custom_1598433260722{background-color: #edf1f4 !important;}&#8221;][vc_column width=&#8221;1\/6&#8243; offset=&#8221;vc_col-xs-6&#8243;][vc_single_image image=&#8221;8706&#8243; img_size=&#8221;90&#215;90&#8243; alignment=&#8221;center&#8221;][vc_column_text]<\/p>\n<p style=\"text-align: center;\">Kar\u015f\u0131la\u015ft\u0131rmal\u0131 Grafikler<\/p>\n<p>[\/vc_column_text][\/vc_column][vc_column width=&#8221;1\/6&#8243; offset=&#8221;vc_col-xs-6&#8243;][vc_single_image image=&#8221;8727&#8243; img_size=&#8221;90&#215;90&#8243; alignment=&#8221;center&#8221;][vc_column_text]<\/p>\n<p style=\"text-align: center;\">MVP ve \u0130statistik Liderleri<\/p>\n<p>[\/vc_column_text][\/vc_column][vc_column width=&#8221;1\/6&#8243; offset=&#8221;vc_col-xs-6&#8243;][vc_single_image image=&#8221;8678&#8243; img_size=&#8221;90&#215;90&#8243; alignment=&#8221;center&#8221;][vc_column_text]<\/p>\n<p style=\"text-align: center;\">Detayl\u0131 Oyuncu \u0130statistikleri<\/p>\n<p>[\/vc_column_text][\/vc_column][vc_column width=&#8221;1\/6&#8243; offset=&#8221;vc_col-xs-6&#8243;][vc_single_image image=&#8221;8650&#8243; img_size=&#8221;90&#215;90&#8243; alignment=&#8221;center&#8221;][vc_column_text]<\/p>\n<p style=\"text-align: center;\">Canl\u0131 Anlat\u0131m<\/p>\n<p>[\/vc_column_text][\/vc_column][vc_column width=&#8221;1\/6&#8243; offset=&#8221;vc_col-xs-6&#8243;][vc_single_image image=&#8221;8713&#8243; img_size=&#8221;90&#215;90&#8243; alignment=&#8221;center&#8221;][vc_column_text]<\/p>\n<p style=\"text-align: center;\">Kar\u015f\u0131la\u015fmaya \u00d6zel Grafikler<\/p>\n<p>[\/vc_column_text][\/vc_column][vc_column width=&#8221;1\/6&#8243; offset=&#8221;vc_col-xs-6&#8243;][vc_single_image image=&#8221;8664&#8243; img_size=&#8221;90&#215;90&#8243; alignment=&#8221;center&#8221;][vc_column_text]<\/p>\n<p style=\"text-align: center;\">\u015eut ve Is\u0131 Haritas\u0131<\/p>\n<p>[\/vc_column_text][\/vc_column][\/vc_row][vc_row gap=&#8221;5&#8243; foundry_padding=&#8221;pt0&#8243; css=&#8221;.vc_custom_1597757567300{margin-top: 60px !important;background-color: #edf1f4 !important;}&#8221;][vc_column width=&#8221;1\/6&#8243; offset=&#8221;vc_col-xs-6&#8243;][vc_single_image image=&#8221;8643&#8243; img_size=&#8221;90&#215;90&#8243; alignment=&#8221;center&#8221;][vc_column_text]<\/p>\n<p style=\"text-align: center;\">Oyuncu ve Tak\u0131m Takip Etme<\/p>\n<p>[\/vc_column_text][\/vc_column][vc_column width=&#8221;1\/6&#8243; offset=&#8221;vc_col-xs-6&#8243;][vc_single_image image=&#8221;8699&#8243; img_size=&#8221;90&#215;90&#8243; alignment=&#8221;center&#8221;][vc_column_text]<\/p>\n<p style=\"text-align: center;\">Ma\u00e7 Program\u0131<\/p>\n<p>[\/vc_column_text][\/vc_column][vc_column width=&#8221;1\/6&#8243; offset=&#8221;vc_col-xs-6&#8243;][vc_single_image image=&#8221;8671&#8243; img_size=&#8221;90&#215;90&#8243; alignment=&#8221;center&#8221;][vc_column_text]<\/p>\n<p style=\"text-align: center;\">Puan Durumu<\/p>\n<p>[\/vc_column_text][\/vc_column][vc_column width=&#8221;1\/6&#8243; offset=&#8221;vc_col-xs-6&#8243;][vc_single_image image=&#8221;8685&#8243; img_size=&#8221;90&#215;90&#8243; alignment=&#8221;center&#8221;][vc_column_text]<\/p>\n<p style=\"text-align: center;\">Tak\u0131m Profili<\/p>\n<p>[\/vc_column_text][\/vc_column][vc_column width=&#8221;1\/6&#8243; offset=&#8221;vc_col-xs-6&#8243;][vc_single_image image=&#8221;8720&#8243; img_size=&#8221;90&#215;90&#8243; alignment=&#8221;center&#8221;][vc_column_text]<\/p>\n<p style=\"text-align: center;\">Oyuncu Profili<\/p>\n<p>[\/vc_column_text][\/vc_column][vc_column width=&#8221;1\/6&#8243; offset=&#8221;vc_col-xs-6&#8243;][vc_single_image image=&#8221;8692&#8243; img_size=&#8221;90&#215;90&#8243; alignment=&#8221;center&#8221;][vc_column_text]<\/p>\n<p style=\"text-align: center;\">Canl\u0131 \u0130statistik Takibi<\/p>\n<p>[\/vc_column_text][\/vc_column][\/vc_row][vc_row full_width=&#8221;stretch_row&#8221; equal_height=&#8221;yes&#8221; foundry_padding=&#8221;pt0 pb0&#8243; css=&#8221;.vc_custom_1597758483077{background-color: #101e4c !important;}&#8221;][vc_column offset=&#8221;vc_hidden-xs&#8221;][vc_single_image image=&#8221;8960&#8243; img_size=&#8221;full&#8221; alignment=&#8221;center&#8221;][\/vc_column][\/vc_row][vc_row full_width=&#8221;stretch_row_content_no_spaces&#8221; foundry_background_style=&#8221;bg-primary&#8221; el_id=&#8221;email&#8221; css=&#8221;.vc_custom_1598432143263{background-color: #101e4c !important;}&#8221;][vc_column width=&#8221;3\/12&#8243;][\/vc_column][vc_column width=&#8221;6\/12&#8243;][vc_column_text]<\/p>\n<h1 style=\"text-align: center;\"><strong><em>B\u00fct\u00fcn bunlar\u0131 ka\u00e7\u0131rmak istemiyorsun, de\u011fil mi?<\/em><\/strong><\/h1>\n<h5 class=\"uppercase\" style=\"text-align: center;\">Basketbolun keyfini hi\u00e7 olmad\u0131\u011f\u0131 kadar \u00e7\u0131kar\u0131n.<\/h5>\n<p>[\/vc_column_text][vc_column_text]<a href=\"https:\/\/apps.apple.com\/es\/app\/swish-by-nbn23\/id1472705925\" target=\"_blank\" rel=\"noopener noreferrer\"><img decoding=\"async\" class=\"wp-image-5107 aligncenter\" src=\"https:\/\/nbn23.com\/wp-content\/uploads\/2019\/08\/iOSAppStore-1-300x89.png\" alt=\"\" width=\"139\" height=\"41\" srcset=\"https:\/\/nbn23.com\/wp-content\/uploads\/2019\/08\/iOSAppStore-1-300x89.png 300w, https:\/\/nbn23.com\/wp-content\/uploads\/2019\/08\/iOSAppStore-1.png 563w\" sizes=\"(max-width: 139px) 100vw, 139px\" \/><\/a><a href=\"https:\/\/play.google.com\/store\/apps\/details?id=com.nbn23.fansapp&amp;utm_source=landing&amp;utm_medium=landing&amp;utm_campaign=swish&amp;utm_content=Landing\" target=\"_blank\" rel=\"noopener noreferrer\"><img loading=\"lazy\" decoding=\"async\" class=\"aligncenter wp-image-5125\" src=\"https:\/\/nbn23.com\/wp-content\/uploads\/2019\/08\/googleplay-store.png\" alt=\"\" width=\"151\" height=\"45\" \/><\/a>[\/vc_column_text][\/vc_column][vc_column width=&#8221;3\/12&#8243;][\/vc_column][\/vc_row]<\/p>\n","protected":false},"excerpt":{"rendered":"<p>[vc_row full_height=&#8221;yes&#8221; foundry_padding=&#8221;pt180 pb180 pt-xs-80 pb-xs-80&#8243; css=&#8221;.vc_custom_1598427644923{background: #101e4c url(https:\/\/nbn23.com\/wp-content\/uploads\/2020\/08\/bg-swish.jpg?id=8946) !important;}&#8221;][vc_column][vc_row_inner][vc_column_inner offset=&#8221;vc_hidden-lg vc_hidden-md vc_hidden-sm vc_col-xs-offset-1&#8243;][vc_single_image image=&#8221;5090&#8243; img_size=&#8221;&#8221; css_animation=&#8221;fadeInDown&#8221; css=&#8221;.vc_custom_1597759511522{padding-top: 40px !important;}&#8221;][\/vc_column_inner][\/vc_row_inner][vc_row_inner][vc_column_inner width=&#8221;1\/2&#8243; offset=&#8221;vc_hidden-xs&#8221;][vc_single_image image=&#8221;12875&#8243; img_size=&#8221;medium&#8221; alignment=&#8221;center&#8221; css_animation=&#8221;fadeInDown&#8221; css=&#8221;.vc_custom_1628754143328{padding-top: 30px !important;}&#8221;][\/vc_column_inner][vc_column_inner width=&#8221;1\/2&#8243;][vc_column_text css_animation=&#8221;fadeIn&#8221;] \u015euana kadar \u00e7\u0131kan en yarat\u0131c\u0131 uygulama sayesinde istedi\u011finiz basketbol turnuvas\u0131n\u0131\/ligini takip edin [\/vc_column_text][vc_empty_space height=&#8221;24px&#8221;][vc_column_text][\/vc_column_text][\/vc_column_inner][\/vc_row_inner][\/vc_column][\/vc_row][vc_row foundry_padding=&#8221;pt64 pb64&#8243;][vc_column][vc_column_text] BASKETBOLUN \u00d6NDE GELEN L\u0130GLER\u0130\u2026 [\/vc_column_text][\/vc_column][\/vc_row][vc_section css=&#8221;.vc_custom_1598367178417{background-color: #edf1f4 !important;}&#8221;][vc_row [&hellip;]<\/p>\n","protected":false},"author":2,"featured_media":8945,"parent":0,"menu_order":0,"comment_status":"closed","ping_status":"closed","template":"","meta":{"_exactmetrics_skip_tracking":false,"_exactmetrics_sitenote_active":false,"_exactmetrics_sitenote_note":"","_exactmetrics_sitenote_category":0,"footnotes":""},"class_list":["post-6019","page","type-page","status-publish","has-post-thumbnail","hentry"],"blocksy_meta":{"styles_descriptor":{"styles":{"desktop":"","tablet":"","mobile":""},"google_fonts":[],"version":6}},"aioseo_notices":[],"_links":{"self":[{"href":"https:\/\/nbn23.com\/tr\/wp-json\/wp\/v2\/pages\/6019","targetHints":{"allow":["GET"]}}],"collection":[{"href":"https:\/\/nbn23.com\/tr\/wp-json\/wp\/v2\/pages"}],"about":[{"href":"https:\/\/nbn23.com\/tr\/wp-json\/wp\/v2\/types\/page"}],"author":[{"embeddable":true,"href":"https:\/\/nbn23.com\/tr\/wp-json\/wp\/v2\/users\/2"}],"replies":[{"embeddable":true,"href":"https:\/\/nbn23.com\/tr\/wp-json\/wp\/v2\/comments?post=6019"}],"version-history":[{"count":15,"href":"https:\/\/nbn23.com\/tr\/wp-json\/wp\/v2\/pages\/6019\/revisions"}],"predecessor-version":[{"id":12894,"href":"https:\/\/nbn23.com\/tr\/wp-json\/wp\/v2\/pages\/6019\/revisions\/12894"}],"wp:featuredmedia":[{"embeddable":true,"href":"https:\/\/nbn23.com\/tr\/wp-json\/wp\/v2\/media\/8945"}],"wp:attachment":[{"href":"https:\/\/nbn23.com\/tr\/wp-json\/wp\/v2\/media?parent=6019"}],"curies":[{"name":"wp","href":"https:\/\/api.w.org\/{rel}","templated":true}]}}