{"id":4259,"date":"2019-07-16T13:53:39","date_gmt":"2019-07-16T11:53:39","guid":{"rendered":"https:\/\/nbn23.com\/gizlilik-politikasi\/"},"modified":"2019-07-16T13:53:42","modified_gmt":"2019-07-16T11:53:42","slug":"gizlilik-politikasi","status":"publish","type":"page","link":"https:\/\/nbn23.com\/tr\/gizlilik-politikasi\/","title":{"rendered":"G\u0130ZL\u0130L\u0130K POL\u0130T\u0130KASI"},"content":{"rendered":"<p>[vc_row][vc_column][vc_column_text]<strong>G\u0130ZL\u0130L\u0130K POL\u0130T\u0130KASI NOTHINGBUTNET S.L.<\/strong><\/p>\n<p><strong>1.- Gizlilik Politikas\u0131n\u0131n Konusu.<\/strong><\/p>\n<p>Ki\u015fisel verilerin korunmas\u0131na ili\u015fkin mevcut mevzuata uygun olarak), NOTHINGBUTNET SL, (bundan b\u00f6yle NBN23) bu NBN23 web sitesinin kullan\u0131c\u0131lar\u0131n\u0131, verilerin i\u015flenmesi ve korunmas\u0131na ili\u015fkin politikalar\u0131 bilgilendirmek istemektedir. ki\u015fisel bilgilerini ki\u015fisel kullan\u0131m i\u00e7in ya da bu web sitesinin hizmetlerinin kayd\u0131 alt\u0131nda ya da ki\u015fisel verilerinin NBN23&#8217;e iletilmesini i\u00e7eren herhangi bir eylemde bulunan ki\u015filerin ki\u015fisel do\u011fas\u0131.<\/p>\n<p>&nbsp;<\/p>\n<p>NBN23, bu web sitesini kullan\u0131c\u0131s\u0131na, bu Gizlilik Politikas\u0131n\u0131, NBN23&#8217;\u00fcn bu NBN23 web sitesinin s\u00f6m\u00fcr\u00fcs\u00fcnden elde etti\u011fi ki\u015fisel verilerin i\u015flenmesiyle ilgili hususlar\u0131n genel bir tan\u0131m\u0131n\u0131 i\u00e7erdi\u011fini bildirir.<\/p>\n<p>&nbsp;<\/p>\n<p>Bu politika tamamlanm\u0131\u015ft\u0131r ve bu bilgilendirme metinleri ve bu web sitesinde yer alan herhangi bir veri talep formuna dahil edilen veya belirli hizmetlerin kullan\u0131m\u0131 i\u00e7in yay\u0131nlanabilecek herhangi bir \u00f6zel ko\u015fullara dahil edilen bilgilendirilmi\u015f onay talepleri ile i\u015ftiraki olan bir uygulamad\u0131r.<\/p>\n<p>&nbsp;<\/p>\n<p>Ki\u015fisel bilgilerinin yukar\u0131da belirtilen bilgilendirme metinleri ve bu web sitesinde yer alan herhangi bir veri talebi formunda yer alan onay iste\u011fi metinleri NBN23&#8217;e iletilmesinden \u00f6nce okumak kullan\u0131c\u0131n\u0131n sorumlulu\u011fundad\u0131r.<\/p>\n<p>&nbsp;<\/p>\n<p>Bu politika, bu web sitesinin kullan\u0131m\u0131 veya burada yay\u0131nlanan hizmetlerin kullan\u0131m\u0131 i\u00e7in ki\u015fisel ileti\u015fim bilgilerinizin her zaman iste\u011fe ba\u011fl\u0131 oldu\u011fu g\u00f6z \u00f6n\u00fcne al\u0131nd\u0131\u011f\u0131nda, ki\u015fisel verilerinizi NBN23&#8217;e iletti\u011fi andan itibaren kullan\u0131c\u0131 taraf\u0131ndan a\u00e7\u0131k\u00e7a ve tam olarak kabul edilir.<\/p>\n<p>&nbsp;<\/p>\n<p>Kullan\u0131c\u0131n\u0131n bu politikadan memnun olmamas\u0131 durumunda, bu web sitesinde ki\u015fisel verilerinin NBN23&#8217;e iletilmesini gerektiren herhangi bir hizmeti kullanmamas\u0131 gerekir. Bu durumda, kullan\u0131c\u0131 telefonla ve anonim olarak NBN23 ile irtibata ge\u00e7ebilir.<\/p>\n<p>&nbsp;<\/p>\n<p>Kullan\u0131c\u0131, ki\u015fisel verilerin i\u015flenmesinin, \u0130spanya&#8217;da veri korumayla ilgili mevcut mevzuat kapsam\u0131na girece\u011fi konusunda bilgilendirilir.<\/p>\n<p>&nbsp;<\/p>\n<p><strong>2.- Tedaviden sorumlu.<\/strong><\/p>\n<p>Bu web sitesi arac\u0131l\u0131\u011f\u0131yla ger\u00e7ekle\u015ftirilen ki\u015fisel verilerin i\u015flenmesinden sorumlu ki\u015fi NOTHINGBUTNET S.L. NIFB98721459, C \/ Juan de la Cierva adresinde, 27 Sa\u011fl\u0131kl\u0131 Ya\u015fam Binas\u0131 1 &#8211; 46980 Paterna (Valencia), elektronik ileti\u015fim adresi <a href=\"mailto:dpp@nbn23.com\">dpp@nbn23.com<\/a> \u00a0ve 34 96 102 26 00 numaral\u0131 telefondan<\/p>\n<p>&nbsp;<\/p>\n<p><strong>3.- K\u00fc\u00e7\u00fcklerin verileri.<\/strong><\/p>\n<p>16 ya\u015f\u0131n alt\u0131ndaki \u00e7ocuklar, bu web sitesinin kay\u0131tl\u0131 kullan\u0131c\u0131lar\u0131 olarak kay\u0131t veya kimlik gerektiren NBN23 hizmetlerini, babalar\u0131n\u0131, ana babalar\u0131n\u0131, vasilerini veya yasal temsilcilerini temsil ederek bile kullanamazlar.<\/p>\n<p>&nbsp;<\/p>\n<p><strong>4.- Ki\u015fisel verilerin do\u011frulu\u011fu ve do\u011frulu\u011fu.<\/strong><\/p>\n<p>Bu NBN23 web sitesine eri\u015fen kullan\u0131c\u0131lar\u0131n, bu web sitesinde gezinmek i\u00e7in ki\u015fisel bilgiler sa\u011flamalar\u0131 gerekmemektedir, bu nedenle, bu ama\u00e7 i\u00e7in herhangi bir veri ileti\u015fiminin, kullan\u0131c\u0131n\u0131n g\u00f6n\u00fcll\u00fc olarak bu siteyi taramaya veya kullanmaya karar vermi\u015f olmas\u0131 gerekir. web ve \/ veya bu web sitesi arac\u0131l\u0131\u011f\u0131yla kullan\u0131c\u0131ya sunulan hizmetler, bu eylemi te\u015fkil eder, verilerinizin NBN23 taraf\u0131ndan i\u015flenmesi i\u00e7in a\u00e7\u0131k bir r\u0131za g\u00f6stergesinin bir tezah\u00fcr\u00fcd\u00fcr.<\/p>\n<p>&nbsp;<\/p>\n<p>Kullan\u0131c\u0131n\u0131n g\u00f6n\u00fcll\u00fc olarak NBN23&#8217;e ki\u015fisel verilerini sa\u011flamas\u0131 durumunda, kullan\u0131c\u0131 bu sitede yay\u0131nlanan herhangi bir veri toplama kanal\u0131 arac\u0131l\u0131\u011f\u0131yla her zaman ve yaln\u0131zca kendi kimli\u011fine kar\u015f\u0131l\u0131k gelen do\u011fru, kesin ve g\u00fcncellenmi\u015f verileri sa\u011flamakla y\u00fck\u00fcml\u00fcd\u00fcr. NBN23&#8217;e posta yoluyla bir e-posta g\u00f6ndererek, kay\u0131t veya abonelik formlar\u0131, ileti\u015fim, \u00f6neriler, i\u015fe al\u0131m ve \/ veya bu web sitesindeki di\u011fer herhangi bir veri talep formu gibi web ve \/ veya bir telefon g\u00f6r\u00fc\u015fmesi yoluyla, \u00fc\u00e7\u00fcnc\u00fc taraflara veri sa\u011flanmas\u0131 yasakt\u0131r.<\/p>\n<p>&nbsp;<\/p>\n<p>NBN23&#8217;e sa\u011flanan verilerin do\u011frulu\u011fu, do\u011frulu\u011fu, g\u00fcncellenmesi ve d\u00fczeltilmesinden yaln\u0131zca Kullan\u0131c\u0131 sorumludur; bu, NBN23&#8217;\u00fc bu konuda herhangi bir sorumluluk almamakta ve kullan\u0131c\u0131n\u0131n ki\u015fisel verileri gerekti\u011fi gibi g\u00fcncel tutmas\u0131n\u0131 taahh\u00fct etmektedir.<\/p>\n<p>&nbsp;<\/p>\n<p>Kullan\u0131c\u0131, ki\u015fisel verilerinin tek bilgi kayna\u011f\u0131d\u0131r, bu nedenle NBN23, bu Politikan\u0131n 9 uncu b\u00f6l\u00fcm\u00fcndeki haklar\u0131n kullan\u0131lmas\u0131 i\u00e7in belirtilen adreste NBN23 ile ileti\u015fim kurarak verilerinizi g\u00fcncellemenizi ister. . Her durumda, veriler do\u011frudan kullan\u0131c\u0131 taraf\u0131ndan topland\u0131\u011f\u0131nda veya sa\u011fland\u0131\u011f\u0131nda, mevcut d\u00fczenlemelerin h\u00fck\u00fcmlerine g\u00f6re, kullan\u0131c\u0131 taraf\u0131ndan sa\u011flananlar, g\u00fcncelleme veya d\u00fczeltme yapmad\u0131k\u00e7a, do\u011fru ve g\u00fcncel kabul edilir.<\/p>\n<p>&nbsp;<\/p>\n<p><strong>5.- \u00d6zel ki\u015fisel veri kategorilerinin i\u015flenmesi.<\/strong><\/p>\n<p>NBN23 bu web sitesi arac\u0131l\u0131\u011f\u0131yla, \u0131rk veya etnik k\u00f6ken, dini inan\u00e7lar, sab\u0131ka kayd\u0131 ile ilgili mevcut mevzuata uygun olarak, \u00f6zel ki\u015fisel veri kategorileri veya kullan\u0131c\u0131lar\u0131n hassas verileri hakk\u0131nda bilgi talep etmemekte veya talep etmemektedir. , fiziksel veya zihinsel sa\u011fl\u0131k veya cinsel y\u00f6nelim.<\/p>\n<p>&nbsp;<\/p>\n<p>Sonu\u00e7 olarak, herhangi bir nedenden dolay\u0131 &#8211; ve NBN23 taraf\u0131ndan talep edilmeden &#8211; bu bilgiler kullan\u0131c\u0131 taraf\u0131ndan yukar\u0131da belirtilenlere g\u00f6n\u00fcll\u00fc olarak iletilir.<\/p>\n<p>i\u015fletme, s\u00f6z konusu ileti\u015fimin, kullan\u0131c\u0131n\u0131n verilerinin NBN23 taraf\u0131ndan i\u015flenmesiyle ilgili olarak kullan\u0131c\u0131 taraf\u0131ndan a\u00e7\u0131k onay\u0131n\u0131n bir tezah\u00fcr\u00fcn\u00fcn oldu\u011funu varsayacakt\u0131r.<\/p>\n<p>&nbsp;<\/p>\n<p><strong>6.- Ki\u015fisel verilerin atand\u0131\u011f\u0131 ama\u00e7lar.<\/strong><\/p>\n<p>Bu NBN23 web sitesine eri\u015fen ve bu web sitesinde ki\u015fisel bir \u015fekilde gezinmek i\u00e7in g\u00f6n\u00fcll\u00fc olarak ki\u015fisel bilgi sa\u011flayan veya verilerin NBN23&#8217;e iletilmesini gerektiren bir hizmeti kullanan kullan\u0131c\u0131lar, karakter verisinin i\u015flenmesinde a\u015fa\u011f\u0131daki ama\u00e7lardan haberdar edilir. NBN23&#8217;\u00fcn uygulayabilece\u011fi kullan\u0131c\u0131 personeli.<\/p>\n<p>&nbsp;<\/p>\n<p><strong>6.1 \u0130leti\u015fim.<\/strong><\/p>\n<p>Kullan\u0131c\u0131 bu NBN23 web sitesinin ileti\u015fim formunu doldurdu\u011funda, bu ama\u00e7 i\u00e7in verilen ki\u015fisel veriler NBN23&#8217;e g\u00f6nderilen mesaj\u0131 ele almak ve isteklerine cevap vermek \u00fczere i\u015flenecektir.<\/p>\n<p>&nbsp;<\/p>\n<p><strong>6.2 Ticari ileti\u015fim ve \/ veya b\u00fcltenleri veya b\u00fcltenleri g\u00f6nderme iste\u011fi.<\/strong><\/p>\n<p>Kullan\u0131c\u0131 NBN23 web sitesinde yay\u0131nlanan ileti\u015fim formunu doldurup ilgili kutuyu i\u015faretledi\u011finde, ki\u015fisel verilerinin ticari reklam ileti\u015fimi ve b\u00fcltenlerin veya NBN23 taraf\u0131ndan haz\u0131rlanan b\u00fcltenlerin aboneli\u011fi i\u00e7in kullan\u0131lmas\u0131n\u0131 a\u00e7\u0131k\u00e7a talep edebilir veya yetkilendirebilir. formu doldurdu\u011funuz e-posta yoluyla. Bu gibi durumlarda, NBN23 ki\u015fisel verilerinizi s\u00f6z konusu hizmete aboneli\u011fi y\u00f6netmek ve yukar\u0131da belirtilen ticari ileti\u015fimleri ve b\u00fcltenleri veya haber b\u00fcltenlerini g\u00f6ndermek i\u00e7in i\u015fler.<\/p>\n<p>&nbsp;<\/p>\n<p>Ticari ileti\u015fim, SPOR KAPSAM SEKT\u00d6R\u00dc ile ilgili olacakt\u0131r.<\/p>\n<p>&nbsp;<\/p>\n<p>Kullan\u0131c\u0131n\u0131n hizmeti iptal etmesi, r\u0131zas\u0131n\u0131 geri \u00e7ekmesi veya bu t\u00fcr g\u00f6nderilerin al\u0131nmas\u0131na kar\u015f\u0131 olmas\u0131 durumunda, NBN23 daha sonra asgari temel verileri yapmaya \u00e7al\u0131\u015fan ticari ileti\u015fim ve b\u00fcltenlerin g\u00f6nderilmesini \u00f6nlemek i\u00e7in verilerini i\u015fleyecektir. bu ama\u00e7 i\u00e7in.<\/p>\n<p>&nbsp;<\/p>\n<p><strong>7.- Ki\u015fisel verilerin i\u015flenmesinin yasal dayana\u011f\u0131.\u00a0<\/strong><\/p>\n<p><strong>7.1 <\/strong>Kullan\u0131c\u0131 taraf\u0131ndan verilen r\u0131zadaki yasal temele dayanarak, NBN23 ki\u015fisel verilerinizi a\u015fa\u011f\u0131daki ama\u00e7larla ele alacakt\u0131r:<\/p>\n<p><strong>1. <\/strong>Kullan\u0131c\u0131 taraf\u0131ndan NBN23\u2019e ileti\u015fim formu arac\u0131l\u0131\u011f\u0131yla g\u00f6nderilen istek ve \/ veya mesajlara, ayn\u0131 formda belirtilen elektronik adres ve \/ veya telefona cevap vererek cevap vermek.<\/p>\n<p>Kullan\u0131c\u0131n\u0131n ticari reklamlar\u0131n\u0131, b\u00fcltenlerini ve \/ veya b\u00fcltenlerini, ileti\u015fim formunu doldururken belirtilen adrese e-posta ile, ne zaman onay kutusunu ve \/ veya iste\u011fini onaylad\u0131\u011f\u0131n\u0131z\u0131 g\u00f6ndermek i\u00e7in<\/p>\n<p>1. SPOR KAPSAMININ a\u015fa\u011f\u0131daki faaliyet sekt\u00f6rleriyle ilgili olarak NBN23&#8217;\u00fcn hizmetleriyle ilgili olarak.<\/p>\n<p><strong>7.2 NBN23&#8217;\u00fcn me\u015fru \u00e7\u0131kar\u0131na dayanarak:\u00a0<\/strong><\/p>\n<p>1. NBN23&#8217;e size ticari ve reklam ileti\u015fimi g\u00f6ndermesi i\u00e7in, bu ama\u00e7 i\u00e7in kullan\u0131lan ara\u00e7lar\u0131n herhangi biri arac\u0131l\u0131\u011f\u0131yla onay\u0131n\u0131 reddeden ve \/ veya onay\u0131n\u0131 iptal eden kullan\u0131c\u0131n\u0131n asgari temel verilerini tutmak. Bu i\u015flem, NBN23&#8217;\u00fcn sizi tan\u0131mlayabilmesi ve ticari ve reklam ileti\u015fimlerinin g\u00f6nderilmesini \u00f6nlemek i\u00e7in gerekli \u00f6nlemleri alabilmesi i\u00e7in ger\u00e7ekle\u015ftirilecektir.<\/p>\n<p>Her durumda, kullan\u0131c\u0131ya, bu web sitesinde yay\u0131nlanan formlar arac\u0131l\u0131\u011f\u0131yla toplanan kullan\u0131c\u0131 verilerini i\u015flemenin ama\u00e7lar\u0131n\u0131n, formlarda ve gerekti\u011finde a\u00e7\u0131kland\u0131\u011f\u0131 \u015fekilde formlarda yay\u0131nlanan bilgilendirici metinlerle a\u00e7\u0131klanaca\u011f\u0131 bilgisi verilir. daha \u00f6nce, tedavi i\u00e7in onay\u0131n\u0131z istenecek.<\/p>\n<p>Ki\u015fisel bilgiler, yaln\u0131zca yukar\u0131da belirtilen ve \/ veya bunlarla s\u0131n\u0131rl\u0131 olmamak \u00fczere, Kullan\u0131c\u0131&#8217;n\u0131n toplanmas\u0131 ve muamelesinden \u00f6nce kesin olarak bilgilendirilmi\u015f olanlar gibi s\u0131n\u0131rl\u0131 ama\u00e7lar i\u00e7in kullan\u0131lacakt\u0131r.<\/p>\n<p>&nbsp;<\/p>\n<p><strong>8.- Kullan\u0131c\u0131n\u0131n ki\u015fisel verilerinin al\u0131c\u0131lar\u0131.\u00a0<\/strong><\/p>\n<p>NBN23, kullan\u0131c\u0131y\u0131 ki\u015fisel verilerinin \u00fc\u00e7\u00fcnc\u00fc \u015fah\u0131slara atamalar\u0131n\u0131 veya iletimlerini ger\u00e7ekle\u015ftirmeyi \u00f6ng\u00f6rmedi\u011fini bildirir, bu nedenle, bu t\u00fcr bir ileti\u015fim yaln\u0131zca ilgili yasal kurallara uygunlu\u011fa ba\u011fl\u0131 olarak, yetkili kamu idarelerine yap\u0131lacakt\u0131r. konuyla ilgili olarak, NBN23&#8217;\u00fcn b\u00f6yle bir ileti\u015fim kurmak zorunda oldu\u011fu durumda.<\/p>\n<p>Her durumda, NBN23 kullan\u0131c\u0131y\u0131 ki\u015fisel verilerinin, NBN23&#8217;e farkl\u0131 yard\u0131mc\u0131 hizmetler sunan kurulu\u015flar taraf\u0131ndan i\u015flenebilece\u011fi konusunda bilgilendirir; Bu politikada belirtilen tedavi ama\u00e7lar\u0131.<\/p>\n<p><strong>9.- Eri\u015fim, d\u00fczeltme, silme, muhalefet, muamele ve ta\u015f\u0131nabilirli\u011fin s\u0131n\u0131rland\u0131r\u0131lmas\u0131 haklar\u0131n\u0131n kullan\u0131lmas\u0131.<\/strong><\/p>\n<p>NBN23 kullan\u0131c\u0131ya, yaz\u0131l\u0131 ricalar\u0131n\u0131 kullanarak, bu Politikada belirtilen tedavilerle ilgili verilen onay, eri\u015fim, d\u00fczeltme, silme, muhalefet, muameleye getirme, ta\u015f\u0131nabilirlik ve onay\u0131 alma haklar\u0131n\u0131 kullanma olana\u011f\u0131n\u0131 bildirir. , kimli\u011finizin bir kopyas\u0131 veya sizi tan\u0131mlayan ge\u00e7erli bir yasal belgenin bir kopyas\u0131 ile birlikte a\u015fa\u011f\u0131daki adreslere verilen hakk\u0131 g\u00f6stermek:<\/p>\n<p><strong>\u00a0<a href=\"mailto:dpd@nbn23.com\">dpd@nbn23.com<\/a> <\/strong><\/p>\n<p>adresine e-posta g\u00f6nderinPosta adresi c \/ Juan de la Cierva, 27 Sa\u011fl\u0131k Binas\u0131 1 &#8211; 46980 Paterna (Valencia).<\/p>\n<p>Bu ama\u00e7la, kullan\u0131c\u0131, kimli\u011fini veya kimli\u011fini ispat eden ge\u00e7erli bir yasal belgenin bir kopyas\u0131 ile birlikte yapt\u0131\u011f\u0131 dilek\u00e7eyi veya hakk\u0131 belirten yaz\u0131l\u0131 ileti\u015fimi NBN23&#8217;e g\u00f6ndermelidir.<\/p>\n<p>Ayn\u0131 \u015fekilde, kullan\u0131c\u0131n\u0131n \u0130spanya Veri Koruma Ajans\u0131na (<a href=\"http:\/\/www.agpd.es\/\">www.agpd.es<\/a> ve posta adresi, C \/ Jorge Juan, 6. 28001 &#8211; Madrid ve \/ veya 912 663 517 ), haklar\u0131n\u0131n kullan\u0131lmas\u0131na ili\u015fkin vesayetlerini talep etmek.<\/p>\n<p>S\u00f6z konusu talebi \u0130spanya Veri Koruma Ajans\u0131na ve tamamen g\u00f6n\u00fcll\u00fc olarak bildirmeden \u00f6nce, \u0130lgilenen Taraf, a\u015fa\u011f\u0131daki e-posta adresi <strong>\u00a0<a href=\"mailto:dpd@nbn23.com\">dpd@nbn23.com<\/a><\/strong> arac\u0131l\u0131\u011f\u0131yla NBN23 Veri Koruma Delegesi ile ileti\u015fime ge\u00e7ebilir.<\/p>\n<p><strong>10.- Elektronik ticaret ve ticari reklam ileti\u015fimi alan\u0131nda di\u011fer haklar\u0131n kullan\u0131lmas\u0131.<\/strong><\/p>\n<p>NBN23, kullan\u0131c\u0131lar\u0131na, NBN23&#8217;ten e-posta veya haber b\u00fcltenleriyle ticari reklam ileti\u015fimi ve \/ veya b\u00fcltenleri g\u00f6ndermesini a\u00e7\u0131k\u00e7a talep etti\u011fi ve \/ veya talep etti\u011fi konusunda bilgilendirir; Bilgi ve Elektronik Ticaret (LSSICE) &#8216;in kullan\u0131c\u0131, ticari reklamlar\u0131n, reklamlar\u0131n ve \/ veya b\u00fcltenlerin veya haber b\u00fcltenlerinin reklam\u0131n\u0131n al\u0131nmas\u0131 i\u00e7in tan\u0131t\u0131m ama\u00e7l\u0131 olarak verilerinin i\u015flenmesine kar\u015f\u0131 \u00e7\u0131kma ve her zaman onay\u0131n\u0131 iptal etme hakk\u0131na sahiptir. onun iste\u011fini basit bir \u015fekilde NBN23&#8217;e bildirerek ve \/ veya bir e-posta g\u00f6ndererek etkiye verdi.<\/p>\n<p>Bunu yapmak i\u00e7in, kullan\u0131c\u0131 ticari ileti\u015fimlerden \u00e7\u0131kmak ve \/ veya e-posta adresine bir istek g\u00f6ndermek i\u00e7in buraya t\u0131klayarak, ticari ileti\u015fim, reklam ve \/ veya b\u00fcltenler veya haber b\u00fcltenlerinin g\u00f6nderilmesini durdurma talebinde bulunan ileti\u015fimlerini y\u00f6nlendirebilir. yukar\u0131da belirtilen posta adresi ve \/ veya adres: dpd@nbn23.com<\/p>\n<p>NBN23, bu t\u00fcr ticari ileti\u015fimleri g\u00f6ndermekten ka\u00e7\u0131nmak i\u00e7in gerekli \u00f6nlemleri almak i\u00e7in gerekli minimum verileri saklayarak iste\u011finizi dinleyecektir.<\/p>\n<p><strong>11.- Verilerin korunma s\u00fcresi.<\/strong><\/p>\n<p>NBN23, tedavinin amac\u0131 ve me\u015fru temeli korunurken kullan\u0131c\u0131 verilerini koruyacak ve kullan\u0131c\u0131, ayn\u0131 zamanda yasal y\u00fck\u00fcml\u00fcl\u00fcklere uyma ve olas\u0131 y\u00fck\u00fcml\u00fcl\u00fcklere dikkat i\u00e7in y\u00fcr\u00fcrl\u00fckte olan y\u00f6netmeliklerde belirtilen s\u00fcrelerde ayn\u0131 \u015feylerin silinmesini talep etmeyecektir.<\/p>\n<p><strong>12.- Uluslararas\u0131 transferler.<\/strong><\/p>\n<p>NBN23, kullan\u0131c\u0131n\u0131n ki\u015fisel verilerinin ne \u00fclkelere ne de uluslararas\u0131 kurulu\u015flara uluslararas\u0131 transferini ger\u00e7ekle\u015ftirmez.<\/p>\n<p><strong>13.- Bizi sosyal a\u011flarda takip edin.<\/strong><\/p>\n<p>Sosyal a\u011flar, kullan\u0131c\u0131lar\u0131n \u00fc\u00e7\u00fcnc\u00fc \u015fah\u0131s sa\u011flay\u0131c\u0131lar taraf\u0131ndan sa\u011flanan, kullan\u0131c\u0131lar\u0131n ba\u015fka bir kullan\u0131c\u0131yla sanal bir toplulu\u011fa kat\u0131lmalar\u0131na olanak tan\u0131yan ve bu sayede a\u011f, di\u011fer kullan\u0131c\u0131lar\u0131 ile i\u00e7erik, bilgi ve ki\u015fisel verileri olu\u015fturabilecekleri ve payla\u015fabilecekleri kendi genel profilini olu\u015fturabilecekleri hizmetlerdir. Bir sosyal a\u011fda ki\u015fisel ve \/ veya ticari ama\u00e7larla sayfalar, hesaplar veya profiller olu\u015fturabilir ve payla\u015fabilirsiniz. Sosyal a\u011f\u0131n i\u015fleyi\u015fi ilk \u00f6nce, a\u011f\u0131n sahibi ve \/ veya sa\u011flay\u0131c\u0131s\u0131 taraf\u0131ndan belirlenen \u015fartlar ve ikinci olarak, ticari ama\u00e7lar i\u00e7in sayfalara, hesaplara veya profillere gelince, \u015fartlar ve ko\u015fullar ile d\u00fczenlenir. Verilerinin i\u015flenmesinden kendi durumunda sorumlu olacak olan profilden veya ticari hesaptan sorumlu ki\u015fi taraf\u0131ndan kurulmu\u015ftur.<\/p>\n<p>NBN23, Facebook, Twitter, Instagram, YouTube, Linkedin gibi s\u0131n\u0131rl\u0131 olmayan baz\u0131 sosyal a\u011flarda profillere sahiptir. Kullan\u0131c\u0131 bizi takip edebilir ve s\u00f6z konusu sosyal a\u011flarda ve farkl\u0131 sosyal a\u011flarda resmi NBN23 sayfalar\u0131n\u0131n hayran\u0131 olabilir.<\/p>\n<p>Kullan\u0131c\u0131, NBN23&#8217;\u00fcn sayfalar\u0131nda, profillerinde veya hesaplar\u0131nda sosyal a\u011flarda yap\u0131lan verilerin i\u015flenmesinin hem resmi sayfan\u0131n hem de sa\u011flay\u0131c\u0131n\u0131n ve her sosyal a\u011f\u0131n sahibinin ilgili politika ve ko\u015fullar\u0131na tabi olaca\u011f\u0131 konusunda bilgilendirilir. senin durumunda<\/p>\n<p><strong>14.- Bu NBN23 web sitesinde yay\u0131nlanan ki\u015fisel veriler.<\/strong><\/p>\n<p>Bu NBN23 web sitesinde yay\u0131nlanabilecek ki\u015fisel verilerle ilgili olarak, kullan\u0131c\u0131, s\u00f6z konusu verilerin ilgili taraflar\u0131n \u00f6nceden bilgilendirilmi\u015f r\u0131zas\u0131 ile dahil edilmi\u015f olduklar\u0131 bir veya birka\u00e7 veri i\u015fleme hakk\u0131n\u0131n ve NBN23&#8217;\u00fcn sorumlulu\u011funun bir par\u00e7as\u0131 oldu\u011fu konusunda bilgilendirilmektedir. ve ilgili taraf\u0131n \u00f6nceden onay\u0131 ve bilgilendirilmi\u015f onam\u0131 al\u0131nmad\u0131k\u00e7a, ayn\u0131 kayna\u011fa at\u0131fta bulunulmasa bile, kullan\u0131c\u0131 veya di\u011fer \u00fc\u00e7\u00fcnc\u00fc taraf kullan\u0131c\u0131lar taraf\u0131ndan serbest\u00e7e muamele edilemez ve \u00e7o\u011falt\u0131lamaz.<\/p>\n<p>Bu nedenle, t\u00fcm ki\u015fisel veriler &#8211; resimler, videolar, metinler, veriler ve web sitemizde yay\u0131nlanan ve \/ veya tan\u0131mlanabilir ki\u015filer hakk\u0131nda yay\u0131nlanan di\u011fer bilgiler dahil &#8211; sadece kullan\u0131c\u0131 taraf\u0131ndan kat\u0131lmak ve e\u011flenmek i\u00e7in kullan\u0131labilir. web sitemizin bu politikada veya kendi durumunda belirli bir hizmeti d\u00fczenleyen genel ve \u00f6zel \u015fartlar \u00e7er\u00e7evesinde ve mevcut mevzuat \u00e7er\u00e7evesinde, kurulu\u015f dahil, belirtilenlerin d\u0131\u015f\u0131nda kullan\u0131lmas\u0131 yasakt\u0131r. resimlere veya verilere, dosyalara veya tedavilere ve \/ veya insan veritabanlar\u0131n\u0131n olu\u015fturulmas\u0131 ve \/ veya ilgili taraf\u0131n \u00f6nceden bilgilendirilmi\u015f r\u0131zas\u0131 olmadan \u00fc\u00e7\u00fcnc\u00fc \u015fah\u0131slara reklam veya teklif g\u00f6nderilmesi.<\/p>\n<p>Bilgi ve veri sahibi olan NBN23, web sitemizin kullan\u0131c\u0131s\u0131 veya di\u011fer \u00fc\u00e7\u00fcnc\u00fc taraf kullan\u0131c\u0131lar\u0131n\u0131n bu ko\u015fullar\u0131n ve onlar\u0131 d\u00fczenleyen di\u011ferlerinin h\u00fck\u00fcmlerine ayk\u0131r\u0131 yapt\u0131\u011f\u0131 kullan\u0131mlardan sorumlu de\u011fildir.<\/p>\n<p>Kullan\u0131c\u0131 hi\u00e7bir zaman bu NBN23 web sitesinin halka a\u00e7\u0131k bir kaynak oldu\u011funu d\u00fc\u015f\u00fcnmemelidir, bu sayede ki\u015fisel verilerin, bilgilerin ve i\u00e7eri\u011fin i\u00e7inden yay\u0131nlanan i\u00e7eriklerin serbest\u00e7e da\u011f\u0131t\u0131m\u0131 yap\u0131labilir.<\/p>\n<p><strong>15. G\u00fcvenlik \u00f6nlemleri.<\/strong><\/p>\n<p>NBN23, kullan\u0131c\u0131lara bu web sitesi arac\u0131l\u0131\u011f\u0131yla hat\u0131rlad\u0131klar\u0131 ki\u015fisel verileri g\u00fcvenli bir \u015fekilde, \u00f6nlemleri uygulayarak tedavi etti\u011fimizi bildirir. Uygulama riskleri ve tedavinin do\u011fas\u0131, kapsam\u0131, kapsam\u0131 ve ama\u00e7lar\u0131 ile de\u011fi\u015fkenlerin Kullan\u0131c\u0131lar\u0131n hak ve \u00f6zg\u00fcrl\u00fckleri i\u00e7in risk ve ciddiyet.<\/p>\n<p>Yukar\u0131dakilere paralel olarak, NBN23 ki\u015fisel g\u00fcvenlik ve tadilat, kay\u0131p, muamele veya yetkisiz eri\u015fim i\u00e7in teknik ve \u00f6rg\u00fctsel teknik \u00f6nlemlerini uygular; teknoloji durumu hesab\u0131, do\u011fal Bulunan riskler veya insan eyleminin durumu veya fiziksel veya do\u011fal \u00e7evre, b\u00fct\u00fcnl\u00fc\u011f\u00fcn\u00fc, gizlili\u011fini, kullan\u0131labilirli\u011fini ve g\u00fcvenli\u011fini garanti eder. Ayn\u0131 \u015fekilde, NBN23, kullan\u0131c\u0131n\u0131n ki\u015fisel verileri ve onlar\u0131 saklama y\u00fck\u00fcml\u00fcl\u00fc\u011f\u00fc ile ilgili mesleki gizlilik g\u00f6revini yerine getirmesini engeller.<\/p>\n<p><strong>16.- Kullan\u0131c\u0131lar\u0131n terminal ekipmanlar\u0131nda \u00e7erezlerin ve depolama cihazlar\u0131n\u0131n kullan\u0131m\u0131 ve veri kurtarma.<\/strong><\/p>\n<p>NBN23, kullan\u0131c\u0131 bu web sitesine g\u00f6z att\u0131\u011f\u0131nda kullan\u0131c\u0131 terminal ekipman\u0131nda \u00e7erezleri ve veri depolama ve alma cihazlar\u0131n\u0131 kullan\u0131r.<\/p>\n<p>NBN23 taraf\u0131ndan \u015fartlar alt\u0131nda kullan\u0131lan ve https:\/\/nbn23.com\/politica-de-cookies\/ adresindeki \u00c7erez Politikas\u0131nda a\u00e7\u0131klanan ama\u00e7lar i\u00e7in kullan\u0131lan en son verilerin depolanmas\u0131 ve al\u0131nmas\u0131 i\u00e7in \u00e7erezlerin ve cihazlar\u0131n \u00c7erezleri.<\/p>\n<p><strong>17.- Politikalar\u0131n g\u00fcncellenmesi.<\/strong><\/p>\n<p>Veri toplama formlar\u0131na eklenmi\u015f bilgilendirici metinler gibi belirli yasal metinlerin tercihli olarak uygulanmas\u0131n\u0131n yan\u0131 s\u0131ra, belirli durumlarda belirli hizmetler ko\u015fullar\u0131nda NBN23, bu gizlilik politikas\u0131n\u0131 ve ki\u015fisel bilgilerin i\u015flenmesini d\u00fczenli olarak g\u00fcncelleyecektir. bu web sitesinin kullan\u0131c\u0131lar\u0131. Bu politikan\u0131n herhangi bir \u015fekilde de\u011fi\u015ftirilmesi bu NBN23 web sitesinde yay\u0131nlanacakt\u0131r.<\/p>\n<p>&nbsp;<\/p>\n<p>En son s\u00fcr\u00fcm\u00fc her zaman bilmek i\u00e7in bu web sitesinde yay\u0131nlanan NBN23 Gizlilik Politikas\u0131&#8217;na periyodik olarak eri\u015fmek kullan\u0131c\u0131n\u0131n sorumlulu\u011funda olacakt\u0131r.<\/p>\n<p><strong>18.- \u0130leti\u015fim bilgileri.<\/strong><\/p>\n<p>Bu Gizlilik Politikas\u0131 ile ilgili herhangi bir sorgu i\u00e7in, kullan\u0131c\u0131 https:\/\/nbn23.com\/contacta\/ adresindeki ileti\u015fim formumuz \u00fczerinden elektronik yollardan NBN23 ile irtibata ge\u00e7ebilir.<\/p>\n<p>Kullan\u0131c\u0131n\u0131n veri koruma ile ilgili herhangi bir sorgu Veri Koruma Delegemize transfer etmek istemesi durumunda, a\u015fa\u011f\u0131daki b\u00f6l\u00fcmde belirtilen bilgilerle ileti\u015fim kurabilir.<\/p>\n<p><strong>19.- Veri Koruma Delegesi Verileri.<\/strong><\/p>\n<p>Kullan\u0131c\u0131, a\u015fa\u011f\u0131daki elektronik adrese e-posta yoluyla Veri Koruma Delegesi ile ileti\u015fime ge\u00e7ebilir: <a href=\"mailto:dpd@nbn23.com\">dpd@nbn23.com<\/a><\/p>\n<p>&nbsp;<\/p>\n<p>&nbsp;<\/p>\n<p>&nbsp;[\/vc_column_text][\/vc_column][\/vc_row]<\/p>\n","protected":false},"excerpt":{"rendered":"<p>[vc_row][vc_column][vc_column_text]G\u0130ZL\u0130L\u0130K POL\u0130T\u0130KASI NOTHINGBUTNET S.L. 1.- Gizlilik Politikas\u0131n\u0131n Konusu. Ki\u015fisel verilerin korunmas\u0131na ili\u015fkin mevcut mevzuata uygun olarak), NOTHINGBUTNET SL, (bundan b\u00f6yle NBN23) bu NBN23 web sitesinin kullan\u0131c\u0131lar\u0131n\u0131, verilerin i\u015flenmesi ve korunmas\u0131na ili\u015fkin politikalar\u0131 bilgilendirmek istemektedir. ki\u015fisel bilgilerini ki\u015fisel kullan\u0131m i\u00e7in ya da bu web sitesinin hizmetlerinin kayd\u0131 alt\u0131nda ya da ki\u015fisel verilerinin NBN23&#8217;e iletilmesini i\u00e7eren herhangi [&hellip;]<\/p>\n","protected":false},"author":2,"featured_media":0,"parent":0,"menu_order":0,"comment_status":"closed","ping_status":"closed","template":"","meta":{"_exactmetrics_skip_tracking":false,"_exactmetrics_sitenote_active":false,"_exactmetrics_sitenote_note":"","_exactmetrics_sitenote_category":0,"footnotes":""},"class_list":["post-4259","page","type-page","status-publish","hentry"],"blocksy_meta":{"styles_descriptor":{"styles":{"desktop":"","tablet":"","mobile":""},"google_fonts":[],"version":6}},"aioseo_notices":[],"_links":{"self":[{"href":"https:\/\/nbn23.com\/tr\/wp-json\/wp\/v2\/pages\/4259","targetHints":{"allow":["GET"]}}],"collection":[{"href":"https:\/\/nbn23.com\/tr\/wp-json\/wp\/v2\/pages"}],"about":[{"href":"https:\/\/nbn23.com\/tr\/wp-json\/wp\/v2\/types\/page"}],"author":[{"embeddable":true,"href":"https:\/\/nbn23.com\/tr\/wp-json\/wp\/v2\/users\/2"}],"replies":[{"embeddable":true,"href":"https:\/\/nbn23.com\/tr\/wp-json\/wp\/v2\/comments?post=4259"}],"version-history":[{"count":4,"href":"https:\/\/nbn23.com\/tr\/wp-json\/wp\/v2\/pages\/4259\/revisions"}],"predecessor-version":[{"id":4263,"href":"https:\/\/nbn23.com\/tr\/wp-json\/wp\/v2\/pages\/4259\/revisions\/4263"}],"wp:attachment":[{"href":"https:\/\/nbn23.com\/tr\/wp-json\/wp\/v2\/media?parent=4259"}],"curies":[{"name":"wp","href":"https:\/\/api.w.org\/{rel}","templated":true}]}}