{"id":3866,"date":"2019-06-10T14:56:20","date_gmt":"2019-06-10T12:56:20","guid":{"rendered":"https:\/\/nbn23.com\/cerezler-politikasi\/"},"modified":"2023-03-03T12:03:45","modified_gmt":"2023-03-03T10:03:45","slug":"cerezler-politikasi","status":"publish","type":"page","link":"https:\/\/nbn23.com\/tr\/cerezler-politikasi\/","title":{"rendered":"\u00c7erezler politikas\u0131"},"content":{"rendered":"<p>[vc_row][vc_column][vc_column_text]Tan\u0131t\u0131m<\/p>\n<p>Web sitemiz, https:\/\/nbn23.com (bundan b\u00f6yle: &#8220;web sitesi&#8221; olarak an\u0131lacakt\u0131r) tan\u0131mlama bilgileri ve di\u011fer ilgili teknolojileri kullan\u0131r (kolayl\u0131k olmas\u0131 i\u00e7in t\u00fcm teknolojilere &#8220;\u00e7erezler&#8221; denir). \u00c7erezler, ili\u015fki kurdu\u011fumuz \u00fc\u00e7\u00fcnc\u00fc taraflarca da yerle\u015ftirilir. A\u015fa\u011f\u0131daki belgede, web sitemizde \u00e7erez kullan\u0131m\u0131 hakk\u0131nda sizi bilgilendiriyoruz.<\/p>\n<p>\u00c7erezler nedir?<\/p>\n<p>\u00c7erez, bu web sitesinin sayfalar\u0131yla birlikte g\u00f6nderilen ve taray\u0131c\u0131n\u0131z taraf\u0131ndan bilgisayar\u0131n\u0131z\u0131n veya di\u011fer cihaz\u0131n\u0131z\u0131n sabit diskinde saklanan basit k\u00fc\u00e7\u00fck bir dosyad\u0131r. \u0130\u00e7inde saklanan bilgiler, daha sonraki bir ziyaret s\u0131ras\u0131nda sunucular\u0131m\u0131za veya ilgili \u00fc\u00e7\u00fcnc\u00fc taraflar\u0131n sunucular\u0131na iade edilebilir.<\/p>\n<p>Senaryolar nelerdir?<\/p>\n<p>Komut dosyas\u0131, web sitemizin do\u011fru ve etkile\u015fimli \u00e7al\u0131\u015fmas\u0131n\u0131 sa\u011flamak i\u00e7in kullan\u0131lan bir program kodu par\u00e7as\u0131d\u0131r. Bu kod sunucumuzda veya cihaz\u0131n\u0131zda \u00e7al\u0131\u015f\u0131r.<\/p>\n<p>Web i\u015faret\u00e7isi nedir?<\/p>\n<p>Bir web i\u015faret\u00e7isi (veya piksel etiketi), bir web sitesindeki trafi\u011fi izlemek i\u00e7in kullan\u0131lan bir web sitesindeki k\u00fc\u00e7\u00fck, g\u00f6r\u00fcnmez bir metin veya resim par\u00e7as\u0131d\u0131r. Bunu yapmak i\u00e7in, web i\u015faret\u00e7ileri kullan\u0131larak sizinle ilgili \u00e7e\u015fitli veriler saklan\u0131r.<\/p>\n<p>kurabiye<\/p>\n<p>\u0130spanya Veri Koruma Ajans\u0131&#8217;n\u0131n y\u00f6nergelerini takip ederek, sizi m\u00fcmk\u00fcn oldu\u011funca do\u011fru bir \u015fekilde bilgilendirmek i\u00e7in bu web sitesi taraf\u0131ndan yap\u0131lan tan\u0131mlama bilgilerinin kullan\u0131m\u0131n\u0131 detayland\u0131r\u0131yoruz.<\/p>\n<p>Teknik veya i\u015flevsel \u00e7erezler<\/p>\n<p>Baz\u0131 \u00e7erezler, web sitesinin belirli b\u00f6l\u00fcmlerinin d\u00fczg\u00fcn \u00e7al\u0131\u015fmas\u0131n\u0131 ve kullan\u0131c\u0131 tercihlerinizin bilinmesini sa\u011flar. \u0130\u015flevsel \u00e7erezler yerle\u015ftirerek web sitemizi ziyaret etmenizi kolayla\u015ft\u0131r\u0131yoruz. Bu sayede web sitemizi ziyaret ederken ayn\u0131 bilgileri tekrar tekrar girmek zorunda kalmazs\u0131n\u0131z ve \u00f6rne\u011fin \u00fcr\u00fcnler siz \u00f6deme yapana kadar al\u0131\u015fveri\u015f sepetinizde kal\u0131r. Bu \u00e7erezleri sizin izniniz olmadan yerle\u015ftirebiliriz.<\/p>\n<p>Pazarlama\/izleme \u00e7erezleri<\/p>\n<p>Pazarlama \/ izleme \u00e7erezleri, reklamlar\u0131 g\u00f6r\u00fcnt\u00fclemek i\u00e7in kullan\u0131c\u0131 profilleri olu\u015fturmak veya bu web sitesinde veya \u00e7e\u015fitli benzer web sitelerinde pazarlama amac\u0131yla kullan\u0131c\u0131y\u0131 izlemek i\u00e7in kullan\u0131lan \u00e7erezler veya ba\u015fka herhangi bir yerel depolama bi\u00e7imidir.<\/p>\n<p>sosyal medya d\u00fc\u011fmeleri<\/p>\n<p>Web sitemize, web sayfalar\u0131n\u0131 tan\u0131tmak (\u00f6rne\u011fin, &#8220;be\u011fen&#8221;, &#8220;sabit&#8221;) veya Facebook, Twitter gibi sosyal a\u011flarda payla\u015fmak (\u00f6rne\u011fin, &#8220;tweet&#8221;) i\u00e7in Facebook, Twitter, LinkedIn ve Instagram d\u00fc\u011fmeleri ekledik. LinkedIn ve Instagram. Bu d\u00fc\u011fmeler, Facebook, Twitter, LinkedIn ve Instagram kaynakl\u0131 kod par\u00e7alar\u0131n\u0131 kullanarak \u00e7al\u0131\u015f\u0131r. Bu kod \u00e7erezleri yerle\u015ftirir. Bu sosyal medya d\u00fc\u011fmeleri ayr\u0131ca belirli bilgileri saklayabilir ve i\u015fleyebilir, bu sayede size ki\u015fiselle\u015ftirilmi\u015f bir reklam g\u00f6sterilebilir. Her sosyal a\u011f, Be\u011fen veya Payla\u015f gibi d\u00fc\u011fmelere t\u0131klayabilmeniz i\u00e7in kendi tan\u0131mlama bilgilerini kullan\u0131r.<\/p>\n<p>Bu \u00e7erezleri kullanarak i\u015fledikleri (ki\u015fisel) verilerinizle ne yapt\u0131klar\u0131n\u0131 okumak i\u00e7in l\u00fctfen bu sosyal a\u011flar\u0131n (d\u00fczenli olarak de\u011fi\u015febilen) gizlilik bildirimini okuyun. Al\u0131nan veriler m\u00fcmk\u00fcn oldu\u011funca anonimle\u015ftirilir. Facebook, Twitter, LinkedIn ve Instagram Amerika Birle\u015fik Devletleri&#8217;nde bulunmaktad\u0131r.<\/p>\n<p>Yerle\u015ftirilen \u00e7erezler<\/p>\n<p>google yaz\u0131 tipleri<\/p>\n<p>Pazarlama\/\u0130zleme<\/p>\n<p>YouTube (ins\u00e9&#8217;de<\/p>\n<p>Pazarlama\/Takip, Fonksiyonel<\/p>\n<p>Facebook (i\u00e7eride<\/p>\n<p>Pazarlama\/Takip, Fonksiyonel<\/p>\n<p>heyecan<\/p>\n<p>Fonksiyonel, Pazarlama\/Takip<\/p>\n<p>LinkedIn (\u0130ngilizce<\/p>\n<p>Pazarlama\/Takip, Fonksiyonel<\/p>\n<p>Instagram (i\u00e7inde<\/p>\n<p>Soru\u015fturma bekleyen ama\u00e7<\/p>\n<p>Jivochat<\/p>\n<p>Pazarlama\/\u0130zleme<\/p>\n<p>Onay<\/p>\n<p>Web sitemizi ilk kez ziyaret etti\u011finizde, size \u00e7erezler hakk\u0131nda bir a\u00e7\u0131klama i\u00e7eren bir a\u00e7\u0131l\u0131r pencere g\u00f6sterece\u011fiz. &#8220;Tercihleri \u200b\u200bKaydet&#8221;e t\u0131klad\u0131\u011f\u0131n\u0131z anda, bu \u00c7erez Politikas\u0131nda a\u00e7\u0131kland\u0131\u011f\u0131 \u015fekilde a\u00e7\u0131l\u0131r pencerede se\u00e7ti\u011finiz \u00e7erez ve eklenti kategorilerini kullanmam\u0131z\u0131 kabul etmi\u015f olursunuz. \u00c7erezlerin kullan\u0131m\u0131n\u0131 taray\u0131c\u0131n\u0131z \u00fczerinden devre d\u0131\u015f\u0131 b\u0131rakabilirsiniz, ancak l\u00fctfen web sitemizin art\u0131k d\u00fczg\u00fcn \u00e7al\u0131\u015fmayabilece\u011fini unutmay\u0131n.<\/p>\n<p>\u0130zin ayarlar\u0131n\u0131z\u0131 y\u00f6netin<\/p>\n<p>FONKS\u0130YONEL<\/p>\n<p>PAZARLAMA<\/p>\n<p>Ki\u015fisel verilerle ilgili haklar\u0131n\u0131z<\/p>\n<p>Ki\u015fisel verilerinizle ilgili olarak a\u015fa\u011f\u0131daki haklara sahipsiniz:<\/p>\n<p>Ki\u015fisel verilerinizin neden gerekli oldu\u011funu, bu verilere ne olaca\u011f\u0131n\u0131 ve ne kadar s\u00fcreyle saklanaca\u011f\u0131n\u0131 bilme hakk\u0131n\u0131z vard\u0131r.<\/p>\n<p>Eri\u015fim hakk\u0131: Bildi\u011fimiz ki\u015fisel verilerinize eri\u015fim hakk\u0131na sahipsiniz.<\/p>\n<p>D\u00fczeltme hakk\u0131: Ki\u015fisel verilerinizi diledi\u011finiz zaman ekleme, d\u00fczeltme, silme veya bloke etme hakk\u0131n\u0131z vard\u0131r.<\/p>\n<p>Verilerinizi i\u015flememiz i\u00e7in bize onay verirseniz, bu izni geri \u00e7ekme ve ki\u015fisel verilerinizi silme hakk\u0131na sahipsiniz.<\/p>\n<p>Verilerinizi aktarma hakk\u0131: T\u00fcm ki\u015fisel verilerinizi denetleyiciden talep etme ve b\u00fct\u00fcn\u00fcyle ba\u015fka bir denetleyiciye aktarma hakk\u0131na sahipsiniz.<\/p>\n<p>\u0130tiraz hakk\u0131: Verilerinizin i\u015flenmesine kar\u015f\u0131 \u00e7\u0131kabilirsiniz. \u0130\u015fleme i\u00e7in hakl\u0131 gerek\u00e7eler olmad\u0131\u011f\u0131 s\u00fcrece buna uyar\u0131z.<\/p>\n<p>Bu haklar\u0131 kullanmak i\u00e7in l\u00fctfen <a href=\"mailto:dpo@nbn23.tech\"><span class=\"ui-provider vf b c d e f g h i j k l m n o p q r s t u v w x y z ab ac ae af ag ah ai aj ak\" dir=\"ltr\">dpo@nbn23.tech <\/span><\/a>adresinden bizimle ileti\u015fime ge\u00e7in. Bu \u00c7erez Politikas\u0131n\u0131n alt\u0131ndaki ileti\u015fim bilgilerine bak\u0131n. Verilerinizi nas\u0131l kulland\u0131\u011f\u0131m\u0131zla ilgili bir \u015fikayetiniz varsa, sizden haber almak isteriz, ancak denetim makam\u0131na (Veri Koruma Otoritesi) \u015fikayette bulunma hakk\u0131n\u0131z da vard\u0131r.<\/p>\n<p>\u00c7erezleri etkinle\u015ftirme\/devre d\u0131\u015f\u0131 b\u0131rakma ve silme<\/p>\n<p>T\u00fcm \u00e7erezler devre d\u0131\u015f\u0131 b\u0131rak\u0131l\u0131rsa web sitemizin d\u00fczg\u00fcn \u00e7al\u0131\u015fmayabilece\u011fini l\u00fctfen unutmay\u0131n. Taray\u0131c\u0131n\u0131zda \u00e7erezleri silerseniz, web sitelerimizi tekrar ziyaret etti\u011finizde onay\u0131n\u0131z al\u0131nd\u0131ktan sonra yeniden yerle\u015ftirilirler.<\/p>\n<p>Bu web sitesindeki \u00e7erezleri devre d\u0131\u015f\u0131 b\u0131rakma veya silme hakk\u0131n\u0131z\u0131 istedi\u011finiz zaman kullanabilirsiniz. Bu eylemler, kulland\u0131\u011f\u0131n\u0131z taray\u0131c\u0131ya ba\u011fl\u0131 olarak farkl\u0131 \u015fekilde ger\u00e7ekle\u015ftirilir.<\/p>\n<p>T\u00fcm modern taray\u0131c\u0131lar, \u00e7erez ayarlar\u0131n\u0131 de\u011fi\u015ftirmenize izin verir. Bu ayarlar genellikle taray\u0131c\u0131n\u0131z\u0131n &#8216;se\u00e7enekler&#8217; veya &#8216;tercihler&#8217; men\u00fcs\u00fcnde bulunur. Ayr\u0131ca, bir e-postay\u0131 a\u00e7arken Web Hatalar\u0131n\u0131n indirilmesini \u00f6nlemek i\u00e7in taray\u0131c\u0131n\u0131z\u0131 veya e-posta y\u00f6neticinizi yap\u0131land\u0131rabilir ve \u00fccretsiz eklentiler y\u00fckleyebilirsiniz.<\/p>\n<p>Ard\u0131ndan, \u00e7erez yap\u0131land\u0131rma men\u00fcs\u00fcne ve uygun oldu\u011funda ana taray\u0131c\u0131lar\u0131n her birinde \u00f6zel taramaya eri\u015fme ad\u0131mlar\u0131 konusunda kullan\u0131c\u0131ya rehberlik sa\u011flan\u0131r:<\/p>\n<p>Internet Explorer: Ara\u00e7lar -&gt; \u0130nternet Se\u00e7enekleri -&gt; Gizlilik -&gt; Ayarlar.<\/p>\n<p>Daha fazla bilgi i\u00e7in Microsoft deste\u011fine veya taray\u0131c\u0131 Yard\u0131m\u0131na ba\u015fvurabilirsiniz.<\/p>\n<p>Firefox: Ara\u00e7lar -&gt; Se\u00e7enekler -&gt; Gizlilik -&gt; Ge\u00e7mi\u015f -&gt; \u00d6zel Ayarlar.<\/p>\n<p>Daha fazla bilgi i\u00e7in Mozilla deste\u011fine veya taray\u0131c\u0131 Yard\u0131m\u0131na ba\u015fvurabilirsiniz.<\/p>\n<p>Chrome: Ayarlar -&gt; Geli\u015fmi\u015f se\u00e7enekleri g\u00f6ster -&gt; Gizlilik -&gt; \u0130\u00e7erik ayarlar\u0131.<\/p>\n<p>Daha fazla bilgi i\u00e7in Google deste\u011fine veya taray\u0131c\u0131 Yard\u0131m\u0131na ba\u015fvurabilirsiniz.<\/p>\n<p>Safari: Tercihler -&gt; G\u00fcvenlik.<\/p>\n<p>Daha fazla bilgi i\u00e7in Apple deste\u011fine veya taray\u0131c\u0131 Yard\u0131m\u0131na ba\u015fvurabilirsiniz.<\/p>\n<p>koruma s\u00fcresi<\/p>\n<p>\u00c7erezlerden elde edilen verileri 2 y\u0131l s\u00fcreyle saklar\u0131z. Banner&#8217;\u0131m\u0131z iki y\u0131l boyunca kullan\u0131c\u0131n\u0131n tercihlerini hat\u0131rlayacakt\u0131r.<\/p>\n<p>\u0130leti\u015fim bilgileri<\/p>\n<p>\u00c7erez Politikam\u0131z ve bu bildirim hakk\u0131nda soru ve\/veya yorumlar\u0131n\u0131z i\u00e7in l\u00fctfen a\u015fa\u011f\u0131daki ileti\u015fim bilgilerini kullanarak bizimle ileti\u015fime ge\u00e7in:<\/p>\n<p>&nbsp;<\/p>\n<p>NBN23 S.LU.<\/p>\n<p>Juan de la Cierva&#8217;n\u0131n Carrer&#8217;\u0131 ve<\/p>\n<p>Kodorniu 27<\/p>\n<p>46980<\/p>\n<p>B46634206<\/p>\n<p>Paterna Valensiya \u0130spanya<\/p>\n<p>Web sitesi: https:\/\/nbn23.com<\/p>\n<p>E-posta: pazarlama@nbn23.com<\/p>\n<p>Veri Koruma G\u00f6revlisi: <a href=\"mailto:dpo@nbn23.tech\"><span class=\"ui-provider vf b c d e f g h i j k l m n o p q r s t u v w x y z ab ac ae af ag ah ai aj ak\" dir=\"ltr\">dpo@nbn23.tech<\/span><\/a><\/p>\n<p>Telefon numaras\u0131: +34 961022600<\/p>\n<p>Gizlilik Politikas\u0131na Ba\u011flant\u0131[\/vc_column_text][\/vc_column][\/vc_row]<\/p>\n","protected":false},"excerpt":{"rendered":"<p>[vc_row][vc_column][vc_column_text]Tan\u0131t\u0131m Web sitemiz, https:\/\/nbn23.com (bundan b\u00f6yle: &#8220;web sitesi&#8221; olarak an\u0131lacakt\u0131r) tan\u0131mlama bilgileri ve di\u011fer ilgili teknolojileri kullan\u0131r (kolayl\u0131k olmas\u0131 i\u00e7in t\u00fcm teknolojilere &#8220;\u00e7erezler&#8221; denir). \u00c7erezler, ili\u015fki kurdu\u011fumuz \u00fc\u00e7\u00fcnc\u00fc taraflarca da yerle\u015ftirilir. A\u015fa\u011f\u0131daki belgede, web sitemizde \u00e7erez kullan\u0131m\u0131 hakk\u0131nda sizi bilgilendiriyoruz. \u00c7erezler nedir? \u00c7erez, bu web sitesinin sayfalar\u0131yla birlikte g\u00f6nderilen ve taray\u0131c\u0131n\u0131z taraf\u0131ndan bilgisayar\u0131n\u0131z\u0131n veya di\u011fer [&hellip;]<\/p>\n","protected":false},"author":2,"featured_media":0,"parent":0,"menu_order":0,"comment_status":"closed","ping_status":"closed","template":"","meta":{"_exactmetrics_skip_tracking":false,"_exactmetrics_sitenote_active":false,"_exactmetrics_sitenote_note":"","_exactmetrics_sitenote_category":0,"footnotes":""},"class_list":["post-3866","page","type-page","status-publish","hentry"],"blocksy_meta":{"styles_descriptor":{"styles":{"desktop":"","tablet":"","mobile":""},"google_fonts":[],"version":6}},"aioseo_notices":[],"_links":{"self":[{"href":"https:\/\/nbn23.com\/tr\/wp-json\/wp\/v2\/pages\/3866","targetHints":{"allow":["GET"]}}],"collection":[{"href":"https:\/\/nbn23.com\/tr\/wp-json\/wp\/v2\/pages"}],"about":[{"href":"https:\/\/nbn23.com\/tr\/wp-json\/wp\/v2\/types\/page"}],"author":[{"embeddable":true,"href":"https:\/\/nbn23.com\/tr\/wp-json\/wp\/v2\/users\/2"}],"replies":[{"embeddable":true,"href":"https:\/\/nbn23.com\/tr\/wp-json\/wp\/v2\/comments?post=3866"}],"version-history":[{"count":6,"href":"https:\/\/nbn23.com\/tr\/wp-json\/wp\/v2\/pages\/3866\/revisions"}],"predecessor-version":[{"id":31271,"href":"https:\/\/nbn23.com\/tr\/wp-json\/wp\/v2\/pages\/3866\/revisions\/31271"}],"wp:attachment":[{"href":"https:\/\/nbn23.com\/tr\/wp-json\/wp\/v2\/media?parent=3866"}],"curies":[{"name":"wp","href":"https:\/\/api.w.org\/{rel}","templated":true}]}}