{"id":3835,"date":"2019-06-09T12:53:03","date_gmt":"2019-06-09T10:53:03","guid":{"rendered":"https:\/\/nbn23.com\/performance-tracking\/"},"modified":"2019-06-10T16:39:47","modified_gmt":"2019-06-10T14:39:47","slug":"performance-tracking","status":"publish","type":"page","link":"https:\/\/nbn23.com\/tr\/performance-tracking\/","title":{"rendered":"Performance tracking"},"content":{"rendered":"<p>[vc_row full_width=&#8221;stretch_row_content_no_spaces&#8221; foundry_padding=&#8221;pt64 pb64&#8243; css=&#8221;.vc_custom_1555941939086{background-color: #e35000 !important;}&#8221;][vc_column width=&#8221;1\/6&#8243;][\/vc_column][vc_column width=&#8221;1\/6&#8243;][vc_column_text]<\/p>\n<h4 style=\"text-align: center;\"><a class=\"btn btn-filled btn-lg mb0\" style=\"font-size: 1.2rem;\" href=\"https:\/\/nbn23.com\/tr\/performance\/\">PERFORMANCE<\/a><\/h4>\n<p>[\/vc_column_text][\/vc_column][vc_column width=&#8221;1\/6&#8243;][vc_column_text]<\/p>\n<h4 style=\"text-align: center;\"><a class=\"btn btn-filled btn-lg mb0\" style=\"font-size: 1.2rem; color: #000;\" href=\"https:\/\/nbn23.com\/tr\/performance-tracking\/\">TRACKING<\/a><\/h4>\n<p>[\/vc_column_text][\/vc_column][vc_column width=&#8221;1\/6&#8243;][vc_column_text]<\/p>\n<h4 style=\"text-align: center;\"><a class=\"btn btn-filled btn-lg mb0\" style=\"font-size: 1.2rem;\" href=\"https:\/\/nbn23.com\/tr\/performance-indoor\/\">INDOOR<\/a><\/h4>\n<p>[\/vc_column_text][\/vc_column][vc_column width=&#8221;1\/6&#8243;][vc_column_text]<\/p>\n<h4 style=\"text-align: center;\"><a class=\"btn btn-filled btn-lg mb0\" style=\"font-size: 1.2rem;\" href=\"https:\/\/nbn23.com\/tr\/performance-analizler\/\"><span lang=\"TR\">ANAL\u0130ZLER<\/span><\/a><\/h4>\n<p>[\/vc_column_text][\/vc_column][vc_column width=&#8221;1\/6&#8243;][\/vc_column][vc_column][vc_row_inner][vc_column_inner width=&#8221;1\/6&#8243;][\/vc_column_inner][vc_column_inner width=&#8221;1\/6&#8243;][\/vc_column_inner][vc_column_inner width=&#8221;1\/6&#8243; css=&#8221;.vc_custom_1555940160436{background-color: #000000 !important;}&#8221;][\/vc_column_inner][vc_column_inner width=&#8221;1\/6&#8243;][\/vc_column_inner][vc_column_inner width=&#8221;1\/6&#8243;][\/vc_column_inner][vc_column_inner width=&#8221;1\/6&#8243;][\/vc_column_inner][\/vc_row_inner][\/vc_column][\/vc_row][vc_row][vc_column][vc_column_text]<\/p>\n<h5 style=\"text-align: center;\"><strong>TRACKING<\/strong><\/h5>\n<p>[\/vc_column_text][vc_column_text]<\/p>\n<p style=\"text-align: center;\">Ger\u00e7ek zamanl\u0131 olarak oyuncular\u0131n t\u00fcm aktivitelerini kaydedebilir ve a\u015fa\u011f\u0131dakilerin takibini yapabilirsiniz:<\/p>\n<p>[\/vc_column_text][vc_row_inner][vc_column_inner width=&#8221;1\/6&#8243;][\/vc_column_inner][vc_column_inner width=&#8221;1\/6&#8243;][vc_column_text css=&#8221;.vc_custom_1556029764653{padding-top: 30px !important;padding-right: 20px !important;padding-bottom: 20px !important;padding-left: 20px !important;background-color: #f2f4f7 !important;}&#8221;]<\/p>\n<p style=\"text-align: center;\"><strong><span lang=\"TR\">Oyuncular\u0131n t\u00fcm hareketlerini canl\u0131 izleme\u00a0<\/span><\/strong><\/p>\n<p>[\/vc_column_text][\/vc_column_inner][vc_column_inner width=&#8221;1\/6&#8243;][vc_column_text css=&#8221;.vc_custom_1556029790515{padding-top: 30px !important;padding-right: 20px !important;padding-bottom: 20px !important;padding-left: 20px !important;background-color: #f2f4f7 !important;}&#8221;]<\/p>\n<p style=\"text-align: center;\"><strong><span lang=\"TR\">Is\u0131nman\u0131n yeterli olup olmad\u0131\u011f\u0131n\u0131 g\u00f6r\u00fcn\u00a0<\/span><\/strong><\/p>\n<p>[\/vc_column_text][\/vc_column_inner][vc_column_inner width=&#8221;1\/6&#8243;][vc_column_text css=&#8221;.vc_custom_1556029811248{padding-top: 30px !important;padding-right: 20px !important;padding-bottom: 20px !important;padding-left: 20px !important;background-color: #f2f4f7 !important;}&#8221;]<\/p>\n<p style=\"text-align: center;\"><strong><span lang=\"TR\">Herhangi bir cihazdan takip imkan\u0131\u00a0<\/span><\/strong><\/p>\n<p>[\/vc_column_text][\/vc_column_inner][vc_column_inner width=&#8221;1\/6&#8243;][vc_column_text css=&#8221;.vc_custom_1556029853108{padding-top: 30px !important;padding-right: 20px !important;padding-bottom: 20px !important;padding-left: 20px !important;background-color: #f2f4f7 !important;}&#8221;]<\/p>\n<p style=\"text-align: center;\"><strong><span lang=\"TR\">Antrenman kalitesini artt\u0131r\u0131n<\/span><\/strong><\/p>\n<p>[\/vc_column_text][\/vc_column_inner][vc_column_inner width=&#8221;1\/6&#8243;][\/vc_column_inner][\/vc_row_inner][vc_row_inner][vc_column_inner][vc_single_image image=&#8221;3836&#8243; img_size=&#8221;full&#8221; alignment=&#8221;center&#8221;][\/vc_column_inner][\/vc_row_inner][\/vc_column][\/vc_row][vc_row css=&#8221;.vc_custom_1556096676933{background-color: #000000 !important;}&#8221;][vc_column][foundry_clients pppage=&#8221;32&#8243;][\/vc_column][\/vc_row]<\/p>\n","protected":false},"excerpt":{"rendered":"<p>[vc_row full_width=&#8221;stretch_row_content_no_spaces&#8221; foundry_padding=&#8221;pt64 pb64&#8243; css=&#8221;.vc_custom_1555941939086{background-color: #e35000 !important;}&#8221;][vc_column width=&#8221;1\/6&#8243;][\/vc_column][vc_column width=&#8221;1\/6&#8243;][vc_column_text] PERFORMANCE [\/vc_column_text][\/vc_column][vc_column width=&#8221;1\/6&#8243;][vc_column_text] TRACKING [\/vc_column_text][\/vc_column][vc_column width=&#8221;1\/6&#8243;][vc_column_text] INDOOR [\/vc_column_text][\/vc_column][vc_column width=&#8221;1\/6&#8243;][vc_column_text] ANAL\u0130ZLER [\/vc_column_text][\/vc_column][vc_column width=&#8221;1\/6&#8243;][\/vc_column][vc_column][vc_row_inner][vc_column_inner width=&#8221;1\/6&#8243;][\/vc_column_inner][vc_column_inner width=&#8221;1\/6&#8243;][\/vc_column_inner][vc_column_inner width=&#8221;1\/6&#8243; css=&#8221;.vc_custom_1555940160436{background-color: #000000 !important;}&#8221;][\/vc_column_inner][vc_column_inner width=&#8221;1\/6&#8243;][\/vc_column_inner][vc_column_inner width=&#8221;1\/6&#8243;][\/vc_column_inner][vc_column_inner width=&#8221;1\/6&#8243;][\/vc_column_inner][\/vc_row_inner][\/vc_column][\/vc_row][vc_row][vc_column][vc_column_text] TRACKING [\/vc_column_text][vc_column_text] Ger\u00e7ek zamanl\u0131 olarak oyuncular\u0131n t\u00fcm aktivitelerini kaydedebilir ve a\u015fa\u011f\u0131dakilerin takibini yapabilirsiniz: [\/vc_column_text][vc_row_inner][vc_column_inner width=&#8221;1\/6&#8243;][\/vc_column_inner][vc_column_inner width=&#8221;1\/6&#8243;][vc_column_text css=&#8221;.vc_custom_1556029764653{padding-top: 30px !important;padding-right: 20px !important;padding-bottom: 20px !important;padding-left: 20px !important;background-color: [&hellip;]<\/p>\n","protected":false},"author":2,"featured_media":3814,"parent":0,"menu_order":0,"comment_status":"closed","ping_status":"closed","template":"","meta":{"_exactmetrics_skip_tracking":false,"_exactmetrics_sitenote_active":false,"_exactmetrics_sitenote_note":"","_exactmetrics_sitenote_category":0,"footnotes":""},"class_list":["post-3835","page","type-page","status-publish","has-post-thumbnail","hentry"],"blocksy_meta":{"styles_descriptor":{"styles":{"desktop":"","tablet":"","mobile":""},"google_fonts":[],"version":6}},"aioseo_notices":[],"_links":{"self":[{"href":"https:\/\/nbn23.com\/tr\/wp-json\/wp\/v2\/pages\/3835","targetHints":{"allow":["GET"]}}],"collection":[{"href":"https:\/\/nbn23.com\/tr\/wp-json\/wp\/v2\/pages"}],"about":[{"href":"https:\/\/nbn23.com\/tr\/wp-json\/wp\/v2\/types\/page"}],"author":[{"embeddable":true,"href":"https:\/\/nbn23.com\/tr\/wp-json\/wp\/v2\/users\/2"}],"replies":[{"embeddable":true,"href":"https:\/\/nbn23.com\/tr\/wp-json\/wp\/v2\/comments?post=3835"}],"version-history":[{"count":3,"href":"https:\/\/nbn23.com\/tr\/wp-json\/wp\/v2\/pages\/3835\/revisions"}],"predecessor-version":[{"id":3931,"href":"https:\/\/nbn23.com\/tr\/wp-json\/wp\/v2\/pages\/3835\/revisions\/3931"}],"wp:featuredmedia":[{"embeddable":true,"href":"https:\/\/nbn23.com\/tr\/wp-json\/wp\/v2\/media\/3814"}],"wp:attachment":[{"href":"https:\/\/nbn23.com\/tr\/wp-json\/wp\/v2\/media?parent=3835"}],"curies":[{"name":"wp","href":"https:\/\/api.w.org\/{rel}","templated":true}]}}