{"id":3680,"date":"2019-06-07T14:11:58","date_gmt":"2019-06-07T12:11:58","guid":{"rendered":"https:\/\/nbn23.com\/home\/"},"modified":"2022-01-05T13:53:02","modified_gmt":"2022-01-05T11:53:02","slug":"home","status":"publish","type":"page","link":"https:\/\/nbn23.com\/tr\/home\/","title":{"rendered":"Anasayfa"},"content":{"rendered":"<p>[vc_row full_width=&#8221;stretch_row&#8221;][vc_column css_animation=&#8221;top-to-bottom&#8221;][foundry_hero layout=&#8221;intro-left-half&#8221; image=&#8221;1801&#8243; button_text=&#8221;APP&#8221; button_url=&#8221;https:\/\/nbn23.com&#8221;]<\/p>\n<h1><strong>Organizasyonunuza S\u0131n\u0131f Atlat\u0131n<\/strong><\/h1>\n<h5>E\u015fsiz deneyim ve \u00e7\u00f6z\u00fcmler<\/h5>\n<h5>Oyuncular\u0131n\u0131z\u0131 ve tak\u0131mlar\u0131n\u0131z\u0131 kaydetmeniz i\u00e7in yeni bir panel ve detayl\u0131 istatistikler. \u00dcr\u00fcnlerimizi tan\u0131y\u0131n:<\/h5>\n<h4><a class=\"btn btn-filled btn-lg mb0\" style=\"font-size: 1.2rem; padding-bottom: 8px;\" href=\"\/?page_id=9984\">INGAME<\/a> \u00a0<a class=\"btn btn-filled btn-lg mb0\" style=\"font-size: 1.2rem; padding-bottom: 8px;\" href=\"https:\/\/nbn23.com\/tr\/swish\/\" target=\"_blank\" rel=\"noopener noreferrer\">SWISH APP<\/a>\u00a0\u00a0<a class=\"btn btn-filled btn-lg mb0\" style=\"font-size: 1.2rem; padding-bottom: 8px;\" href=\"https:\/\/nbn23.com\/tr\/performance\/\">PERFORMANCE<\/a><\/h4>\n<p>[\/foundry_hero][\/vc_column][\/vc_row][vc_row el_id=&#8221;app&#8221;][vc_column width=&#8221;1\/2&#8243;][vc_column_text]<\/p>\n<div class=\"history\">\n<div class=\"history-item ng-scope\">\n<div class=\"comment ng-isolate-scope\">\n<div class=\"ng-scope\">\n<h2>Ma\u00e7lar\u0131n\u0131z\u0131 Dijitalle\u015ftirin<\/h2>\n<h4><em><strong>Oyuncular, Ko\u00e7lar, Veliler ve Scoutlar i\u00e7in yeni bir deneyim<\/strong><\/em><\/h4>\n<p>&nbsp;<\/p>\n<\/div>\n<\/div>\n<\/div>\n<\/div>\n<h5>INGAME UYGULAMASI<\/h5>\n<p><strong>InGame<\/strong> uygulamas\u0131 sayesinde, masa hakemleriniz kalem ve ka\u011f\u0131da elveda diyebilir. Uygulamam\u0131z sayesinde ma\u00e7 ka\u011f\u0131d\u0131n\u0131z\u0131 dijital olarak olu\u015fturabilir ve hata riskini minimuma indirebilirsiniz. Ayr\u0131ca ma\u00e7lar\u0131n\u0131z\u0131 dijitalle\u015ftirerek, takip\u00e7ilerinizle etkile\u015fiminizi artt\u0131rabilirsiniz.<\/p>\n<h5>SWISH<\/h5>\n<p><strong>SWISH<\/strong> uygulamas\u0131 sayesinde, t\u00fcm ma\u00e7lar\u0131n\u0131z\u0131n detayl\u0131 ve profesyonel seviyede istatistiklerini takip edebilirsiniz. \u0130ster ma\u00e7 s\u0131ras\u0131nda canl\u0131 olarak, ister ma\u00e7 sonras\u0131nda t\u00fcm verileri g\u00f6rebilirsiniz.<\/p>\n<h5>EN B\u00dcY\u00dcK GEL\u0130R KAYNA\u011eINIZ: VER\u0130LER\u0130N\u0130Z!<\/h5>\n<p>Belki de bu zamana kadar kullanmad\u0131\u011f\u0131n\u0131z en b\u00fcy\u00fck gelir kayna\u011f\u0131n\u0131z verileriniz olabilir. Bir ligde veya turnuvada olu\u015fan milyonlarca veri tamamen size ait. Sistemimiz sayesinde yeni sponsorlar edinip gelirlerinizi artt\u0131rabilirsiniz.[\/vc_column_text][\/vc_column][vc_column width=&#8221;1\/2&#8243;][vc_single_image image=&#8221;5858&#8243; img_size=&#8221;full&#8221; alignment=&#8221;center&#8221; css_animation=&#8221;fadeIn&#8221;][\/vc_column][\/vc_row][vc_row foundry_background_style=&#8221;bg-secondary&#8221; css=&#8221;.vc_custom_1570455581809{background-color: #f2f2f2 !important;}&#8221;][vc_column width=&#8221;1\/3&#8243;][vc_column_text css_animation=&#8221;slideInDown&#8221;]<\/p>\n<h5 class=\"uppercase bold mb16\" style=\"text-align: center;\"><strong>MA\u00c7LARINIZI D\u0130J\u0130TALLE\u015eT\u0130R\u0130N<\/strong><\/h5>\n<p style=\"text-align: center;\">Turnuvan\u0131z boyunca oynanan ma\u00e7lardaki her bir istatistiksel veri \u00f6nemli bir de\u011fere sahiptir. Sistemimiz veri analiziyle t\u00fcm rakamlar\u0131 anlaman\u0131za ve do\u011fru bir \u015fekilde yorumlaman\u0131za yard\u0131mc\u0131 olur. B\u00f6ylece hem organizat\u00f6rlere hem de m\u00fc\u015fterilerinize fayda sa\u011flar.<\/p>\n<p>[\/vc_column_text][\/vc_column][vc_column width=&#8221;1\/3&#8243;][vc_column_text css_animation=&#8221;slideInDown&#8221;]<\/p>\n<h5 class=\"uppercase bold mb16\" style=\"text-align: center;\"><strong>TAK\u0130P\u00c7\u0130 K\u0130TLEN\u0130ZLE BA\u011e KURUN<\/strong><\/h5>\n<p style=\"text-align: center;\">Art\u0131k t\u00fcm ma\u00e7lar\u0131n\u0131z dijitalle\u015fti\u011fine g\u00f6re, bunu oyuncular\u0131n\u0131zla ve taraftarlar\u0131n\u0131zla payla\u015f\u0131n ve onlar\u0131n marka el\u00e7ileriniz olmas\u0131n\u0131 sa\u011flay\u0131n. Takip\u00e7i kitlenizin artt\u0131\u011f\u0131n\u0131 ve bunun da sponsorlar\u0131n\u0131z\u0131 mutlu etti\u011fini izleyin.<\/p>\n<p>[\/vc_column_text][\/vc_column][vc_column width=&#8221;1\/3&#8243;][vc_column_text css_animation=&#8221;slideInDown&#8221;]<\/p>\n<h5 class=\"uppercase bold mb16\" style=\"text-align: center;\"><strong>MARKANIZI GEL\u0130\u015eT\u0130R\u0130N<\/strong><\/h5>\n<p style=\"text-align: center;\">Rekabet hem sahada hem de saha d\u0131\u015f\u0131nda sert ge\u00e7er. T\u00fcm tak\u0131mlar\u0131n ve oyuncular\u0131n profesyonel bir seviyede istatistik, analiz ve daha pek \u00e7ok veriye ula\u015fmas\u0131na izin vererek markan\u0131z\u0131 \u00e7ok daha \u00fcst bir seviyeye y\u00fckseltin.<\/p>\n<p>[\/vc_column_text][\/vc_column][\/vc_row][vc_row foundry_padding=&#8221;pt180 pb180 pt-xs-80 pb-xs-80&#8243; css=&#8221;.vc_custom_1555925799714{background-image: url(https:\/\/nbn23.com\/wp-content\/uploads\/2019\/04\/bg_2.jpg?id=1730) !important;}&#8221;][vc_column width=&#8221;1\/6&#8243;][\/vc_column][vc_column width=&#8221;1\/6&#8243;][\/vc_column][vc_column width=&#8221;1\/6&#8243;][\/vc_column][vc_column width=&#8221;1\/2&#8243;][vc_column_text css_animation=&#8221;slideInDown&#8221;]<\/p>\n<h2>T\u00fcm Kar\u015f\u0131la\u015fmalar\u0131 Avcunuzun \u0130\u00e7inde Hissedin<\/h2>\n<p>Kapsaml\u0131 ve ger\u00e7ek zamanl\u0131 istatistikleri, basit, e\u011flenceli ve ilgi \u00e7ekici bir \u015fekilde yay\u0131nlamak i\u00e7in Cloud\u2019un g\u00fcc\u00fcn\u00fc, yapay zekay\u0131, Big Data\u2019y\u0131 ve dijitalle\u015ftirmeyi kullan\u0131n. \u0130statistik\u00e7ileriniz \u00e7ok k\u0131sa s\u00fcre i\u00e7erisinde \u2018\u2019Ay\u0131n Eleman\u0131\u2019\u2019 haline gelecekler ve ma\u00e7 g\u00fcnleri m\u00fc\u015fterilerinizden ald\u0131\u011f\u0131n\u0131z olumlu geri d\u00f6n\u00fc\u015fler sizi g\u00fcl\u00fcmsetecek.<\/p>\n<h4><a class=\"btn btn-filled btn-lg mb0\" style=\"font-size: 1.2rem;\" href=\"\/?page_id=2190\">COMPETITION&#8217;I KE\u015eFET<\/a><\/h4>\n<p>[\/vc_column_text][\/vc_column][\/vc_row][vc_row][vc_column][vc_row_inner][vc_column_inner width=&#8221;1\/3&#8243;][\/vc_column_inner][vc_column_inner width=&#8221;1\/3&#8243;][vc_column_text]<\/p>\n<h2 style=\"text-align: center;\">\u00d6zellikler<\/h2>\n<p>[\/vc_column_text][\/vc_column_inner][vc_column_inner width=&#8221;1\/3&#8243;][\/vc_column_inner][\/vc_row_inner][vc_empty_space][\/vc_column][vc_column][vc_row_inner][vc_column_inner width=&#8221;1\/4&#8243; offset=&#8221;vc_hidden-sm vc_hidden-xs&#8221;][vc_single_image image=&#8221;3689&#8243;][\/vc_column_inner][vc_column_inner width=&#8221;1\/4&#8243; offset=&#8221;vc_hidden-sm vc_hidden-xs&#8221;][vc_single_image image=&#8221;3693&#8243;][\/vc_column_inner][vc_column_inner width=&#8221;1\/4&#8243; offset=&#8221;vc_hidden-sm vc_hidden-xs&#8221;][vc_single_image image=&#8221;3701&#8243;][\/vc_column_inner][vc_column_inner width=&#8221;1\/4&#8243; offset=&#8221;vc_hidden-sm vc_hidden-xs&#8221;][vc_single_image image=&#8221;3697&#8243;][\/vc_column_inner][\/vc_row_inner][\/vc_column][vc_column][vc_row_inner][vc_column_inner width=&#8221;1\/4&#8243;][vc_column_text]<\/p>\n<h5 class=\"uppercase bold mb16\" style=\"text-align: left;\">KOLAY VE KULLANICI DOSTU ARAY\u00dcZN<\/h5>\n<p style=\"text-align: left;\">Online veya Offline, ak\u0131ll\u0131 telefon veya tablet. Kullan\u0131c\u0131 dostu ve basit aray\u00fcz\u00fcm\u00fcz sayesinde adeta Online oyun oynar gibi oyuncu istatistiklerini rahatl\u0131kla tutabilirsiniz.<\/p>\n<h5 class=\"uppercase bold mb16\" style=\"text-align: left;\"><\/h5>\n<p>[\/vc_column_text][\/vc_column_inner][vc_column_inner width=&#8221;1\/4&#8243;][vc_column_text]<\/p>\n<h5 class=\"uppercase bold mb16\" style=\"text-align: left;\">KAR\u015eILA\u015eMALARI CANLI TAK\u0130P ED\u0130N<\/h5>\n<p style=\"text-align: left;\">M\u00fc\u015fterilerinize (oyuncular, antren\u00f6rler, taraftarlar, sponsorlar ve g\u00f6zlemciler) e\u015fsiz bir basketbol deneyimi ya\u015fat\u0131n. COMPETITION uygulamam\u0131z sayesinde onlar\u0131n da organizasyonunuzun heyecan\u0131na ortak olmas\u0131na izin verin.<\/p>\n<p style=\"text-align: left;\">\u0130statistikleri CANLI olarak takip edin. Ma\u00e7 sonu\u00e7lar\u0131 an\u0131nda g\u00fcncelleniyor. Art\u0131k istatistik tutarken daha fazla hataya yer yok. Kalem ve ka\u011f\u0131da elveda deyin!<\/p>\n<p>[\/vc_column_text][\/vc_column_inner][vc_column_inner width=&#8221;1\/4&#8243;][vc_column_text]<\/p>\n<h5 class=\"uppercase bold mb16\">E\u015eS\u0130Z B\u0130R MA\u00c7 KA\u011eIDINA SAH\u0130P OLUN<\/h5>\n<p>Ka\u011f\u0131t, kalem ve ma\u00e7 ka\u011f\u0131d\u0131n\u0131 tamamen unutun. Masa hakemi, istatistik\u00e7i, ko\u00e7 ve turnuva organizat\u00f6r\u00fcn\u00fcn i\u015fi art\u0131k daha kolay. Ma\u00e7 Ka\u011f\u0131tlar\u0131 ger\u00e7ek zamanl\u0131 olarak ma\u00e7 s\u0131ras\u0131nda otomatik olu\u015fturulur. Ma\u00e7 ka\u011f\u0131tlar\u0131n\u0131 an\u0131nda payla\u015fabilir ve yazd\u0131rabilirsiniz. A\u011fa\u00e7lar\u0131 \u00f6ld\u00fcren eski y\u00f6ntem ma\u00e7 ka\u011f\u0131tlar\u0131na elveda deyin. Her\u015fey sistemimizde g\u00fcvenilir ve do\u011fru bir \u015fekilde saklan\u0131r (arzu ederseniz tablet veya telefonlar\u0131n\u0131zda da saklayabilirsiniz).[\/vc_column_text][\/vc_column_inner][vc_column_inner width=&#8221;1\/4&#8243;][vc_column_text]<\/p>\n<h5 class=\"uppercase bold mb16\">S\u0130Z\u0130N \u0130\u00c7ER\u0130\u011e\u0130N\u0130Z, S\u0130Z\u0130N KURALLARINIZ<\/h5>\n<p>Tebrikler! T\u00fcm kar\u015f\u0131la\u015fmalar\u0131n\u0131z\u0131 dijitalle\u015ftirdiniz. Art\u0131k t\u00fcm kar\u015f\u0131la\u015fmalar\u0131 istedi\u011finiz \u015fekilde g\u00f6r\u00fcnt\u00fcleyebilirsiniz. \u0130ster t\u00fcm verileri kendi web siteniz \u00fczerinden yay\u0131nlay\u0131n veya size \u00f6zel bir web sitesi yapal\u0131m. Ya da isterseniz web sitenize yeni sponsorlar bulup, i\u015f birli\u011fi yap\u0131n. Karar size ait![\/vc_column_text][\/vc_column_inner][\/vc_row_inner][\/vc_column][\/vc_row][vc_row foundry_padding=&#8221;pt180 pb180 pt-xs-80 pb-xs-80&#8243; css=&#8221;.vc_custom_1556283269829{background: #0a0a0a url(https:\/\/nbn23.com\/wp-content\/uploads\/2019\/04\/bg_performance-3.jpg?id=2058) !important;background-position: 0 0 !important;background-repeat: no-repeat !important;}&#8221; el_id=&#8221;website&#8221;][vc_column width=&#8221;1\/2&#8243;][vc_column_text css_animation=&#8221;slideInDown&#8221;]<\/p>\n<h2>BIG DATA \u2013 Bilginin g\u00fcc\u00fc<\/h2>\n<h5 class=\"uppercase bold mb16\">GER\u00c7EK ZAMANLI TAK\u0130P ET<\/h5>\n<p>Cihaz\u0131m\u0131z sayesinde t\u00fcm oyuncular\u0131n fiziksel aktivitelerini rahat, g\u00fcvenli ve do\u011fru bir \u015fekilde kaydedin.<\/p>\n<h5 class=\"uppercase bold mb16\">ANAL\u0130ZLER<\/h5>\n<p>Ma\u00e7 \u00f6n\u00fc raporlar\u0131n haz\u0131rlanmas\u0131, antrenman raporlar\u0131, sakatl\u0131k risklerini azalt\u0131lmas\u0131, performans artt\u0131r\u0131m\u0131, daha iyi kararlar al\u0131nabilmesi ve elbette daha fazla zaferler kazanman\u0131za yard\u0131mc\u0131 olur.<\/p>\n<h4><a class=\"btn btn-filled btn-lg mb0\" style=\"font-size: 1.2rem;\" href=\"https:\/\/nbn23.com\/tr\/performance\/\">PERFORMANCE\u2019I KE\u015eFET<\/a><\/h4>\n<p>[\/vc_column_text][\/vc_column][vc_column width=&#8221;1\/6&#8243;][\/vc_column][vc_column width=&#8221;1\/6&#8243;][\/vc_column][vc_column width=&#8221;1\/6&#8243;][\/vc_column][\/vc_row][vc_row css=&#8221;.vc_custom_1556094300912{background-color: #f2f2f2 !important;}&#8221;][vc_column][foundry_testimonial_carousel layout=&#8221;carousel-agency&#8221;][\/vc_column][\/vc_row]<\/p>\n","protected":false},"excerpt":{"rendered":"<p>[vc_row full_width=&#8221;stretch_row&#8221;][vc_column css_animation=&#8221;top-to-bottom&#8221;][foundry_hero layout=&#8221;intro-left-half&#8221; image=&#8221;1801&#8243; button_text=&#8221;APP&#8221; button_url=&#8221;https:\/\/nbn23.com&#8221;] Organizasyonunuza S\u0131n\u0131f Atlat\u0131n E\u015fsiz deneyim ve \u00e7\u00f6z\u00fcmler Oyuncular\u0131n\u0131z\u0131 ve tak\u0131mlar\u0131n\u0131z\u0131 kaydetmeniz i\u00e7in yeni bir panel ve detayl\u0131 istatistikler. \u00dcr\u00fcnlerimizi tan\u0131y\u0131n: INGAME \u00a0SWISH APP\u00a0\u00a0PERFORMANCE [\/foundry_hero][\/vc_column][\/vc_row][vc_row el_id=&#8221;app&#8221;][vc_column width=&#8221;1\/2&#8243;][vc_column_text] Ma\u00e7lar\u0131n\u0131z\u0131 Dijitalle\u015ftirin Oyuncular, Ko\u00e7lar, Veliler ve Scoutlar i\u00e7in yeni bir deneyim &nbsp; INGAME UYGULAMASI InGame uygulamas\u0131 sayesinde, masa hakemleriniz kalem ve ka\u011f\u0131da [&hellip;]<\/p>\n","protected":false},"author":2,"featured_media":0,"parent":0,"menu_order":0,"comment_status":"closed","ping_status":"closed","template":"","meta":{"_exactmetrics_skip_tracking":false,"_exactmetrics_sitenote_active":false,"_exactmetrics_sitenote_note":"","_exactmetrics_sitenote_category":0,"footnotes":""},"class_list":["post-3680","page","type-page","status-publish","hentry"],"blocksy_meta":{"styles_descriptor":{"styles":{"desktop":"","tablet":"","mobile":""},"google_fonts":[],"version":6}},"aioseo_notices":[],"_links":{"self":[{"href":"https:\/\/nbn23.com\/tr\/wp-json\/wp\/v2\/pages\/3680","targetHints":{"allow":["GET"]}}],"collection":[{"href":"https:\/\/nbn23.com\/tr\/wp-json\/wp\/v2\/pages"}],"about":[{"href":"https:\/\/nbn23.com\/tr\/wp-json\/wp\/v2\/types\/page"}],"author":[{"embeddable":true,"href":"https:\/\/nbn23.com\/tr\/wp-json\/wp\/v2\/users\/2"}],"replies":[{"embeddable":true,"href":"https:\/\/nbn23.com\/tr\/wp-json\/wp\/v2\/comments?post=3680"}],"version-history":[{"count":26,"href":"https:\/\/nbn23.com\/tr\/wp-json\/wp\/v2\/pages\/3680\/revisions"}],"predecessor-version":[{"id":18373,"href":"https:\/\/nbn23.com\/tr\/wp-json\/wp\/v2\/pages\/3680\/revisions\/18373"}],"wp:attachment":[{"href":"https:\/\/nbn23.com\/tr\/wp-json\/wp\/v2\/media?parent=3680"}],"curies":[{"name":"wp","href":"https:\/\/api.w.org\/{rel}","templated":true}]}}