{"id":35596,"date":"2025-10-15T14:22:43","date_gmt":"2025-10-15T12:22:43","guid":{"rendered":"https:\/\/nbn23.com\/nbn23-home-page-fiba\/"},"modified":"2025-10-16T10:06:53","modified_gmt":"2025-10-16T08:06:53","slug":"nbn23-home-page-fiba","status":"publish","type":"page","link":"https:\/\/nbn23.com\/tr\/","title":{"rendered":"NBN23 Home Page FIBA"},"content":{"rendered":"\t\t<div data-elementor-type=\"wp-page\" data-elementor-id=\"35596\" class=\"elementor elementor-35596 elementor-35389\" data-elementor-post-type=\"page\">\n\t\t\t\t\t\t<section class=\"elementor-section elementor-top-section elementor-element elementor-element-e8b532c elementor-section-boxed elementor-section-height-default elementor-section-height-default\" data-id=\"e8b532c\" data-element_type=\"section\" data-e-type=\"section\">\n\t\t\t\t\t\t<div class=\"elementor-container elementor-column-gap-default\">\n\t\t\t\t\t<div class=\"elementor-column elementor-col-100 elementor-top-column elementor-element elementor-element-9f7a2a1\" data-id=\"9f7a2a1\" data-element_type=\"column\" data-e-type=\"column\">\n\t\t\t<div class=\"elementor-widget-wrap elementor-element-populated\">\n\t\t\t\t\t\t<div class=\"elementor-element elementor-element-e677b5d elementor-widget__width-initial elementor-widget elementor-widget-html\" data-id=\"e677b5d\" data-element_type=\"widget\" data-e-type=\"widget\" data-widget_type=\"html.default\">\n\t\t\t\t<div class=\"elementor-widget-container\">\n\t\t\t\t\t<!DOCTYPE html><br><html lang=\"tr\"><br><head>\r\n  <meta charset=\"UTF-8\" \/>\r\n  <meta name=\"viewport\" content=\"width=device-width, initial-scale=1.0\" \/>\r\n  <title>NBN23 \u00d7 FIBA Onay\u0131<\/title>\r\n  <link rel=\"stylesheet\" href=\"style.css\" \/>\r\n<\/head><br><body><br><br>  <!-- HERO --><br>  <section class=\"hero\">\r\n  <video autoplay muted loop playsinline class=\"hero-video\">\r\n    <source src=\"https:\/\/nbn23.com\/wp-content\/uploads\/2025\/10\/Banner-Website-video-1.mp4\" type=\"video\/mp4\">\r\n  <\/video>\r\n\r\n  <div class=\"hero-overlay\"><\/div>\r\n\r\n  <div class=\"hero-content\">\r\n    <h1>Resmi Olarak <span class=\"highlight\">FIBA<\/span> Taraf\u0131ndan Onayl\u0131<\/h1>\r\n\r\n    <p class=\"hero-subtext\">\r\n      Altyap\u0131 ve gen\u00e7 basketbolu ger\u00e7ek zamanl\u0131 istatistikler, dijital ma\u00e7 ka\u011f\u0131tlar\u0131 ve federasyonlar, oyuncular ve taraftarlar i\u00e7in ba\u011fl\u0131 deneyimlerle g\u00fc\u00e7lendiriyoruz.\r\n    <\/p>\r\n\r\n    <div class=\"fiba-center\">\r\n      <img decoding=\"async\" src=\"https:\/\/nbn23.com\/wp-content\/uploads\/2025\/10\/FIBA-endorsed-1.png\" alt=\"FIBA Logosu\" class=\"fiba-logo\">\r\n    <\/div>\r\n\r\n    <div class=\"hero-logos\">\r\n      <div class=\"logo-item\">\r\n        <img decoding=\"async\" src=\"https:\/\/nbn23.com\/wp-content\/uploads\/2025\/10\/Logo-Swish-whit.png\" alt=\"Swish Logosu\">\r\n      <\/div>\r\n      <div class=\"logo-item\">\r\n        <img decoding=\"async\" src=\"https:\/\/nbn23.com\/wp-content\/uploads\/2025\/10\/Inagme-logo-e1760449173398.png\" alt=\"InGame Logosu\">\r\n      <\/div>\r\n    <\/div>\r\n\r\n    <div class=\"hero-buttons\">\r\n      <a href=\"https:\/\/swishbynbn23.com\/de\" class=\"btn orange\">Swish\u2019i Ke\u015ffet<\/a>\r\n      <a href=\"https:\/\/nbn23.com\/tr\/ingame\/\" class=\"btn blue\">InGame\u2019i Ke\u015ffet<\/a>\r\n      <a href=\"https:\/\/nbn23.com\/tr\/yerel-sahalardan-kuresel-standarta-nbn23-artik-resmen-fiba-tarafindan-onaylandi\/\" class=\"btn dark\">FIBA Duyurusunu Oku<\/a>\r\n    <\/div>\r\n  <\/div>\r\n<\/section><br><br><section class=\"trust-section\">\r\n  <h2>Federasyonlar, Ligler ve Kul\u00fcpler Taraf\u0131ndan Tercih Ediliyor<\/h2>\r\n\r\n  <div class=\"trust-stats\">\r\n    <div class=\"trust-box\">\r\n      <span class=\"highlight\">900.000+<\/span>\r\n      <p>Ma\u00e7<\/p>\r\n    <\/div>\r\n    <div class=\"trust-box\">\r\n      <span class=\"highlight\">70+<\/span>\r\n      <p>\u00dclke<\/p>\r\n    <\/div>\r\n    <div class=\"trust-box\">\r\n      <span class=\"highlight\">3.000+<\/span>\r\n      <p>Turnuva<\/p>\r\n    <\/div>\r\n  <\/div>\r\n\r\n  <div class=\"trust-logos\">\r\n    <img decoding=\"async\" src=\"https:\/\/nbn23.com\/wp-content\/uploads\/2023\/01\/12.png\" alt=\"FIBA\" \/>\r\n    <img decoding=\"async\" src=\"https:\/\/nbn23.com\/wp-content\/uploads\/2023\/01\/swiss-1.png\" alt=\"\u0130svi\u00e7re Basketbol\" \/>\r\n    <img decoding=\"async\" src=\"https:\/\/nbn23.com\/wp-content\/uploads\/2023\/01\/9.png\" alt=\"DBB\" \/>\r\n    <img decoding=\"async\" src=\"https:\/\/nbn23.com\/wp-content\/uploads\/2023\/01\/8.png\" alt=\"Jr. NBA\" \/>\r\n    <img decoding=\"async\" src=\"https:\/\/nbn23.com\/wp-content\/uploads\/2023\/01\/1.png\" alt=\"FIP \u0130talya\" \/>\r\n    <img decoding=\"async\" src=\"https:\/\/nbn23.com\/wp-content\/uploads\/2023\/01\/3-1.png\" alt=\"\u00c7ekya Basketbol\" \/>\r\n    <img decoding=\"async\" src=\"https:\/\/nbn23.com\/wp-content\/uploads\/2023\/01\/2.png\" alt=\"Kanarya Adalar\u0131 Federasyonu\" \/>\r\n    <img decoding=\"async\" src=\"https:\/\/nbn23.com\/wp-content\/uploads\/2023\/01\/11.png\" alt=\"Portekiz Basketbol\" \/>\r\n    <img decoding=\"async\" src=\"https:\/\/nbn23.com\/wp-content\/uploads\/2023\/01\/4.png\" alt=\"RYZE\" \/>\r\n  <\/div>\r\n<\/section><br><br><!-- SWISH --><br><section class=\"product swish\">\r\n  <img decoding=\"async\" src=\"https:\/\/nbn23.com\/wp-content\/uploads\/2025\/10\/Swish-icon.png\" alt=\"Swish \u0130konu\">\r\n  <div class=\"text\">\r\n    <h2>Swish. T\u00fcm Basketbol, T\u00fcm \u0130statistikler.<\/h2>\r\n    <p>Swish, taraftarlar\u0131, oyuncular\u0131 ve federasyonlar\u0131 ger\u00e7ek zamanl\u0131 veriler ve canl\u0131 ma\u00e7 takibiyle bir araya getirir. Basketbolun dijital evi.<\/p>\r\n    <ul>\r\n      <li>Her ma\u00e7 i\u00e7in canl\u0131 istatistikler<\/li>\r\n      <li>Favori oyuncular\u0131n\u0131 ve tak\u0131mlar\u0131n\u0131 takip et<\/li>\r\n      <li>D\u00fcnya \u00e7ap\u0131nda kullan\u0131labilir<\/li>\r\n    <\/ul>\r\n    <a href=\"https:\/\/swishbynbn23.com\/de\" class=\"btn primary\">Swish\u2019i Ke\u015ffet<\/a>\r\n  <\/div>\r\n<\/section><br><br><!-- INGAME --><br><section class=\"product ingame\">\r\n  <img decoding=\"async\" src=\"https:\/\/nbn23.com\/wp-content\/uploads\/2025\/10\/Ingame-icon.png\" alt=\"InGame \u0130konu\">\r\n  <div class=\"text\">\r\n    <h2>InGame. Her Saha \u0130\u00e7in Dijital Ma\u00e7 Ka\u011f\u0131d\u0131.<\/h2>\r\n    <p>InGame, FIBA uyumlu, kolay bir uygulamayla ka\u011f\u0131t formlar\u0131n yerini al\u0131r. T\u00fcm istatistikleri an\u0131nda kaydeder ve federasyon sistemlerine otomatik olarak ba\u011flan\u0131r.<\/p>\r\n    <ul>\r\n      <li>H\u0131zl\u0131 ve hatas\u0131z veri giri\u015fi<\/li>\r\n      <li>Federasyon entegrasyonu<\/li>\r\n      <li>\u0130nternetsiz ortamlarda \u00e7al\u0131\u015f\u0131r<\/li>\r\n    <\/ul>\r\n    <a href=\"https:\/\/nbn23.com\/tr\/ingame\/\" class=\"btn secondary\">InGame\u2019i Ke\u015ffet<\/a>\r\n  <\/div>\r\n<\/section><br><br><!-- FIBA ANNOUNCEMENT --><br><section class=\"fiba\">\r\n  <img decoding=\"async\" src=\"https:\/\/nbn23.com\/wp-content\/uploads\/2023\/02\/javi.jpg\" alt=\"Javier Bosch\" class=\"ceo\">\r\n  <h2>FIBA Onay\u0131. Gen\u00e7lik ve Geli\u015fime Odaklanan K\u00fcresel Tan\u0131n\u0131rl\u0131k.<\/h2>\r\n  <p>Bu i\u015f birli\u011fi, hakemler ve organizat\u00f6rler i\u00e7in olu\u015fturdu\u011fumuz standard\u0131 do\u011frular. G\u00f6r\u00fcn\u00fcrl\u00fck ve geli\u015fim \u00f6nceliklidir.<\/p>\r\n  <a href=\"https:\/\/nbn23.com\/tr\/yerel-sahalardan-kuresel-standarta-nbn23-artik-resmen-fiba-tarafindan-onaylandi\/\" class=\"btn primary\">T\u00fcm Duyuruyu Oku<\/a>\r\n<\/section><br><br><!-- PARTNER TESTIMONIALS --><br><section class=\"partners\">\r\n  <h2>NBN23 ile \u00c7al\u0131\u015fan Federasyonlar<\/h2>\r\n\r\n  <div class=\"testimonials\">\r\n    <div class=\"testimonial\">\r\n      <div class=\"logo-band\">\r\n        <img decoding=\"async\" src=\"https:\/\/nbn23.com\/wp-content\/uploads\/2025\/10\/DBB_logo.png\" alt=\"DBB Logosu\" class=\"partner-logo\">\r\n      <\/div>\r\n      <p>\u201cNBN23 ile ortakl\u0131\u011f\u0131m\u0131z profesyonellik, yenilik\u00e7ilik ve ulusal bir federasyonun ihtiya\u00e7lar\u0131na derinlemesine bir anlay\u0131\u015fla karakterize ediliyor. Ara\u00e7lar\u0131 t\u00fcm seviyelerde skorbord ve turnuva y\u00f6netimini kolayla\u015ft\u0131rd\u0131. NBN23 sadece bir teknoloji sa\u011flay\u0131c\u0131s\u0131 de\u011fil \u2014 Alman basketbolunun dijital gelece\u011finde g\u00fcvenilir bir ortakt\u0131r.\u201d<\/p>\r\n      <h4>Jochen B\u00f6hmcker<\/h4>\r\n      <span>Turnuva Direkt\u00f6r\u00fc, Alman Basketbol Federasyonu (DBB)<\/span>\r\n    <\/div>\r\n\r\n    <div class=\"testimonial\">\r\n      <div class=\"logo-band\">\r\n        <img decoding=\"async\" src=\"https:\/\/nbn23.com\/wp-content\/uploads\/2023\/08\/icon-app.png\" alt=\"FIP Logosu\" class=\"partner-logo\">\r\n      <\/div>\r\n      <p>\u201cNBN23 ile \u00e7al\u0131\u015fmak, \u0130talya\u2019daki basketbol y\u00f6netimini modernle\u015ftirmek ad\u0131na \u00f6nemli bir ad\u0131md\u0131. Dijital ara\u00e7lar\u0131 sayesinde verimlilik, do\u011fruluk ve eri\u015filebilirlik geli\u015fti. Profesyonellikleri ve inovasyonlar\u0131, onlar\u0131 FIP i\u00e7in de\u011ferli bir ortak haline getiriyor.\u201d<\/p>\r\n      <h4>Graziano Martinelli<\/h4>\r\n      <span>Genel Sekreter Yard\u0131mc\u0131s\u0131, \u0130talyan Basketbol Federasyonu (FIP)<\/span>\r\n    <\/div>\r\n\r\n    <div class=\"testimonial\">\r\n      <div class=\"logo-band\">\r\n        <img decoding=\"async\" src=\"https:\/\/nbn23.com\/wp-content\/uploads\/2025\/10\/Untitled-design-17.png\" alt=\"Portekiz Federasyonu Logosu\" class=\"partner-logo\">\r\n      <\/div>\r\n      <p>\u201cNBN23\u2019\u00fcn InGame ve Swish platformlar\u0131, operasyonlar\u0131m\u0131zda vazge\u00e7ilmez ara\u00e7lar haline geldi. Ma\u00e7 y\u00f6netimini kolayla\u015ft\u0131rd\u0131lar, anl\u0131k istatistikler sundular ve taraftarlarla oyuncular\u0131 daha \u00f6nce hi\u00e7 olmad\u0131\u011f\u0131 kadar yak\u0131nla\u015ft\u0131rd\u0131lar. Kaliteye, g\u00fcvenilirli\u011fe ve s\u00fcrekli geli\u015fime olan ba\u011fl\u0131l\u0131klar\u0131, NBN23\u2019\u00fc Portekiz basketbolunda vazge\u00e7ilmez k\u0131l\u0131yor.\u201d<\/p>\r\n      <h4>Lu\u00eds Veiga<\/h4>\r\n      <span>Ba\u015fkan Yard\u0131mc\u0131s\u0131, Portekiz Basketbol Federasyonu (FPB)<\/span>\r\n    <\/div>\r\n  <\/div>\r\n<\/section><br><br><!-- CTA --><br><section class=\"cta-final\">\r\n  <h2>K\u00fcresel Dijital Basketbol Hareketine Kat\u0131l<\/h2>\r\n  <p>FIBA taraf\u0131ndan onaylanan ve d\u00fcnya \u00e7ap\u0131ndaki federasyonlar taraf\u0131ndan kullan\u0131lan ara\u00e7lar\u0131 kullan.<\/p>\r\n  <div class=\"cta-buttons\">\r\n    <a href=\"https:\/\/swishbynbn23.com\/de\" class=\"btn orange\">Swish\u2019i Ke\u015ffet<\/a>\r\n    <a href=\"https:\/\/nbn23.com\/tr\/ingame\/\" class=\"btn blue\">InGame\u2019i Ke\u015ffet<\/a>\r\n    <a href=\"mailto:irene.gari@nbn23.tech\" class=\"btn dark\">Irene\u2019e E-posta G\u00f6nder<\/a>\r\n  <\/div>\r\n<\/section><br>\t\t\t\t<\/div>\n\t\t\t\t<\/div>\n\t\t\t\t\t<\/div>\n\t\t<\/div>\n\t\t\t\t\t<\/div>\n\t\t<\/section>\n\t\t\t\t<\/div>\n\t\t","protected":false},"excerpt":{"rendered":"<p>NBN23 \u00d7 FIBA Onay\u0131 Resmi Olarak FIBA Taraf\u0131ndan Onayl\u0131 Altyap\u0131 ve gen\u00e7 basketbolu ger\u00e7ek zamanl\u0131 istatistikler, dijital ma\u00e7 ka\u011f\u0131tlar\u0131 ve federasyonlar, oyuncular ve taraftarlar i\u00e7in ba\u011fl\u0131 deneyimlerle g\u00fc\u00e7lendiriyoruz. Swish\u2019i Ke\u015ffet InGame\u2019i Ke\u015ffet FIBA Duyurusunu Oku Federasyonlar, Ligler ve Kul\u00fcpler Taraf\u0131ndan Tercih Ediliyor 900.000+ Ma\u00e7 70+ \u00dclke 3.000+ Turnuva Swish. T\u00fcm Basketbol, T\u00fcm \u0130statistikler. Swish, taraftarlar\u0131, [&hellip;]<\/p>\n","protected":false},"author":10,"featured_media":35308,"parent":0,"menu_order":0,"comment_status":"closed","ping_status":"closed","template":"","meta":{"_exactmetrics_skip_tracking":false,"_exactmetrics_sitenote_active":false,"_exactmetrics_sitenote_note":"","_exactmetrics_sitenote_category":0,"footnotes":""},"class_list":["post-35596","page","type-page","status-publish","has-post-thumbnail","hentry"],"blocksy_meta":[],"aioseo_notices":[],"_links":{"self":[{"href":"https:\/\/nbn23.com\/tr\/wp-json\/wp\/v2\/pages\/35596","targetHints":{"allow":["GET"]}}],"collection":[{"href":"https:\/\/nbn23.com\/tr\/wp-json\/wp\/v2\/pages"}],"about":[{"href":"https:\/\/nbn23.com\/tr\/wp-json\/wp\/v2\/types\/page"}],"author":[{"embeddable":true,"href":"https:\/\/nbn23.com\/tr\/wp-json\/wp\/v2\/users\/10"}],"replies":[{"embeddable":true,"href":"https:\/\/nbn23.com\/tr\/wp-json\/wp\/v2\/comments?post=35596"}],"version-history":[{"count":2,"href":"https:\/\/nbn23.com\/tr\/wp-json\/wp\/v2\/pages\/35596\/revisions"}],"predecessor-version":[{"id":35607,"href":"https:\/\/nbn23.com\/tr\/wp-json\/wp\/v2\/pages\/35596\/revisions\/35607"}],"wp:featuredmedia":[{"embeddable":true,"href":"https:\/\/nbn23.com\/tr\/wp-json\/wp\/v2\/media\/35308"}],"wp:attachment":[{"href":"https:\/\/nbn23.com\/tr\/wp-json\/wp\/v2\/media?parent=35596"}],"curies":[{"name":"wp","href":"https:\/\/api.w.org\/{rel}","templated":true}]}}