{"id":6064,"date":"2019-10-15T09:36:15","date_gmt":"2019-10-15T07:36:15","guid":{"rendered":"https:\/\/nbn23.com\/green-care\/"},"modified":"2021-11-05T18:47:55","modified_gmt":"2021-11-05T16:47:55","slug":"green-care","status":"publish","type":"page","link":"https:\/\/nbn23.com\/pt-br\/green-care\/","title":{"rendered":"Green Care"},"content":{"rendered":"<p>[vc_row full_width=&#8221;stretch_row&#8221; css=&#8221;.vc_custom_1569587678199{background-image: url(https:\/\/nbn23.com\/wp-content\/uploads\/2019\/09\/karsten-wurth-karsten-wuerth-ZKWgoRUYuMk-unsplash.jpg?id=5620) !important;}&#8221;][vc_column][foundry_hero layout=&#8221;intro-centered&#8221; image=&#8221;5620&#8243;]<\/p>\n<h1 class=\"large uppercase mb16\" style=\"text-align: center;\">PARA UM <strong>PLANETA VERDE<\/strong><\/h1>\n<h5 class=\"uppercase mb0\" style=\"text-align: center;\">SOMOS UMA EMPRESA ECOL\u00d3GICA<\/h5>\n<p>[\/foundry_hero][\/vc_column][\/vc_row][vc_row foundry_vertical_align=&#8221;yes&#8221;][vc_column][vc_column_text][everest_counter id=&#8221;6056&#8243;][\/vc_column_text][vc_column_text]<\/p>\n<h2 class=\"uppercase color-primary\" style=\"text-align: center;\">UM LUGAR SUSTENT\u00c1VEL E ECOL\u00d3GICO<\/h2>\n<p style=\"text-align: center;\">\u00a0Na NBN23, tentamos cuidar do meio ambiente de maneira saud\u00e1vel e digital, MUITO DIGITAL. Com nossos produtos, evitamos o consumo di\u00e1rio de papel, transformamos os m\u00e9todos tradicionais do esporte em uma experi\u00eancia digital e limpa. Al\u00e9m disso, a pol\u00edtica da empresa cuida do meio ambiente, tentando n\u00e3o consumir os elementos dif\u00edceis de reciclar. Voc\u00ea quer ver nossos costumes? Continue lendo \ud83d\ude09<\/p>\n<p>[\/vc_column_text][\/vc_column][\/vc_row][vc_row css=&#8221;.vc_custom_1569595108096{background-image: url(https:\/\/nbn23.com\/wp-content\/uploads\/2019\/09\/bg-2.jpg?id=5657) !important;}&#8221;][vc_column][foundry_text_image layout=&#8221;shadow-left&#8221; image=&#8221;573&#8243;][vc_column_text]<\/p>\n<h2 class=\"uppercase color-primary\">MOVIMENTO DIGITAL<\/h2>\n<h5 class=\"uppercase\">Atualmente, 15,3 bilh\u00f5es de \u00e1rvores s\u00e3o cortadas a cada ano<\/h5>\n<hr \/>\n<p class=\"mb0\">Quase metade do n\u00famero de \u00e1rvores no planeta foi derrubada e pudemos ver os impactos que o clima e a sa\u00fade p\u00fablica sofreram por causa disso. Na NBN23, estamos cientes disso e queremos digitalizar o mundo.<\/p>\n<p>[\/vc_column_text][\/foundry_text_image][\/vc_column][\/vc_row][vc_row css=&#8221;.vc_custom_1569595209564{background-color: #e7ebee !important;}&#8221;][vc_column width=&#8221;1\/4&#8243; css=&#8221;.vc_custom_1569595470422{padding-top: 24px !important;padding-right: 24px !important;padding-bottom: 24px !important;padding-left: 24px !important;background-color: #ffffff !important;border-radius: 4px !important;}&#8221;][vc_column_text]<\/p>\n<h5>100% DIGITAL<\/h5>\n<p>[\/vc_column_text][vc_column_text]NBN23 possui 3 produtos digitais, projetados para tablet e celular, que n\u00e3o requerem o uso de papel.[\/vc_column_text][\/vc_column][vc_column width=&#8221;1\/4&#8243; css=&#8221;.vc_custom_1569595513589{padding-top: 24px !important;padding-right: 24px !important;padding-bottom: 24px !important;padding-left: 24px !important;background-color: #ffffff !important;border-radius: 4px !important;}&#8221;][vc_column_text]<\/p>\n<h5>TRANSPAR\u00caNCIA<\/h5>\n<p>[\/vc_column_text][vc_column_text]Adeus aos cart\u00f5es de visita. Nossos clientes t\u00eam informa\u00e7\u00f5es de contato no momento da reuni\u00e3o atrav\u00e9s do LinkedIn, sem incentivar o uso de papel.[\/vc_column_text][\/vc_column][vc_column width=&#8221;1\/4&#8243; css=&#8221;.vc_custom_1569595525957{padding-top: 24px !important;padding-right: 24px !important;padding-bottom: 24px !important;padding-left: 24px !important;background-color: #ffffff !important;border-radius: 4px !important;}&#8221;][vc_column_text]<\/p>\n<h5>CONSCI\u00caNCIA<\/h5>\n<p>[\/vc_column_text][vc_column_text]Trocar garrafas ou copos de pl\u00e1stico no escrit\u00f3rio, n\u00e3o custa nada. Participe do desafio de n\u00e3o consumir pl\u00e1stico.[\/vc_column_text][\/vc_column][vc_column width=&#8221;1\/4&#8243; css=&#8221;.vc_custom_1569595554404{padding-top: 24px !important;padding-right: 24px !important;padding-bottom: 24px !important;padding-left: 24px !important;background-color: #ffffff !important;border-radius: 4px !important;}&#8221;][vc_column_text]<\/p>\n<h5>ACORDOS DIGITAIS<\/h5>\n<p>[\/vc_column_text][vc_column_text]Sabemos que hoje n\u00e3o \u00e9 necess\u00e1rio imprimir contratos para assin\u00e1-los. Na NBN23, temos uma assinatura digital e \u00e9 a melhor coisa![\/vc_column_text][\/vc_column][\/vc_row][vc_row][vc_column][foundry_text_image layout=&#8221;shadow-right&#8221; image=&#8221;4962&#8243;][vc_column_text]<\/p>\n<h2 class=\"uppercase color-primary\">AMBIENTE SUSTENT\u00c1VEL<\/h2>\n<h5 class=\"uppercase\">Igualdade, diversidade e cultura<\/h5>\n<hr \/>\n<p class=\"mb0\">Reciclamos e protegemos o meio ambiente, estendendo essa conscientiza\u00e7\u00e3o a toda a equipe. Estamos espalhados por todo o mundo, alcan\u00e7ando os 5 continentes com a mesma maneira de pensar. A diversidade faz parte do nosso DNA como empresa, em nossa for\u00e7a de trabalho j\u00e1 somos mais de 9 nacionalidades diferentes dispostas a mudar o mundo.<\/p>\n<p>[\/vc_column_text][\/foundry_text_image][\/vc_column][\/vc_row][vc_row css=&#8221;.vc_custom_1570025423445{background-image: url(https:\/\/nbn23.com\/wp-content\/uploads\/2019\/10\/bg_family.jpg?id=5726) !important;}&#8221;][vc_column width=&#8221;3\/12&#8243;][\/vc_column][vc_column width=&#8221;6\/12&#8243;][vc_column_text]<\/p>\n<h3 class=\"uppercase mb40\" style=\"text-align: center;\">CONCILIA\u00c7\u00c3O FAMILIAR<\/h3>\n<p>[\/vc_column_text][vc_column_text]<\/p>\n<p style=\"color: white; text-align: center;\">Na NBN23, gostamos de trabalhar, mas tamb\u00e9m da vida em fam\u00edlia. A reconcilia\u00e7\u00e3o do mundo do trabalho com o mundo pessoal \u00e9 muito importante e valiosa, e n\u00f3s sabemos disso! Como Javier Bosch, CEO diz: &#8220;a primeira coisa \u00e9 a fam\u00edlia&#8221;.<\/p>\n<p>[\/vc_column_text][\/vc_column][vc_column width=&#8221;3\/12&#8243;][\/vc_column][\/vc_row][vc_row foundry_background_style=&#8221;bg-secondary&#8221; css=&#8221;.vc_custom_1570094485127{background-color: #e7ebee !important;}&#8221;][vc_column width=&#8221;1\/6&#8243;][\/vc_column][vc_column width=&#8221;2\/3&#8243;][vc_column_text]<\/p>\n<h2 class=\"uppercase color-primary\" style=\"text-align: center;\">A EQUIPE<\/h2>\n<p class=\"lead\" style=\"text-align: center;\">Este \u00e9 o sentimento que voc\u00ea respira!<\/p>\n<p>[\/vc_column_text][\/vc_column][vc_column width=&#8221;1\/6&#8243;][\/vc_column][vc_column css=&#8221;.vc_custom_1570095191766{background-color: #ffffff !important;}&#8221;][foundry_half_carousel][foundry_half_carousel_content image=&#8221;5726&#8243;]<strong>Miguel Bull\u00f3n<\/strong><\/p>\n<h6><em>Executive President<\/em><\/h6>\n<p>&#8220;Somos 100% tecnol\u00f3gicos, mas 200% humanos, para cuidar e melhorar o ambiente em que vivemos \u00e9 uma parte essencial de nossa miss\u00e3o comercial. Gra\u00e7as \u00e0 nossa tecnologia, conseguimos contribuir com o meio ambiente at\u00e9 o momento, o equivalente a mais de 20.000 \u00e1rvores. &#8220;[\/foundry_half_carousel_content][foundry_half_carousel_content image=&#8221;5657&#8221;]<strong>Agata S\u00e1nchez<\/strong><\/p>\n<h6>Administration Technician<\/h6>\n<p>&#8220;A terra fornece o suficiente para atender \u00e0s necessidades do homem e, na NBN23, atrav\u00e9s da tecnologia que incorporamos no dia a dia, tentamos tornar o futuro disso o maior tempo poss\u00edvel&#8221;.[\/foundry_half_carousel_content][foundry_half_carousel_content image=&#8221;6042&#8243;]<strong>Natalia Torres<\/strong><\/p>\n<h6>UX &amp; Design Product Manager<\/h6>\n<p>&#8220;Contribuir para o meio ambiente, seja devido ao baixo consumo de papel, evitando a contamina\u00e7\u00e3o com ve\u00edculos ou a reciclagem em nossa casa, s\u00e3o a\u00e7\u00f5es que garantem uma vida mais saud\u00e1vel para as pr\u00f3ximas gera\u00e7\u00f5es. Al\u00e9m de conseguir coisas incr\u00edveis gra\u00e7as \u00e0 tecnologia, lutamos por n\u00e3o destruir o mundo. &#8220;[\/foundry_half_carousel_content][\/foundry_half_carousel][\/vc_column][\/vc_row]<\/p>\n","protected":false},"excerpt":{"rendered":"<p>[vc_row full_width=&#8221;stretch_row&#8221; css=&#8221;.vc_custom_1569587678199{background-image: url(https:\/\/nbn23.com\/wp-content\/uploads\/2019\/09\/karsten-wurth-karsten-wuerth-ZKWgoRUYuMk-unsplash.jpg?id=5620) !important;}&#8221;][vc_column][foundry_hero layout=&#8221;intro-centered&#8221; image=&#8221;5620&#8243;] PARA UM PLANETA VERDE SOMOS UMA EMPRESA ECOL\u00d3GICA [\/foundry_hero][\/vc_column][\/vc_row][vc_row foundry_vertical_align=&#8221;yes&#8221;][vc_column][vc_column_text][everest_counter id=&#8221;6056&#8243;][\/vc_column_text][vc_column_text] UM LUGAR SUSTENT\u00c1VEL E ECOL\u00d3GICO \u00a0Na NBN23, tentamos cuidar do meio ambiente de maneira saud\u00e1vel e digital, MUITO DIGITAL. Com nossos produtos, evitamos o consumo di\u00e1rio de papel, transformamos os m\u00e9todos tradicionais do esporte em uma experi\u00eancia [&hellip;]<\/p>\n","protected":false},"author":2,"featured_media":5775,"parent":0,"menu_order":0,"comment_status":"closed","ping_status":"closed","template":"","meta":{"_exactmetrics_skip_tracking":false,"_exactmetrics_sitenote_active":false,"_exactmetrics_sitenote_note":"","_exactmetrics_sitenote_category":0,"footnotes":""},"class_list":["post-6064","page","type-page","status-publish","has-post-thumbnail","hentry"],"blocksy_meta":{"styles_descriptor":{"styles":{"desktop":"","tablet":"","mobile":""},"google_fonts":[],"version":6}},"aioseo_notices":[],"_links":{"self":[{"href":"https:\/\/nbn23.com\/pt-br\/wp-json\/wp\/v2\/pages\/6064","targetHints":{"allow":["GET"]}}],"collection":[{"href":"https:\/\/nbn23.com\/pt-br\/wp-json\/wp\/v2\/pages"}],"about":[{"href":"https:\/\/nbn23.com\/pt-br\/wp-json\/wp\/v2\/types\/page"}],"author":[{"embeddable":true,"href":"https:\/\/nbn23.com\/pt-br\/wp-json\/wp\/v2\/users\/2"}],"replies":[{"embeddable":true,"href":"https:\/\/nbn23.com\/pt-br\/wp-json\/wp\/v2\/comments?post=6064"}],"version-history":[{"count":6,"href":"https:\/\/nbn23.com\/pt-br\/wp-json\/wp\/v2\/pages\/6064\/revisions"}],"predecessor-version":[{"id":15319,"href":"https:\/\/nbn23.com\/pt-br\/wp-json\/wp\/v2\/pages\/6064\/revisions\/15319"}],"wp:featuredmedia":[{"embeddable":true,"href":"https:\/\/nbn23.com\/pt-br\/wp-json\/wp\/v2\/media\/5775"}],"wp:attachment":[{"href":"https:\/\/nbn23.com\/pt-br\/wp-json\/wp\/v2\/media?parent=6064"}],"curies":[{"name":"wp","href":"https:\/\/api.w.org\/{rel}","templated":true}]}}