{"id":4273,"date":"2019-07-17T13:16:38","date_gmt":"2019-07-17T11:16:38","guid":{"rendered":"https:\/\/nbn23.com\/politica-de-privacidade\/"},"modified":"2019-07-17T13:16:40","modified_gmt":"2019-07-17T11:16:40","slug":"politica-de-privacidade","status":"publish","type":"page","link":"https:\/\/nbn23.com\/pt-br\/politica-de-privacidade\/","title":{"rendered":"Pol\u00edtica de Privacidade"},"content":{"rendered":"<p>[vc_row][vc_column][vc_column_text]POL\u00cdTICA DE PRIVACIDADE DE NOTHINGBUTNET S.L.<\/p>\n<p>1.- Objeto da Pol\u00edtica de Privacidade.<\/p>\n<p>&nbsp;<\/p>\n<p>Em conformidade com a legisla\u00e7\u00e3o em vigor sobre prote\u00e7\u00e3o de dados pessoais), NOTHINGBUTNET SL, (NBN23) deseja informar os utilizadores deste site NBN23, a pol\u00edtica em rela\u00e7\u00e3o ao tratamento e prote\u00e7\u00e3o de dados car\u00e1ter pessoal daqueles que fornecem os seus dados pessoais para uso personalizado ou em servi\u00e7os deste website, ou qualquer outra medida que envolve a comunica\u00e7\u00e3o de dados pessoais para NBN23 registro.<\/p>\n<p>&nbsp;<\/p>\n<p>NBN23 informa o utilizador deste website nesta Pol\u00edtica de Privacidade fornece uma vis\u00e3o geral dos aspectos relacionados ao tratamento de dados pessoais efetuado NBN23 derivados da explora\u00e7\u00e3o deste website NBN23 est\u00e1 contido.<\/p>\n<p>&nbsp;<\/p>\n<p>Esta pol\u00edtica est\u00e1 conclu\u00edda e \u00e9 de aplica\u00e7\u00e3o subsidi\u00e1ria com esses textos informativos e solicita\u00e7\u00e3o de consentimento informado que unem qualquer forma de dados de solicita\u00e7\u00e3o a partir deste site ou inclu\u00eddos em quaisquer condi\u00e7\u00f5es particulares que podem ser publicados para o uso de determinados servi\u00e7os.<\/p>\n<p>&nbsp;<\/p>\n<p>\u00c9 de sua responsabilidade ler de forma pr\u00e9via antes de comunicar os seus dados pessoais para NBN23 estes textos informativos e textos de consentimento de solicita\u00e7\u00e3o inclu\u00eddos em quaisquer dados pedido de formul\u00e1rio a partir deste site.<\/p>\n<p>&nbsp;<\/p>\n<p>Esta pol\u00edtica \u00e9 expressa e plenamente aceito pelo usu\u00e1rio a partir do momento em que o uso deste website ou servi\u00e7os nele publicado, comunicar dados pessoais NBN23 desde que a comunica\u00e7\u00e3o \u00e9 sempre volunt\u00e1ria.<\/p>\n<p>&nbsp;<\/p>\n<p>Se o usu\u00e1rio n\u00e3o concordar com esta pol\u00edtica n\u00e3o deve usar qualquer servi\u00e7o deste s\u00edtio web que exige a comunica\u00e7\u00e3o de dados pessoais para NBN23. Nesse caso, o usu\u00e1rio pode entrar em contato com a NBN23 por telefone e anonimamente.<\/p>\n<p>&nbsp;<\/p>\n<p>O usu\u00e1rio \u00e9 informado de que qualquer tratamento de dados pessoais, seja no \u00e2mbito da legisla\u00e7\u00e3o em vigor em Espanha no dom\u00ednio da prote\u00e7\u00e3o de dados.<\/p>\n<p>&nbsp;<\/p>\n<p>2.- Respons\u00e1vel pelo tratamento.<\/p>\n<p>&nbsp;<\/p>\n<p>A pessoa respons\u00e1vel pelo processamento de dados pessoais realizados atrav\u00e9s deste site \u00e9 NOTHINGBUTNET S.L. NIF B98721459, residente em C \/ Juan de la Cierva, 27 Edif\u00edcio Wellness 1-46980 Paterna (Valencia), endere\u00e7o de e-mail e telefone para contato dpp@nbn23.com 00 34 96 102 26 00<\/p>\n<p>&nbsp;<\/p>\n<p>3.- Dados de menores.<\/p>\n<p>&nbsp;<\/p>\n<p>Crian\u00e7as menores de 16 anos de idade n\u00e3o poder\u00e3o utilizar os servi\u00e7os da NBN23 que exigem registro ou identifica\u00e7\u00e3o como usu\u00e1rios cadastrados deste site, mesmo com a representa\u00e7\u00e3o do pai, da m\u00e3e, do respons\u00e1vel ou do representante legal.<\/p>\n<p>&nbsp;<\/p>\n<p>4.- Precis\u00e3o e precis\u00e3o dos dados pessoais.<\/p>\n<p>&nbsp;<\/p>\n<p>Os usu\u00e1rios que acessam este site NBN23 n\u00e3o s\u00e3o obrigados a fornecer informa\u00e7\u00f5es pessoais para navegar neste website, portanto, qualquer comunica\u00e7\u00e3o de dados para esta finalidade ser\u00e1 porque o usu\u00e1rio decidiu voluntariamente para navega\u00e7\u00e3o ou para uso pessoal deste site web e \/ ou os servi\u00e7os disponibilizados ao usu\u00e1rio atrav\u00e9s deste site, constituindo tal a\u00e7\u00e3o, uma manifesta\u00e7\u00e3o de consentimento expresso para o processamento de seus dados pela NBN23.<\/p>\n<p>&nbsp;<\/p>\n<p>Se o usu\u00e1rio fornecer voluntariamente NBN23 seus dados pessoais, o usu\u00e1rio aceita e \u00e9 obrigado a fornecer informa\u00e7\u00f5es verdadeiras, exatas e sempre atualizado e s\u00f3 para os seus pr\u00f3prios dados de identidade atrav\u00e9s de qualquer recolha de dados canal postado no site web, tais como formul\u00e1rios de inscri\u00e7\u00e3o ou assinatura, contato, sugest\u00f5es, contrata\u00e7\u00e3o e \/ ou qualquer outro formul\u00e1rio de solicita\u00e7\u00e3o de dados neste site, enviando um e-mail para NBN23, atrav\u00e9s de uma comunica\u00e7\u00e3o postal e \/ ou atrav\u00e9s de um telefonema. \u00c9 proibido fornecer dados de terceiros.<\/p>\n<p>&nbsp;<\/p>\n<p>O usu\u00e1rio \u00e9 o \u00fanico respons\u00e1vel pela veracidade, exatid\u00e3o, atualiza\u00e7\u00e3o e corre\u00e7\u00e3o de dados que fornece NBN23, NBN23 saneador de qualquer responsabilidade, comprometendo o usu\u00e1rio a manter dados pessoais devidamente atualizados.<\/p>\n<p>&nbsp;<\/p>\n<p>O usu\u00e1rio \u00e9 a \u00fanica fonte de informa\u00e7\u00e3o sobre os seus dados pessoais, por isso NBN23 implora que voc\u00ea atualizar seus dados sempre que necess\u00e1rio, por meio de sua NBN23 comunica\u00e7\u00e3o ao endere\u00e7o indicado para o exerc\u00edcio dos direitos no par\u00e1grafo 9do presente Pol\u00edtica Em qualquer caso, quando os dados s\u00e3o coletados diretamente do usu\u00e1rio ou fornecido de acordo com as disposi\u00e7\u00f5es dos regulamentos em vigor, elas s\u00e3o consideradas precisas e atuais as previstas na presente, bem como o usu\u00e1rio n\u00e3o atualizar ou corrigir.<\/p>\n<p>&nbsp;<\/p>\n<p>5.- Tratamento de categorias especiais de dados pessoais.<\/p>\n<p>&nbsp;<\/p>\n<p>A NBN23 n\u00e3o solicita ou exige, atrav\u00e9s deste site, informa\u00e7\u00f5es sobre categorias especiais de dados pessoais ou dados sens\u00edveis dos usu\u00e1rios, entendidos por eles, de acordo com a legisla\u00e7\u00e3o vigente, dados relacionados \u00e0 ra\u00e7a ou origem \u00e9tnica, cren\u00e7as religiosas, antecedentes criminais, sa\u00fade f\u00edsica ou mental ou orienta\u00e7\u00e3o sexual.<\/p>\n<p>&nbsp;<\/p>\n<p>Consequentemente, no caso de, por qualquer motivo &#8211; e sem ter sido solicitado pela NBN23 &#8211; tal informa\u00e7\u00e3o ser voluntariamente comunicada pelo usu\u00e1rio \u00e0 entidade supracitada, tal comunica\u00e7\u00e3o sup\u00f5e a exist\u00eancia de manifesta\u00e7\u00e3o de consentimento expresso do usu\u00e1rio em rela\u00e7\u00e3o ao tratamento da mesma. seus dados pela NBN23.<\/p>\n<p>&nbsp;<\/p>\n<p>6.- Prop\u00f3sitos para os quais dados pessoais s\u00e3o atribu\u00eddos.<\/p>\n<p>&nbsp;<\/p>\n<p>Os usu\u00e1rios que acessarem este site da NBN23 e voluntariamente fornecerem informa\u00e7\u00f5es pessoais para navegar atrav\u00e9s deste site de forma personalizada ou utilizarem um servi\u00e7o que exija a comunica\u00e7\u00e3o de dados \u00e0 NBN23, s\u00e3o informados das seguintes finalidades de processamento dos dados de car\u00e1ter. equipe do usu\u00e1rio, que a NBN23 pode realizar.<\/p>\n<p>&nbsp;<\/p>\n<p>6.1 Contato.<\/p>\n<p>&nbsp;<\/p>\n<p>Quando o usu\u00e1rio preencher o formul\u00e1rio de contato deste site da NBN23, os dados pessoais fornecidos para esse fim ser\u00e3o processados \u200b\u200bpara endere\u00e7ar a mensagem enviada \u00e0 NBN23 e responder ao seu pedido.<\/p>\n<p>&nbsp;<\/p>\n<p>6.2 Solicitar o envio de comunica\u00e7\u00f5es comerciais e \/ ou boletins ou boletins informativos.<\/p>\n<p>&nbsp;<\/p>\n<p>Quando o usu\u00e1rio preencher o formul\u00e1rio de contato publicado no site da NBN23 e marcar a caixa correspondente, ele poder\u00e1 solicitar ou autorizar expressamente o uso de seus dados pessoais para a assinatura de comunica\u00e7\u00f5es e boletins de publicidade comercial ou newsletters preparados pela NBN23. atrav\u00e9s do e-mail que voc\u00ea preenche o formul\u00e1rio. Nesses casos, a NBN23 processar\u00e1 seus dados pessoais para gerenciar a assinatura do referido servi\u00e7o, bem como para enviar as comunica\u00e7\u00f5es e boletins comerciais ou boletins informados acima mencionados.<\/p>\n<p>&nbsp;<\/p>\n<p>Comunica\u00e7\u00f5es comerciais ser\u00e3o relacionadas ao SETOR DE ESCOPO DO ESPORTES.<\/p>\n<p>&nbsp;<\/p>\n<p>No caso em que o usu\u00e1rio cancela o servi\u00e7o, revoga o seu consentimento ou se op\u00f5e ao recebimento de tais remessas, a NBN23 processar\u00e1 seus dados para impedir o envio de comunica\u00e7\u00f5es comerciais e boletins, tentando faz\u00ea-lo, os dados m\u00ednimos essenciais para esse fim.<\/p>\n<p>&nbsp;<\/p>\n<p>7.- Base legal do tratamento de dados pessoais.<\/p>\n<p>&nbsp;<\/p>\n<p>7.1 Com base legal no consentimento concedido pelo usu\u00e1rio, a NBN23 tratar\u00e1 seus dados pessoais com os seguintes prop\u00f3sitos:<\/p>\n<p>&nbsp;<\/p>\n<ol>\n<li>a) Responder ao pedido e \/ ou mensagem enviada pelo usu\u00e1rio \u00e0 NBN23 atrav\u00e9s do formul\u00e1rio de contato, respondendo ao endere\u00e7o eletr\u00f4nico e \/ ou telefone indicado no mesmo formul\u00e1rio.<\/li>\n<\/ol>\n<p>&nbsp;<\/p>\n<ol>\n<li>b) para enviar os usu\u00e1rios comerciais de comunica\u00e7\u00e3o, boletins informativos e \/ ou boletins informativos por e-mail para o endere\u00e7o fornecido ao preencher o formul\u00e1rio de contato, sempre que verificar a autoriza\u00e7\u00e3o e \/ ou servi\u00e7os de aplicativos relacionados correspondentes NBN23 relacionados aos seguintes setores de atividade O ESCOPO DO ESPORTES.<\/li>\n<\/ol>\n<p>&nbsp;<\/p>\n<p>7.2 Com base no interesse leg\u00edtimo da NBN23:<\/p>\n<p>&nbsp;<\/p>\n<ol>\n<li>a) Para preservar os dados m\u00ednimos essenciais do usu\u00e1rio que se op\u00f5e e \/ ou revoga seu consentimento atrav\u00e9s de qualquer dos meios habilitados para esse fim, a NBN23 lhe envia comunica\u00e7\u00f5es comerciais e publicit\u00e1rias. Este tratamento ser\u00e1 realizado para que a NBN23 possa identific\u00e1-lo e adotar as medidas necess\u00e1rias para impedir o envio de comunica\u00e7\u00f5es comerciais e publicit\u00e1rias.<\/li>\n<\/ol>\n<p>&nbsp;<\/p>\n<p>Em qualquer caso, o usu\u00e1rio \u00e9 informado de que a finalidade de processar os dados do utilizador recolhidos atrav\u00e9s dos formul\u00e1rios publicados neste site, ser\u00e1 explicado por textos informativos publicados nas formas e quando necess\u00e1rio, como conjunto anteriormente, voc\u00ea ser\u00e1 solicitado para o seu consentimento para o tratamento.<\/p>\n<p>&nbsp;<\/p>\n<p>As informa\u00e7\u00f5es pessoais ser\u00e3o usadas apenas para finalidades limitadas, tais como aquelas indicadas acima e \/ ou sem limita\u00e7\u00e3o, aquelas que s\u00e3o inequivocamente informadas antes da coleta e tratamento do Usu\u00e1rio.<\/p>\n<p>&nbsp;<\/p>\n<p>8.- Destinat\u00e1rios dos dados pessoais do usu\u00e1rio.<\/p>\n<p>&nbsp;<\/p>\n<p>A NBN23 informa ao usu\u00e1rio que n\u00e3o previu a realiza\u00e7\u00e3o de atribui\u00e7\u00f5es ou comunica\u00e7\u00f5es de seus dados pessoais a terceiros, portanto, tal comunica\u00e7\u00e3o somente ocorrer\u00e1 em qualquer caso, com base no cumprimento das normas legais aplic\u00e1veis, \u00e0s administra\u00e7\u00f5es p\u00fablicas competentes. em raz\u00e3o do assunto, no caso em que a NBN23 \u00e9 obrigada a fazer tal comunica\u00e7\u00e3o.<\/p>\n<p>&nbsp;<\/p>\n<p>Em qualquer caso, a NBN23 informa ao usu\u00e1rio que seus dados pessoais podem ser processados \u200b\u200bpor entidades que fornecem \u00e0 NBN23 servi\u00e7os auxiliares diferentes, bem como tarefas de suporte e administra\u00e7\u00e3o de seus sistemas, atrav\u00e9s de contratos de tratamento personalizado para suportar para fins de tratamento indicados nesta pol\u00edtica.<\/p>\n<p>&nbsp;<\/p>\n<p>9.- Exerc\u00edcio dos direitos de acesso, retifica\u00e7\u00e3o, supress\u00e3o, oposi\u00e7\u00e3o, limita\u00e7\u00e3o ao tratamento e portabilidade.<\/p>\n<p>&nbsp;<\/p>\n<p>NBN23 informa ao usu\u00e1rio a possibilidade de exercer os seus direitos de acesso, rectifica\u00e7\u00e3o, elimina\u00e7\u00e3o, oposi\u00e7\u00e3o, restri\u00e7\u00f5es para o tratamento, portabilidade e retirada do consentimento dado em rela\u00e7\u00e3o aos tratamentos descritos na presente Pol\u00edtica com base no consentimento, enviando o seu pedido por escrito , indicando o direito exercido, juntamente com uma c\u00f3pia do seu documento de identidade ou documento legal v\u00e1lido que o identifica, para os seguintes endere\u00e7os:<\/p>\n<p>E-mail para dpd@nbn23.com<\/p>\n<p>Endere\u00e7o para correspond\u00eancia c \/ Juan de la Cierva, 27 Edif\u00edcio Wellness 1 &#8211; 46980 Paterna (Val\u00eancia).<\/p>\n<p>&nbsp;<\/p>\n<p>Para isso, o usu\u00e1rio deve enviar comunica\u00e7\u00e3o por escrito indicando NBN23 a peti\u00e7\u00e3o ou exerc\u00edcio junto com uma c\u00f3pia do seu ID ou documento prova legalmente v\u00e1lida de identidade.<\/p>\n<p>&nbsp;<\/p>\n<p>Ele tamb\u00e9m informa o usu\u00e1rio tem o direito de registrar uma reclama\u00e7\u00e3o com a Ag\u00eancia de Prote\u00e7\u00e3o de Dados espanhola (www.agpd.es e endere\u00e7o postal em C \/ Jorge Juan, 6 28001 &#8211; Madrid, e \/ ou telefone 912663 517), bem como solicitar sua guarda em rela\u00e7\u00e3o ao exerc\u00edcio de seus direitos.<\/p>\n<p>&nbsp;<\/p>\n<p>Antes da apresenta\u00e7\u00e3o de tal pedido em Ag\u00eancia Espanhola de Prote\u00e7\u00e3o de Dados e totalmente volunt\u00e1ria, o \/ a interessado \/ personagem que voc\u00ea pode entrar em contato com o CEO da Prote\u00e7\u00e3o de Dados NBN23 atrav\u00e9s do seguinte endere\u00e7o de e-mail <a href=\"mailto:dpd@nbn23.com\">dpd@nbn23.com<\/a><\/p>\n<p>&nbsp;<\/p>\n<p>10.- Exerc\u00edcio de outros direitos no campo das comunica\u00e7\u00f5es de com\u00e9rcio eletr\u00f4nico e publicidade comercial.<\/p>\n<p>&nbsp;<\/p>\n<p>A NBN23 informa ao usu\u00e1rio que expressamente autorizou e \/ ou solicitou \u00e0 NBN23 o envio de comunica\u00e7\u00f5es publicit\u00e1rias e \/ ou boletins informativos por e-mail ou boletins informativos que, nos termos dos artigos 21 e 22 da Lei de Servi\u00e7os da Sociedade da Informa\u00e7\u00e3o e Com\u00e9rcio Eletr\u00f4nico (LSSICE), o usu\u00e1rio tem o direito de se opor ao processamento de seus dados para fins promocionais para o recebimento de publicidade comercial, publicidade e \/ ou boletins informativos ou boletins informativos, bem como o direito de revogar a qualquer momento. consentimento dado ao efeito com a simples notifica\u00e7\u00e3o de sua vontade \u00e0 NBN23 e \/ ou envio de um e-mail.<\/p>\n<p>&nbsp;<\/p>\n<p>Para fazer isso, o usu\u00e1rio pode direcionar sua comunica\u00e7\u00e3o solicitando a cessa\u00e7\u00e3o de envio de comunica\u00e7\u00f5es comerciais, publicidade e \/ ou boletins informativos ou boletins informativos por revoga\u00e7\u00e3o de consentimento e \/ ou oposi\u00e7\u00e3o clicando aqui para cancelar a inscri\u00e7\u00e3o de enviar comunica\u00e7\u00f5es comerciais e \/ ou enviar uma solicita\u00e7\u00e3o para o endere\u00e7o postal indicado acima e \/ ou para o endere\u00e7o: <a href=\"mailto:dpd@nbn23.com\">dpd@nbn23.com<\/a><\/p>\n<p>&nbsp;<\/p>\n<p>A NBN23 atender\u00e1 sua solicita\u00e7\u00e3o, mantendo os dados m\u00ednimos necess\u00e1rios para adotar as medidas necess\u00e1rias para evitar o envio de tais comunica\u00e7\u00f5es comerciais.<\/p>\n<p>&nbsp;<\/p>\n<p>11.- Per\u00edodo de conserva\u00e7\u00e3o dos dados.<\/p>\n<p>&nbsp;<\/p>\n<p>A NBN23 manter\u00e1 os dados do usu\u00e1rio enquanto a finalidade e base leg\u00edtima do tratamento for mantida e o usu\u00e1rio n\u00e3o solicitar a exclus\u00e3o do mesmo, bem como durante os per\u00edodos estabelecidos na regulamenta\u00e7\u00e3o vigente para cumprimento das obriga\u00e7\u00f5es legais e aten\u00e7\u00e3o a poss\u00edveis responsabilidades.<\/p>\n<p>&nbsp;<\/p>\n<p>12.- transfer\u00eancias internacionais.<\/p>\n<p>A NBN23 n\u00e3o realizar\u00e1 transfer\u00eancias internacionais dos dados pessoais do usu\u00e1rio nem para pa\u00edses nem para organiza\u00e7\u00f5es internacionais.<\/p>\n<p>&nbsp;<\/p>\n<p>13.- Siga-nos nas redes sociais.<\/p>\n<p>&nbsp;<\/p>\n<p>As redes sociais s\u00e3o servi\u00e7os fornecidos por provedores de terceiros que permitem aos usu\u00e1rios participar de uma comunidade virtual com outros usu\u00e1rios atrav\u00e9s dos quais eles podem gerar seu pr\u00f3prio perfil p\u00fablico, onde podem criar e compartilhar conte\u00fado, informa\u00e7\u00f5es e dados pessoais com outros usu\u00e1rios da rede. Em uma rede social, voc\u00ea pode criar e compartilhar p\u00e1ginas, contas ou perfis para fins pessoais e \/ ou comerciais. A opera\u00e7\u00e3o da rede social \u00e9 regulada em primeiro lugar, pelas condi\u00e7\u00f5es estabelecidas pelo propriet\u00e1rio e \/ ou provedor da rede e, em segundo lugar, quando se trata de p\u00e1ginas, contas ou perfis para fins comerciais, pelos termos e condi\u00e7\u00f5es estabelecido pelo respons\u00e1vel do perfil ou conta comercial que, no seu caso, tamb\u00e9m ser\u00e1 respons\u00e1vel pelo processamento dos seus dados.<\/p>\n<p>&nbsp;<\/p>\n<p>A NBN23 possui perfis em algumas redes sociais como, por exemplo, Facebook, Twitter, Instagram, YouTube, Linkedin. O usu\u00e1rio pode nos acompanhar e se tornar um f\u00e3 das p\u00e1ginas oficiais da NBN23 nas redes sociais mencionadas e nas diferentes redes sociais.<\/p>\n<p>&nbsp;<\/p>\n<p>O usu\u00e1rio \u00e9 informado que o processamento dos dados que s\u00e3o feitos atrav\u00e9s das p\u00e1ginas, perfis ou contas da NBN23 nas redes sociais ser\u00e1 regido pelas pol\u00edticas e condi\u00e7\u00f5es correspondentes da p\u00e1gina oficial e do provedor e propriet\u00e1rio de cada rede social. no seu caso.<\/p>\n<p>&nbsp;<\/p>\n<p>14.- Dados pessoais publicados neste site da NBN23.<\/p>\n<p>&nbsp;<\/p>\n<p>Em rela\u00e7\u00e3o aos dados pessoais que podem ser publicadas neste site NBN23 que informa ao usu\u00e1rio que os dados fazem parte de um ou mais processamento de dados propriedade e responsabilidade de NBN23 em que foram incorporados com o consentimento pr\u00e9vio as partes interessadas e n\u00e3o pode ser tratado de forma livre e reproduzida pelo usu\u00e1rio ou outros usu\u00e1rios terceiros nem ainda mesmo quando se refere \u00e0 origem do mesmo, salvo autoriza\u00e7\u00e3o pr\u00e9via e consentimento informado da pessoa em causa \u00e9 obtido \u00e9 feito.<\/p>\n<p>&nbsp;<\/p>\n<p>Portanto, todos os dados pessoais, incluindo imagens, v\u00eddeos, textos, dados e outras informa\u00e7\u00f5es publicadas em nosso site sobre identificado e \/ ou identificav\u00e9l s\u00f3 pode ser utilizado pelo usu\u00e1rio, a fim de participar e desfrutar nosso site na forma prescrita nesta pol\u00edtica, ou se as condi\u00e7\u00f5es gerais e espec\u00edficas aplic\u00e1veis \u200b\u200bque regem um determinado servi\u00e7o, e pela legisla\u00e7\u00e3o em vigor, expressamente proibida qualquer outra utiliza\u00e7\u00e3o que n\u00e3o os listados, incluindo incorpora\u00e7\u00e3o imagens ou arquivos de dados ou processamento e \/ ou cria\u00e7\u00e3o de bases de dados de pessoas e \/ ou o envio de publicidade ou transfer\u00eancia para terceiros sem o consentimento pr\u00e9vio do titular da informa\u00e7\u00e3o e os dados o consentimento n\u00e3o \u00e9 respons\u00e1vel NBN23 de os usos que o usu\u00e1rio ou outros terceiros usu\u00e1rios de nosso site fazem ao contr\u00e1rio do estabelecido nestas condi\u00e7\u00f5es e outros Regule-os.<\/p>\n<p>&nbsp;<\/p>\n<p>Em nenhum momento o usu\u00e1rio deve considerar que este site NBN23 \u00e9 uma fonte acess\u00edvel ao p\u00fablico a partir da qual uma disposi\u00e7\u00e3o livre dos dados pessoais, informa\u00e7\u00f5es e conte\u00fados publicados atrav\u00e9s dele pode ser feita.<\/p>\n<p>&nbsp;<\/p>\n<p>15.- Medidas de seguran\u00e7a.<\/p>\n<p>&nbsp;<\/p>\n<p>A NBN23 informa ao usu\u00e1rio que tratar\u00e1 os dados pessoais que coleta atrav\u00e9s deste site, de forma segura, aplicando as medidas t\u00e9cnicas e organizacionais apropriadas para garantir um n\u00edvel de seguran\u00e7a adequado ao risco, levando em considera\u00e7\u00e3o o estado da t\u00e9cnica, a custos de aplica\u00e7\u00e3o, natureza, escopo, contexto e finalidades do tratamento, bem como riscos de probabilidade e severidade vari\u00e1veis \u200b\u200bpara os direitos e liberdades dos usu\u00e1rios.<\/p>\n<p>&nbsp;<\/p>\n<p>De acordo com o acima exposto, a NBN23 aplicar\u00e1 as medidas t\u00e9cnicas e organizacionais necess\u00e1rias para garantir a seguran\u00e7a dos dados pessoais e evitar altera\u00e7\u00f5es, perda ou acesso n\u00e3o autorizado, levando em conta o estado da tecnologia, a natureza da os dados armazenados e os riscos a que est\u00e3o expostos, sejam eles provenientes de a\u00e7\u00e3o humana ou do meio f\u00edsico ou natural, garantindo sua integridade, confidencialidade, disponibilidade e seguran\u00e7a. Da mesma forma, a NBN23 garante ao usu\u00e1rio o cumprimento do dever de sigilo profissional quanto aos dados pessoais dos usu\u00e1rios e o dever de mant\u00ea-los.<\/p>\n<p>&nbsp;<\/p>\n<p>16.- Uso de cookies e dispositivos de armazenamento e recupera\u00e7\u00e3o de dados em equipamentos terminais de usu\u00e1rios.<\/p>\n<p>&nbsp;<\/p>\n<p>A NBN23 utiliza cookies e dispositivos de armazenamento e recupera\u00e7\u00e3o de dados no equipamento terminal do usu\u00e1rio quando o usu\u00e1rio navega atrav\u00e9s deste site.<\/p>\n<p>&nbsp;<\/p>\n<p>Esses cookies e dispositivos de armazenamento e recupera\u00e7\u00e3o de dados s\u00e3o usados \u200b\u200bpela NBN23 sob as condi\u00e7\u00f5es e com os prop\u00f3sitos descritos em sua Pol\u00edtica de Cookies em https:\/\/nbn23.com\/politica-de-cookies\/.<\/p>\n<p>&nbsp;<\/p>\n<p>17.- Atualiza\u00e7\u00e3o das pol\u00edticas.<\/p>\n<p>&nbsp;<\/p>\n<p>Sem preju\u00edzo da aplica\u00e7\u00e3o preferencial dos textos legais espec\u00edficos para o efeito, como textos informativos inseridos em formul\u00e1rios de coleta de dados, bem como, quando apropriado, nas condi\u00e7\u00f5es de determinados servi\u00e7os, a NBN23 atualizar\u00e1 periodicamente esta Pol\u00edtica de Privacidade e o processamento de dados pessoais de os usu\u00e1rios deste site. Qualquer modifica\u00e7\u00e3o desta pol\u00edtica ser\u00e1 publicada neste site da NBN23.<\/p>\n<p>&nbsp;<\/p>\n<p>Ser\u00e1 de responsabilidade do usu\u00e1rio acessar periodicamente a Pol\u00edtica de Privacidade da NBN23 publicada neste site, a fim de conhecer a vers\u00e3o mais recente em todos os momentos.<\/p>\n<p>&nbsp;<\/p>\n<p>18.- Informa\u00e7\u00e3o de contato.<\/p>\n<p>&nbsp;<\/p>\n<p>Para qualquer consulta sobre esta Pol\u00edtica de Privacidade, o usu\u00e1rio pode entrar em contato com a NBN23 atrav\u00e9s de meios eletr\u00f4nicos atrav\u00e9s do nosso formul\u00e1rio de contato em https:\/\/nbn23.com\/contacta\/<\/p>\n<p>Caso o usu\u00e1rio deseje transferir qualquer consulta sobre prote\u00e7\u00e3o de dados ao nosso Delegado de Prote\u00e7\u00e3o de Dados, ele poder\u00e1 entrar em contato com as informa\u00e7\u00f5es indicadas na se\u00e7\u00e3o a seguir.<\/p>\n<p>&nbsp;<\/p>\n<p>19.- Dados do Delegado de Prote\u00e7\u00e3o de Dados.<\/p>\n<p>&nbsp;<\/p>\n<p>O usu\u00e1rio pode entrar em contato com o Delegado de Prote\u00e7\u00e3o de Dados por e-mail no seguinte endere\u00e7o eletr\u00f4nico: <a href=\"mailto:dpd@nbn23.com\">dpd@nbn23.com<\/a><\/p>\n<p>&nbsp;[\/vc_column_text][\/vc_column][\/vc_row]<\/p>\n","protected":false},"excerpt":{"rendered":"<p>[vc_row][vc_column][vc_column_text]POL\u00cdTICA DE PRIVACIDADE DE NOTHINGBUTNET S.L. 1.- Objeto da Pol\u00edtica de Privacidade. &nbsp; Em conformidade com a legisla\u00e7\u00e3o em vigor sobre prote\u00e7\u00e3o de dados pessoais), NOTHINGBUTNET SL, (NBN23) deseja informar os utilizadores deste site NBN23, a pol\u00edtica em rela\u00e7\u00e3o ao tratamento e prote\u00e7\u00e3o de dados car\u00e1ter pessoal daqueles que fornecem os seus dados pessoais para [&hellip;]<\/p>\n","protected":false},"author":2,"featured_media":0,"parent":0,"menu_order":0,"comment_status":"closed","ping_status":"closed","template":"","meta":{"_exactmetrics_skip_tracking":false,"_exactmetrics_sitenote_active":false,"_exactmetrics_sitenote_note":"","_exactmetrics_sitenote_category":0,"footnotes":""},"class_list":["post-4273","page","type-page","status-publish","hentry"],"blocksy_meta":{"styles_descriptor":{"styles":{"desktop":"","tablet":"","mobile":""},"google_fonts":[],"version":6}},"aioseo_notices":[],"_links":{"self":[{"href":"https:\/\/nbn23.com\/pt-br\/wp-json\/wp\/v2\/pages\/4273","targetHints":{"allow":["GET"]}}],"collection":[{"href":"https:\/\/nbn23.com\/pt-br\/wp-json\/wp\/v2\/pages"}],"about":[{"href":"https:\/\/nbn23.com\/pt-br\/wp-json\/wp\/v2\/types\/page"}],"author":[{"embeddable":true,"href":"https:\/\/nbn23.com\/pt-br\/wp-json\/wp\/v2\/users\/2"}],"replies":[{"embeddable":true,"href":"https:\/\/nbn23.com\/pt-br\/wp-json\/wp\/v2\/comments?post=4273"}],"version-history":[{"count":4,"href":"https:\/\/nbn23.com\/pt-br\/wp-json\/wp\/v2\/pages\/4273\/revisions"}],"predecessor-version":[{"id":4277,"href":"https:\/\/nbn23.com\/pt-br\/wp-json\/wp\/v2\/pages\/4273\/revisions\/4277"}],"wp:attachment":[{"href":"https:\/\/nbn23.com\/pt-br\/wp-json\/wp\/v2\/media?parent=4273"}],"curies":[{"name":"wp","href":"https:\/\/api.w.org\/{rel}","templated":true}]}}