{"id":35594,"date":"2025-10-15T14:16:55","date_gmt":"2025-10-15T12:16:55","guid":{"rendered":"https:\/\/nbn23.com\/nbn23-homepage-fiba\/"},"modified":"2025-10-16T10:06:53","modified_gmt":"2025-10-16T08:06:53","slug":"nbn23-homepage-fiba","status":"publish","type":"page","link":"https:\/\/nbn23.com\/pt-br\/","title":{"rendered":"NBN23 Homepage FIBA"},"content":{"rendered":"\t\t<div data-elementor-type=\"wp-page\" data-elementor-id=\"35594\" class=\"elementor elementor-35594 elementor-35389\" data-elementor-post-type=\"page\">\n\t\t\t\t\t\t<section class=\"elementor-section elementor-top-section elementor-element elementor-element-e8b532c elementor-section-boxed elementor-section-height-default elementor-section-height-default\" data-id=\"e8b532c\" data-element_type=\"section\" data-e-type=\"section\">\n\t\t\t\t\t\t<div class=\"elementor-container elementor-column-gap-default\">\n\t\t\t\t\t<div class=\"elementor-column elementor-col-100 elementor-top-column elementor-element elementor-element-9f7a2a1\" data-id=\"9f7a2a1\" data-element_type=\"column\" data-e-type=\"column\">\n\t\t\t<div class=\"elementor-widget-wrap elementor-element-populated\">\n\t\t\t\t\t\t<div class=\"elementor-element elementor-element-e677b5d elementor-widget__width-initial elementor-widget elementor-widget-html\" data-id=\"e677b5d\" data-element_type=\"widget\" data-e-type=\"widget\" data-widget_type=\"html.default\">\n\t\t\t\t<div class=\"elementor-widget-container\">\n\t\t\t\t\t<!DOCTYPE html><br><html lang=\"pt\"><br><head>\r\n  <meta charset=\"UTF-8\" \/>\r\n  <meta name=\"viewport\" content=\"width=device-width, initial-scale=1.0\" \/>\r\n  <title>NBN23 \u00d7 Aprova\u00e7\u00e3o FIBA<\/title>\r\n  <link rel=\"stylesheet\" href=\"style.css\" \/>\r\n<\/head><br><body><br><br>  <!-- HERO --><br>  <section class=\"hero\">\r\n  <video autoplay muted loop playsinline class=\"hero-video\">\r\n    <source src=\"https:\/\/nbn23.com\/wp-content\/uploads\/2025\/10\/Banner-Website-video-1.mp4\" type=\"video\/mp4\">\r\n  <\/video>\r\n\r\n  <div class=\"hero-overlay\"><\/div>\r\n\r\n  <div class=\"hero-content\">\r\n    <h1>Oficialmente aprovado pela <span class=\"highlight\">FIBA<\/span><\/h1>\r\n\r\n    <p class=\"hero-subtext\">\r\n      Impulsionando o basquete de base e juvenil com estat\u00edsticas em tempo real, s\u00famulas digitais e experi\u00eancias conectadas para federa\u00e7\u00f5es, jogadores e f\u00e3s.\r\n    <\/p>\r\n\r\n    <div class=\"fiba-center\">\r\n      <img decoding=\"async\" src=\"https:\/\/nbn23.com\/wp-content\/uploads\/2025\/10\/FIBA-endorsed-1.png\" alt=\"Logo FIBA\" class=\"fiba-logo\">\r\n    <\/div>\r\n\r\n    <div class=\"hero-logos\">\r\n      <div class=\"logo-item\">\r\n        <img decoding=\"async\" src=\"https:\/\/nbn23.com\/wp-content\/uploads\/2025\/10\/Logo-Swish-whit.png\" alt=\"Logo Swish\">\r\n      <\/div>\r\n      <div class=\"logo-item\">\r\n        <img decoding=\"async\" src=\"https:\/\/nbn23.com\/wp-content\/uploads\/2025\/10\/Inagme-logo-e1760449173398.png\" alt=\"Logo InGame\">\r\n      <\/div>\r\n    <\/div>\r\n\r\n    <div class=\"hero-buttons\">\r\n      <a href=\"https:\/\/swishbynbn23.com\/de\" class=\"btn orange\">Explorar Swish<\/a>\r\n      <a href=\"https:\/\/nbn23.com\/pt-br\/ingame\/\" class=\"btn blue\">Explorar InGame<\/a>\r\n      <a href=\"https:\/\/nbn23.com\/pt-br\/das-quadras-locais-ao-padrao-global-nbn23-agora-e-oficialmente-endossada-pela-fiba\/\" class=\"btn dark\">Leia o an\u00fancio da FIBA<\/a>\r\n    <\/div>\r\n  <\/div>\r\n<\/section><br><br><section class=\"trust-section\">\r\n  <h2>Confiado por federa\u00e7\u00f5es, ligas e clubes<\/h2>\r\n\r\n  <div class=\"trust-stats\">\r\n    <div class=\"trust-box\">\r\n      <span class=\"highlight\">900.000+<\/span>\r\n      <p>Jogos<\/p>\r\n    <\/div>\r\n    <div class=\"trust-box\">\r\n      <span class=\"highlight\">70+<\/span>\r\n      <p>Pa\u00edses<\/p>\r\n    <\/div>\r\n    <div class=\"trust-box\">\r\n      <span class=\"highlight\">3.000+<\/span>\r\n      <p>Competi\u00e7\u00f5es<\/p>\r\n    <\/div>\r\n  <\/div>\r\n\r\n  <div class=\"trust-logos\">\r\n    <img decoding=\"async\" src=\"https:\/\/nbn23.com\/wp-content\/uploads\/2023\/01\/12.png\" alt=\"FIBA\" \/>\r\n    <img decoding=\"async\" src=\"https:\/\/nbn23.com\/wp-content\/uploads\/2023\/01\/swiss-1.png\" alt=\"Basquete Su\u00ed\u00e7o\" \/>\r\n    <img decoding=\"async\" src=\"https:\/\/nbn23.com\/wp-content\/uploads\/2023\/01\/9.png\" alt=\"DBB\" \/>\r\n    <img decoding=\"async\" src=\"https:\/\/nbn23.com\/wp-content\/uploads\/2023\/01\/8.png\" alt=\"Jr. NBA\" \/>\r\n    <img decoding=\"async\" src=\"https:\/\/nbn23.com\/wp-content\/uploads\/2023\/01\/1.png\" alt=\"FIP It\u00e1lia\" \/>\r\n    <img decoding=\"async\" src=\"https:\/\/nbn23.com\/wp-content\/uploads\/2023\/01\/3-1.png\" alt=\"Basquete Tcheco\" \/>\r\n    <img decoding=\"async\" src=\"https:\/\/nbn23.com\/wp-content\/uploads\/2023\/01\/2.png\" alt=\"Federa\u00e7\u00e3o das Can\u00e1rias\" \/>\r\n    <img decoding=\"async\" src=\"https:\/\/nbn23.com\/wp-content\/uploads\/2023\/01\/11.png\" alt=\"Basquete Portugal\" \/>\r\n    <img decoding=\"async\" src=\"https:\/\/nbn23.com\/wp-content\/uploads\/2023\/01\/4.png\" alt=\"RYZE\" \/>\r\n  <\/div>\r\n<\/section><br><br><!-- SWISH --><br><section class=\"product swish\">\r\n  <img decoding=\"async\" src=\"https:\/\/nbn23.com\/wp-content\/uploads\/2025\/10\/Swish-icon.png\" alt=\"\u00cdcone Swish\">\r\n  <div class=\"text\">\r\n    <h2>Swish. Todo o basquete, todas as estat\u00edsticas.<\/h2>\r\n    <p>Swish conecta f\u00e3s, jogadores e federa\u00e7\u00f5es com dados em tempo real e acompanhamento ao vivo dos jogos. Sua casa digital para o basquete.<\/p>\r\n    <ul>\r\n      <li>Estat\u00edsticas ao vivo para cada jogo<\/li>\r\n      <li>Acompanhe seus jogadores e equipes favoritas<\/li>\r\n      <li>Dispon\u00edvel em todo o mundo<\/li>\r\n    <\/ul>\r\n    <a href=\"https:\/\/swishbynbn23.com\/de\" class=\"btn primary\">Explorar Swish<\/a>\r\n  <\/div>\r\n<\/section><br><br><!-- INGAME --><br><section class=\"product ingame\">\r\n  <img decoding=\"async\" src=\"https:\/\/nbn23.com\/wp-content\/uploads\/2025\/10\/Ingame-icon.png\" alt=\"\u00cdcone InGame\">\r\n  <div class=\"text\">\r\n    <h2>InGame. A s\u00famula digital para todas as quadras.<\/h2>\r\n    <p>InGame substitui o papel com um aplicativo simples e compat\u00edvel com a FIBA. Ele registra todas as estat\u00edsticas ao vivo e se conecta automaticamente \u00e0s bases de dados das federa\u00e7\u00f5es.<\/p>\r\n    <ul>\r\n      <li>Captura de dados r\u00e1pida e precisa<\/li>\r\n      <li>Integra\u00e7\u00e3o direta com federa\u00e7\u00f5es<\/li>\r\n      <li>Funciona offline em qualquer gin\u00e1sio<\/li>\r\n    <\/ul>\r\n    <a href=\"https:\/\/nbn23.com\/pt-br\/ingame\/\" class=\"btn secondary\">Explorar InGame<\/a>\r\n  <\/div>\r\n<\/section><br><br><!-- FIBA ANNOUNCEMENT --><br><section class=\"fiba\">\r\n  <img decoding=\"async\" src=\"https:\/\/nbn23.com\/wp-content\/uploads\/2023\/02\/javi.jpg\" alt=\"Javier Bosch\" class=\"ceo\">\r\n  <h2>Aprova\u00e7\u00e3o da FIBA. Reconhecimento global com foco no desenvolvimento de base.<\/h2>\r\n  <p>Essa parceria valida o padr\u00e3o que constru\u00edmos para oficiais e organizadores. Ela prioriza visibilidade e desenvolvimento.<\/p>\r\n  <a href=\"https:\/\/nbn23.com\/pt-br\/das-quadras-locais-ao-padrao-global-nbn23-agora-e-oficialmente-endossada-pela-fiba\/\" class=\"btn primary\">Ler o an\u00fancio completo<\/a>\r\n<\/section><br><br><!-- PARTNER TESTIMONIALS --><br><section class=\"partners\">\r\n  <h2>Federa\u00e7\u00f5es que trabalham com a NBN23<\/h2>\r\n\r\n  <div class=\"testimonials\">\r\n    <div class=\"testimonial\">\r\n      <div class=\"logo-band\">\r\n        <img decoding=\"async\" src=\"https:\/\/nbn23.com\/wp-content\/uploads\/2025\/10\/DBB_logo.png\" alt=\"Logo DBB\" class=\"partner-logo\">\r\n      <\/div>\r\n      <p>\u201cNossa parceria com a NBN23 \u00e9 marcada por profissionalismo, inova\u00e7\u00e3o e profundo entendimento das necessidades de uma federa\u00e7\u00e3o nacional. As ferramentas deles simplificaram o controle de estat\u00edsticas e a gest\u00e3o de competi\u00e7\u00f5es em todos os n\u00edveis. A NBN23 \u00e9 mais que um fornecedor de tecnologia \u2014 \u00e9 uma parceira de confian\u00e7a para o futuro digital do basquete alem\u00e3o.\u201d<\/p>\r\n      <h4>Jochen B\u00f6hmcker<\/h4>\r\n      <span>Chefe de Competi\u00e7\u00f5es, Federa\u00e7\u00e3o Alem\u00e3 de Basquete (DBB)<\/span>\r\n    <\/div>\r\n\r\n    <div class=\"testimonial\">\r\n      <div class=\"logo-band\">\r\n        <img decoding=\"async\" src=\"https:\/\/nbn23.com\/wp-content\/uploads\/2023\/08\/icon-app.png\" alt=\"Logo FIP\" class=\"partner-logo\">\r\n      <\/div>\r\n      <p>\u201cTrabalhar com a NBN23 foi um passo essencial para modernizar a gest\u00e3o do basquete na It\u00e1lia. Suas ferramentas digitais melhoraram a efici\u00eancia, a precis\u00e3o e a acessibilidade. A profissionalismo e inova\u00e7\u00e3o da NBN23 a tornam um parceiro valioso para a Federa\u00e7\u00e3o Italiana de Basquete.\u201d<\/p>\r\n      <h4>Graziano Martinelli<\/h4>\r\n      <span>Vice-secret\u00e1rio, Federa\u00e7\u00e3o Italiana de Basquete (FIP)<\/span>\r\n    <\/div>\r\n\r\n    <div class=\"testimonial\">\r\n      <div class=\"logo-band\">\r\n        <img decoding=\"async\" src=\"https:\/\/nbn23.com\/wp-content\/uploads\/2025\/10\/Untitled-design-17.png\" alt=\"Logo Federa\u00e7\u00e3o Portuguesa\" class=\"partner-logo\">\r\n      <\/div>\r\n      <p>\u201cAs plataformas InGame e Swish da NBN23 tornaram-se ferramentas essenciais em nossas opera\u00e7\u00f5es. Elas simplificaram a gest\u00e3o dos jogos, ofereceram estat\u00edsticas em tempo real e conectaram f\u00e3s e jogadores como nunca antes. Valorizamos a qualidade, a confiabilidade e o compromisso cont\u00ednuo da NBN23 com a inova\u00e7\u00e3o.\u201d<\/p>\r\n      <h4>Lu\u00eds Veiga<\/h4>\r\n      <span>Vice-presidente, Federa\u00e7\u00e3o Portuguesa de Basquete (FPB)<\/span>\r\n    <\/div>\r\n  <\/div>\r\n<\/section><br><br><!-- CTA --><br><section class=\"cta-final\">\r\n  <h2>Junte-se ao movimento global do basquete digital<\/h2>\r\n  <p>Use ferramentas aprovadas pela FIBA e confiadas por federa\u00e7\u00f5es de todo o mundo.<\/p>\r\n  <div class=\"cta-buttons\">\r\n    <a href=\"https:\/\/swishbynbn23.com\/de\" class=\"btn orange\">Explorar Swish<\/a>\r\n    <a href=\"https:\/\/nbn23.com\/pt-br\/ingame\/\" class=\"btn blue\">Explorar InGame<\/a>\r\n    <a href=\"mailto:irene.gari@nbn23.tech\" class=\"btn dark\">Enviar e-mail para Irene<\/a>\r\n  <\/div>\r\n<\/section><br>\t\t\t\t<\/div>\n\t\t\t\t<\/div>\n\t\t\t\t\t<\/div>\n\t\t<\/div>\n\t\t\t\t\t<\/div>\n\t\t<\/section>\n\t\t\t\t<\/div>\n\t\t","protected":false},"excerpt":{"rendered":"<p>NBN23 \u00d7 Aprova\u00e7\u00e3o FIBA Oficialmente aprovado pela FIBA Impulsionando o basquete de base e juvenil com estat\u00edsticas em tempo real, s\u00famulas digitais e experi\u00eancias conectadas para federa\u00e7\u00f5es, jogadores e f\u00e3s. Explorar Swish Explorar InGame Leia o an\u00fancio da FIBA Confiado por federa\u00e7\u00f5es, ligas e clubes 900.000+ Jogos 70+ Pa\u00edses 3.000+ Competi\u00e7\u00f5es Swish. Todo o basquete, [&hellip;]<\/p>\n","protected":false},"author":10,"featured_media":35306,"parent":0,"menu_order":0,"comment_status":"closed","ping_status":"closed","template":"","meta":{"_exactmetrics_skip_tracking":false,"_exactmetrics_sitenote_active":false,"_exactmetrics_sitenote_note":"","_exactmetrics_sitenote_category":0,"footnotes":""},"class_list":["post-35594","page","type-page","status-publish","has-post-thumbnail","hentry"],"blocksy_meta":[],"aioseo_notices":[],"_links":{"self":[{"href":"https:\/\/nbn23.com\/pt-br\/wp-json\/wp\/v2\/pages\/35594","targetHints":{"allow":["GET"]}}],"collection":[{"href":"https:\/\/nbn23.com\/pt-br\/wp-json\/wp\/v2\/pages"}],"about":[{"href":"https:\/\/nbn23.com\/pt-br\/wp-json\/wp\/v2\/types\/page"}],"author":[{"embeddable":true,"href":"https:\/\/nbn23.com\/pt-br\/wp-json\/wp\/v2\/users\/10"}],"replies":[{"embeddable":true,"href":"https:\/\/nbn23.com\/pt-br\/wp-json\/wp\/v2\/comments?post=35594"}],"version-history":[{"count":2,"href":"https:\/\/nbn23.com\/pt-br\/wp-json\/wp\/v2\/pages\/35594\/revisions"}],"predecessor-version":[{"id":35606,"href":"https:\/\/nbn23.com\/pt-br\/wp-json\/wp\/v2\/pages\/35594\/revisions\/35606"}],"wp:featuredmedia":[{"embeddable":true,"href":"https:\/\/nbn23.com\/pt-br\/wp-json\/wp\/v2\/media\/35306"}],"wp:attachment":[{"href":"https:\/\/nbn23.com\/pt-br\/wp-json\/wp\/v2\/media?parent=35594"}],"curies":[{"name":"wp","href":"https:\/\/api.w.org\/{rel}","templated":true}]}}