{"id":33418,"date":"2023-09-20T12:09:17","date_gmt":"2023-09-20T10:09:17","guid":{"rendered":"https:\/\/nbn23.com\/curso-de-formacion-online-ingame-3-0\/"},"modified":"2023-09-22T12:49:23","modified_gmt":"2023-09-22T10:49:23","slug":"curso-de-formacao-online-ingame-3-0","status":"publish","type":"page","link":"https:\/\/nbn23.com\/pt-br\/curso-de-formacao-online-ingame-3-0\/","title":{"rendered":"Curso de Forma\u00e7\u00e3o Online InGame 3.0"},"content":{"rendered":"\t\t<div data-elementor-type=\"wp-page\" data-elementor-id=\"33418\" class=\"elementor elementor-33418 elementor-25791\" data-elementor-post-type=\"page\">\n\t\t\t\t\t\t<section class=\"elementor-section elementor-top-section elementor-element elementor-element-5e5036c elementor-section-full_width elementor-section-height-min-height ct-section-stretched elementor-section-height-default elementor-section-items-middle\" data-id=\"5e5036c\" data-element_type=\"section\" data-e-type=\"section\" data-settings=\"{&quot;background_background&quot;:&quot;slideshow&quot;,&quot;background_slideshow_gallery&quot;:[{&quot;id&quot;:13437,&quot;url&quot;:&quot;https:\\\/\\\/nbn23.com\\\/wp-content\\\/uploads\\\/2021\\\/09\\\/Artboard.png&quot;}],&quot;background_slideshow_loop&quot;:&quot;yes&quot;,&quot;background_slideshow_slide_duration&quot;:5000,&quot;background_slideshow_slide_transition&quot;:&quot;fade&quot;,&quot;background_slideshow_transition_duration&quot;:500}\">\n\t\t\t\t\t\t\t<div class=\"elementor-background-overlay\"><\/div>\n\t\t\t\t\t\t\t<div class=\"elementor-container elementor-column-gap-default\">\n\t\t\t\t\t<div class=\"elementor-column elementor-col-25 elementor-top-column elementor-element elementor-element-77564b8\" data-id=\"77564b8\" data-element_type=\"column\" data-e-type=\"column\">\n\t\t\t<div class=\"elementor-widget-wrap\">\n\t\t\t\t\t\t\t<\/div>\n\t\t<\/div>\n\t\t\t\t<div class=\"elementor-column elementor-col-25 elementor-top-column elementor-element elementor-element-d373d44\" data-id=\"d373d44\" data-element_type=\"column\" data-e-type=\"column\">\n\t\t\t<div class=\"elementor-widget-wrap elementor-element-populated\">\n\t\t\t\t\t\t<div class=\"elementor-element elementor-element-c0223d2 elementor-widget elementor-widget-image\" data-id=\"c0223d2\" data-element_type=\"widget\" data-e-type=\"widget\" data-widget_type=\"image.default\">\n\t\t\t\t<div class=\"elementor-widget-container\">\n\t\t\t\t\t\t\t\t\t\t\t\t\t\t\t<img fetchpriority=\"high\" decoding=\"async\" width=\"1491\" height=\"364\" src=\"https:\/\/nbn23.com\/wp-content\/uploads\/2022\/08\/ingame-horizontal-color-white.png.png\" class=\"attachment-full size-full wp-image-25501\" alt=\"\" srcset=\"https:\/\/nbn23.com\/wp-content\/uploads\/2022\/08\/ingame-horizontal-color-white.png.png 1491w, https:\/\/nbn23.com\/wp-content\/uploads\/2022\/08\/ingame-horizontal-color-white.png-300x73.png 300w, https:\/\/nbn23.com\/wp-content\/uploads\/2022\/08\/ingame-horizontal-color-white.png-1024x250.png 1024w, https:\/\/nbn23.com\/wp-content\/uploads\/2022\/08\/ingame-horizontal-color-white.png-768x187.png 768w\" sizes=\"(max-width: 1491px) 100vw, 1491px\" \/>\t\t\t\t\t\t\t\t\t\t\t\t\t\t\t<\/div>\n\t\t\t\t<\/div>\n\t\t\t\t<div class=\"elementor-element elementor-element-b373285 elementor-widget elementor-widget-heading\" data-id=\"b373285\" data-element_type=\"widget\" data-e-type=\"widget\" data-widget_type=\"heading.default\">\n\t\t\t\t<div class=\"elementor-widget-container\">\n\t\t\t\t\t<h1 class=\"elementor-heading-title elementor-size-xxl\">Digitaliza jogos e gera o Boletim de jogo oficial <\/h1>\t\t\t\t<\/div>\n\t\t\t\t<\/div>\n\t\t\t\t<div class=\"elementor-element elementor-element-296c213 elementor-widget elementor-widget-heading\" data-id=\"296c213\" data-element_type=\"widget\" data-e-type=\"widget\" data-widget_type=\"heading.default\">\n\t\t\t\t<div class=\"elementor-widget-container\">\n\t\t\t\t\t<p class=\"elementor-heading-title elementor-size-medium\">Se \u00e9s um marcador de basquetebol e n\u00e3o queres ficar para tr\u00e1s com as \u00faltimas actualiza\u00e7\u00f5es<br><br>Aprenda a digitalizar um jogo de basquetebol com forma\u00e7\u00e3o online e obtenha o certificado oficial para registar boletins de jogo sem papel.<\/p>\t\t\t\t<\/div>\n\t\t\t\t<\/div>\n\t\t\t\t<div class=\"elementor-element elementor-element-685e37c elementor-widget elementor-widget-heading\" data-id=\"685e37c\" data-element_type=\"widget\" data-e-type=\"widget\" data-widget_type=\"heading.default\">\n\t\t\t\t<div class=\"elementor-widget-container\">\n\t\t\t\t\t<h2 class=\"elementor-heading-title elementor-size-medium\">Comece agora!<\/h2>\t\t\t\t<\/div>\n\t\t\t\t<\/div>\n\t\t\t\t\t<\/div>\n\t\t<\/div>\n\t\t\t\t<div class=\"elementor-column elementor-col-25 elementor-top-column elementor-element elementor-element-46ad2c5\" data-id=\"46ad2c5\" data-element_type=\"column\" data-e-type=\"column\">\n\t\t\t<div class=\"elementor-widget-wrap elementor-element-populated\">\n\t\t\t\t\t\t<div class=\"elementor-element elementor-element-89e2a41 elementor-align-right elementor-mobile-align-center elementor-widget elementor-widget-button\" data-id=\"89e2a41\" data-element_type=\"widget\" data-e-type=\"widget\" data-widget_type=\"button.default\">\n\t\t\t\t<div class=\"elementor-widget-container\">\n\t\t\t\t\t\t\t\t\t<div class=\"elementor-button-wrapper\">\n\t\t\t\t\t<a class=\"elementor-button elementor-button-link elementor-size-sm\" href=\"https:\/\/www.easy-lms.com\/pt\/curso-de-formacao-app-ingame-pro\/course-94220\">\n\t\t\t\t\t\t<span class=\"elementor-button-content-wrapper\">\n\t\t\t\t\t\t\t\t\t<span class=\"elementor-button-text\">Boletim Digital Pro<\/span>\n\t\t\t\t\t<\/span>\n\t\t\t\t\t<\/a>\n\t\t\t\t<\/div>\n\t\t\t\t\t\t\t\t<\/div>\n\t\t\t\t<\/div>\n\t\t\t\t<div class=\"elementor-element elementor-element-3d31ccb elementor-widget elementor-widget-text-editor\" data-id=\"3d31ccb\" data-element_type=\"widget\" data-e-type=\"widget\" data-widget_type=\"text-editor.default\">\n\t\t\t\t<div class=\"elementor-widget-container\">\n\t\t\t\t\t\t\t\t\t<p>Dispon\u00edvel para iOS e Android<\/p>\n<p>Para tablet e smartphone<\/p>\n\t\t\t\t\t\t\t\t<\/div>\n\t\t\t\t<\/div>\n\t\t\t\t\t<\/div>\n\t\t<\/div>\n\t\t\t\t<div class=\"elementor-column elementor-col-25 elementor-top-column elementor-element elementor-element-8938bbf\" data-id=\"8938bbf\" data-element_type=\"column\" data-e-type=\"column\">\n\t\t\t<div class=\"elementor-widget-wrap\">\n\t\t\t\t\t\t\t<\/div>\n\t\t<\/div>\n\t\t\t\t\t<\/div>\n\t\t<\/section>\n\t\t\t\t<section class=\"elementor-section elementor-top-section elementor-element elementor-element-a3f5bdc elementor-section-full_width ct-section-stretched elementor-section-height-default elementor-section-height-default\" data-id=\"a3f5bdc\" data-element_type=\"section\" data-e-type=\"section\" data-settings=\"{&quot;background_background&quot;:&quot;classic&quot;}\">\n\t\t\t\t\t\t<div class=\"elementor-container elementor-column-gap-default\">\n\t\t\t\t\t<div class=\"elementor-column elementor-col-25 elementor-top-column elementor-element elementor-element-d35cb9f\" data-id=\"d35cb9f\" data-element_type=\"column\" data-e-type=\"column\">\n\t\t\t<div class=\"elementor-widget-wrap elementor-element-populated\">\n\t\t\t\t\t\t<div class=\"elementor-element elementor-element-f5aa825 elementor-widget elementor-widget-heading\" data-id=\"f5aa825\" data-element_type=\"widget\" data-e-type=\"widget\" data-widget_type=\"heading.default\">\n\t\t\t\t<div class=\"elementor-widget-container\">\n\t\t\t\t\t<h2 class=\"elementor-heading-title elementor-size-default\">\u00c1gil <\/br> &amp; Divertido<\/h2>\t\t\t\t<\/div>\n\t\t\t\t<\/div>\n\t\t\t\t\t<\/div>\n\t\t<\/div>\n\t\t\t\t<div class=\"elementor-column elementor-col-25 elementor-top-column elementor-element elementor-element-ccb0301\" data-id=\"ccb0301\" data-element_type=\"column\" data-e-type=\"column\">\n\t\t\t<div class=\"elementor-widget-wrap elementor-element-populated\">\n\t\t\t\t\t\t<div class=\"elementor-element elementor-element-7febbc8 elementor-widget elementor-widget-heading\" data-id=\"7febbc8\" data-element_type=\"widget\" data-e-type=\"widget\" data-widget_type=\"heading.default\">\n\t\t\t\t<div class=\"elementor-widget-container\">\n\t\t\t\t\t<h2 class=\"elementor-heading-title elementor-size-default\">Regista cada <\/br> jogada com INGAME<\/h2>\t\t\t\t<\/div>\n\t\t\t\t<\/div>\n\t\t\t\t\t<\/div>\n\t\t<\/div>\n\t\t\t\t<div class=\"elementor-column elementor-col-25 elementor-top-column elementor-element elementor-element-ee8ac2a\" data-id=\"ee8ac2a\" data-element_type=\"column\" data-e-type=\"column\">\n\t\t\t<div class=\"elementor-widget-wrap elementor-element-populated\">\n\t\t\t\t\t\t<div class=\"elementor-element elementor-element-5b1d31e elementor-widget elementor-widget-heading\" data-id=\"5b1d31e\" data-element_type=\"widget\" data-e-type=\"widget\" data-widget_type=\"heading.default\">\n\t\t\t\t<div class=\"elementor-widget-container\">\n\t\t\t\t\t<h2 class=\"elementor-heading-title elementor-size-default\">Consiga seu Certificado de Marcador Digital<\/h2>\t\t\t\t<\/div>\n\t\t\t\t<\/div>\n\t\t\t\t\t<\/div>\n\t\t<\/div>\n\t\t\t\t<div class=\"elementor-column elementor-col-25 elementor-top-column elementor-element elementor-element-bebca3c\" data-id=\"bebca3c\" data-element_type=\"column\" data-e-type=\"column\">\n\t\t\t<div class=\"elementor-widget-wrap elementor-element-populated\">\n\t\t\t\t\t\t<div class=\"elementor-element elementor-element-cc531a1 elementor-widget elementor-widget-heading\" data-id=\"cc531a1\" data-element_type=\"widget\" data-e-type=\"widget\" data-widget_type=\"heading.default\">\n\t\t\t\t<div class=\"elementor-widget-container\">\n\t\t\t\t\t<h3 class=\"elementor-heading-title elementor-size-default\">Diga adeus ao<\/br> papel e a caneta<\/h3>\t\t\t\t<\/div>\n\t\t\t\t<\/div>\n\t\t\t\t\t<\/div>\n\t\t<\/div>\n\t\t\t\t\t<\/div>\n\t\t<\/section>\n\t\t\t\t<\/div>\n\t\t","protected":false},"excerpt":{"rendered":"<p>Digitaliza jogos e gera o Boletim de jogo oficial Se \u00e9s um marcador de basquetebol e n\u00e3o queres ficar para tr\u00e1s com as \u00faltimas actualiza\u00e7\u00f5es Aprenda a digitalizar um jogo de basquetebol com forma\u00e7\u00e3o online e obtenha o certificado oficial para registar boletins de jogo sem papel. Comece agora! Boletim Digital Pro Dispon\u00edvel para iOS [&hellip;]<\/p>\n","protected":false},"author":2,"featured_media":13948,"parent":0,"menu_order":0,"comment_status":"closed","ping_status":"closed","template":"","meta":{"_exactmetrics_skip_tracking":false,"_exactmetrics_sitenote_active":false,"_exactmetrics_sitenote_note":"","_exactmetrics_sitenote_category":0,"footnotes":""},"class_list":["post-33418","page","type-page","status-publish","has-post-thumbnail","hentry"],"blocksy_meta":{"styles_descriptor":{"styles":{"desktop":"","tablet":"","mobile":""},"google_fonts":[],"version":6}},"aioseo_notices":[],"_links":{"self":[{"href":"https:\/\/nbn23.com\/pt-br\/wp-json\/wp\/v2\/pages\/33418","targetHints":{"allow":["GET"]}}],"collection":[{"href":"https:\/\/nbn23.com\/pt-br\/wp-json\/wp\/v2\/pages"}],"about":[{"href":"https:\/\/nbn23.com\/pt-br\/wp-json\/wp\/v2\/types\/page"}],"author":[{"embeddable":true,"href":"https:\/\/nbn23.com\/pt-br\/wp-json\/wp\/v2\/users\/2"}],"replies":[{"embeddable":true,"href":"https:\/\/nbn23.com\/pt-br\/wp-json\/wp\/v2\/comments?post=33418"}],"version-history":[{"count":9,"href":"https:\/\/nbn23.com\/pt-br\/wp-json\/wp\/v2\/pages\/33418\/revisions"}],"predecessor-version":[{"id":33434,"href":"https:\/\/nbn23.com\/pt-br\/wp-json\/wp\/v2\/pages\/33418\/revisions\/33434"}],"wp:featuredmedia":[{"embeddable":true,"href":"https:\/\/nbn23.com\/pt-br\/wp-json\/wp\/v2\/media\/13948"}],"wp:attachment":[{"href":"https:\/\/nbn23.com\/pt-br\/wp-json\/wp\/v2\/media?parent=33418"}],"curies":[{"name":"wp","href":"https:\/\/api.w.org\/{rel}","templated":true}]}}