{"id":8800,"date":"2020-08-19T11:21:31","date_gmt":"2020-08-19T09:21:31","guid":{"rendered":"https:\/\/nbn23.com\/swiss-termsconditions\/"},"modified":"2020-09-15T09:58:10","modified_gmt":"2020-09-15T07:58:10","slug":"swiss-termsconditions","status":"publish","type":"page","link":"https:\/\/nbn23.com\/it\/swiss-termsconditions\/","title":{"rendered":"SWISS Terms&#038;Conditions"},"content":{"rendered":"<p>[vc_row foundry_padding=&#8221;pt64 pb64&#8243; css=&#8221;.vc_custom_1597850054065{background-color: #727578 !important;}&#8221;][vc_column][vc_wp_custommenu nav_menu=&#8221;124&#8243;][vc_column_text]<\/p>\n<h1><strong><span style=\"color: #ffffff;\">Termini e condizioni<br \/>\n<\/span><\/strong><\/h1>\n<p>[\/vc_column_text][\/vc_column][\/vc_row][vc_row][vc_column][vc_column_text]<\/p>\n<div class=\"wpb_text_column wpb_content_element wpb_animate_when_almost_visible wpb_fadeIn fadeIn wpb_start_animation animated\">\n<div class=\"wpb_wrapper\">\n<p>Ultimo aggiornamento: 14 agosto 2019<\/p>\n<p>I seguenti Termini e Condizioni (&#8220;Termini&#8221;, &#8220;Termini e Condizioni&#8221;) regolano il vostro rapporto con l&#8217;applicazione mobile Swiss Basketball (il &#8220;Servizio&#8221;) gestita da Nothingbutnet SL (&#8220;noi&#8221;, &#8220;noi&#8221;, o &#8220;nostro&#8221;).<\/p>\n<p>Si prega di leggere attentamente i seguenti Termini e Condizioni prima di utilizzare la nostra applicazione mobile Swiss Basketball (il &#8220;Servizio&#8221;).<\/p>\n<p>L&#8217;accesso e l&#8217;utilizzo del Servizio sono subordinati all&#8217;accettazione e al rispetto di questi Termini e Condizioni. Questi Termini si applicano a tutti i visitatori, utenti e altri che accedono o utilizzano il Servizio.<\/p>\n<p>Accedendo o utilizzando il Servizio l&#8217;utente accetta di essere vincolato da questi Termini. Se l&#8217;utente non \u00e8 d&#8217;accordo con una qualsiasi parte dei termini, non pu\u00f2 accedere al Servizio.<\/p>\n<p><strong>Abbonamenti<\/strong><\/p>\n<p>Alcune parti del Servizio sono fatturate in abbonamento (&#8220;Abbonamento\/i&#8221;). Le verr\u00e0 addebitato in anticipo su base periodica e ricorrente (&#8220;Ciclo di fatturazione&#8221;). I cicli di fatturazione sono impostati su base mensile.<\/p>\n<p>Al termine di ogni ciclo di fatturazione, l&#8217;Abbonamento si rinnover\u00e0 automaticamente alle stesse condizioni, a meno che non venga annullato o che Nothingbutnet SL non lo annulli. L\u2019Abbonato pu\u00f2 annullare il rinnovo dell&#8217;Abbonamento sia attraverso la pagina di gestione dell&#8217;account online sia contattando il team di assistenza clienti di Nothingbutnet SL.<\/p>\n<p>Per elaborare il pagamento del suo Abbonamento \u00e8 necessario un metodo di pagamento valido, compresa la carta di credito. Lei dovr\u00e0 fornire a Nothingbutnet SL informazioni di fatturazione accurate e complete, tra cui nome e cognome, indirizzo, stato, codice postale, numero di telefono e un metodo di pagamento valido. Inviando tali informazioni di pagamento, l\u2019Abbonatzo autorizza automaticamente Nothingbutnet SL ad addebitare tutte le spese d\u2019Iscrizione sostenute attraverso il proprio account su tali strumenti di pagamento.<\/p>\n<p>Qualora la fatturazione automatica non dovesse avvenire per qualsiasi motivo, Nothingbutnet SL emetter\u00e0 una fattura elettronica che indica che l\u2019Abbonato dovr\u00e0 procedere manualmente, entro una certa data di scadenza, con il pagamento completo corrispondente al periodo di fatturazione indicato sulla fattura.<\/p>\n<p><strong>Prova gratuita<\/strong><\/p>\n<p>Nothingbutnet SL pu\u00f2, a sua esclusiva discrezione, offrire un Abbonamento con una prova gratuita per un periodo di tempo limitato (&#8220;Prova gratuita&#8221;).<\/p>\n<p>Potrebbe essere richiesto di inserire i dati di fatturazione per potersi iscrivere alla Prova Gratuita.<\/p>\n<p>Se inserisce i suoi dati di fatturazione al momento dell&#8217;iscrizione alla Prova Gratuita, Nothingbutnet SL non le addebiter\u00e0 alcun costo fino alla scadenza della Prova Gratuita. L&#8217;ultimo giorno del periodo di Prova Gratuita, a meno che l&#8217;Abbonamento non venga annullato, le verr\u00e0 automaticamente addebitato il costo dell&#8217;Abbonamento per il tipo di Abbonamento selezionato.<\/p>\n<p>In qualsiasi momento e senza preavviso, Nothingbutnet SL si riserva il diritto di (i) modificare i termini e le condizioni dell&#8217;offerta di Prova Gratuita o (ii) annullare tale offerta di Prova Gratuita.<\/p>\n<p><strong>Modifiche alle tariffe<\/strong><\/p>\n<p>Nothingbutnet SL, a sua esclusiva discrezione e in qualsiasi momento, pu\u00f2 modificare le tariffe degli Abbonamenti. Qualsiasi modifica della quota di abbonamento entrer\u00e0 in vigore alla fine del ciclo di fatturazione in corso.<\/p>\n<p>Nothingbutnet SL fornir\u00e0 all\u2019Abbonato un ragionevole preavviso di qualsiasi modifica delle tariffe di Abbonamento per dargli l&#8217;opportunit\u00e0 di terminare l&#8217;Abbonamento prima che tale modifica diventi effettiva.<\/p>\n<p>L&#8217;uso continuo del Servizio dopo l&#8217;entrata in vigore della modifica del canone di Abbonamento costituisce il suo accordo a pagare l&#8217;importo modificato del canone di Abbonamento.<\/p>\n<p><strong>Rimborsi<\/strong><\/p>\n<p>Ad eccezione di quanto previsto dalla legge, le spese di Abbonamento pagate non sono rimborsabili.<\/p>\n<p><strong>Conti<\/strong><\/p>\n<p>Quando crea un account con noi, deve fornirci informazioni che siano sempre accurate, complete e aggiornate. Il mancato rispetto di tali informazioni costituisce una violazione dei Termini, che pu\u00f2 comportare l&#8217;immediata chiusura dell&#8217;account dell&#8217;utente sul nostro Servizio.<\/p>\n<p>L&#8217;utente \u00e8 responsabile per la salvaguardia della password che utilizza per accedere al Servizio e per qualsiasi attivit\u00e0 o azione sotto la sua password, sia che la password sia con il nostro Servizio o con un servizio di terzi.<\/p>\n<p>L&#8217;utente accetta di non rivelare la propria password a terzi. Devi informarci immediatamente non appena vieni a conoscenza di qualsiasi violazione della sicurezza o uso non autorizzato del suo account.<\/p>\n<p><strong>Propriet\u00e0 Intellettuale<\/strong><\/p>\n<p>Il Servizio e i suoi contenuti, caratteristiche e funzionalit\u00e0 originali sono e rimarranno di esclusiva propriet\u00e0 di Nothingbutnet SL e dei suoi licenziatari. Il Servizio \u00e8 protetto da copyright, marchi e altre leggi sia della Spagna che di altri paesi stranieri. I nostri marchi e la nostra veste commerciale non possono essere utilizzati in relazione a qualsiasi prodotto o servizio senza il previo consenso scritto di Nothingbutnet SL.<\/p>\n<p><strong>Link ad altri siti web<\/strong><\/p>\n<p>Il nostro Servizio pu\u00f2 contenere link a siti web o servizi di terzi che non sono posseduti o controllati da Nothingbutnet SL.<\/p>\n<p>Nothingbutnet SL non ha alcun controllo e non si assume alcuna responsabilit\u00e0 per il contenuto, le politiche sulla privacy o le pratiche di qualsiasi sito web o servizio di terzi. L&#8217;utente riconosce e accetta inoltre che Nothingbutnet SL non sar\u00e0 responsabile, direttamente o indirettamente, per qualsiasi danno o perdita causata o presumibilmente causata da o in connessione con l&#8217;uso su tali contenuti, beni o servizi disponibili su o attraverso tali siti web o servizi.<\/p>\n<p>Le consigliamo vivamente di leggere i termini e le condizioni e le politiche sulla privacy di qualsiasi sito web o servizio di terzi che visita.<\/p>\n<p><strong>Disdetta<\/strong><\/p>\n<p>Possiamo chiudere o sospendere il suo conto immediatamente, senza preavviso o responsabilit\u00e0, per qualsiasi motivo, anche in caso di violazione dei Termini.<\/p>\n<p>In caso di cessazione, il suo diritto di utilizzare il Servizio cesser\u00e0 immediatamente. Se si desidera terminare il proprio account, si pu\u00f2 semplicemente interrompere l&#8217;utilizzo del Servizio.<\/p>\n<p><strong>Limitazione di responsabilit\u00e0<\/strong><\/p>\n<p>In nessun caso Nothingbutnet SL, n\u00e9 i suoi direttori, dipendenti, partner, agenti, fornitori o affiliati, saranno responsabili per qualsiasi danno indiretto, incidentale, speciale, consequenziale o punitivo, inclusi, senza limitazione, la perdita di profitti, dati, uso, avviamento o altre perdite immateriali, derivanti da (i) l&#8217;accesso o l&#8217;uso o l&#8217;impossibilit\u00e0 di accedere o utilizzare il Servizio; (ii) qualsiasi condotta o contenuto di terzi sul Servizio; (iii) qualsiasi contenuto ottenuto dal Servizio; e (iv) l&#8217;accesso non autorizzato, l&#8217;uso o l&#8217;alterazione delle sue trasmissioni o contenuti, sia basato su garanzia, contratto, illecito civile (inclusa la negligenza) o qualsiasi altra teoria legale, sia che siamo stati informati o meno della possibilit\u00e0 di tali danni, e anche se un rimedio esposto nel presente documento non ha raggiunto il suo scopo essenziale.<\/p>\n<p><strong>Esclusione di responsabilit\u00e0<\/strong><\/p>\n<p>L&#8217;utilizzo del Servizio \u00e8 a suo esclusivo rischio e pericolo. Il Servizio \u00e8 fornito &#8220;COS\u00cc COM\u2019\u00c8&#8221; e &#8220;COME DISPONIBILE&#8221;. Il Servizio \u00e8 fornito senza garanzie di alcun tipo, sia esplicite che implicite, incluse, ma non limitate, a garanzie implicite di commerciabilit\u00e0, idoneit\u00e0 per un particolare scopo, non violazione o corso delle prestazioni.<\/p>\n<p>Nothingbutnet SL, i suoi sottoposti, affiliati e i suoi licenziatari non garantiscono che a) il Servizio funzioner\u00e0 ininterrottamente, sicuro o disponibile in qualsiasi momento o luogo particolare; b) eventuali errori o difetti saranno corretti; c) il Servizio \u00e8 privo di virus o altri componenti dannosi; o d) i risultati dell&#8217;utilizzo del Servizio soddisferanno i requisiti dell&#8217;utente.<\/p>\n<p><strong>Legge applicabile<\/strong><\/p>\n<p>Le presenti Condizioni sono disciplinate e interpretate in conformit\u00e0 con le leggi spagnole, a prescindere dalle disposizioni in materia di conflitto di leggi.<\/p>\n<p>La nostra mancata applicazione di qualsiasi diritto o disposizione delle presenti Condizioni non sar\u00e0 considerata una rinuncia a tali diritti. Se una qualsiasi disposizione di questi Termini \u00e8 ritenuta non valida o non applicabile da un tribunale, le restanti disposizioni di questi Termini rimarranno in vigore. Questi Termini costituiscono l&#8217;intero accordo tra di noi per quanto riguarda il nostro Servizio, e sostituiscono qualsiasi accordo precedente che potremmo avere tra di noi per quanto riguarda il Servizio.<\/p>\n<p><strong>Modifiche<\/strong><\/p>\n<p>Ci riserviamo il diritto, a nostra esclusiva discrezione, di modificare o sostituire le presenti Condizioni in qualsiasi momento. Se una revisione \u00e8 materiale, cercheremo di fornire un preavviso di almeno 30 giorni prima dell&#8217;entrata in vigore di qualsiasi nuovo termine. Ci\u00f2 che costituisce una modifica sostanziale sar\u00e0 determinato a nostra esclusiva discrezione.<\/p>\n<p>Continuando ad accedere o ad utilizzare il nostro Servizio dopo che tali revisioni saranno entrate in vigore, l&#8217;utente accetta di essere vincolato dai termini rivisti. Se non si accettano i nuovi termini, si prega di interrompere l&#8217;utilizzo del Servizio.<\/p>\n<p><strong>Contattaci<\/strong><\/p>\n<p>Se ha domande su queste Condizioni, la preghiamo di contattarci.<\/p>\n<\/div>\n<\/div>\n<p>[\/vc_column_text][\/vc_column][\/vc_row]<\/p>\n","protected":false},"excerpt":{"rendered":"<p>[vc_row foundry_padding=&#8221;pt64 pb64&#8243; css=&#8221;.vc_custom_1597850054065{background-color: #727578 !important;}&#8221;][vc_column][vc_wp_custommenu nav_menu=&#8221;124&#8243;][vc_column_text] Termini e condizioni [\/vc_column_text][\/vc_column][\/vc_row][vc_row][vc_column][vc_column_text] Ultimo aggiornamento: 14 agosto 2019 I seguenti Termini e Condizioni (&#8220;Termini&#8221;, &#8220;Termini e Condizioni&#8221;) regolano il vostro rapporto con l&#8217;applicazione mobile Swiss Basketball (il &#8220;Servizio&#8221;) gestita da Nothingbutnet SL (&#8220;noi&#8221;, &#8220;noi&#8221;, o &#8220;nostro&#8221;). Si prega di leggere attentamente i seguenti Termini e Condizioni prima [&hellip;]<\/p>\n","protected":false},"author":2,"featured_media":8477,"parent":0,"menu_order":0,"comment_status":"closed","ping_status":"closed","template":"","meta":{"_exactmetrics_skip_tracking":false,"_exactmetrics_sitenote_active":false,"_exactmetrics_sitenote_note":"","_exactmetrics_sitenote_category":0,"footnotes":""},"class_list":["post-8800","page","type-page","status-publish","has-post-thumbnail","hentry"],"blocksy_meta":{"styles_descriptor":{"styles":{"desktop":"","tablet":"","mobile":""},"google_fonts":[],"version":6}},"aioseo_notices":[],"_links":{"self":[{"href":"https:\/\/nbn23.com\/it\/wp-json\/wp\/v2\/pages\/8800","targetHints":{"allow":["GET"]}}],"collection":[{"href":"https:\/\/nbn23.com\/it\/wp-json\/wp\/v2\/pages"}],"about":[{"href":"https:\/\/nbn23.com\/it\/wp-json\/wp\/v2\/types\/page"}],"author":[{"embeddable":true,"href":"https:\/\/nbn23.com\/it\/wp-json\/wp\/v2\/users\/2"}],"replies":[{"embeddable":true,"href":"https:\/\/nbn23.com\/it\/wp-json\/wp\/v2\/comments?post=8800"}],"version-history":[{"count":7,"href":"https:\/\/nbn23.com\/it\/wp-json\/wp\/v2\/pages\/8800\/revisions"}],"predecessor-version":[{"id":9213,"href":"https:\/\/nbn23.com\/it\/wp-json\/wp\/v2\/pages\/8800\/revisions\/9213"}],"wp:featuredmedia":[{"embeddable":true,"href":"https:\/\/nbn23.com\/it\/wp-json\/wp\/v2\/media\/8477"}],"wp:attachment":[{"href":"https:\/\/nbn23.com\/it\/wp-json\/wp\/v2\/media?parent=8800"}],"curies":[{"name":"wp","href":"https:\/\/api.w.org\/{rel}","templated":true}]}}