{"id":8176,"date":"2020-05-07T11:42:12","date_gmt":"2020-05-07T09:42:12","guid":{"rendered":"https:\/\/nbn23.com\/formation\/"},"modified":"2020-05-07T13:20:48","modified_gmt":"2020-05-07T11:20:48","slug":"formation","status":"publish","type":"page","link":"https:\/\/nbn23.com\/fr\/formation\/","title":{"rendered":"Formation"},"content":{"rendered":"<p>[vc_row foundry_padding=\u00a0\u00bbpt0 pb0&Prime;][vc_column][vc_empty_space height=\u00a0\u00bb48px\u00a0\u00bb][vc_single_image image=\u00a0\u00bb6258&Prime; img_size=\u00a0\u00bbmedium\u00a0\u00bb alignment=\u00a0\u00bbcenter\u00a0\u00bb][\/vc_column][\/vc_row][vc_row][vc_column width=\u00a0\u00bb1\/2&Prime;][vc_single_image image=\u00a0\u00bb4432&Prime; img_size=\u00a0\u00bbfull\u00a0\u00bb][\/vc_column][vc_column width=\u00a0\u00bb1\/2&Prime;][vc_column_text]<\/p>\n<h4><strong>Formation APP Basic &amp; Pro<\/strong><\/h4>\n<p>[\/vc_column_text][vc_column_text]Vous \u00eates un marqueur de basket et vous ne voulez pas prendre du retard sur les derni\u00e8res technologies?<\/p>\n<p>Cette formation vous apprendra de mani\u00e8re agile et agr\u00e9able comment capturer correctement chaque partie d&rsquo;un match de basket en utilisant l&rsquo;application INGAME. Vous recueillerez des statistiques ainsi que la carte de score num\u00e9rique NBN23 avant m\u00eame de vous en rendre compte.<\/p>\n<p>Dites adieu au papier et au crayon! D\u00e9sormais, tout est num\u00e9rique!<\/p>\n<h5><strong>Bienvenue dans le futur!<\/strong><\/h5>\n<p>[\/vc_column_text][vc_column_text]<a class=\"btn btn-filled\" href=\"https:\/\/www.easy-lms.com\/fr\/formation-certificat\/course-45527\">D\u00e9marrer la formation<\/a>[\/vc_column_text][\/vc_column][\/vc_row]<\/p>\n","protected":false},"excerpt":{"rendered":"<p>[vc_row foundry_padding=\u00a0\u00bbpt0 pb0&Prime;][vc_column][vc_empty_space height=\u00a0\u00bb48px\u00a0\u00bb][vc_single_image image=\u00a0\u00bb6258&Prime; img_size=\u00a0\u00bbmedium\u00a0\u00bb alignment=\u00a0\u00bbcenter\u00a0\u00bb][\/vc_column][\/vc_row][vc_row][vc_column width=\u00a0\u00bb1\/2&Prime;][vc_single_image image=\u00a0\u00bb4432&Prime; img_size=\u00a0\u00bbfull\u00a0\u00bb][\/vc_column][vc_column width=\u00a0\u00bb1\/2&Prime;][vc_column_text] Formation APP Basic &amp; Pro [\/vc_column_text][vc_column_text]Vous \u00eates un marqueur de basket et vous ne voulez pas prendre du retard sur les derni\u00e8res technologies? Cette formation vous apprendra de mani\u00e8re agile et agr\u00e9able comment capturer correctement chaque partie d&rsquo;un match de basket en utilisant l&rsquo;application [&hellip;]<\/p>\n","protected":false},"author":2,"featured_media":7934,"parent":0,"menu_order":0,"comment_status":"closed","ping_status":"closed","template":"","meta":{"_exactmetrics_skip_tracking":false,"_exactmetrics_sitenote_active":false,"_exactmetrics_sitenote_note":"","_exactmetrics_sitenote_category":0,"footnotes":""},"class_list":["post-8176","page","type-page","status-publish","has-post-thumbnail","hentry"],"blocksy_meta":{"styles_descriptor":{"styles":{"desktop":"","tablet":"","mobile":""},"google_fonts":[],"version":6}},"aioseo_notices":[],"_links":{"self":[{"href":"https:\/\/nbn23.com\/fr\/wp-json\/wp\/v2\/pages\/8176","targetHints":{"allow":["GET"]}}],"collection":[{"href":"https:\/\/nbn23.com\/fr\/wp-json\/wp\/v2\/pages"}],"about":[{"href":"https:\/\/nbn23.com\/fr\/wp-json\/wp\/v2\/types\/page"}],"author":[{"embeddable":true,"href":"https:\/\/nbn23.com\/fr\/wp-json\/wp\/v2\/users\/2"}],"replies":[{"embeddable":true,"href":"https:\/\/nbn23.com\/fr\/wp-json\/wp\/v2\/comments?post=8176"}],"version-history":[{"count":20,"href":"https:\/\/nbn23.com\/fr\/wp-json\/wp\/v2\/pages\/8176\/revisions"}],"predecessor-version":[{"id":8203,"href":"https:\/\/nbn23.com\/fr\/wp-json\/wp\/v2\/pages\/8176\/revisions\/8203"}],"wp:featuredmedia":[{"embeddable":true,"href":"https:\/\/nbn23.com\/fr\/wp-json\/wp\/v2\/media\/7934"}],"wp:attachment":[{"href":"https:\/\/nbn23.com\/fr\/wp-json\/wp\/v2\/media?parent=8176"}],"curies":[{"name":"wp","href":"https:\/\/api.w.org\/{rel}","templated":true}]}}