{"id":25052,"date":"2022-08-04T09:42:17","date_gmt":"2022-08-04T07:42:17","guid":{"rendered":"https:\/\/nbn23.com\/faqs\/"},"modified":"2022-12-12T18:41:44","modified_gmt":"2022-12-12T16:41:44","slug":"faqs","status":"publish","type":"page","link":"https:\/\/nbn23.com\/fr\/faqs\/","title":{"rendered":"FAQs"},"content":{"rendered":"\t\t<div data-elementor-type=\"wp-page\" data-elementor-id=\"25052\" class=\"elementor elementor-25052 elementor-5939\" data-elementor-post-type=\"page\">\n\t\t\t\t\t\t<section class=\"elementor-section elementor-top-section elementor-element elementor-element-ecefcdc elementor-section-boxed elementor-section-height-default elementor-section-height-default\" data-id=\"ecefcdc\" data-element_type=\"section\" data-e-type=\"section\">\n\t\t\t\t\t\t<div class=\"elementor-container elementor-column-gap-default\">\n\t\t\t\t\t<div class=\"elementor-column elementor-col-100 elementor-top-column elementor-element elementor-element-61d1fd19\" data-id=\"61d1fd19\" data-element_type=\"column\" data-e-type=\"column\">\n\t\t\t<div class=\"elementor-widget-wrap elementor-element-populated\">\n\t\t\t\t\t\t<div class=\"elementor-element elementor-element-1fb4d2b elementor-widget elementor-widget-toggle\" data-id=\"1fb4d2b\" data-element_type=\"widget\" data-e-type=\"widget\" data-widget_type=\"toggle.default\">\n\t\t\t\t<div class=\"elementor-widget-container\">\n\t\t\t\t\t\t\t<div class=\"elementor-toggle\">\n\t\t\t\t\t\t\t<div class=\"elementor-toggle-item\">\n\t\t\t\t\t<div id=\"elementor-tab-title-3321\" class=\"elementor-tab-title\" data-tab=\"1\" role=\"button\" aria-controls=\"elementor-tab-content-3321\" aria-expanded=\"false\">\n\t\t\t\t\t\t\t\t\t\t\t\t<span class=\"elementor-toggle-icon elementor-toggle-icon-left\" aria-hidden=\"true\">\n\t\t\t\t\t\t\t\t\t\t\t\t\t\t\t<span class=\"elementor-toggle-icon-closed\"><i class=\"fas fa-caret-right\"><\/i><\/span>\n\t\t\t\t\t\t\t\t<span class=\"elementor-toggle-icon-opened\"><i class=\"elementor-toggle-icon-opened fas fa-caret-up\"><\/i><\/span>\n\t\t\t\t\t\t\t\t\t\t\t\t\t<\/span>\n\t\t\t\t\t\t\t\t\t\t\t\t<a class=\"elementor-toggle-title\" tabindex=\"0\">Swish est-il disponible sur Android et iOS ?<\/a>\n\t\t\t\t\t<\/div>\n\n\t\t\t\t\t<div id=\"elementor-tab-content-3321\" class=\"elementor-tab-content elementor-clearfix\" data-tab=\"1\" role=\"region\" aria-labelledby=\"elementor-tab-title-3321\"><p>Swish est disponible sur les plateformes Android et iOS afin que chacun puisse profiter du basket-ball en direct. Vous pouvez le t\u00e9l\u00e9charger dans la version de votre choix \u00e0 partir de ces liens :<\/p>\n<p><a class=\"btn btn-filled\" href=\"http:\/\/bit.ly\/AppNBN23\">Apple<\/a> \u00a0 \u00a0\u00a0<a class=\"btn btn-filled\" href=\"http:\/\/bit.ly\/SwishAPPiOS\">Android<\/a><\/p>\n<\/div>\n\t\t\t\t<\/div>\n\t\t\t\t\t\t\t<div class=\"elementor-toggle-item\">\n\t\t\t\t\t<div id=\"elementor-tab-title-3322\" class=\"elementor-tab-title\" data-tab=\"2\" role=\"button\" aria-controls=\"elementor-tab-content-3322\" aria-expanded=\"false\">\n\t\t\t\t\t\t\t\t\t\t\t\t<span class=\"elementor-toggle-icon elementor-toggle-icon-left\" aria-hidden=\"true\">\n\t\t\t\t\t\t\t\t\t\t\t\t\t\t\t<span class=\"elementor-toggle-icon-closed\"><i class=\"fas fa-caret-right\"><\/i><\/span>\n\t\t\t\t\t\t\t\t<span class=\"elementor-toggle-icon-opened\"><i class=\"elementor-toggle-icon-opened fas fa-caret-up\"><\/i><\/span>\n\t\t\t\t\t\t\t\t\t\t\t\t\t<\/span>\n\t\t\t\t\t\t\t\t\t\t\t\t<a class=\"elementor-toggle-title\" tabindex=\"0\">Quelle est la raison d'\u00eatre des services d'abonnement ?<\/a>\n\t\t\t\t\t<\/div>\n\n\t\t\t\t\t<div id=\"elementor-tab-content-3322\" class=\"elementor-tab-content elementor-clearfix\" data-tab=\"2\" role=\"region\" aria-labelledby=\"elementor-tab-title-3322\"><p>Sur Swish, vous pouvez acc\u00e9der gratuitement \u00e0 des informations sur la comp\u00e9tition, telles que les calendriers et les classements, ainsi qu&rsquo;au suivi en direct des matchs gr\u00e2ce \u00e0 la comparaison des deux \u00e9quipes. Vous pouvez \u00e9galement suivre les joueurs et les \u00e9quipes, et recevoir des notifications lorsqu&rsquo;ils sont sur le point de jouer. Pour les fans qui souhaitent approfondir les statistiques et les donn\u00e9es, nous proposons diff\u00e9rents services d&rsquo;abonnement qui permettent d&rsquo;acc\u00e9der \u00e0 des graphiques et des informations plus avanc\u00e9s. Ces abonnements permettent \u00e0 NBN23 de continuer \u00e0 am\u00e9liorer l&rsquo;exp\u00e9rience de la communaut\u00e9 du basket. C&rsquo;est notre seule source de revenus, car nous offrons tous nos services gratuitement aux organisateurs.<\/p>\n<\/div>\n\t\t\t\t<\/div>\n\t\t\t\t\t\t\t<div class=\"elementor-toggle-item\">\n\t\t\t\t\t<div id=\"elementor-tab-title-3323\" class=\"elementor-tab-title\" data-tab=\"3\" role=\"button\" aria-controls=\"elementor-tab-content-3323\" aria-expanded=\"false\">\n\t\t\t\t\t\t\t\t\t\t\t\t<span class=\"elementor-toggle-icon elementor-toggle-icon-left\" aria-hidden=\"true\">\n\t\t\t\t\t\t\t\t\t\t\t\t\t\t\t<span class=\"elementor-toggle-icon-closed\"><i class=\"fas fa-caret-right\"><\/i><\/span>\n\t\t\t\t\t\t\t\t<span class=\"elementor-toggle-icon-opened\"><i class=\"elementor-toggle-icon-opened fas fa-caret-up\"><\/i><\/span>\n\t\t\t\t\t\t\t\t\t\t\t\t\t<\/span>\n\t\t\t\t\t\t\t\t\t\t\t\t<a class=\"elementor-toggle-title\" tabindex=\"0\">Pourquoi n'a-t-il pas \u00e9t\u00e9 possible de suivre le match en direct ?<\/a>\n\t\t\t\t\t<\/div>\n\n\t\t\t\t\t<div id=\"elementor-tab-content-3323\" class=\"elementor-tab-content elementor-clearfix\" data-tab=\"3\" role=\"region\" aria-labelledby=\"elementor-tab-title-3323\"><p>Pour qu&rsquo;un match puisse \u00eatre diffus\u00e9 et suivi en direct, l&rsquo;appareil du marqueur doit \u00eatre connect\u00e9 \u00e0 l&rsquo;internet. Dans certains cas, cela n&rsquo;est pas possible pour diverses raisons ind\u00e9pendantes de la volont\u00e9 de NBN23. Notre objectif est d&rsquo;atteindre 100% de matchs en direct et nous travaillons avec les f\u00e9d\u00e9rations pour y parvenir. Actuellement, nous avons atteint un pourcentage de 85% de matches diffus\u00e9s en direct.<\/p>\n<\/div>\n\t\t\t\t<\/div>\n\t\t\t\t\t\t\t<div class=\"elementor-toggle-item\">\n\t\t\t\t\t<div id=\"elementor-tab-title-3324\" class=\"elementor-tab-title\" data-tab=\"4\" role=\"button\" aria-controls=\"elementor-tab-content-3324\" aria-expanded=\"false\">\n\t\t\t\t\t\t\t\t\t\t\t\t<span class=\"elementor-toggle-icon elementor-toggle-icon-left\" aria-hidden=\"true\">\n\t\t\t\t\t\t\t\t\t\t\t\t\t\t\t<span class=\"elementor-toggle-icon-closed\"><i class=\"fas fa-caret-right\"><\/i><\/span>\n\t\t\t\t\t\t\t\t<span class=\"elementor-toggle-icon-opened\"><i class=\"elementor-toggle-icon-opened fas fa-caret-up\"><\/i><\/span>\n\t\t\t\t\t\t\t\t\t\t\t\t\t<\/span>\n\t\t\t\t\t\t\t\t\t\t\t\t<a class=\"elementor-toggle-title\" tabindex=\"0\">Pourquoi les statistiques du match ne correspondent-elles pas au match qui a \u00e9t\u00e9 jou\u00e9 ?<\/a>\n\t\t\t\t\t<\/div>\n\n\t\t\t\t\t<div id=\"elementor-tab-content-3324\" class=\"elementor-tab-content elementor-clearfix\" data-tab=\"4\" role=\"region\" aria-labelledby=\"elementor-tab-title-3324\"><p>La feuille de score num\u00e9rique nous permet d&rsquo;obtenir instantan\u00e9ment les statistiques de n&rsquo;importe quel match. Il s&rsquo;agit d&rsquo;un service qui fournit un maximum d&rsquo;informations sur un match de basket. Notre intention et celle des f\u00e9d\u00e9rations est d&rsquo;essayer de rendre les donn\u00e9es aussi pr\u00e9cises que possible et de minimiser le nombre d&rsquo;erreurs possibles. Cependant, l&rsquo;erreur humaine est toujours possible, car dans un jeu rapide, il est difficile de suivre tout ce qui se passe et il faut du temps pour apprendre. Tant NBN23 que nos partenaires (f\u00e9d\u00e9rations, organisateurs&#8230;) travaillent quotidiennement pour offrir la meilleure pr\u00e9paration \u00e0 tous les officiels.<\/p>\n<\/div>\n\t\t\t\t<\/div>\n\t\t\t\t\t\t\t<div class=\"elementor-toggle-item\">\n\t\t\t\t\t<div id=\"elementor-tab-title-3325\" class=\"elementor-tab-title\" data-tab=\"5\" role=\"button\" aria-controls=\"elementor-tab-content-3325\" aria-expanded=\"false\">\n\t\t\t\t\t\t\t\t\t\t\t\t<span class=\"elementor-toggle-icon elementor-toggle-icon-left\" aria-hidden=\"true\">\n\t\t\t\t\t\t\t\t\t\t\t\t\t\t\t<span class=\"elementor-toggle-icon-closed\"><i class=\"fas fa-caret-right\"><\/i><\/span>\n\t\t\t\t\t\t\t\t<span class=\"elementor-toggle-icon-opened\"><i class=\"elementor-toggle-icon-opened fas fa-caret-up\"><\/i><\/span>\n\t\t\t\t\t\t\t\t\t\t\t\t\t<\/span>\n\t\t\t\t\t\t\t\t\t\t\t\t<a class=\"elementor-toggle-title\" tabindex=\"0\">Pourquoi les statistiques affich\u00e9es ne correspondent-elles pas \u00e0 celles du match qui a \u00e9t\u00e9 jou\u00e9 ?<\/a>\n\t\t\t\t\t<\/div>\n\n\t\t\t\t\t<div id=\"elementor-tab-content-3325\" class=\"elementor-tab-content elementor-clearfix\" data-tab=\"5\" role=\"region\" aria-labelledby=\"elementor-tab-title-3325\"><p>La feuille de score num\u00e9rique nous permet d&rsquo;obtenir instantan\u00e9ment les statistiques de n&rsquo;importe quel match. Il s&rsquo;agit d&rsquo;un service qui fournit un maximum d&rsquo;informations sur un match de basket. Notre intention et celle des f\u00e9d\u00e9rations est d&rsquo;essayer de rendre les donn\u00e9es aussi pr\u00e9cises que possible et de minimiser le nombre d&rsquo;erreurs possibles. Cependant, l&rsquo;erreur humaine est toujours possible, car dans un jeu rapide, il est difficile de suivre tout ce qui se passe et il faut du temps pour apprendre. Tant NBN23 que nos partenaires (f\u00e9d\u00e9rations, organisateurs&#8230;) travaillent quotidiennement pour offrir la meilleure pr\u00e9paration \u00e0 tous les officiels.<\/p>\n<\/div>\n\t\t\t\t<\/div>\n\t\t\t\t\t\t\t<div class=\"elementor-toggle-item\">\n\t\t\t\t\t<div id=\"elementor-tab-title-3326\" class=\"elementor-tab-title\" data-tab=\"6\" role=\"button\" aria-controls=\"elementor-tab-content-3326\" aria-expanded=\"false\">\n\t\t\t\t\t\t\t\t\t\t\t\t<span class=\"elementor-toggle-icon elementor-toggle-icon-left\" aria-hidden=\"true\">\n\t\t\t\t\t\t\t\t\t\t\t\t\t\t\t<span class=\"elementor-toggle-icon-closed\"><i class=\"fas fa-caret-right\"><\/i><\/span>\n\t\t\t\t\t\t\t\t<span class=\"elementor-toggle-icon-opened\"><i class=\"elementor-toggle-icon-opened fas fa-caret-up\"><\/i><\/span>\n\t\t\t\t\t\t\t\t\t\t\t\t\t<\/span>\n\t\t\t\t\t\t\t\t\t\t\t\t<a class=\"elementor-toggle-title\" tabindex=\"0\">Comment puis-je contacter NBN23 ?<\/a>\n\t\t\t\t\t<\/div>\n\n\t\t\t\t\t<div id=\"elementor-tab-content-3326\" class=\"elementor-tab-content elementor-clearfix\" data-tab=\"6\" role=\"region\" aria-labelledby=\"elementor-tab-title-3326\"><p>Vous pouvez nous contacter par le biais de notre service client\u00e8le par chat, que vous trouverez \u00e0 la fois sur Swish et sur notre site web. Notre \u00e9quipe se fera un plaisir de vous aider. Vous pouvez \u00e9galement nous contacter via nos r\u00e9seaux sociaux, <strong>@nbn23basket<\/strong>, ou en envoyant un courriel \u00e0 <a href=\"mailto:marketing@nbn23.com\">marketing@nbn23.com<\/a><\/p>\n<\/div>\n\t\t\t\t<\/div>\n\t\t\t\t\t\t\t<div class=\"elementor-toggle-item\">\n\t\t\t\t\t<div id=\"elementor-tab-title-3327\" class=\"elementor-tab-title\" data-tab=\"7\" role=\"button\" aria-controls=\"elementor-tab-content-3327\" aria-expanded=\"false\">\n\t\t\t\t\t\t\t\t\t\t\t\t<span class=\"elementor-toggle-icon elementor-toggle-icon-left\" aria-hidden=\"true\">\n\t\t\t\t\t\t\t\t\t\t\t\t\t\t\t<span class=\"elementor-toggle-icon-closed\"><i class=\"fas fa-caret-right\"><\/i><\/span>\n\t\t\t\t\t\t\t\t<span class=\"elementor-toggle-icon-opened\"><i class=\"elementor-toggle-icon-opened fas fa-caret-up\"><\/i><\/span>\n\t\t\t\t\t\t\t\t\t\t\t\t\t<\/span>\n\t\t\t\t\t\t\t\t\t\t\t\t<a class=\"elementor-toggle-title\" tabindex=\"0\">Comment puis-je faire appel \u00e0 vos services ?<\/a>\n\t\t\t\t\t<\/div>\n\n\t\t\t\t\t<div id=\"elementor-tab-content-3327\" class=\"elementor-tab-content elementor-clearfix\" data-tab=\"7\" role=\"region\" aria-labelledby=\"elementor-tab-title-3327\"><p>Si vous souhaitez que votre comp\u00e9tition\/tournoi\/ligue dispose de statistiques et d&rsquo;un suivi en direct depuis n&rsquo;importe o\u00f9, il vous suffit d&rsquo;envoyer un courriel \u00e0 <a href=\"mailto:sales@nbn23.com\">sales@nbn23.com<\/a> et nous vous contacterons.<\/p>\n<\/div>\n\t\t\t\t<\/div>\n\t\t\t\t\t\t\t<div class=\"elementor-toggle-item\">\n\t\t\t\t\t<div id=\"elementor-tab-title-3328\" class=\"elementor-tab-title\" data-tab=\"8\" role=\"button\" aria-controls=\"elementor-tab-content-3328\" aria-expanded=\"false\">\n\t\t\t\t\t\t\t\t\t\t\t\t<span class=\"elementor-toggle-icon elementor-toggle-icon-left\" aria-hidden=\"true\">\n\t\t\t\t\t\t\t\t\t\t\t\t\t\t\t<span class=\"elementor-toggle-icon-closed\"><i class=\"fas fa-caret-right\"><\/i><\/span>\n\t\t\t\t\t\t\t\t<span class=\"elementor-toggle-icon-opened\"><i class=\"elementor-toggle-icon-opened fas fa-caret-up\"><\/i><\/span>\n\t\t\t\t\t\t\t\t\t\t\t\t\t<\/span>\n\t\t\t\t\t\t\t\t\t\t\t\t<a class=\"elementor-toggle-title\" tabindex=\"0\">Comment puis-je me d\u00e9sinscrire de GOLD ?<\/a>\n\t\t\t\t\t<\/div>\n\n\t\t\t\t\t<div id=\"elementor-tab-content-3328\" class=\"elementor-tab-content elementor-clearfix\" data-tab=\"8\" role=\"region\" aria-labelledby=\"elementor-tab-title-3328\"><p>Vous pouvez r\u00e9silier vous-m\u00eame votre abonnement \u00e0 tout moment. Depuis votre profil Swish, dans la section \u00ab\u00a0<strong>Mon abonnement<\/strong>\u00ab\u00a0, cliquez sur le bouton \u00ab\u00a0<strong>Annuler l&rsquo;abonnement Gold<\/strong>\u00ab\u00a0. Vous pouvez \u00e9galement le faire en vous rendant directement dans la gestion de votre abonnement dans Google Play ou App Store.<\/p>\n<\/div>\n\t\t\t\t<\/div>\n\t\t\t\t\t\t\t<div class=\"elementor-toggle-item\">\n\t\t\t\t\t<div id=\"elementor-tab-title-3329\" class=\"elementor-tab-title\" data-tab=\"9\" role=\"button\" aria-controls=\"elementor-tab-content-3329\" aria-expanded=\"false\">\n\t\t\t\t\t\t\t\t\t\t\t\t<span class=\"elementor-toggle-icon elementor-toggle-icon-left\" aria-hidden=\"true\">\n\t\t\t\t\t\t\t\t\t\t\t\t\t\t\t<span class=\"elementor-toggle-icon-closed\"><i class=\"fas fa-caret-right\"><\/i><\/span>\n\t\t\t\t\t\t\t\t<span class=\"elementor-toggle-icon-opened\"><i class=\"elementor-toggle-icon-opened fas fa-caret-up\"><\/i><\/span>\n\t\t\t\t\t\t\t\t\t\t\t\t\t<\/span>\n\t\t\t\t\t\t\t\t\t\t\t\t<a class=\"elementor-toggle-title\" tabindex=\"0\">Comment puis-je personnaliser mon \u00e9cran d'accueil ?<\/a>\n\t\t\t\t\t<\/div>\n\n\t\t\t\t\t<div id=\"elementor-tab-content-3329\" class=\"elementor-tab-content elementor-clearfix\" data-tab=\"9\" role=\"region\" aria-labelledby=\"elementor-tab-title-3329\"><p>Pour b\u00e9n\u00e9ficier des avantages de la nouvelle mise \u00e0 jour et pouvoir voir sur l&rsquo;\u00e9cran d&rsquo;accueil les contenus qui vous int\u00e9ressent le plus, il vous suffit de suivre des joueurs et des \u00e9quipes, et vous disposerez d&rsquo;informations personnalis\u00e9es sur chacun d&rsquo;entre eux.<\/p>\n<\/div>\n\t\t\t\t<\/div>\n\t\t\t\t\t\t\t<div class=\"elementor-toggle-item\">\n\t\t\t\t\t<div id=\"elementor-tab-title-33210\" class=\"elementor-tab-title\" data-tab=\"10\" role=\"button\" aria-controls=\"elementor-tab-content-33210\" aria-expanded=\"false\">\n\t\t\t\t\t\t\t\t\t\t\t\t<span class=\"elementor-toggle-icon elementor-toggle-icon-left\" aria-hidden=\"true\">\n\t\t\t\t\t\t\t\t\t\t\t\t\t\t\t<span class=\"elementor-toggle-icon-closed\"><i class=\"fas fa-caret-right\"><\/i><\/span>\n\t\t\t\t\t\t\t\t<span class=\"elementor-toggle-icon-opened\"><i class=\"elementor-toggle-icon-opened fas fa-caret-up\"><\/i><\/span>\n\t\t\t\t\t\t\t\t\t\t\t\t\t<\/span>\n\t\t\t\t\t\t\t\t\t\t\t\t<a class=\"elementor-toggle-title\" tabindex=\"0\">J'ai des difficult\u00e9s \u00e0 m'inscrire au service Gold, comment dois-je proc\u00e9der ?<\/a>\n\t\t\t\t\t<\/div>\n\n\t\t\t\t\t<div id=\"elementor-tab-content-33210\" class=\"elementor-tab-content elementor-clearfix\" data-tab=\"10\" role=\"region\" aria-labelledby=\"elementor-tab-title-33210\"><p>Dans ce cas, vous pouvez nous contacter via notre chat d&rsquo;assistance \u00e0 la client\u00e8le, que vous trouverez sur Swish ou sur notre site web, ou en nous envoyant un courriel \u00e0 l&rsquo;adresse suivante <a href=\"mailto:support@nbn23.com\">support@nbn23.com<\/a><\/p>\n<\/div>\n\t\t\t\t<\/div>\n\t\t\t\t\t\t\t<div class=\"elementor-toggle-item\">\n\t\t\t\t\t<div id=\"elementor-tab-title-33211\" class=\"elementor-tab-title\" data-tab=\"11\" role=\"button\" aria-controls=\"elementor-tab-content-33211\" aria-expanded=\"false\">\n\t\t\t\t\t\t\t\t\t\t\t\t<span class=\"elementor-toggle-icon elementor-toggle-icon-left\" aria-hidden=\"true\">\n\t\t\t\t\t\t\t\t\t\t\t\t\t\t\t<span class=\"elementor-toggle-icon-closed\"><i class=\"fas fa-caret-right\"><\/i><\/span>\n\t\t\t\t\t\t\t\t<span class=\"elementor-toggle-icon-opened\"><i class=\"elementor-toggle-icon-opened fas fa-caret-up\"><\/i><\/span>\n\t\t\t\t\t\t\t\t\t\t\t\t\t<\/span>\n\t\t\t\t\t\t\t\t\t\t\t\t<a class=\"elementor-toggle-title\" tabindex=\"0\">Comment puis-je annuler mon compte d'utilisateur dans Swish ?<\/a>\n\t\t\t\t\t<\/div>\n\n\t\t\t\t\t<div id=\"elementor-tab-content-33211\" class=\"elementor-tab-content elementor-clearfix\" data-tab=\"11\" role=\"region\" aria-labelledby=\"elementor-tab-title-33211\"><p>Pour supprimer votre compte utilisateur dans Swish, acc\u00e9dez \u00e0 votre vue de profil, allez dans les param\u00e8tres du compte et cliquez sur &lsquo;Supprimer mon compte&rsquo;.<\/p>\n<p>Si vous avez un abonnement actif et que vous supprimez votre compte, l&rsquo;abonnement restera actif jusqu&rsquo;\u00e0 son expiration.<\/p>\n<\/div>\n\t\t\t\t<\/div>\n\t\t\t\t\t\t\t\t<\/div>\n\t\t\t\t\t\t<\/div>\n\t\t\t\t<\/div>\n\t\t\t\t\t<\/div>\n\t\t<\/div>\n\t\t\t\t\t<\/div>\n\t\t<\/section>\n\t\t\t\t<\/div>\n\t\t","protected":false},"excerpt":{"rendered":"<p>Swish est-il disponible sur Android et iOS ? Swish est disponible sur les plateformes Android et iOS afin que chacun puisse profiter du basket-ball en direct. Vous pouvez le t\u00e9l\u00e9charger dans la version de votre choix \u00e0 partir de ces liens : Apple \u00a0 \u00a0\u00a0Android Quelle est la raison d&rsquo;\u00eatre des services d&rsquo;abonnement ? Sur [&hellip;]<\/p>\n","protected":false},"author":2,"featured_media":0,"parent":0,"menu_order":0,"comment_status":"closed","ping_status":"closed","template":"","meta":{"_exactmetrics_skip_tracking":false,"_exactmetrics_sitenote_active":false,"_exactmetrics_sitenote_note":"","_exactmetrics_sitenote_category":0,"footnotes":""},"class_list":["post-25052","page","type-page","status-publish","hentry"],"blocksy_meta":{"styles_descriptor":{"styles":{"desktop":"","tablet":"","mobile":""},"google_fonts":[],"version":6}},"aioseo_notices":[],"_links":{"self":[{"href":"https:\/\/nbn23.com\/fr\/wp-json\/wp\/v2\/pages\/25052","targetHints":{"allow":["GET"]}}],"collection":[{"href":"https:\/\/nbn23.com\/fr\/wp-json\/wp\/v2\/pages"}],"about":[{"href":"https:\/\/nbn23.com\/fr\/wp-json\/wp\/v2\/types\/page"}],"author":[{"embeddable":true,"href":"https:\/\/nbn23.com\/fr\/wp-json\/wp\/v2\/users\/2"}],"replies":[{"embeddable":true,"href":"https:\/\/nbn23.com\/fr\/wp-json\/wp\/v2\/comments?post=25052"}],"version-history":[{"count":2,"href":"https:\/\/nbn23.com\/fr\/wp-json\/wp\/v2\/pages\/25052\/revisions"}],"predecessor-version":[{"id":28750,"href":"https:\/\/nbn23.com\/fr\/wp-json\/wp\/v2\/pages\/25052\/revisions\/28750"}],"wp:attachment":[{"href":"https:\/\/nbn23.com\/fr\/wp-json\/wp\/v2\/media?parent=25052"}],"curies":[{"name":"wp","href":"https:\/\/api.w.org\/{rel}","templated":true}]}}