{"id":5618,"date":"2019-10-04T09:27:29","date_gmt":"2019-10-04T07:27:29","guid":{"rendered":"https:\/\/nbn23.com\/?page_id=5618"},"modified":"2020-03-05T10:56:09","modified_gmt":"2020-03-05T08:56:09","slug":"green-care","status":"publish","type":"page","link":"https:\/\/nbn23.com\/es\/green-care\/","title":{"rendered":"Green Care"},"content":{"rendered":"<p>[vc_row full_width=\u00bbstretch_row\u00bb css=\u00bb.vc_custom_1569587678199{background-image: url(https:\/\/nbn23.com\/wp-content\/uploads\/2019\/09\/karsten-wurth-karsten-wuerth-ZKWgoRUYuMk-unsplash.jpg?id=5620) !important;}\u00bb][vc_column][foundry_hero layout=\u00bbintro-centered\u00bb image=\u00bb5620&#8243;]<\/p>\n<h1 class=\"large uppercase mb16\" style=\"text-align: center;\">POR UN <strong>PLANETA VERDE<\/strong><\/h1>\n<h5 class=\"uppercase mb0\" style=\"text-align: center;\">SOMOS UNA EMPRESA ECO-FRIENDLY<\/h5>\n<p>[\/foundry_hero][\/vc_column][\/vc_row][vc_row foundry_vertical_align=\u00bbyes\u00bb][vc_column][vc_column_text][everest_counter id=&#8217;6052&#8242;][\/vc_column_text][vc_column_text]<\/p>\n<h2 class=\"uppercase color-primary\" style=\"text-align: center;\">UN LUGAR SOSTENIBLE Y ECOL\u00d3GICO<\/h2>\n<hr \/>\n<p style=\"text-align: center;\">En NBN23 tratamos de cuidar el medio ambiente de una manera sana y digital, MUY DIGITAL. Con nuestros productos evitamos el consumo de papel diario, transformamos los m\u00e9todos tradicionales del deporte en una experiencia digital y limpia. Adem\u00e1s, nuestra pol\u00edtica de empresa cuida el medio-ambiente tratando de no consumir aquellos elementos dif\u00edciles de reciclar. \u00bfQuieres ver nuestras costumbres? Sigue leyendo \ud83d\ude09<\/p>\n<p>[\/vc_column_text][\/vc_column][\/vc_row][vc_row css=\u00bb.vc_custom_1569595108096{background-image: url(https:\/\/nbn23.com\/wp-content\/uploads\/2019\/09\/bg-2.jpg?id=5657) !important;}\u00bb][vc_column][foundry_text_image layout=\u00bbshadow-left\u00bb image=\u00bb573&#8243;][vc_column_text]<\/p>\n<h2 class=\"uppercase color-primary\"><strong>MOVIMIENTO DIGITAL<\/strong><\/h2>\n<h5 class=\"uppercase\">Actualmente 15,3 mil millones de <b>\u00e1rboles<\/b> son <b>talados<\/b> cada a\u00f1o<\/h5>\n<hr \/>\n<p class=\"mb0\">Se han talado casi la mitad del n\u00famero de \u00e1rboles en el planeta, y hemos podido ver los impactos que han sufrido el clima y la salud p\u00fablica a causa de esto. En NBN23 somos conscientes de ello y queremos digitalizar el mundo.<\/p>\n<p>[\/vc_column_text][\/foundry_text_image][\/vc_column][\/vc_row][vc_row css=\u00bb.vc_custom_1569595209564{background-color: #e7ebee !important;}\u00bb][vc_column width=\u00bb1\/4&#8243; css=\u00bb.vc_custom_1569595470422{padding-top: 24px !important;padding-right: 24px !important;padding-bottom: 24px !important;padding-left: 24px !important;background-color: #ffffff !important;border-radius: 4px !important;}\u00bb][vc_column_text]<\/p>\n<h5><strong>100% DIGITAL<\/strong><\/h5>\n<p>[\/vc_column_text][vc_column_text]NBN23 cuenta con 3 productos digitales, pensados para tablet y m\u00f3vil, que no requieren del uso de papel.[\/vc_column_text][\/vc_column][vc_column width=\u00bb1\/4&#8243; css=\u00bb.vc_custom_1569595513589{padding-top: 24px !important;padding-right: 24px !important;padding-bottom: 24px !important;padding-left: 24px !important;background-color: #ffffff !important;border-radius: 4px !important;}\u00bb][vc_column_text]<\/p>\n<h5><strong>TRANSPARENCIA<\/strong><\/h5>\n<p>[\/vc_column_text][vc_column_text]Adi\u00f3s a las tarjetas de visita. Nuestros clientes cuentan con los datos de contacto en el momento de la reuni\u00f3n a trav\u00e9s de LinkedIn sin fomentar el uso del papel.[\/vc_column_text][\/vc_column][vc_column width=\u00bb1\/4&#8243; css=\u00bb.vc_custom_1569595525957{padding-top: 24px !important;padding-right: 24px !important;padding-bottom: 24px !important;padding-left: 24px !important;background-color: #ffffff !important;border-radius: 4px !important;}\u00bb][vc_column_text]<\/p>\n<h5><strong>CONCIENCIA<\/strong><\/h5>\n<p>[\/vc_column_text][vc_column_text]Cambiar las botellas o vasos de pl\u00e1stico en la oficina, no cuesta nada. S\u00famate al reto de no consumir pl\u00e1stico.[\/vc_column_text][\/vc_column][vc_column width=\u00bb1\/4&#8243; css=\u00bb.vc_custom_1569595554404{padding-top: 24px !important;padding-right: 24px !important;padding-bottom: 24px !important;padding-left: 24px !important;background-color: #ffffff !important;border-radius: 4px !important;}\u00bb][vc_column_text]<\/p>\n<h5><strong>ACUERDOS DIGITALES<\/strong><\/h5>\n<p>[\/vc_column_text][vc_column_text]Sabemos que hoy en d\u00eda no es necesario imprimir contratos para poder firmarlos. En NBN23 tenemos firma digital y \u00a1es lo mejor del mundo![\/vc_column_text][\/vc_column][\/vc_row][vc_row][vc_column][foundry_text_image layout=\u00bbshadow-right\u00bb image=\u00bb4962&#8243;][vc_column_text]<\/p>\n<h2 class=\"uppercase color-primary\">AMBIENTE SOSTENIBLE<\/h2>\n<h5 class=\"uppercase\">Igualdad, diversidad y cultura<\/h5>\n<hr \/>\n<p class=\"mb0\">Reciclamos y protegemos el medio ambiente extendiendo esta concienciaci\u00f3n a todo nuestro equipo. Estamos repartidos por todo el mundo, llegando a los 5 continentes con una misma forma de pensar.\u00a0La diversidad es parte de nuestro ADN como empresa, en nuestra plantilla ya somos m\u00e1s de 9 nacionalidades distintas\u00a0dispuestas a cambiar el mundo.<\/p>\n<p>[\/vc_column_text][\/foundry_text_image][\/vc_column][\/vc_row][vc_row css=\u00bb.vc_custom_1570025423445{background-image: url(https:\/\/nbn23.com\/wp-content\/uploads\/2019\/10\/bg_family.jpg?id=5726) !important;}\u00bb][vc_column width=\u00bb3\/12&#8243;][\/vc_column][vc_column width=\u00bb6\/12&#8243;][vc_column_text]<\/p>\n<h3 class=\"uppercase mb40\" style=\"text-align: center;\">CONCILIACI\u00d3N FAMILIAR<\/h3>\n<p>[\/vc_column_text][vc_column_text]<\/p>\n<p style=\"color: white; text-align: center;\">En NBN23 disfrutamos del trabajo, pero tambi\u00e9n de la vida familiar. La conciliaci\u00f3n del mundo laboral con el mundo personal es muy importante y valioso, y nosotros \u00a1lo sabemos!.\u00a0Como dice <em><strong>Javier Bosch, CEO<\/strong>: \u00ablo primero es la familia\u00bb.<\/em><\/p>\n<p>[\/vc_column_text][\/vc_column][vc_column width=\u00bb3\/12&#8243;][\/vc_column][\/vc_row][vc_row foundry_background_style=\u00bbbg-secondary\u00bb css=\u00bb.vc_custom_1570094485127{background-color: #e7ebee !important;}\u00bb][vc_column width=\u00bb1\/6&#8243;][\/vc_column][vc_column width=\u00bb2\/3&#8243;][vc_column_text]<\/p>\n<h2 class=\"uppercase color-primary\" style=\"text-align: center;\">EL EQUIPO<\/h2>\n<p class=\"lead\" style=\"text-align: center;\">\u00a1Este es el sentimiento que se respira!<\/p>\n<p>[\/vc_column_text][\/vc_column][vc_column width=\u00bb1\/6&#8243;][\/vc_column][vc_column css=\u00bb.vc_custom_1570095191766{background-color: #ffffff !important;}\u00bb][foundry_half_carousel][foundry_half_carousel_content image=\u00bb6162&#8243;]<strong>Miguel Bull\u00f3n<\/strong><\/p>\n<h6><em>Executive President<\/em><\/h6>\n<p>\u00abSomos 100% tecnolog\u00eda pero 200% HUMANOS, para nosotros cuidar y mejorar el entorno donde vivimos es una parte clave de nuestra misi\u00f3n empresarial. Gracias a nuestra tecnolog\u00eda hemos logrado contribuir al medio ambiente hasta la fecha, el equivalente a m\u00e1s de 20.000 \u00e1rboles.\u00bb[\/foundry_half_carousel_content][foundry_half_carousel_content image=\u00bb6150\u00bb]<strong>Agata S\u00e1nchez<\/strong><\/p>\n<h6>Administration Technician<\/h6>\n<p>\u00abLa tierra proporciona lo suficiente para satisfacer las necesidades del hombre, y en NBN23\u00a0 mediante la tecnolog\u00eda que incorporamos en el d\u00eda a d\u00eda intentamos que el futuro de esta sea lo m\u00e1s longevo posible.\u00bb[\/foundry_half_carousel_content][foundry_half_carousel_content image=\u00bb6042\u00bb]<strong>Natalia Torres<\/strong><\/p>\n<h6>UX &amp; Design Product Manager<\/h6>\n<p>\u00abContribuir al medio ambiente ya sea por el poco consumo de papel, evitar contaminaci\u00f3n con veh\u00edculos o reciclando en nuestra casa, son acciones que aseguran una vida m\u00e1s sana a las pr\u00f3ximas generaciones. A parte de conseguir cosas incre\u00edbles gracias a la tecnolog\u00eda, luchamos por no destruir el mundo.\u00bb[\/foundry_half_carousel_content][\/foundry_half_carousel][\/vc_column][\/vc_row]<\/p>\n","protected":false},"excerpt":{"rendered":"<p>[vc_row full_width=\u00bbstretch_row\u00bb css=\u00bb.vc_custom_1569587678199{background-image: url(https:\/\/nbn23.com\/wp-content\/uploads\/2019\/09\/karsten-wurth-karsten-wuerth-ZKWgoRUYuMk-unsplash.jpg?id=5620) !important;}\u00bb][vc_column][foundry_hero layout=\u00bbintro-centered\u00bb image=\u00bb5620&#8243;] POR UN PLANETA VERDE SOMOS UNA EMPRESA ECO-FRIENDLY [\/foundry_hero][\/vc_column][\/vc_row][vc_row foundry_vertical_align=\u00bbyes\u00bb][vc_column][vc_column_text][everest_counter id=&#8217;6052&#8242;][\/vc_column_text][vc_column_text] UN LUGAR SOSTENIBLE Y ECOL\u00d3GICO En NBN23 tratamos de cuidar el medio ambiente de una manera sana y digital, MUY DIGITAL. Con nuestros productos evitamos el consumo de papel diario, transformamos los m\u00e9todos tradicionales del deporte en [&hellip;]<\/p>\n","protected":false},"author":2,"featured_media":5772,"parent":0,"menu_order":0,"comment_status":"closed","ping_status":"closed","template":"","meta":{"_exactmetrics_skip_tracking":false,"_exactmetrics_sitenote_active":false,"_exactmetrics_sitenote_note":"","_exactmetrics_sitenote_category":0,"footnotes":""},"class_list":["post-5618","page","type-page","status-publish","has-post-thumbnail","hentry"],"blocksy_meta":{"styles_descriptor":{"styles":{"desktop":"","tablet":"","mobile":""},"google_fonts":[],"version":6}},"aioseo_notices":[],"_links":{"self":[{"href":"https:\/\/nbn23.com\/es\/wp-json\/wp\/v2\/pages\/5618","targetHints":{"allow":["GET"]}}],"collection":[{"href":"https:\/\/nbn23.com\/es\/wp-json\/wp\/v2\/pages"}],"about":[{"href":"https:\/\/nbn23.com\/es\/wp-json\/wp\/v2\/types\/page"}],"author":[{"embeddable":true,"href":"https:\/\/nbn23.com\/es\/wp-json\/wp\/v2\/users\/2"}],"replies":[{"embeddable":true,"href":"https:\/\/nbn23.com\/es\/wp-json\/wp\/v2\/comments?post=5618"}],"version-history":[{"count":73,"href":"https:\/\/nbn23.com\/es\/wp-json\/wp\/v2\/pages\/5618\/revisions"}],"predecessor-version":[{"id":6167,"href":"https:\/\/nbn23.com\/es\/wp-json\/wp\/v2\/pages\/5618\/revisions\/6167"}],"wp:featuredmedia":[{"embeddable":true,"href":"https:\/\/nbn23.com\/es\/wp-json\/wp\/v2\/media\/5772"}],"wp:attachment":[{"href":"https:\/\/nbn23.com\/es\/wp-json\/wp\/v2\/media?parent=5618"}],"curies":[{"name":"wp","href":"https:\/\/api.w.org\/{rel}","templated":true}]}}