{"id":5346,"date":"2019-09-18T14:45:49","date_gmt":"2019-09-18T12:45:49","guid":{"rendered":"https:\/\/nbn23.com\/?page_id=5346"},"modified":"2021-11-04T13:14:38","modified_gmt":"2021-11-04T11:14:38","slug":"aviso-legal","status":"publish","type":"page","link":"https:\/\/nbn23.com\/es\/aviso-legal\/","title":{"rendered":"Aviso legal"},"content":{"rendered":"<p>[vc_row][vc_column][vc_column_text]El titular y prestador de servicios de la sociedad de la informaci\u00f3n a trav\u00e9s del sitio web\u00a0<a href=\"https:\/\/nbn23.com\/\"><strong>www.nbn23.com<\/strong><\/a>\u00a0es NBN23 S.L.U., (en adelante NBN23), con C.I.F.B-40634206, domicilio social en Juan de la Cierva, 27 46980 Paterna (Valencia) y domicilio a efectos de notificaciones en C\/ Juan de la Cierva 27 Wellness Building 1 Planta 3, Parque Tecnol\u00f3gico 46980 Paterna (Valencia), inscrita en el Registro Mercantil de Valencia.<\/p>\n<p>Esta informaci\u00f3n legal se completa con las\u00a0<a href=\"\/?page_id=5428\"><strong>condiciones generales de uso,<\/strong><\/a>la pol\u00edtica de privacidad y la\u00a0<a href=\"\/?page_id=4264\"><strong>pol\u00edtica<\/strong><\/a>\u00a0<a href=\"https:\/\/nbn23.com\/cookies-policy\/\"><strong>de cookies<\/strong><\/a>de NBN23.<\/p>\n<p>Para cualquier duda o contacto con NBN23, los usuarios pueden comunicarse a trav\u00e9s del siguiente n\u00famero de tel\u00e9fono 96.102.26.00 y direcci\u00f3n de correo electr\u00f3nico\u00a0<a href=\"mailto:administracion@nbn23.com\"><strong>administracion@nbn23.com.<\/strong><\/a>[\/vc_column_text][\/vc_column][\/vc_row]<\/p>\n","protected":false},"excerpt":{"rendered":"<p>[vc_row][vc_column][vc_column_text]El titular y prestador de servicios de la sociedad de la informaci\u00f3n a trav\u00e9s del sitio web\u00a0www.nbn23.com\u00a0es NBN23 S.L.U., (en adelante NBN23), con C.I.F.B-40634206, domicilio social en Juan de la Cierva, 27 46980 Paterna (Valencia) y domicilio a efectos de notificaciones en C\/ Juan de la Cierva 27 Wellness Building 1 Planta 3, Parque Tecnol\u00f3gico [&hellip;]<\/p>\n","protected":false},"author":2,"featured_media":0,"parent":0,"menu_order":0,"comment_status":"closed","ping_status":"closed","template":"","meta":{"_exactmetrics_skip_tracking":false,"_exactmetrics_sitenote_active":false,"_exactmetrics_sitenote_note":"","_exactmetrics_sitenote_category":0,"footnotes":""},"class_list":["post-5346","page","type-page","status-publish","hentry"],"blocksy_meta":{"styles_descriptor":{"styles":{"desktop":"","tablet":"","mobile":""},"google_fonts":[],"version":6}},"aioseo_notices":[],"_links":{"self":[{"href":"https:\/\/nbn23.com\/es\/wp-json\/wp\/v2\/pages\/5346","targetHints":{"allow":["GET"]}}],"collection":[{"href":"https:\/\/nbn23.com\/es\/wp-json\/wp\/v2\/pages"}],"about":[{"href":"https:\/\/nbn23.com\/es\/wp-json\/wp\/v2\/types\/page"}],"author":[{"embeddable":true,"href":"https:\/\/nbn23.com\/es\/wp-json\/wp\/v2\/users\/2"}],"replies":[{"embeddable":true,"href":"https:\/\/nbn23.com\/es\/wp-json\/wp\/v2\/comments?post=5346"}],"version-history":[{"count":4,"href":"https:\/\/nbn23.com\/es\/wp-json\/wp\/v2\/pages\/5346\/revisions"}],"predecessor-version":[{"id":15058,"href":"https:\/\/nbn23.com\/es\/wp-json\/wp\/v2\/pages\/5346\/revisions\/15058"}],"wp:attachment":[{"href":"https:\/\/nbn23.com\/es\/wp-json\/wp\/v2\/media?parent=5346"}],"curies":[{"name":"wp","href":"https:\/\/api.w.org\/{rel}","templated":true}]}}