{"id":35586,"date":"2025-10-15T13:48:38","date_gmt":"2025-10-15T11:48:38","guid":{"rendered":"https:\/\/nbn23.com\/nbn23-home-page-fiba\/"},"modified":"2025-10-16T10:06:52","modified_gmt":"2025-10-16T08:06:52","slug":"nbn23-home-page-fiba","status":"publish","type":"page","link":"https:\/\/nbn23.com\/es\/","title":{"rendered":"NBN23 Home Page &#8211; FIBA"},"content":{"rendered":"\t\t<div data-elementor-type=\"wp-page\" data-elementor-id=\"35586\" class=\"elementor elementor-35586 elementor-35389\" data-elementor-post-type=\"page\">\n\t\t\t\t\t\t<section class=\"elementor-section elementor-top-section elementor-element elementor-element-e8b532c elementor-section-boxed elementor-section-height-default elementor-section-height-default\" data-id=\"e8b532c\" data-element_type=\"section\" data-e-type=\"section\">\n\t\t\t\t\t\t<div class=\"elementor-container elementor-column-gap-default\">\n\t\t\t\t\t<div class=\"elementor-column elementor-col-100 elementor-top-column elementor-element elementor-element-9f7a2a1\" data-id=\"9f7a2a1\" data-element_type=\"column\" data-e-type=\"column\">\n\t\t\t<div class=\"elementor-widget-wrap elementor-element-populated\">\n\t\t\t\t\t\t<div class=\"elementor-element elementor-element-e677b5d elementor-widget__width-initial elementor-widget elementor-widget-html\" data-id=\"e677b5d\" data-element_type=\"widget\" data-e-type=\"widget\" data-widget_type=\"html.default\">\n\t\t\t\t<div class=\"elementor-widget-container\">\n\t\t\t\t\t<!DOCTYPE html><br><html lang=\"es\"><br><head>\r\n  <meta charset=\"UTF-8\" \/>\r\n  <meta name=\"viewport\" content=\"width=device-width, initial-scale=1.0\" \/>\r\n  <title>NBN23 x FIBA Aprobaci\u00f3n<\/title>\r\n  <link rel=\"stylesheet\" href=\"style.css\" \/>\r\n<\/head><br><body><br><br>  <!-- HERO --><br>  <section class=\"hero\">\r\n  <video autoplay muted loop playsinline class=\"hero-video\">\r\n    <source src=\"https:\/\/nbn23.com\/wp-content\/uploads\/2025\/10\/Banner-Website-video-1.mp4\" type=\"video\/mp4\">\r\n  <\/video>\r\n\r\n  <div class=\"hero-overlay\"><\/div>\r\n\r\n  <div class=\"hero-content\">\r\n    <h1>Oficialmente aprobado por <span class=\"highlight\">FIBA<\/span><\/h1>\r\n\r\n    <p class=\"hero-subtext\">\r\n      Impulsando el baloncesto juvenil y de base con estad\u00edsticas en tiempo real, actas digitales y experiencias conectadas para federaciones, jugadores y aficionados.\r\n    <\/p>\r\n\r\n    <div class=\"fiba-center\">\r\n      <img decoding=\"async\" src=\"https:\/\/nbn23.com\/wp-content\/uploads\/2025\/10\/FIBA-endorsed-1.png\" alt=\"Logo FIBA\" class=\"fiba-logo\">\r\n    <\/div>\r\n\r\n    <div class=\"hero-logos\">\r\n      <div class=\"logo-item\">\r\n        <img decoding=\"async\" src=\"https:\/\/nbn23.com\/wp-content\/uploads\/2025\/10\/Logo-Swish-whit.png\" alt=\"Logo Swish\">\r\n      <\/div>\r\n      <div class=\"logo-item\">\r\n        <img decoding=\"async\" src=\"https:\/\/nbn23.com\/wp-content\/uploads\/2025\/10\/Inagme-logo-e1760449173398.png\" alt=\"Logo InGame\">\r\n      <\/div>\r\n    <\/div>\r\n\r\n    <div class=\"hero-buttons\">\r\n      <a href=\"https:\/\/swishbynbn23.com\/de\" class=\"btn orange\">Explorar Swish<\/a>\r\n      <a href=\"https:\/\/nbn23.com\/es\/ingame\/\" class=\"btn blue\">Explorar InGame<\/a>\r\n      <a href=\"https:\/\/nbn23.com\/es\/de-las-canchas-locales-al-estandar-global-nbn23-ahora-esta-oficialmente-avalada-por-fiba\/\" class=\"btn dark\">Leer el anuncio de FIBA<\/a>\r\n    <\/div>\r\n  <\/div>\r\n<\/section><br><br><section class=\"trust-section\">\r\n  <h2>Confiado por federaciones, ligas y clubes<\/h2>\r\n\r\n  <div class=\"trust-stats\">\r\n    <div class=\"trust-box\">\r\n      <span class=\"highlight\">900.000+<\/span>\r\n      <p>Partidos<\/p>\r\n    <\/div>\r\n    <div class=\"trust-box\">\r\n      <span class=\"highlight\">70+<\/span>\r\n      <p>Pa\u00edses<\/p>\r\n    <\/div>\r\n    <div class=\"trust-box\">\r\n      <span class=\"highlight\">3.000+<\/span>\r\n      <p>Competiciones<\/p>\r\n    <\/div>\r\n  <\/div>\r\n\r\n  <div class=\"trust-logos\">\r\n    <img decoding=\"async\" src=\"https:\/\/nbn23.com\/wp-content\/uploads\/2023\/01\/12.png\" alt=\"FIBA\" \/>\r\n    <img decoding=\"async\" src=\"https:\/\/nbn23.com\/wp-content\/uploads\/2023\/01\/swiss-1.png\" alt=\"Baloncesto Suizo\" \/>\r\n    <img decoding=\"async\" src=\"https:\/\/nbn23.com\/wp-content\/uploads\/2023\/01\/9.png\" alt=\"DBB\" \/>\r\n    <img decoding=\"async\" src=\"https:\/\/nbn23.com\/wp-content\/uploads\/2023\/01\/8.png\" alt=\"Jr. NBA\" \/>\r\n    <img decoding=\"async\" src=\"https:\/\/nbn23.com\/wp-content\/uploads\/2023\/01\/1.png\" alt=\"FIP Italia\" \/>\r\n    <img decoding=\"async\" src=\"https:\/\/nbn23.com\/wp-content\/uploads\/2023\/01\/3-1.png\" alt=\"Baloncesto Checo\" \/>\r\n    <img decoding=\"async\" src=\"https:\/\/nbn23.com\/wp-content\/uploads\/2023\/01\/2.png\" alt=\"Federaci\u00f3n de Canarias\" \/>\r\n    <img decoding=\"async\" src=\"https:\/\/nbn23.com\/wp-content\/uploads\/2023\/01\/11.png\" alt=\"Baloncesto Portugal\" \/>\r\n    <img decoding=\"async\" src=\"https:\/\/nbn23.com\/wp-content\/uploads\/2023\/01\/4.png\" alt=\"RYZE\" \/>\r\n  <\/div>\r\n<\/section><br><br><!-- SWISH --><br><section class=\"product swish\">\r\n  <img decoding=\"async\" src=\"https:\/\/nbn23.com\/wp-content\/uploads\/2025\/10\/Swish-icon.png\" alt=\"Icono Swish\">\r\n  <div class=\"text\">\r\n    <h2>Swish. Todo el baloncesto, todas las estad\u00edsticas.<\/h2>\r\n    <p>Swish conecta a aficionados, jugadores y federaciones con datos en tiempo real y seguimiento de partidos en vivo. Tu casa digital para el baloncesto.<\/p>\r\n    <ul>\r\n      <li>Estad\u00edsticas en vivo de cada partido<\/li>\r\n      <li>Sigue a tus jugadores y equipos favoritos<\/li>\r\n      <li>Disponible en todo el mundo<\/li>\r\n    <\/ul>\r\n    <a href=\"https:\/\/swishbynbn23.com\/de\" class=\"btn primary\">Explorar Swish<\/a>\r\n  <\/div>\r\n<\/section><br><br><!-- INGAME --><br><section class=\"product ingame\">\r\n  <img decoding=\"async\" src=\"https:\/\/nbn23.com\/wp-content\/uploads\/2025\/10\/Ingame-icon.png\" alt=\"Icono InGame\">\r\n  <div class=\"text\">\r\n    <h2>InGame. El acta digital para cada cancha.<\/h2>\r\n    <p>InGame reemplaza el papel con una app sencilla y conforme a FIBA. Registra todas las estad\u00edsticas en vivo y se conecta autom\u00e1ticamente con las bases de datos de las federaciones.<\/p>\r\n    <ul>\r\n      <li>Captura r\u00e1pida y precisa de estad\u00edsticas<\/li>\r\n      <li>Integraci\u00f3n directa con federaciones<\/li>\r\n      <li>Funciona sin conexi\u00f3n en cualquier pabell\u00f3n<\/li>\r\n    <\/ul>\r\n    <a href=\"https:\/\/nbn23.com\/es\/ingame\/\" class=\"btn secondary\">Explorar InGame<\/a>\r\n  <\/div>\r\n<\/section><br><br><!-- FIBA ANNOUNCEMENT --><br><section class=\"fiba\">\r\n  <img decoding=\"async\" src=\"https:\/\/nbn23.com\/wp-content\/uploads\/2023\/02\/javi.jpg\" alt=\"Javier Bosch\" class=\"ceo\">\r\n  <h2>Aprobaci\u00f3n FIBA. Reconocimiento global con foco en juventud y formaci\u00f3n.<\/h2>\r\n  <p>Esta alianza valida el est\u00e1ndar que hemos construido para oficiales y organizadores. Prioriza la visibilidad y el desarrollo.<\/p>\r\n  <a href=\"https:\/\/nbn23.com\/es\/de-las-canchas-locales-al-estandar-global-nbn23-ahora-esta-oficialmente-avalada-por-fiba\/\" class=\"btn primary\">Leer el comunicado completo<\/a>\r\n<\/section><br><br><!-- PARTNER TESTIMONIALS --><br><section class=\"partners\">\r\n  <h2>Federaciones que trabajan con NBN23<\/h2>\r\n\r\n  <div class=\"testimonials\">\r\n    <div class=\"testimonial\">\r\n      <div class=\"logo-band\">\r\n        <img decoding=\"async\" src=\"https:\/\/nbn23.com\/wp-content\/uploads\/2025\/10\/DBB_logo.png\" alt=\"Logo DBB\" class=\"partner-logo\">\r\n      <\/div>\r\n      <p>\u201cNuestra colaboraci\u00f3n con NBN23 se define por la profesionalidad, la innovaci\u00f3n y una profunda comprensi\u00f3n de las necesidades de una federaci\u00f3n nacional. Sus herramientas han optimizado el control de estad\u00edsticas y la gesti\u00f3n de competiciones a todos los niveles. NBN23 es m\u00e1s que un proveedor tecnol\u00f3gico: es un socio de confianza en el futuro digital del baloncesto alem\u00e1n.\u201d<\/p>\r\n      <h4>Jochen B\u00f6hmcker<\/h4>\r\n      <span>Director de Competiciones, Federaci\u00f3n Alemana de Baloncesto (DBB)<\/span>\r\n    <\/div>\r\n\r\n    <div class=\"testimonial\">\r\n      <div class=\"logo-band\">\r\n        <img decoding=\"async\" src=\"https:\/\/nbn23.com\/wp-content\/uploads\/2023\/08\/icon-app.png\" alt=\"Logo FIP\" class=\"partner-logo\">\r\n      <\/div>\r\n      <p>\u201cTrabajar con NBN23 ha sido un paso importante para modernizar la gesti\u00f3n del baloncesto en Italia. Sus herramientas digitales han mejorado la eficiencia, la precisi\u00f3n y el acceso en nuestras competiciones. Su profesionalidad, innovaci\u00f3n y conocimiento del deporte los convierten en un socio clave para la Federaci\u00f3n Italiana de Baloncesto.\u201d<\/p>\r\n      <h4>Graziano Martinelli<\/h4>\r\n      <span>Vice Secretario, Federazione Italiana Pallacanestro (FIP)<\/span>\r\n    <\/div>\r\n\r\n    <div class=\"testimonial\">\r\n      <div class=\"logo-band\">\r\n        <img decoding=\"async\" src=\"https:\/\/nbn23.com\/wp-content\/uploads\/2025\/10\/Untitled-design-17.png\" alt=\"Logo Federaci\u00f3n Portuguesa\" class=\"partner-logo\">\r\n      <\/div>\r\n      <p>\u201cLas plataformas InGame y Swish de NBN23 se han vuelto esenciales en nuestras operaciones. Han simplificado la gesti\u00f3n de partidos, ofrecido estad\u00edsticas en tiempo real y conectado a aficionados y jugadores como nunca antes. Valoramos su compromiso con la calidad, fiabilidad y mejora constante. NBN23 es un socio indispensable para el baloncesto portugu\u00e9s.\u201d<\/p>\r\n      <h4>Lu\u00eds Veiga<\/h4>\r\n      <span>Vicepresidente, Federaci\u00f3n Portuguesa de Baloncesto (FPB)<\/span>\r\n    <\/div>\r\n  <\/div>\r\n<\/section><br><br><!-- CTA --><br><section class=\"cta-final\">\r\n  <h2>\u00danete al movimiento global del baloncesto digital<\/h2>\r\n  <p>Utiliza herramientas aprobadas por FIBA y confiadas por federaciones de todo el mundo.<\/p>\r\n  <div class=\"cta-buttons\">\r\n    <a href=\"https:\/\/swishbynbn23.com\/de\" class=\"btn orange\">Explorar Swish<\/a>\r\n    <a href=\"https:\/\/nbn23.com\/es\/ingame\/\" class=\"btn blue\">Explorar InGame<\/a>\r\n    <a href=\"mailto:irene.gari@nbn23.tech\" class=\"btn dark\">Escribir a Irene<\/a>\r\n  <\/div>\r\n<\/section><br>\t\t\t\t<\/div>\n\t\t\t\t<\/div>\n\t\t\t\t\t<\/div>\n\t\t<\/div>\n\t\t\t\t\t<\/div>\n\t\t<\/section>\n\t\t\t\t<\/div>\n\t\t","protected":false},"excerpt":{"rendered":"<p>NBN23 x FIBA Aprobaci\u00f3n Oficialmente aprobado por FIBA Impulsando el baloncesto juvenil y de base con estad\u00edsticas en tiempo real, actas digitales y experiencias conectadas para federaciones, jugadores y aficionados. Explorar Swish Explorar InGame Leer el anuncio de FIBA Confiado por federaciones, ligas y clubes 900.000+ Partidos 70+ Pa\u00edses 3.000+ Competiciones Swish. Todo el baloncesto, [&hellip;]<\/p>\n","protected":false},"author":10,"featured_media":35307,"parent":0,"menu_order":0,"comment_status":"closed","ping_status":"closed","template":"","meta":{"_exactmetrics_skip_tracking":false,"_exactmetrics_sitenote_active":false,"_exactmetrics_sitenote_note":"","_exactmetrics_sitenote_category":0,"footnotes":""},"class_list":["post-35586","page","type-page","status-publish","has-post-thumbnail","hentry"],"blocksy_meta":[],"aioseo_notices":[],"_links":{"self":[{"href":"https:\/\/nbn23.com\/es\/wp-json\/wp\/v2\/pages\/35586","targetHints":{"allow":["GET"]}}],"collection":[{"href":"https:\/\/nbn23.com\/es\/wp-json\/wp\/v2\/pages"}],"about":[{"href":"https:\/\/nbn23.com\/es\/wp-json\/wp\/v2\/types\/page"}],"author":[{"embeddable":true,"href":"https:\/\/nbn23.com\/es\/wp-json\/wp\/v2\/users\/10"}],"replies":[{"embeddable":true,"href":"https:\/\/nbn23.com\/es\/wp-json\/wp\/v2\/comments?post=35586"}],"version-history":[{"count":2,"href":"https:\/\/nbn23.com\/es\/wp-json\/wp\/v2\/pages\/35586\/revisions"}],"predecessor-version":[{"id":35602,"href":"https:\/\/nbn23.com\/es\/wp-json\/wp\/v2\/pages\/35586\/revisions\/35602"}],"wp:featuredmedia":[{"embeddable":true,"href":"https:\/\/nbn23.com\/es\/wp-json\/wp\/v2\/media\/35307"}],"wp:attachment":[{"href":"https:\/\/nbn23.com\/es\/wp-json\/wp\/v2\/media?parent=35586"}],"curies":[{"name":"wp","href":"https:\/\/api.w.org\/{rel}","templated":true}]}}