{"id":31855,"date":"2023-03-27T23:00:48","date_gmt":"2023-03-27T21:00:48","guid":{"rendered":"https:\/\/nbn23.com\/?page_id=31855"},"modified":"2023-03-28T18:12:25","modified_gmt":"2023-03-28T16:12:25","slug":"formacionpuertorico-avanzada","status":"publish","type":"page","link":"https:\/\/nbn23.com\/es\/formacionpuertorico-avanzada\/","title":{"rendered":"ACTA DIGITAL AVANZADA FBPR"},"content":{"rendered":"\t\t<div data-elementor-type=\"wp-page\" data-elementor-id=\"31855\" class=\"elementor elementor-31855\" data-elementor-post-type=\"page\">\n\t\t\t\t\t\t<section class=\"elementor-section elementor-top-section elementor-element elementor-element-444400ea elementor-section-full_width elementor-section-height-min-height ct-section-stretched elementor-section-height-default elementor-section-items-middle\" data-id=\"444400ea\" data-element_type=\"section\" data-e-type=\"section\" data-settings=\"{&quot;background_background&quot;:&quot;slideshow&quot;,&quot;background_slideshow_gallery&quot;:[{&quot;id&quot;:25323,&quot;url&quot;:&quot;https:\\\/\\\/nbn23.com\\\/wp-content\\\/uploads\\\/2022\\\/08\\\/mockup-of-a-man-touching-an-ipad-in-landscape-position-2039-el1-min.png&quot;}],&quot;background_slideshow_loop&quot;:&quot;yes&quot;,&quot;background_slideshow_slide_duration&quot;:5000,&quot;background_slideshow_slide_transition&quot;:&quot;fade&quot;,&quot;background_slideshow_transition_duration&quot;:500}\">\n\t\t\t\t\t\t\t<div class=\"elementor-background-overlay\"><\/div>\n\t\t\t\t\t\t\t<div class=\"elementor-container elementor-column-gap-default\">\n\t\t\t\t\t<div class=\"elementor-column elementor-col-25 elementor-top-column elementor-element elementor-element-1729f27e\" data-id=\"1729f27e\" data-element_type=\"column\" data-e-type=\"column\">\n\t\t\t<div class=\"elementor-widget-wrap\">\n\t\t\t\t\t\t\t<\/div>\n\t\t<\/div>\n\t\t\t\t<div class=\"elementor-column elementor-col-25 elementor-top-column elementor-element elementor-element-5651eb04\" data-id=\"5651eb04\" data-element_type=\"column\" data-e-type=\"column\">\n\t\t\t<div class=\"elementor-widget-wrap elementor-element-populated\">\n\t\t\t\t\t\t<div class=\"elementor-element elementor-element-5d44dfad elementor-widget elementor-widget-image\" data-id=\"5d44dfad\" data-element_type=\"widget\" data-e-type=\"widget\" data-widget_type=\"image.default\">\n\t\t\t\t<div class=\"elementor-widget-container\">\n\t\t\t\t\t\t\t\t\t\t\t\t\t\t\t<img decoding=\"async\" width=\"300\" height=\"101\" src=\"https:\/\/nbn23.com\/wp-content\/uploads\/2023\/03\/MEXICO-ONEPAGER-3-300x101.png\" class=\"attachment-medium size-medium wp-image-31804\" alt=\"\" srcset=\"https:\/\/nbn23.com\/wp-content\/uploads\/2023\/03\/MEXICO-ONEPAGER-3-300x101.png 300w, https:\/\/nbn23.com\/wp-content\/uploads\/2023\/03\/MEXICO-ONEPAGER-3-1024x345.png 1024w, https:\/\/nbn23.com\/wp-content\/uploads\/2023\/03\/MEXICO-ONEPAGER-3-768x258.png 768w, https:\/\/nbn23.com\/wp-content\/uploads\/2023\/03\/MEXICO-ONEPAGER-3-1536x517.png 1536w, https:\/\/nbn23.com\/wp-content\/uploads\/2023\/03\/MEXICO-ONEPAGER-3-2048x689.png 2048w\" sizes=\"(max-width: 300px) 100vw, 300px\" \/>\t\t\t\t\t\t\t\t\t\t\t\t\t\t\t<\/div>\n\t\t\t\t<\/div>\n\t\t\t\t<div class=\"elementor-element elementor-element-3787557e elementor-widget elementor-widget-image\" data-id=\"3787557e\" data-element_type=\"widget\" data-e-type=\"widget\" data-widget_type=\"image.default\">\n\t\t\t\t<div class=\"elementor-widget-container\">\n\t\t\t\t\t\t\t\t\t\t\t\t\t\t\t<img decoding=\"async\" width=\"300\" height=\"121\" src=\"https:\/\/nbn23.com\/wp-content\/uploads\/2023\/03\/fb7-2-300x121.png\" class=\"attachment-medium size-medium wp-image-31811\" alt=\"\" srcset=\"https:\/\/nbn23.com\/wp-content\/uploads\/2023\/03\/fb7-2-300x121.png 300w, https:\/\/nbn23.com\/wp-content\/uploads\/2023\/03\/fb7-2.png 477w\" sizes=\"(max-width: 300px) 100vw, 300px\" \/>\t\t\t\t\t\t\t\t\t\t\t\t\t\t\t<\/div>\n\t\t\t\t<\/div>\n\t\t\t\t<div class=\"elementor-element elementor-element-263a35c1 elementor-widget elementor-widget-heading\" data-id=\"263a35c1\" data-element_type=\"widget\" data-e-type=\"widget\" data-widget_type=\"heading.default\">\n\t\t\t\t<div class=\"elementor-widget-container\">\n\t\t\t\t\t<h1 class=\"elementor-heading-title elementor-size-xxl\">\u00bfYa eres anotador\/a de acta digital?<\/h1>\t\t\t\t<\/div>\n\t\t\t\t<\/div>\n\t\t\t\t<div class=\"elementor-element elementor-element-2fdaea2a elementor-widget elementor-widget-heading\" data-id=\"2fdaea2a\" data-element_type=\"widget\" data-e-type=\"widget\" data-widget_type=\"heading.default\">\n\t\t\t\t<div class=\"elementor-widget-container\">\n\t\t\t\t\t<p class=\"elementor-heading-title elementor-size-large\">\u00a1Sube de nivel con la formaci\u00f3n online de estad\u00edstica avanzada!<\/p>\t\t\t\t<\/div>\n\t\t\t\t<\/div>\n\t\t\t\t<div class=\"elementor-element elementor-element-4897657c elementor-widget elementor-widget-heading\" data-id=\"4897657c\" data-element_type=\"widget\" data-e-type=\"widget\" data-widget_type=\"heading.default\">\n\t\t\t\t<div class=\"elementor-widget-container\">\n\t\t\t\t\t<h2 class=\"elementor-heading-title elementor-size-medium\">DIGITALIZA LAS MEJORES LIGAS DEL PA\u00cdS<\/h2>\t\t\t\t<\/div>\n\t\t\t\t<\/div>\n\t\t\t\t\t<\/div>\n\t\t<\/div>\n\t\t\t\t<div class=\"elementor-column elementor-col-25 elementor-top-column elementor-element elementor-element-38bd01a4\" data-id=\"38bd01a4\" data-element_type=\"column\" data-e-type=\"column\">\n\t\t\t<div class=\"elementor-widget-wrap elementor-element-populated\">\n\t\t\t\t\t\t<div class=\"elementor-element elementor-element-755d7044 elementor-align-center elementor-widget elementor-widget-button\" data-id=\"755d7044\" data-element_type=\"widget\" data-e-type=\"widget\" data-widget_type=\"button.default\">\n\t\t\t\t<div class=\"elementor-widget-container\">\n\t\t\t\t\t\t\t\t\t<div class=\"elementor-button-wrapper\">\n\t\t\t\t\t<a class=\"elementor-button elementor-button-link elementor-size-sm\" href=\"https:\/\/www.easy-lms.com\/es\/acta-digital-avanzada-ingame-app\/course-89698\">\n\t\t\t\t\t\t<span class=\"elementor-button-content-wrapper\">\n\t\t\t\t\t\t\t\t\t<span class=\"elementor-button-text\">CONSIGUE EL CERTIFICADO DE ESTAD\u00cdSTICA AVANZADA<\/span>\n\t\t\t\t\t<\/span>\n\t\t\t\t\t<\/a>\n\t\t\t\t<\/div>\n\t\t\t\t\t\t\t\t<\/div>\n\t\t\t\t<\/div>\n\t\t\t\t\t<\/div>\n\t\t<\/div>\n\t\t\t\t<div class=\"elementor-column elementor-col-25 elementor-top-column elementor-element elementor-element-1b2ee925\" data-id=\"1b2ee925\" data-element_type=\"column\" data-e-type=\"column\">\n\t\t\t<div class=\"elementor-widget-wrap\">\n\t\t\t\t\t\t\t<\/div>\n\t\t<\/div>\n\t\t\t\t\t<\/div>\n\t\t<\/section>\n\t\t\t\t<section class=\"elementor-section elementor-top-section elementor-element elementor-element-26a649a4 elementor-section-full_width ct-section-stretched elementor-section-height-default elementor-section-height-default\" data-id=\"26a649a4\" data-element_type=\"section\" data-e-type=\"section\" data-settings=\"{&quot;background_background&quot;:&quot;classic&quot;}\">\n\t\t\t\t\t\t<div class=\"elementor-container elementor-column-gap-default\">\n\t\t\t\t\t<div class=\"elementor-column elementor-col-25 elementor-top-column elementor-element elementor-element-29f9475a\" data-id=\"29f9475a\" data-element_type=\"column\" data-e-type=\"column\">\n\t\t\t<div class=\"elementor-widget-wrap elementor-element-populated\">\n\t\t\t\t\t\t<div class=\"elementor-element elementor-element-7ba891c5 elementor-widget elementor-widget-heading\" data-id=\"7ba891c5\" data-element_type=\"widget\" data-e-type=\"widget\" data-widget_type=\"heading.default\">\n\t\t\t\t<div class=\"elementor-widget-container\">\n\t\t\t\t\t<h2 class=\"elementor-heading-title elementor-size-default\">\u00c1GIL<\/br> Y DIVERTIDO<\/h2>\t\t\t\t<\/div>\n\t\t\t\t<\/div>\n\t\t\t\t\t<\/div>\n\t\t<\/div>\n\t\t\t\t<div class=\"elementor-column elementor-col-25 elementor-top-column elementor-element elementor-element-559527b4\" data-id=\"559527b4\" data-element_type=\"column\" data-e-type=\"column\">\n\t\t\t<div class=\"elementor-widget-wrap elementor-element-populated\">\n\t\t\t\t\t\t<div class=\"elementor-element elementor-element-77ae5b60 elementor-widget elementor-widget-heading\" data-id=\"77ae5b60\" data-element_type=\"widget\" data-e-type=\"widget\" data-widget_type=\"heading.default\">\n\t\t\t\t<div class=\"elementor-widget-container\">\n\t\t\t\t\t<h2 class=\"elementor-heading-title elementor-size-default\">Registra cada<\/br> jugada usando INGAME<\/h2>\t\t\t\t<\/div>\n\t\t\t\t<\/div>\n\t\t\t\t\t<\/div>\n\t\t<\/div>\n\t\t\t\t<div class=\"elementor-column elementor-col-25 elementor-top-column elementor-element elementor-element-676ca179\" data-id=\"676ca179\" data-element_type=\"column\" data-e-type=\"column\">\n\t\t\t<div class=\"elementor-widget-wrap elementor-element-populated\">\n\t\t\t\t\t\t<div class=\"elementor-element elementor-element-1d1af525 elementor-widget elementor-widget-heading\" data-id=\"1d1af525\" data-element_type=\"widget\" data-e-type=\"widget\" data-widget_type=\"heading.default\">\n\t\t\t\t<div class=\"elementor-widget-container\">\n\t\t\t\t\t<h2 class=\"elementor-heading-title elementor-size-default\">Consigue tu certificado de anotador<\/h2>\t\t\t\t<\/div>\n\t\t\t\t<\/div>\n\t\t\t\t\t<\/div>\n\t\t<\/div>\n\t\t\t\t<div class=\"elementor-column elementor-col-25 elementor-top-column elementor-element elementor-element-f601e03\" data-id=\"f601e03\" data-element_type=\"column\" data-e-type=\"column\">\n\t\t\t<div class=\"elementor-widget-wrap elementor-element-populated\">\n\t\t\t\t\t\t<div class=\"elementor-element elementor-element-251da3e6 elementor-widget elementor-widget-heading\" data-id=\"251da3e6\" data-element_type=\"widget\" data-e-type=\"widget\" data-widget_type=\"heading.default\">\n\t\t\t\t<div class=\"elementor-widget-container\">\n\t\t\t\t\t<h3 class=\"elementor-heading-title elementor-size-small\">D\u00ed adi\u00f3s al<\/br> papel y boli<\/h3>\t\t\t\t<\/div>\n\t\t\t\t<\/div>\n\t\t\t\t\t<\/div>\n\t\t<\/div>\n\t\t\t\t\t<\/div>\n\t\t<\/section>\n\t\t\t\t<section class=\"elementor-section elementor-top-section elementor-element elementor-element-33c1a1c1 ct-section-stretched elementor-section-full_width elementor-section-height-default elementor-section-height-default\" data-id=\"33c1a1c1\" data-element_type=\"section\" data-e-type=\"section\" id=\"stores\" data-settings=\"{&quot;background_background&quot;:&quot;classic&quot;}\">\n\t\t\t\t\t\t\t<div class=\"elementor-background-overlay\"><\/div>\n\t\t\t\t\t\t\t<div class=\"elementor-container elementor-column-gap-default\">\n\t\t\t\t\t<div class=\"elementor-column elementor-col-100 elementor-top-column elementor-element elementor-element-2009e5f9\" data-id=\"2009e5f9\" data-element_type=\"column\" data-e-type=\"column\">\n\t\t\t<div class=\"elementor-widget-wrap elementor-element-populated\">\n\t\t\t\t\t\t<div class=\"elementor-element elementor-element-5aa9dcca elementor-widget elementor-widget-image\" data-id=\"5aa9dcca\" data-element_type=\"widget\" data-e-type=\"widget\" data-widget_type=\"image.default\">\n\t\t\t\t<div class=\"elementor-widget-container\">\n\t\t\t\t\t\t\t\t\t\t\t\t\t\t\t<img fetchpriority=\"high\" decoding=\"async\" width=\"1491\" height=\"364\" src=\"https:\/\/nbn23.com\/wp-content\/uploads\/2022\/08\/ingame-horizontal-color-white.png.png\" class=\"attachment-full size-full wp-image-25502\" alt=\"\" srcset=\"https:\/\/nbn23.com\/wp-content\/uploads\/2022\/08\/ingame-horizontal-color-white.png.png 1491w, https:\/\/nbn23.com\/wp-content\/uploads\/2022\/08\/ingame-horizontal-color-white.png-300x73.png 300w, https:\/\/nbn23.com\/wp-content\/uploads\/2022\/08\/ingame-horizontal-color-white.png-1024x250.png 1024w, https:\/\/nbn23.com\/wp-content\/uploads\/2022\/08\/ingame-horizontal-color-white.png-768x187.png 768w\" sizes=\"(max-width: 1491px) 100vw, 1491px\" \/>\t\t\t\t\t\t\t\t\t\t\t\t\t\t\t<\/div>\n\t\t\t\t<\/div>\n\t\t\t\t<div class=\"elementor-element elementor-element-71e97736 elementor-widget elementor-widget-heading\" data-id=\"71e97736\" data-element_type=\"widget\" data-e-type=\"widget\" data-widget_type=\"heading.default\">\n\t\t\t\t<div class=\"elementor-widget-container\">\n\t\t\t\t\t<h3 class=\"elementor-heading-title elementor-size-default\">Haz clic y DESCARGa \u00a1comienza A DIGITALIZAR!<\/h3>\t\t\t\t<\/div>\n\t\t\t\t<\/div>\n\t\t\t\t<section class=\"elementor-section elementor-inner-section elementor-element elementor-element-4c107a0d elementor-section-boxed elementor-section-height-default elementor-section-height-default\" data-id=\"4c107a0d\" data-element_type=\"section\" data-e-type=\"section\">\n\t\t\t\t\t\t<div class=\"elementor-container elementor-column-gap-custom\">\n\t\t\t\t\t<div class=\"elementor-column elementor-col-25 elementor-inner-column elementor-element elementor-element-7744aeaa\" data-id=\"7744aeaa\" data-element_type=\"column\" data-e-type=\"column\">\n\t\t\t<div class=\"elementor-widget-wrap elementor-element-populated\">\n\t\t\t\t\t\t<div class=\"elementor-element elementor-element-34964e9f elementor-widget elementor-widget-image\" data-id=\"34964e9f\" data-element_type=\"widget\" data-e-type=\"widget\" data-widget_type=\"image.default\">\n\t\t\t\t<div class=\"elementor-widget-container\">\n\t\t\t\t\t\t\t\t\t\t\t\t\t\t\t\t<a href=\"https:\/\/apps.apple.com\/es\/app\/ingame-by-nbn23\/id1556450060\" target=\"_blank\">\n\t\t\t\t\t\t\t<img loading=\"lazy\" decoding=\"async\" width=\"454\" height=\"150\" src=\"https:\/\/nbn23.com\/wp-content\/uploads\/2019\/09\/apple-e1667571706725.png\" class=\"attachment-large size-large wp-image-5411\" alt=\"\" \/>\t\t\t\t\t\t\t\t<\/a>\n\t\t\t\t\t\t\t\t\t\t\t\t\t\t\t<\/div>\n\t\t\t\t<\/div>\n\t\t\t\t\t<\/div>\n\t\t<\/div>\n\t\t\t\t<div class=\"elementor-column elementor-col-25 elementor-inner-column elementor-element elementor-element-b147170\" data-id=\"b147170\" data-element_type=\"column\" data-e-type=\"column\">\n\t\t\t<div class=\"elementor-widget-wrap elementor-element-populated\">\n\t\t\t\t\t\t<div class=\"elementor-element elementor-element-2b7531c6 elementor-widget elementor-widget-image\" data-id=\"2b7531c6\" data-element_type=\"widget\" data-e-type=\"widget\" data-widget_type=\"image.default\">\n\t\t\t\t<div class=\"elementor-widget-container\">\n\t\t\t\t\t\t\t\t\t\t\t\t\t\t\t\t<a href=\"https:\/\/play.google.com\/store\/apps\/details?id=com.nbn23.ingameapp\" target=\"_blank\">\n\t\t\t\t\t\t\t<img loading=\"lazy\" decoding=\"async\" width=\"512\" height=\"167\" src=\"https:\/\/nbn23.com\/wp-content\/uploads\/2019\/08\/googleplay-store-e1598434092846.png\" class=\"attachment-large size-large wp-image-5125\" alt=\"\" srcset=\"https:\/\/nbn23.com\/wp-content\/uploads\/2019\/08\/googleplay-store-e1598434092846.png 512w, https:\/\/nbn23.com\/wp-content\/uploads\/2019\/08\/googleplay-store-e1598434092846-300x98.png 300w\" sizes=\"(max-width: 512px) 100vw, 512px\" \/>\t\t\t\t\t\t\t\t<\/a>\n\t\t\t\t\t\t\t\t\t\t\t\t\t\t\t<\/div>\n\t\t\t\t<\/div>\n\t\t\t\t\t<\/div>\n\t\t<\/div>\n\t\t\t\t<div class=\"elementor-column elementor-col-25 elementor-inner-column elementor-element elementor-element-5d801cd1\" data-id=\"5d801cd1\" data-element_type=\"column\" data-e-type=\"column\">\n\t\t\t<div class=\"elementor-widget-wrap elementor-element-populated\">\n\t\t\t\t\t\t<div class=\"elementor-element elementor-element-64915d42 elementor-widget elementor-widget-image\" data-id=\"64915d42\" data-element_type=\"widget\" data-e-type=\"widget\" data-widget_type=\"image.default\">\n\t\t\t\t<div class=\"elementor-widget-container\">\n\t\t\t\t\t\t\t\t\t\t\t\t\t\t\t\t<a href=\"http:\/\/www.amazon.com\/gp\/product\/B0BG91S9S8\" target=\"_blank\">\n\t\t\t\t\t\t\t<img loading=\"lazy\" decoding=\"async\" width=\"897\" height=\"298\" src=\"https:\/\/nbn23.com\/wp-content\/uploads\/2022\/11\/kindle-fire-download-button.png\" class=\"attachment-large size-large wp-image-27500\" alt=\"\" srcset=\"https:\/\/nbn23.com\/wp-content\/uploads\/2022\/11\/kindle-fire-download-button.png 897w, https:\/\/nbn23.com\/wp-content\/uploads\/2022\/11\/kindle-fire-download-button-300x100.png 300w, https:\/\/nbn23.com\/wp-content\/uploads\/2022\/11\/kindle-fire-download-button-768x255.png 768w\" sizes=\"(max-width: 897px) 100vw, 897px\" \/>\t\t\t\t\t\t\t\t<\/a>\n\t\t\t\t\t\t\t\t\t\t\t\t\t\t\t<\/div>\n\t\t\t\t<\/div>\n\t\t\t\t\t<\/div>\n\t\t<\/div>\n\t\t\t\t<div class=\"elementor-column elementor-col-25 elementor-inner-column elementor-element elementor-element-10a22945\" data-id=\"10a22945\" data-element_type=\"column\" data-e-type=\"column\">\n\t\t\t<div class=\"elementor-widget-wrap elementor-element-populated\">\n\t\t\t\t\t\t<div class=\"elementor-element elementor-element-5fe6198 elementor-widget elementor-widget-image\" data-id=\"5fe6198\" data-element_type=\"widget\" data-e-type=\"widget\" data-widget_type=\"image.default\">\n\t\t\t\t<div class=\"elementor-widget-container\">\n\t\t\t\t\t\t\t\t\t\t\t\t\t\t\t\t<a href=\"https:\/\/appgallery.huawei.com\/app\/C107128567\" target=\"_blank\">\n\t\t\t\t\t\t\t<img loading=\"lazy\" decoding=\"async\" width=\"1024\" height=\"307\" src=\"https:\/\/nbn23.com\/wp-content\/uploads\/2022\/11\/Badge-Black-1024x307.png\" class=\"attachment-large size-large wp-image-27493\" alt=\"\" srcset=\"https:\/\/nbn23.com\/wp-content\/uploads\/2022\/11\/Badge-Black-1024x307.png 1024w, https:\/\/nbn23.com\/wp-content\/uploads\/2022\/11\/Badge-Black-300x90.png 300w, https:\/\/nbn23.com\/wp-content\/uploads\/2022\/11\/Badge-Black-768x231.png 768w, https:\/\/nbn23.com\/wp-content\/uploads\/2022\/11\/Badge-Black-1536x461.png 1536w, https:\/\/nbn23.com\/wp-content\/uploads\/2022\/11\/Badge-Black-2048x615.png 2048w\" sizes=\"(max-width: 1024px) 100vw, 1024px\" \/>\t\t\t\t\t\t\t\t<\/a>\n\t\t\t\t\t\t\t\t\t\t\t\t\t\t\t<\/div>\n\t\t\t\t<\/div>\n\t\t\t\t\t<\/div>\n\t\t<\/div>\n\t\t\t\t\t<\/div>\n\t\t<\/section>\n\t\t\t\t\t<\/div>\n\t\t<\/div>\n\t\t\t\t\t<\/div>\n\t\t<\/section>\n\t\t\t\t<section class=\"elementor-section elementor-top-section elementor-element elementor-element-4e7d7e36 elementor-section-full_width elementor-section-height-min-height ct-section-stretched elementor-section-height-default elementor-section-items-middle\" data-id=\"4e7d7e36\" data-element_type=\"section\" data-e-type=\"section\" data-settings=\"{&quot;background_background&quot;:&quot;classic&quot;}\">\n\t\t\t\t\t\t<div class=\"elementor-container elementor-column-gap-default\">\n\t\t\t\t\t<div class=\"elementor-column elementor-col-33 elementor-top-column elementor-element elementor-element-41fa378a\" data-id=\"41fa378a\" data-element_type=\"column\" data-e-type=\"column\">\n\t\t\t<div class=\"elementor-widget-wrap\">\n\t\t\t\t\t\t\t<\/div>\n\t\t<\/div>\n\t\t\t\t<div class=\"elementor-column elementor-col-33 elementor-top-column elementor-element elementor-element-7bf47d4e\" data-id=\"7bf47d4e\" data-element_type=\"column\" data-e-type=\"column\">\n\t\t\t<div class=\"elementor-widget-wrap elementor-element-populated\">\n\t\t\t\t\t\t<div class=\"elementor-element elementor-element-5022afb6 elementor-widget elementor-widget-image\" data-id=\"5022afb6\" data-element_type=\"widget\" data-e-type=\"widget\" data-widget_type=\"image.default\">\n\t\t\t\t<div class=\"elementor-widget-container\">\n\t\t\t\t\t\t\t\t\t\t\t\t\t\t\t<img loading=\"lazy\" decoding=\"async\" width=\"768\" height=\"200\" src=\"https:\/\/nbn23.com\/wp-content\/uploads\/2023\/01\/ingamesquad-white-768x200.png\" class=\"attachment-medium_large size-medium_large wp-image-30038\" alt=\"\" srcset=\"https:\/\/nbn23.com\/wp-content\/uploads\/2023\/01\/ingamesquad-white-768x200.png 768w, https:\/\/nbn23.com\/wp-content\/uploads\/2023\/01\/ingamesquad-white-300x78.png 300w, https:\/\/nbn23.com\/wp-content\/uploads\/2023\/01\/ingamesquad-white-1024x267.png 1024w, https:\/\/nbn23.com\/wp-content\/uploads\/2023\/01\/ingamesquad-white-1536x400.png 1536w, https:\/\/nbn23.com\/wp-content\/uploads\/2023\/01\/ingamesquad-white.png 1754w\" sizes=\"(max-width: 768px) 100vw, 768px\" \/>\t\t\t\t\t\t\t\t\t\t\t\t\t\t\t<\/div>\n\t\t\t\t<\/div>\n\t\t\t\t<div class=\"elementor-element elementor-element-4c1014c4 elementor-widget elementor-widget-heading\" data-id=\"4c1014c4\" data-element_type=\"widget\" data-e-type=\"widget\" data-widget_type=\"heading.default\">\n\t\t\t\t<div class=\"elementor-widget-container\">\n\t\t\t\t\t<h2 class=\"elementor-heading-title elementor-size-xxl\">Forma parte del nuevo programa de recompensas para anotadores<\/h2>\t\t\t\t<\/div>\n\t\t\t\t<\/div>\n\t\t\t\t<div class=\"elementor-element elementor-element-270ea821 elementor-widget elementor-widget-heading\" data-id=\"270ea821\" data-element_type=\"widget\" data-e-type=\"widget\" data-widget_type=\"heading.default\">\n\t\t\t\t<div class=\"elementor-widget-container\">\n\t\t\t\t\t<h3 class=\"elementor-heading-title elementor-size-default\">ACUMULA PUNTOS DIGITALIZANDO PARTIDOS<br>Y GANA MUCHOS PREMIOS!<\/h3>\t\t\t\t<\/div>\n\t\t\t\t<\/div>\n\t\t\t\t<div class=\"elementor-element elementor-element-5c52bb9a elementor-align-center elementor-widget elementor-widget-button\" data-id=\"5c52bb9a\" data-element_type=\"widget\" data-e-type=\"widget\" data-widget_type=\"button.default\">\n\t\t\t\t<div class=\"elementor-widget-container\">\n\t\t\t\t\t\t\t\t\t<div class=\"elementor-button-wrapper\">\n\t\t\t\t\t<a class=\"elementor-button elementor-button-link elementor-size-md\" href=\"#\">\n\t\t\t\t\t\t<span class=\"elementor-button-content-wrapper\">\n\t\t\t\t\t\t\t\t\t<span class=\"elementor-button-text\">\u00a1Reg\u00edstrate ahora!<\/span>\n\t\t\t\t\t<\/span>\n\t\t\t\t\t<\/a>\n\t\t\t\t<\/div>\n\t\t\t\t\t\t\t\t<\/div>\n\t\t\t\t<\/div>\n\t\t\t\t\t<\/div>\n\t\t<\/div>\n\t\t\t\t<div class=\"elementor-column elementor-col-33 elementor-top-column elementor-element elementor-element-5368288f\" data-id=\"5368288f\" data-element_type=\"column\" data-e-type=\"column\">\n\t\t\t<div class=\"elementor-widget-wrap elementor-element-populated\">\n\t\t\t\t\t\t<div class=\"elementor-element elementor-element-37b48fcd elementor-widget elementor-widget-image\" data-id=\"37b48fcd\" data-element_type=\"widget\" data-e-type=\"widget\" data-widget_type=\"image.default\">\n\t\t\t\t<div class=\"elementor-widget-container\">\n\t\t\t\t\t\t\t\t\t\t\t\t\t\t\t<img loading=\"lazy\" decoding=\"async\" width=\"4000\" height=\"2800\" src=\"https:\/\/nbn23.com\/wp-content\/uploads\/2023\/03\/iPad-Pro-in-the-hands_David-Gomis-2.png\" class=\"attachment-full size-full wp-image-31572\" alt=\"\" srcset=\"https:\/\/nbn23.com\/wp-content\/uploads\/2023\/03\/iPad-Pro-in-the-hands_David-Gomis-2.png 4000w, https:\/\/nbn23.com\/wp-content\/uploads\/2023\/03\/iPad-Pro-in-the-hands_David-Gomis-2-300x210.png 300w, https:\/\/nbn23.com\/wp-content\/uploads\/2023\/03\/iPad-Pro-in-the-hands_David-Gomis-2-1024x717.png 1024w, https:\/\/nbn23.com\/wp-content\/uploads\/2023\/03\/iPad-Pro-in-the-hands_David-Gomis-2-768x538.png 768w, https:\/\/nbn23.com\/wp-content\/uploads\/2023\/03\/iPad-Pro-in-the-hands_David-Gomis-2-1536x1075.png 1536w, https:\/\/nbn23.com\/wp-content\/uploads\/2023\/03\/iPad-Pro-in-the-hands_David-Gomis-2-2048x1434.png 2048w\" sizes=\"(max-width: 4000px) 100vw, 4000px\" \/>\t\t\t\t\t\t\t\t\t\t\t\t\t\t\t<\/div>\n\t\t\t\t<\/div>\n\t\t\t\t\t<\/div>\n\t\t<\/div>\n\t\t\t\t\t<\/div>\n\t\t<\/section>\n\t\t\t\t<\/div>\n\t\t","protected":false},"excerpt":{"rendered":"<p>\u00bfYa eres anotador\/a de acta digital? \u00a1Sube de nivel con la formaci\u00f3n online de estad\u00edstica avanzada! DIGITALIZA LAS MEJORES LIGAS DEL PA\u00cdS CONSIGUE EL CERTIFICADO DE ESTAD\u00cdSTICA AVANZADA \u00c1GIL Y DIVERTIDO Registra cada jugada usando INGAME Consigue tu certificado de anotador D\u00ed adi\u00f3s al papel y boli Haz clic y DESCARGa \u00a1comienza A DIGITALIZAR! Forma [&hellip;]<\/p>\n","protected":false},"author":12,"featured_media":25323,"parent":0,"menu_order":0,"comment_status":"closed","ping_status":"closed","template":"","meta":{"_exactmetrics_skip_tracking":false,"_exactmetrics_sitenote_active":false,"_exactmetrics_sitenote_note":"","_exactmetrics_sitenote_category":0,"footnotes":""},"class_list":["post-31855","page","type-page","status-publish","has-post-thumbnail","hentry"],"blocksy_meta":{"styles_descriptor":{"styles":{"desktop":"","tablet":"","mobile":""},"google_fonts":[],"version":6}},"aioseo_notices":[],"_links":{"self":[{"href":"https:\/\/nbn23.com\/es\/wp-json\/wp\/v2\/pages\/31855","targetHints":{"allow":["GET"]}}],"collection":[{"href":"https:\/\/nbn23.com\/es\/wp-json\/wp\/v2\/pages"}],"about":[{"href":"https:\/\/nbn23.com\/es\/wp-json\/wp\/v2\/types\/page"}],"author":[{"embeddable":true,"href":"https:\/\/nbn23.com\/es\/wp-json\/wp\/v2\/users\/12"}],"replies":[{"embeddable":true,"href":"https:\/\/nbn23.com\/es\/wp-json\/wp\/v2\/comments?post=31855"}],"version-history":[{"count":25,"href":"https:\/\/nbn23.com\/es\/wp-json\/wp\/v2\/pages\/31855\/revisions"}],"predecessor-version":[{"id":31908,"href":"https:\/\/nbn23.com\/es\/wp-json\/wp\/v2\/pages\/31855\/revisions\/31908"}],"wp:featuredmedia":[{"embeddable":true,"href":"https:\/\/nbn23.com\/es\/wp-json\/wp\/v2\/media\/25323"}],"wp:attachment":[{"href":"https:\/\/nbn23.com\/es\/wp-json\/wp\/v2\/media?parent=31855"}],"curies":[{"name":"wp","href":"https:\/\/api.w.org\/{rel}","templated":true}]}}