{"id":31433,"date":"2023-03-15T18:45:22","date_gmt":"2023-03-15T16:45:22","guid":{"rendered":"https:\/\/nbn23.com\/?page_id=31433"},"modified":"2023-05-01T22:53:02","modified_gmt":"2023-05-01T20:53:02","slug":"formacionpuertorico","status":"publish","type":"page","link":"https:\/\/nbn23.com\/es\/formacionpuertorico\/","title":{"rendered":"Formaci\u00f3n PUERTO RICO"},"content":{"rendered":"\t\t<div data-elementor-type=\"wp-page\" data-elementor-id=\"31433\" class=\"elementor elementor-31433 elementor-31431\" data-elementor-post-type=\"page\">\n\t\t\t\t\t\t<section class=\"elementor-section elementor-top-section elementor-element elementor-element-5e5036c elementor-section-full_width elementor-section-height-min-height ct-section-stretched elementor-section-height-default elementor-section-items-middle\" data-id=\"5e5036c\" data-element_type=\"section\" data-e-type=\"section\" data-settings=\"{&quot;background_background&quot;:&quot;slideshow&quot;,&quot;background_slideshow_gallery&quot;:[{&quot;id&quot;:13437,&quot;url&quot;:&quot;https:\\\/\\\/nbn23.com\\\/wp-content\\\/uploads\\\/2021\\\/09\\\/Artboard.png&quot;}],&quot;background_slideshow_loop&quot;:&quot;yes&quot;,&quot;background_slideshow_slide_duration&quot;:5000,&quot;background_slideshow_slide_transition&quot;:&quot;fade&quot;,&quot;background_slideshow_transition_duration&quot;:500}\">\n\t\t\t\t\t\t\t<div class=\"elementor-background-overlay\"><\/div>\n\t\t\t\t\t\t\t<div class=\"elementor-container elementor-column-gap-default\">\n\t\t\t\t\t<div class=\"elementor-column elementor-col-25 elementor-top-column elementor-element elementor-element-77564b8\" data-id=\"77564b8\" data-element_type=\"column\" data-e-type=\"column\">\n\t\t\t<div class=\"elementor-widget-wrap\">\n\t\t\t\t\t\t\t<\/div>\n\t\t<\/div>\n\t\t\t\t<div class=\"elementor-column elementor-col-25 elementor-top-column elementor-element elementor-element-d373d44\" data-id=\"d373d44\" data-element_type=\"column\" data-e-type=\"column\">\n\t\t\t<div class=\"elementor-widget-wrap elementor-element-populated\">\n\t\t\t\t\t\t<div class=\"elementor-element elementor-element-5b84f20 elementor-widget elementor-widget-image\" data-id=\"5b84f20\" data-element_type=\"widget\" data-e-type=\"widget\" data-widget_type=\"image.default\">\n\t\t\t\t<div class=\"elementor-widget-container\">\n\t\t\t\t\t\t\t\t\t\t\t\t\t\t\t<img fetchpriority=\"high\" decoding=\"async\" width=\"816\" height=\"225\" src=\"https:\/\/nbn23.com\/wp-content\/uploads\/2023\/05\/BANNER-WEB-ADEMEBA-INGAME-4.png\" class=\"attachment-full size-full wp-image-32351\" alt=\"\" srcset=\"https:\/\/nbn23.com\/wp-content\/uploads\/2023\/05\/BANNER-WEB-ADEMEBA-INGAME-4.png 816w, https:\/\/nbn23.com\/wp-content\/uploads\/2023\/05\/BANNER-WEB-ADEMEBA-INGAME-4-300x83.png 300w, https:\/\/nbn23.com\/wp-content\/uploads\/2023\/05\/BANNER-WEB-ADEMEBA-INGAME-4-768x212.png 768w\" sizes=\"(max-width: 816px) 100vw, 816px\" \/>\t\t\t\t\t\t\t\t\t\t\t\t\t\t\t<\/div>\n\t\t\t\t<\/div>\n\t\t\t\t<div class=\"elementor-element elementor-element-685e37c elementor-widget elementor-widget-heading\" data-id=\"685e37c\" data-element_type=\"widget\" data-e-type=\"widget\" data-widget_type=\"heading.default\">\n\t\t\t\t<div class=\"elementor-widget-container\">\n\t\t\t\t\t<h2 class=\"elementor-heading-title elementor-size-medium\">\u00a1CONVI\u00c9RTETE EN ANOTADOR!<\/h2>\t\t\t\t<\/div>\n\t\t\t\t<\/div>\n\t\t\t\t<div class=\"elementor-element elementor-element-b373285 elementor-widget elementor-widget-heading\" data-id=\"b373285\" data-element_type=\"widget\" data-e-type=\"widget\" data-widget_type=\"heading.default\">\n\t\t\t\t<div class=\"elementor-widget-container\">\n\t\t\t\t\t<h1 class=\"elementor-heading-title elementor-size-xxl\">Curso de adiestramento de oficiales de mesa<\/h1>\t\t\t\t<\/div>\n\t\t\t\t<\/div>\n\t\t\t\t<div class=\"elementor-element elementor-element-1056987 elementor-widget elementor-widget-heading\" data-id=\"1056987\" data-element_type=\"widget\" data-e-type=\"widget\" data-widget_type=\"heading.default\">\n\t\t\t\t<div class=\"elementor-widget-container\">\n\t\t\t\t\t<p class=\"elementor-heading-title elementor-size-medium\"> Los d\u00edas 6 y 7 de Mayo se realizar\u00e1n talleres de adiestramientos para oficiales de mesa, para trabajar torneo Puerto Rico Little Lads 2023. \u00a1Contamos contigo!<\/p>\t\t\t\t<\/div>\n\t\t\t\t<\/div>\n\t\t\t\t\t<\/div>\n\t\t<\/div>\n\t\t\t\t<div class=\"elementor-column elementor-col-25 elementor-top-column elementor-element elementor-element-46ad2c5\" data-id=\"46ad2c5\" data-element_type=\"column\" data-e-type=\"column\">\n\t\t\t<div class=\"elementor-widget-wrap elementor-element-populated\">\n\t\t\t\t\t\t<div class=\"elementor-element elementor-element-89e2a41 elementor-align-center elementor-widget elementor-widget-button\" data-id=\"89e2a41\" data-element_type=\"widget\" data-e-type=\"widget\" data-widget_type=\"button.default\">\n\t\t\t\t<div class=\"elementor-widget-container\">\n\t\t\t\t\t\t\t\t\t<div class=\"elementor-button-wrapper\">\n\t\t\t\t\t<a class=\"elementor-button elementor-button-link elementor-size-sm\" href=\"https:\/\/www.easy-lms.com\/es\/curso-de-formacion-ingame-app-pro\/course-84294\">\n\t\t\t\t\t\t<span class=\"elementor-button-content-wrapper\">\n\t\t\t\t\t\t\t\t\t<span class=\"elementor-button-text\">\u00a1Ap\u00fantate ahora!<\/span>\n\t\t\t\t\t<\/span>\n\t\t\t\t\t<\/a>\n\t\t\t\t<\/div>\n\t\t\t\t\t\t\t\t<\/div>\n\t\t\t\t<\/div>\n\t\t\t\t\t<\/div>\n\t\t<\/div>\n\t\t\t\t<div class=\"elementor-column elementor-col-25 elementor-top-column elementor-element elementor-element-8938bbf\" data-id=\"8938bbf\" data-element_type=\"column\" data-e-type=\"column\">\n\t\t\t<div class=\"elementor-widget-wrap\">\n\t\t\t\t\t\t\t<\/div>\n\t\t<\/div>\n\t\t\t\t\t<\/div>\n\t\t<\/section>\n\t\t\t\t<section class=\"elementor-section elementor-top-section elementor-element elementor-element-a3f5bdc elementor-section-full_width ct-section-stretched elementor-section-height-default elementor-section-height-default\" data-id=\"a3f5bdc\" data-element_type=\"section\" data-e-type=\"section\" data-settings=\"{&quot;background_background&quot;:&quot;classic&quot;}\">\n\t\t\t\t\t\t<div class=\"elementor-container elementor-column-gap-default\">\n\t\t\t\t\t<div class=\"elementor-column elementor-col-25 elementor-top-column elementor-element elementor-element-d35cb9f\" data-id=\"d35cb9f\" data-element_type=\"column\" data-e-type=\"column\">\n\t\t\t<div class=\"elementor-widget-wrap elementor-element-populated\">\n\t\t\t\t\t\t<div class=\"elementor-element elementor-element-f5aa825 elementor-widget elementor-widget-heading\" data-id=\"f5aa825\" data-element_type=\"widget\" data-e-type=\"widget\" data-widget_type=\"heading.default\">\n\t\t\t\t<div class=\"elementor-widget-container\">\n\t\t\t\t\t<h2 class=\"elementor-heading-title elementor-size-default\">\u00c1GIL<\/br> Y DIVERTIDO<\/h2>\t\t\t\t<\/div>\n\t\t\t\t<\/div>\n\t\t\t\t\t<\/div>\n\t\t<\/div>\n\t\t\t\t<div class=\"elementor-column elementor-col-25 elementor-top-column elementor-element elementor-element-ccb0301\" data-id=\"ccb0301\" data-element_type=\"column\" data-e-type=\"column\">\n\t\t\t<div class=\"elementor-widget-wrap elementor-element-populated\">\n\t\t\t\t\t\t<div class=\"elementor-element elementor-element-7febbc8 elementor-widget elementor-widget-heading\" data-id=\"7febbc8\" data-element_type=\"widget\" data-e-type=\"widget\" data-widget_type=\"heading.default\">\n\t\t\t\t<div class=\"elementor-widget-container\">\n\t\t\t\t\t<h2 class=\"elementor-heading-title elementor-size-default\">Registra cada<\/br> jugada usando INGAME<\/h2>\t\t\t\t<\/div>\n\t\t\t\t<\/div>\n\t\t\t\t\t<\/div>\n\t\t<\/div>\n\t\t\t\t<div class=\"elementor-column elementor-col-25 elementor-top-column elementor-element elementor-element-ee8ac2a\" data-id=\"ee8ac2a\" data-element_type=\"column\" data-e-type=\"column\">\n\t\t\t<div class=\"elementor-widget-wrap elementor-element-populated\">\n\t\t\t\t\t\t<div class=\"elementor-element elementor-element-5b1d31e elementor-widget elementor-widget-heading\" data-id=\"5b1d31e\" data-element_type=\"widget\" data-e-type=\"widget\" data-widget_type=\"heading.default\">\n\t\t\t\t<div class=\"elementor-widget-container\">\n\t\t\t\t\t<h2 class=\"elementor-heading-title elementor-size-default\">Consigue tu certificado de anotador<\/h2>\t\t\t\t<\/div>\n\t\t\t\t<\/div>\n\t\t\t\t\t<\/div>\n\t\t<\/div>\n\t\t\t\t<div class=\"elementor-column elementor-col-25 elementor-top-column elementor-element elementor-element-bebca3c\" data-id=\"bebca3c\" data-element_type=\"column\" data-e-type=\"column\">\n\t\t\t<div class=\"elementor-widget-wrap elementor-element-populated\">\n\t\t\t\t\t\t<div class=\"elementor-element elementor-element-cc531a1 elementor-widget elementor-widget-heading\" data-id=\"cc531a1\" data-element_type=\"widget\" data-e-type=\"widget\" data-widget_type=\"heading.default\">\n\t\t\t\t<div class=\"elementor-widget-container\">\n\t\t\t\t\t<h3 class=\"elementor-heading-title elementor-size-small\">D\u00ed adi\u00f3s al<\/br> papel y boli<\/h3>\t\t\t\t<\/div>\n\t\t\t\t<\/div>\n\t\t\t\t\t<\/div>\n\t\t<\/div>\n\t\t\t\t\t<\/div>\n\t\t<\/section>\n\t\t\t\t<section class=\"elementor-section elementor-top-section elementor-element elementor-element-4694614b ct-section-stretched elementor-section-full_width elementor-section-height-default elementor-section-height-default\" data-id=\"4694614b\" data-element_type=\"section\" data-e-type=\"section\" id=\"stores\" data-settings=\"{&quot;background_background&quot;:&quot;classic&quot;}\">\n\t\t\t\t\t\t\t<div class=\"elementor-background-overlay\"><\/div>\n\t\t\t\t\t\t\t<div class=\"elementor-container elementor-column-gap-default\">\n\t\t\t\t\t<div class=\"elementor-column elementor-col-100 elementor-top-column elementor-element elementor-element-51af7ee4\" data-id=\"51af7ee4\" data-element_type=\"column\" data-e-type=\"column\">\n\t\t\t<div class=\"elementor-widget-wrap elementor-element-populated\">\n\t\t\t\t\t\t<div class=\"elementor-element elementor-element-4ac58785 elementor-widget elementor-widget-image\" data-id=\"4ac58785\" data-element_type=\"widget\" data-e-type=\"widget\" data-widget_type=\"image.default\">\n\t\t\t\t<div class=\"elementor-widget-container\">\n\t\t\t\t\t\t\t\t\t\t\t\t\t\t\t<img decoding=\"async\" width=\"1491\" height=\"364\" src=\"https:\/\/nbn23.com\/wp-content\/uploads\/2022\/08\/ingame-horizontal-color-white.png.png\" class=\"attachment-full size-full wp-image-25502\" alt=\"\" srcset=\"https:\/\/nbn23.com\/wp-content\/uploads\/2022\/08\/ingame-horizontal-color-white.png.png 1491w, https:\/\/nbn23.com\/wp-content\/uploads\/2022\/08\/ingame-horizontal-color-white.png-300x73.png 300w, https:\/\/nbn23.com\/wp-content\/uploads\/2022\/08\/ingame-horizontal-color-white.png-1024x250.png 1024w, https:\/\/nbn23.com\/wp-content\/uploads\/2022\/08\/ingame-horizontal-color-white.png-768x187.png 768w\" sizes=\"(max-width: 1491px) 100vw, 1491px\" \/>\t\t\t\t\t\t\t\t\t\t\t\t\t\t\t<\/div>\n\t\t\t\t<\/div>\n\t\t\t\t<div class=\"elementor-element elementor-element-68c319f4 elementor-widget elementor-widget-heading\" data-id=\"68c319f4\" data-element_type=\"widget\" data-e-type=\"widget\" data-widget_type=\"heading.default\">\n\t\t\t\t<div class=\"elementor-widget-container\">\n\t\t\t\t\t<h3 class=\"elementor-heading-title elementor-size-default\">Haz clic y DESCARGa \u00a1comienza A DIGITALIZAR!<\/h3>\t\t\t\t<\/div>\n\t\t\t\t<\/div>\n\t\t\t\t<section class=\"elementor-section elementor-inner-section elementor-element elementor-element-50011e72 elementor-section-boxed elementor-section-height-default elementor-section-height-default\" data-id=\"50011e72\" data-element_type=\"section\" data-e-type=\"section\">\n\t\t\t\t\t\t<div class=\"elementor-container elementor-column-gap-custom\">\n\t\t\t\t\t<div class=\"elementor-column elementor-col-25 elementor-inner-column elementor-element elementor-element-139b6b54\" data-id=\"139b6b54\" data-element_type=\"column\" data-e-type=\"column\">\n\t\t\t<div class=\"elementor-widget-wrap elementor-element-populated\">\n\t\t\t\t\t\t<div class=\"elementor-element elementor-element-224b0c86 elementor-widget elementor-widget-image\" data-id=\"224b0c86\" data-element_type=\"widget\" data-e-type=\"widget\" data-widget_type=\"image.default\">\n\t\t\t\t<div class=\"elementor-widget-container\">\n\t\t\t\t\t\t\t\t\t\t\t\t\t\t\t\t<a href=\"https:\/\/apps.apple.com\/es\/app\/ingame-by-nbn23\/id1556450060\" target=\"_blank\">\n\t\t\t\t\t\t\t<img decoding=\"async\" width=\"454\" height=\"150\" src=\"https:\/\/nbn23.com\/wp-content\/uploads\/2019\/09\/apple-e1667571706725.png\" class=\"attachment-large size-large wp-image-5411\" alt=\"\" \/>\t\t\t\t\t\t\t\t<\/a>\n\t\t\t\t\t\t\t\t\t\t\t\t\t\t\t<\/div>\n\t\t\t\t<\/div>\n\t\t\t\t\t<\/div>\n\t\t<\/div>\n\t\t\t\t<div class=\"elementor-column elementor-col-25 elementor-inner-column elementor-element elementor-element-2cedbc80\" data-id=\"2cedbc80\" data-element_type=\"column\" data-e-type=\"column\">\n\t\t\t<div class=\"elementor-widget-wrap elementor-element-populated\">\n\t\t\t\t\t\t<div class=\"elementor-element elementor-element-62fe2c3c elementor-widget elementor-widget-image\" data-id=\"62fe2c3c\" data-element_type=\"widget\" data-e-type=\"widget\" data-widget_type=\"image.default\">\n\t\t\t\t<div class=\"elementor-widget-container\">\n\t\t\t\t\t\t\t\t\t\t\t\t\t\t\t\t<a href=\"https:\/\/play.google.com\/store\/apps\/details?id=com.nbn23.ingameapp\" target=\"_blank\">\n\t\t\t\t\t\t\t<img loading=\"lazy\" decoding=\"async\" width=\"512\" height=\"167\" src=\"https:\/\/nbn23.com\/wp-content\/uploads\/2019\/08\/googleplay-store-e1598434092846.png\" class=\"attachment-large size-large wp-image-5125\" alt=\"\" srcset=\"https:\/\/nbn23.com\/wp-content\/uploads\/2019\/08\/googleplay-store-e1598434092846.png 512w, https:\/\/nbn23.com\/wp-content\/uploads\/2019\/08\/googleplay-store-e1598434092846-300x98.png 300w\" sizes=\"(max-width: 512px) 100vw, 512px\" \/>\t\t\t\t\t\t\t\t<\/a>\n\t\t\t\t\t\t\t\t\t\t\t\t\t\t\t<\/div>\n\t\t\t\t<\/div>\n\t\t\t\t\t<\/div>\n\t\t<\/div>\n\t\t\t\t<div class=\"elementor-column elementor-col-25 elementor-inner-column elementor-element elementor-element-2d1e08af\" data-id=\"2d1e08af\" data-element_type=\"column\" data-e-type=\"column\">\n\t\t\t<div class=\"elementor-widget-wrap elementor-element-populated\">\n\t\t\t\t\t\t<div class=\"elementor-element elementor-element-3a73ee elementor-widget elementor-widget-image\" data-id=\"3a73ee\" data-element_type=\"widget\" data-e-type=\"widget\" data-widget_type=\"image.default\">\n\t\t\t\t<div class=\"elementor-widget-container\">\n\t\t\t\t\t\t\t\t\t\t\t\t\t\t\t\t<a href=\"http:\/\/www.amazon.com\/gp\/product\/B0BG91S9S8\" target=\"_blank\">\n\t\t\t\t\t\t\t<img loading=\"lazy\" decoding=\"async\" width=\"897\" height=\"298\" src=\"https:\/\/nbn23.com\/wp-content\/uploads\/2022\/11\/kindle-fire-download-button.png\" class=\"attachment-large size-large wp-image-27500\" alt=\"\" srcset=\"https:\/\/nbn23.com\/wp-content\/uploads\/2022\/11\/kindle-fire-download-button.png 897w, https:\/\/nbn23.com\/wp-content\/uploads\/2022\/11\/kindle-fire-download-button-300x100.png 300w, https:\/\/nbn23.com\/wp-content\/uploads\/2022\/11\/kindle-fire-download-button-768x255.png 768w\" sizes=\"(max-width: 897px) 100vw, 897px\" \/>\t\t\t\t\t\t\t\t<\/a>\n\t\t\t\t\t\t\t\t\t\t\t\t\t\t\t<\/div>\n\t\t\t\t<\/div>\n\t\t\t\t\t<\/div>\n\t\t<\/div>\n\t\t\t\t<div class=\"elementor-column elementor-col-25 elementor-inner-column elementor-element elementor-element-12cf434c\" data-id=\"12cf434c\" data-element_type=\"column\" data-e-type=\"column\">\n\t\t\t<div class=\"elementor-widget-wrap elementor-element-populated\">\n\t\t\t\t\t\t<div class=\"elementor-element elementor-element-15d20be0 elementor-widget elementor-widget-image\" data-id=\"15d20be0\" data-element_type=\"widget\" data-e-type=\"widget\" data-widget_type=\"image.default\">\n\t\t\t\t<div class=\"elementor-widget-container\">\n\t\t\t\t\t\t\t\t\t\t\t\t\t\t\t\t<a href=\"https:\/\/appgallery.huawei.com\/app\/C107128567\" target=\"_blank\">\n\t\t\t\t\t\t\t<img loading=\"lazy\" decoding=\"async\" width=\"1024\" height=\"307\" src=\"https:\/\/nbn23.com\/wp-content\/uploads\/2022\/11\/Badge-Black-1024x307.png\" class=\"attachment-large size-large wp-image-27493\" alt=\"\" srcset=\"https:\/\/nbn23.com\/wp-content\/uploads\/2022\/11\/Badge-Black-1024x307.png 1024w, https:\/\/nbn23.com\/wp-content\/uploads\/2022\/11\/Badge-Black-300x90.png 300w, https:\/\/nbn23.com\/wp-content\/uploads\/2022\/11\/Badge-Black-768x231.png 768w, https:\/\/nbn23.com\/wp-content\/uploads\/2022\/11\/Badge-Black-1536x461.png 1536w, https:\/\/nbn23.com\/wp-content\/uploads\/2022\/11\/Badge-Black-2048x615.png 2048w\" sizes=\"(max-width: 1024px) 100vw, 1024px\" \/>\t\t\t\t\t\t\t\t<\/a>\n\t\t\t\t\t\t\t\t\t\t\t\t\t\t\t<\/div>\n\t\t\t\t<\/div>\n\t\t\t\t\t<\/div>\n\t\t<\/div>\n\t\t\t\t\t<\/div>\n\t\t<\/section>\n\t\t\t\t\t<\/div>\n\t\t<\/div>\n\t\t\t\t\t<\/div>\n\t\t<\/section>\n\t\t\t\t<section class=\"elementor-section elementor-top-section elementor-element elementor-element-bb6db13 elementor-section-boxed elementor-section-height-default elementor-section-height-default\" data-id=\"bb6db13\" data-element_type=\"section\" data-e-type=\"section\">\n\t\t\t\t\t\t<div class=\"elementor-container elementor-column-gap-default\">\n\t\t\t\t\t<div class=\"elementor-column elementor-col-100 elementor-top-column elementor-element elementor-element-b8c3493\" data-id=\"b8c3493\" data-element_type=\"column\" data-e-type=\"column\">\n\t\t\t<div class=\"elementor-widget-wrap\">\n\t\t\t\t\t\t\t<\/div>\n\t\t<\/div>\n\t\t\t\t\t<\/div>\n\t\t<\/section>\n\t\t\t\t<section class=\"elementor-section elementor-top-section elementor-element elementor-element-f3683c5 elementor-section-boxed elementor-section-height-default elementor-section-height-default\" data-id=\"f3683c5\" data-element_type=\"section\" data-e-type=\"section\">\n\t\t\t\t\t\t<div class=\"elementor-container elementor-column-gap-default\">\n\t\t\t\t\t<div class=\"elementor-column elementor-col-100 elementor-top-column elementor-element elementor-element-3d5d75b\" data-id=\"3d5d75b\" data-element_type=\"column\" data-e-type=\"column\">\n\t\t\t<div class=\"elementor-widget-wrap\">\n\t\t\t\t\t\t\t<\/div>\n\t\t<\/div>\n\t\t\t\t\t<\/div>\n\t\t<\/section>\n\t\t\t\t<\/div>\n\t\t","protected":false},"excerpt":{"rendered":"<p>\u00a1CONVI\u00c9RTETE EN ANOTADOR! Curso de adiestramento de oficiales de mesa Los d\u00edas 6 y 7 de Mayo se realizar\u00e1n talleres de adiestramientos para oficiales de mesa, para trabajar torneo Puerto Rico Little Lads 2023. \u00a1Contamos contigo! \u00a1Ap\u00fantate ahora! \u00c1GIL Y DIVERTIDO Registra cada jugada usando INGAME Consigue tu certificado de anotador D\u00ed adi\u00f3s al papel [&hellip;]<\/p>\n","protected":false},"author":12,"featured_media":31499,"parent":0,"menu_order":0,"comment_status":"closed","ping_status":"closed","template":"","meta":{"_exactmetrics_skip_tracking":false,"_exactmetrics_sitenote_active":false,"_exactmetrics_sitenote_note":"","_exactmetrics_sitenote_category":0,"footnotes":""},"class_list":["post-31433","page","type-page","status-publish","has-post-thumbnail","hentry"],"blocksy_meta":{"styles_descriptor":{"styles":{"desktop":"","tablet":"","mobile":""},"google_fonts":[],"version":6}},"aioseo_notices":[],"_links":{"self":[{"href":"https:\/\/nbn23.com\/es\/wp-json\/wp\/v2\/pages\/31433","targetHints":{"allow":["GET"]}}],"collection":[{"href":"https:\/\/nbn23.com\/es\/wp-json\/wp\/v2\/pages"}],"about":[{"href":"https:\/\/nbn23.com\/es\/wp-json\/wp\/v2\/types\/page"}],"author":[{"embeddable":true,"href":"https:\/\/nbn23.com\/es\/wp-json\/wp\/v2\/users\/12"}],"replies":[{"embeddable":true,"href":"https:\/\/nbn23.com\/es\/wp-json\/wp\/v2\/comments?post=31433"}],"version-history":[{"count":89,"href":"https:\/\/nbn23.com\/es\/wp-json\/wp\/v2\/pages\/31433\/revisions"}],"predecessor-version":[{"id":32372,"href":"https:\/\/nbn23.com\/es\/wp-json\/wp\/v2\/pages\/31433\/revisions\/32372"}],"wp:featuredmedia":[{"embeddable":true,"href":"https:\/\/nbn23.com\/es\/wp-json\/wp\/v2\/media\/31499"}],"wp:attachment":[{"href":"https:\/\/nbn23.com\/es\/wp-json\/wp\/v2\/media?parent=31433"}],"curies":[{"name":"wp","href":"https:\/\/api.w.org\/{rel}","templated":true}]}}