{"id":30189,"date":"2023-01-31T16:57:27","date_gmt":"2023-01-31T14:57:27","guid":{"rendered":"https:\/\/nbn23.com\/ingame-squad-politicas\/"},"modified":"2023-03-03T13:02:21","modified_gmt":"2023-03-03T11:02:21","slug":"ingame-squad-politicas","status":"publish","type":"page","link":"https:\/\/nbn23.com\/es\/ingame-squad-politicas\/","title":{"rendered":"INGAME SQUAD POLITICAS"},"content":{"rendered":"\t\t<div data-elementor-type=\"wp-page\" data-elementor-id=\"30189\" class=\"elementor elementor-30189 elementor-30186\" data-elementor-post-type=\"page\">\n\t\t\t\t\t\t<section class=\"elementor-section elementor-top-section elementor-element elementor-element-2e19e3f0 elementor-section-boxed elementor-section-height-default elementor-section-height-default\" data-id=\"2e19e3f0\" data-element_type=\"section\" data-e-type=\"section\">\n\t\t\t\t\t\t<div class=\"elementor-container elementor-column-gap-default\">\n\t\t\t\t\t<div class=\"elementor-column elementor-col-100 elementor-top-column elementor-element elementor-element-62f25f\" data-id=\"62f25f\" data-element_type=\"column\" data-e-type=\"column\">\n\t\t\t<div class=\"elementor-widget-wrap elementor-element-populated\">\n\t\t\t\t\t\t<div class=\"elementor-element elementor-element-18d4169 elementor-widget elementor-widget-text-editor\" data-id=\"18d4169\" data-element_type=\"widget\" data-e-type=\"widget\" data-widget_type=\"text-editor.default\">\n\t\t\t\t<div class=\"elementor-widget-container\">\n\t\t\t\t\t\t\t\t\t<h2>BASES LEGALES DEL PROGRAMA DE INCENTIVOS PARA ANOTADORES INGAME SQUAD NBN23<\/h2>\n<p>NBN23 S.L. (en adelante, \u00abNBN23\u00bb), con domicilio social en Juan de la Cierva y Codorniu n\u00famero 27 Edificio Wellness 1 Planta 3 46980-Paterna y CIF B40634206 ha puesto en marcha el PROGRAMA DE INCENTIVOS PARA GOLEADORES &#8211; INGAME SQUAD NBN23 en el que, de forma peri\u00f3dica, a trav\u00e9s de las siguientes Bases, se lanzar\u00e1n retos con diferentes incentivos que ser\u00e1n entregados durante cada periodo de participaci\u00f3n.<\/p>\n<p>PRIMERO &#8211; \u00c1MBITO DE APLICACI\u00d3N<\/p>\n<p>El Programa INGAME SQUAD tiene como objetivo premiar a los anotadores que m\u00e1s partidos digitalicen a trav\u00e9s de la App InGame.<\/p>\n<p>A trav\u00e9s de la web NBN23, se publicar\u00e1n peri\u00f3dicamente las clasificaciones.<br>Cada partido digitalizado a trav\u00e9s de la App InGame supondr\u00e1 la acumulaci\u00f3n de puntos en el perfil del anotador.<\/p>\n<p>Cada anotador, para participar en el programa y conociendo y aceptando las condiciones de participaci\u00f3n, deber\u00e1 completar el curso de formaci\u00f3n Acta Digital INGAME de NBN23 y al final de cada partido digitalizado introducir el email utilizado en el registro en la plataforma de formaci\u00f3n.<\/p>\n<p>El Programa Escuadra InGame se pondr\u00e1 en marcha el 01 de enero de 2023 y permanecer\u00e1 activo hasta que se comunique lo contrario. En caso de paralizaci\u00f3n del programa, todos los participantes que formen parte de esta iniciativa ser\u00e1n contactados v\u00eda email.<\/p>\n<p>SEGUNDO &#8211; OBJETIVO<\/p>\n<p>El Programa INGAME SQUAD tiene como objetivo premiar a los anotadores que m\u00e1s partidos digitalicen a trav\u00e9s de la App InGame.<\/p>\n<p>TERCERA &#8211; CONDICIONES DE PARTICIPACI\u00d3N<\/p>\n<p>Para participar, los anotadores deber\u00e1n haber realizado el curso de formaci\u00f3n Acta Digital InGame by NBN23, disponer del certificado de homologaci\u00f3n, conocer y aceptar las condiciones de participaci\u00f3n y tratamiento de datos personales.<\/p>\n<p>CUARTA &#8211; MEC\u00c1NICA DE PARTICIPACI\u00d3N<\/p>\n<p>El Programa INGAME SQUAD tiene como objetivo premiar a los anotadores que m\u00e1s partidos digitalicen a trav\u00e9s de la App InGame.<\/p>\n<p>A trav\u00e9s de la web NBN23 se publicar\u00e1n peri\u00f3dicamente las clasificaciones.<br>Cada partido digitalizado a trav\u00e9s de la App InGame supondr\u00e1 la acumulaci\u00f3n de puntos en el perfil del anotador.<\/p>\n<p>Cada anotador, para participar en el programa y conociendo y aceptando las condiciones de participaci\u00f3n, deber\u00e1 completar el curso de formaci\u00f3n Acta Digital INGAME de NBN23 y al final de cada partido digitalizado introducir el email utilizado en el registro en la plataforma de formaci\u00f3n.<\/p>\n<p>El Programa InGame Squad se pondr\u00e1 en marcha el 01 de enero de 2023 y permanecer\u00e1 activo hasta que se comunique lo contrario. En caso de paralizaci\u00f3n del programa, todos los participantes que formen parte de esta iniciativa ser\u00e1n contactados v\u00eda email.<\/p>\n<p>Cada mes se sortear\u00e1n los 20 participantes con m\u00e1s puntos acumulados durante el mes y al final del a\u00f1o se realizar\u00e1 un sorteo para cada una de las categor\u00edas.<\/p>\n<p>QUINTO. &#8211; PREMIOS<\/p>\n<p>Cada mes, los 20 participantes con m\u00e1s puntos acumulados durante el mes entrar\u00e1n en el sorteo de un cheque regalo de 100\u20ac para Amazon y una suscripci\u00f3n anual GOLD a Swish.<br>Al final del a\u00f1o habr\u00e1 un sorteo para cada una de las categor\u00edas.<br>Bronce &#8211; si has digitalizado m\u00e1s de 300 partidos 250\u20ac en Amazon + Suscripci\u00f3n mensual GOLD a Swish App<br>Plata &#8211; si has digitalizado m\u00e1s de 450 coincidencias 500\u20ac en Amazon + Suscripci\u00f3n GOLD trimestral Swish App<br>Oro &#8211; si ha digitalizado m\u00e1s de 600 coincidencias 1000\u20ac en Amazon + Suscripci\u00f3n GOLD anual Swish App<\/p>\n<p>SEXTO &#8211; PUBLICACI\u00d3N DE LOS GANADORES Y COMUNICACI\u00d3N DE LOS PREMIOS<\/p>\n<p>Una vez finalizado el plazo de participaci\u00f3n en cada reto, se proceder\u00e1 a la selecci\u00f3n del ganador\/es entre aquellos anotadores que hayan alcanzado la puntuaci\u00f3n requerida.<\/p>\n<p>Para este sorteo se descargar\u00e1 el listado de participantes y se utilizar\u00e1 la plataforma Easy Promo: https:\/\/www.sortea2.com\/.<\/p>\n<p>La publicaci\u00f3n del ganador\/es se realizar\u00e1 a trav\u00e9s del correo electr\u00f3nico del ganador y publicaci\u00f3n en redes sociales.<br>El ganador\/es deber\u00e1 confirmar la aceptaci\u00f3n del premio a trav\u00e9s de correo electr\u00f3nico, escribiendo a la direcci\u00f3n marketing@nbn23.com en el plazo de un (7) d\u00edas naturales desde la comunicaci\u00f3n.<\/p>\n<p>En respuesta a dicho correo electr\u00f3nico, NBN23 informar\u00e1 al ganador de c\u00f3mo recoger el premio.<\/p>\n<p>S\u00c9PTIMA &#8211; ACEPTACI\u00d3N DEL PREMIO Y ENTREGA DEL PREMIO<\/p>\n<p>Con la confirmaci\u00f3n de aceptaci\u00f3n por correo electr\u00f3nico, el ganador deber\u00e1 indicar su nombre, apellidos y direcci\u00f3n postal completa.<\/p>\n<p>La participaci\u00f3n en el Programa InGame Squad implica la aceptaci\u00f3n sin reservas de las presentes bases y de las decisiones de NBN23 en cuanto a la resoluci\u00f3n de cualquier cuesti\u00f3n derivada de este programa.<\/p>\n<p>OCTAVA &#8211; ASIGNACI\u00d3N DE PREMIOS<\/p>\n<p>Los premios e incentivos otorgados a trav\u00e9s del Programa InGame Squad en ning\u00fan caso podr\u00e1n ser objeto de cambio, alteraci\u00f3n o compensaci\u00f3n a petici\u00f3n del ganador. NBN23 se reserva el derecho de sustituir los premios por otros de igual o mayor valor promocional en caso de considerarlo necesario.<\/p>\n<p>NOVENA &#8211; FISCALIDAD<\/p>\n<p>El premio otorgado en el marco del concurso estar\u00e1 sujeto a lo dispuesto en la Ley 35\/2006, de 28 de noviembre, del Impuesto sobre la Renta de las Personas F\u00edsicas y dem\u00e1s disposiciones concordantes, por lo que, en caso de que as\u00ed lo exija la legislaci\u00f3n vigente, corresponder\u00e1 a NBN23 efectuar el ingreso a cuenta o la retenci\u00f3n del Impuesto sobre la Renta de las Personas F\u00edsicas (en adelante, \u00abI.R.P.F.F.\u00bb) que proceda.<\/p>\n<p>En este sentido, de conformidad con lo dispuesto en el art\u00edculo 101.7 de la Ley 35\/2006, de 28 de noviembre, del Impuesto sobre la Renta de las Personas F\u00edsicas (en adelante, \u00abI.R.P.F.\u00bb).<br>noviembre, del Impuesto sobre la Renta de las Personas F\u00edsicas y en el art\u00edculo 75.3.f) del Reglamento de desarrollo de dicha Ley, NBN23 deber\u00e1 practicar la oportuna retenci\u00f3n o ingreso a cuenta respecto de cualquier premio relacionado con el concurso cuyo valor exceda de 300 euros, o de aquellos valores que sean legalmente exigibles en cada momento.<\/p>\n<p>El premio otorgado en el marco del programa tendr\u00e1 la consideraci\u00f3n de ganancia patrimonial no generada por la transmisi\u00f3n de elementos patrimoniales, por lo que deber\u00e1 tenerse en cuenta a la hora de presentar la declaraci\u00f3n del IRPF y tributar\u00e1 en la escala general de la base imponible, dependiendo la tributaci\u00f3n final del premio del valor<br>del premio, as\u00ed como del importe de las restantes rentas obtenidas por el participante premiado.<\/p>\n<p>En relaci\u00f3n con lo anterior y en cumplimiento de la normativa fiscal vigente, NBN23 practicar\u00e1 la correspondiente retenci\u00f3n o ingreso a cuenta sobre el premio otorgado, y emitir\u00e1 en su momento el oportuno certificado para facilitar al Participante el cumplimiento de sus obligaciones tributarias mediante la inclusi\u00f3n en su declaraci\u00f3n del IRPF de la renta consistente en el premio recibido, junto con el resto de rentas percibidas, y de cuyo importe total el participante podr\u00e1 deducir como ya ingresado.<br>del importe total ya abonado podr\u00e1 deducirse la cantidad que figure en el citado certificado de ingreso a cuenta.<br>de ingreso a cuenta.<\/p>\n<p>Mediante la aceptaci\u00f3n del premio, el participante ganador del programa autorizar\u00e1 a NBN23 a realizar la oportuna retenci\u00f3n o ingreso a cuenta en nombre del ganador, correspondiente al 19% del valor del premio.<br>19% del valor del premio, o el porcentaje que en cada momento sea legalmente exigible.<br>legalmente exigible en cada momento.<\/p>\n<p>El no disfrute del premio por parte del participante ganador no le eximir\u00e1 de computar el valor del premio como ganancia patrimonial no generada por la transmisi\u00f3n de elementos patrimoniales a efectos de su declaraci\u00f3n del Impuesto sobre la Renta de las Personas F\u00edsicas. MUTUACTIVOS no responder\u00e1 en ning\u00fan caso de la incorrecta declaraci\u00f3n de la renta que el ganador del premio pudiera realizar a estos efectos.<\/p>\n<p>D\u00c9CIMA. &#8211; VERACIDAD DE LOS DATOS<\/p>\n<p>Los datos facilitados por los participantes deber\u00e1n ser veraces. En caso de que sean falsos, los premios que les hubieran correspondido ir\u00e1n a parar al primero de los suplentes.<\/p>\n<p>D\u00c9CIMA. &#8211; VERACIDAD DE LOS DATOS<\/p>\n<p>Los datos facilitados por los participantes deber\u00e1n ser veraces. En caso de ser falsos, los premios que les hubieran correspondido pasar\u00e1n al primero de los suplentes.<\/p>\n<p>UND\u00c9CIMA &#8211; DATOS PERSONALES<\/p>\n<p>\u25cf NBN23 S.L. con domicilio social en Juan de la Cierva y Codorniu n\u00famero 27 Edificio Wellness 1 Planta 3 46980-Paterna y CIF B40634206.<\/p>\n<p>\u25cf DELEGADO DE PROTECCI\u00d3N DE DATOS (DPO): Puede contactar con nosotros en la siguiente direcci\u00f3n: Juan de la Cierva y Codorniu n\u00famero 27 Edificio Wellness 1 Planta 3 46980-Paterna o enviando un correo electr\u00f3nico a&nbsp;<a href=\"mailto:dpo@nbn23.tech\" target=\"_blank\" style=\"background-color: var(--theme-palette-color-7); font-size: inherit; text-align: inherit; font-family: var(--fontFamily); font-style: var(--fontStyle, inherit); font-weight: var(--fontWeight); letter-spacing: var(--letterSpacing); text-transform: var(--textTransform);\">dpo@nbn23.tech<\/a><\/p>\n<p>FINALIDADES PARA LAS QUE TRATAREMOS SUS DATOS<\/p>\n<p>Gestionar tu solicitud de participaci\u00f3n en este concurso.<br>Todos los datos que nos facilites para la participaci\u00f3n en el concurso son necesarios para la formalizaci\u00f3n y gesti\u00f3n del mismo. Le rogamos que todos los datos que nos facilite est\u00e9n actualizados para garantizar su exactitud en todo momento, por lo tanto, cualquier modificaci\u00f3n de los mismos deber\u00e1 sernos comunicada y de esta forma, responder\u00e1n en todo momento a su situaci\u00f3n real.<\/p>\n<p>La base legal que habilita a MUTUACTIVOS para llevar a cabo este tratamiento es:<\/p>\n<p>\u25cf Que el tratamiento es necesario para la gesti\u00f3n del concurso (art\u00edculo 6.1.b RGPD).<br>\u25cf El cumplimiento de obligaciones legales, de conformidad con el art\u00edculo 6.1.c RGPD.<\/p>\n<p>DESTINATARIOS: Los datos no ser\u00e1n cedidos a terceros, salvo obligaci\u00f3n legal.<\/p>\n<p>PLAZO DE CONSERVACI\u00d3N DE LOS DATOS: Todos los datos personales objeto de este concurso tendr\u00e1n la duraci\u00f3n necesaria para la gesti\u00f3n del concurso en el que participes.<\/p>\n<p>CU\u00c1LES SON SUS DERECHOS EN MATERIA DE PROTECCI\u00d3N DE DATOS: Podr\u00e1s obtener la informaci\u00f3n necesaria para ejercer tus derechos de protecci\u00f3n de datos. Por lo tanto podr\u00e1s:<\/p>\n<p>\u25cf Solicitar el acceso a la consulta de sus datos personales contenidos en los ficheros de NBN23.<br>\u25cf Solicitar su rectificaci\u00f3n para la modificaci\u00f3n de sus datos personales.<br>\u25cf Solicitar la supresi\u00f3n o Derecho al olvido para eliminar sus datos personales.<br>\u25cf Solicitar la oposici\u00f3n y\/o decisiones individuales automatizadas para que sus datos no sean tratados para determinados usos.<br>\u25cf Solicitar la limitaci\u00f3n de su tratamiento, para limitar temporalmente el uso de sus datos en determinados casos.<br>\u25cf Solicitar la portabilidad de sus datos personales para cederlos o transmitirlos a otro responsable del tratamiento.<\/p>\n<p>Puedes ejercer estos derechos en cualquier momento, de forma gratuita, acreditando tu identidad mediante el env\u00edo de un correo electr\u00f3nico a&nbsp;<span dir=\"ltr\"><a href=\"mailto:dpo@nbn23.tech\">dpo@nbn23.tech<\/a><\/span>.<\/p>\n<p>Adem\u00e1s, si lo deseas, puedes presentar una reclamaci\u00f3n ante la Agencia Espa\u00f1ola de Protecci\u00f3n de Datos si consideras que el tratamiento que estamos realizando es contrario a la normativa vigente. El env\u00edo de los datos implica la aceptaci\u00f3n expresa para llevar a cabo el tratamiento de datos mencionado. Es imprescindible cumplimentar todos los datos requeridos para poder atender su solicitud. No ser\u00e1 posible facilitar datos de menores de edad. Si se facilitaran dichos datos, ser\u00edan destruidos y dichas personas no podr\u00edan acceder al concurso.<\/p>\n<p>DUOD\u00c9CIMA &#8211; RECLAMACIONES<\/p>\n<p>El plazo de reclamaciones sobre el resultado de cada reto finalizar\u00e1 transcurrido un (1) d\u00eda natural desde la fecha de publicaci\u00f3n de los ganadores de cada reto seg\u00fan lo establecido en el apartado S\u00e9ptimo de las presentes bases. Los usuarios que lo deseen podr\u00e1n enviar cualquier reclamaci\u00f3n sobre el concurso a la direcci\u00f3n de correo electr\u00f3nico&nbsp;<a href=\"mailto:dpo@nbn23.tech\" target=\"_blank\">dpo@nbn23.tech<\/a>.<\/p>\n<p>DECIMOTERCERA &#8211; MODIFICACI\u00d3N DE LAS BASES Y SUSPENSI\u00d3N DEL SORTEO<\/p>\n<p>NBN23 se reserva el derecho a suspender, aplazar o cancelar el Programa InGame Squad en cualquier momento, siempre que existan causas que lo justifiquen, as\u00ed como a modificar las presentes bases, comprometi\u00e9ndose a comunicar las nuevas bases, condiciones, suspensi\u00f3n, aplazamiento o cancelaci\u00f3n, en su caso, a trav\u00e9s de los mismos canales y de la misma forma.<\/p>\t\t\t\t\t\t\t\t<\/div>\n\t\t\t\t<\/div>\n\t\t\t\t\t<\/div>\n\t\t<\/div>\n\t\t\t\t\t<\/div>\n\t\t<\/section>\n\t\t\t\t<\/div>\n\t\t","protected":false},"excerpt":{"rendered":"<p>BASES LEGALES DEL PROGRAMA DE INCENTIVOS PARA ANOTADORES INGAME SQUAD NBN23 NBN23 S.L. (en adelante, \u00abNBN23\u00bb), con domicilio social en Juan de la Cierva y Codorniu n\u00famero 27 Edificio Wellness 1 Planta 3 46980-Paterna y CIF B40634206 ha puesto en marcha el PROGRAMA DE INCENTIVOS PARA GOLEADORES &#8211; INGAME SQUAD NBN23 en el que, de [&hellip;]<\/p>\n","protected":false},"author":2,"featured_media":0,"parent":0,"menu_order":0,"comment_status":"closed","ping_status":"closed","template":"","meta":{"_exactmetrics_skip_tracking":false,"_exactmetrics_sitenote_active":false,"_exactmetrics_sitenote_note":"","_exactmetrics_sitenote_category":0,"footnotes":""},"class_list":["post-30189","page","type-page","status-publish","hentry"],"blocksy_meta":{"styles_descriptor":{"styles":{"desktop":"","tablet":"","mobile":""},"google_fonts":[],"version":6}},"aioseo_notices":[],"_links":{"self":[{"href":"https:\/\/nbn23.com\/es\/wp-json\/wp\/v2\/pages\/30189","targetHints":{"allow":["GET"]}}],"collection":[{"href":"https:\/\/nbn23.com\/es\/wp-json\/wp\/v2\/pages"}],"about":[{"href":"https:\/\/nbn23.com\/es\/wp-json\/wp\/v2\/types\/page"}],"author":[{"embeddable":true,"href":"https:\/\/nbn23.com\/es\/wp-json\/wp\/v2\/users\/2"}],"replies":[{"embeddable":true,"href":"https:\/\/nbn23.com\/es\/wp-json\/wp\/v2\/comments?post=30189"}],"version-history":[{"count":9,"href":"https:\/\/nbn23.com\/es\/wp-json\/wp\/v2\/pages\/30189\/revisions"}],"predecessor-version":[{"id":31308,"href":"https:\/\/nbn23.com\/es\/wp-json\/wp\/v2\/pages\/30189\/revisions\/31308"}],"wp:attachment":[{"href":"https:\/\/nbn23.com\/es\/wp-json\/wp\/v2\/media?parent=30189"}],"curies":[{"name":"wp","href":"https:\/\/api.w.org\/{rel}","templated":true}]}}