{"id":27837,"date":"2022-11-07T17:21:46","date_gmt":"2022-11-07T15:21:46","guid":{"rendered":"https:\/\/nbn23.com\/?page_id=27837"},"modified":"2024-11-25T13:10:22","modified_gmt":"2024-11-25T11:10:22","slug":"politica-de-cookies-swish","status":"publish","type":"page","link":"https:\/\/nbn23.com\/es\/politica-de-cookies-swish\/","title":{"rendered":"Pol\u00edtica de cookies Swish"},"content":{"rendered":"\n<h2 class=\"wp-block-heading\"><strong>Pol\u00edtica de cookies<\/strong><\/h2>\n\n\n\n<p>NBN23 SL (en adelante&nbsp;<strong>\u201cNBN23\u201d<\/strong>), por su propia cuenta o la de un tercero contratado para prestaci\u00f3n de servicios de medici\u00f3n, puede utilizar cookies y otros mecanismos similares de almacenamiento y recuperaci\u00f3n de datos en equipos terminales cuando se accede al sitio web de NBN23 (en adelante, \u201cCookies\u201d).<\/p>\n\n\n\n<p>Mediante el uso de cookies resulta posible que el servidor donde se encuentra alojada la web reconozca el navegador utilizado por el usuario con la finalidad de que la navegaci\u00f3n sea m\u00e1s sencilla, permitiendo, por ejemplo, el acceso a los usuarios que se hayan registrado previamente, acceder a las \u00e1reas, servicios o promociones reservados exclusivamente a ellos sin tener que registrarse en cada visita. Se utilizan tambi\u00e9n para medir la audiencia y par\u00e1metros del tr\u00e1fico, as\u00ed como controlar el progreso y n\u00famero de entradas.<\/p>\n\n\n\n<p><strong>\u00bfQU\u00c9 SON LAS COOKIES?<\/strong><\/p>\n\n\n\n<p>Una cookie es un fichero que se instala en el navegador del usuario al acceder a determinadas p\u00e1ginas o aplicaciones. Las cookies permiten al titular de una p\u00e1gina web o aplicaci\u00f3n, entre otras cosas, almacenar y recuperar informaci\u00f3n sobre los h\u00e1bitos de navegaci\u00f3n de un usuario o de su equipo y, dependiendo de la informaci\u00f3n que contengan y de la forma en que utilice su equipo, pueden utilizarse para reconocer al usuario.<\/p>\n\n\n\n<p><strong>TIPOS DE COOKIES<\/strong><\/p>\n\n\n\n<figure class=\"wp-block-table\"><table class=\"has-fixed-layout\"><tbody><tr><td>Por entidad de gesti\u00f3n de dominio<\/td><td>Cookies de origen Cookies de terceros<\/td><\/tr><tr><td>Por tiempo de permanencia<\/td><td>Cookies de sesi\u00f3n Cookies persistentes<\/td><\/tr><tr><td>Por prop\u00f3sito<\/td><td>Cookies t\u00e9cnicas Cookies de personalizaci\u00f3n Cookies anal\u00edticas Cookies de publicidad comportamental<\/td><\/tr><\/tbody><\/table><\/figure>\n\n\n\n<p><strong>\u00bfQU\u00c9 TIPOS DE COOKIES UTILIZA ESTE SITIO WEB Y CU\u00c1LES SON SUS FINALIDADES?<\/strong><\/p>\n\n\n\n<p>Por la entidad que gestiona el dominio:<\/p>\n\n\n\n<ol start=\"1\" class=\"wp-block-list\">\n<li><strong>Cookies propias:<\/strong>\u00a0son aquellas que se env\u00edan al equipo terminal del usuario desde un equipo o dominio gestionado por el propio editor y desde el que se presta el servicio solicitado por el usuario.<\/li>\n\n\n\n<li><strong>Cookies de tercero:<\/strong>\u00a0aquellas que se env\u00edan al equipo terminal del usuario desde un equipo o dominio que no es gestionado por el editor, sino por otra entidad que trata los datos obtenidos trav\u00e9s de las cookies.<\/li>\n<\/ol>\n\n\n\n<p>Por el tiempo de su permanencia:<\/p>\n\n\n\n<ol start=\"1\" class=\"wp-block-list\">\n<li><strong>Cookies de sesi\u00f3n:<\/strong>\u00a0son un tipo de cookies dise\u00f1adas y utilizadas para recabar y almacenar datos mientras el usuario accede a una p\u00e1gina web. Como su propio nombre indica, estas cookies se almacenan en el terminal hasta que finaliza la sesi\u00f3n de navegaci\u00f3n del usuario.<\/li>\n\n\n\n<li><strong>Cookies persistentes:<\/strong>\u00a0son aquellas en las que los datos siguen almacenados en el terminal y pueden ser accedidos y tratados durante un periodo definido por el responsable de la cookie, y que puede ir de unos minutos a varios a\u00f1os.<\/li>\n<\/ol>\n\n\n\n<p>Por su finalidad:<\/p>\n\n\n\n<ol start=\"1\" class=\"wp-block-list\">\n<li><strong>Cookies t\u00e9cnicas:<\/strong>\u00a0son aquellas que permiten al usuario la navegaci\u00f3n a trav\u00e9s de una p\u00e1gina web y la utilizaci\u00f3n de las diferentes opciones o servicios que en ella existan, incluyendo las que se utilizan para permitir la gesti\u00f3n y operativa de la p\u00e1gina web y habilitar sus funciones y servicios.<\/li>\n\n\n\n<li><strong>Cookies de personalizaci\u00f3n:<\/strong>\u00a0son aquellas que permiten recordar informaci\u00f3n para que el usuario acceda al servicio con determinadas caracter\u00edsticas que pueden diferenciar su experiencia de la de otros usuarios.<\/li>\n\n\n\n<li><strong>Cookies de an\u00e1lisis:<\/strong>\u00a0Son aqu\u00e9llas que nos permiten cuantificar el n\u00famero de usuarios y as\u00ed realizar la medici\u00f3n y an\u00e1lisis estad\u00edstico de la utilizaci\u00f3n que hacen los usuarios del servicio ofertado. Para ello se analiza su navegaci\u00f3n en nuestra p\u00e1gina web con el fin de mejorar la oferta de productos o servicios que le ofrecemos.<\/li>\n\n\n\n<li><strong>Cookies de publicidad comportamental:<\/strong>\u00a0son aquellas que almacenan informaci\u00f3n del comportamiento del usuario obtenida a trav\u00e9s de la observaci\u00f3n continuada de sus h\u00e1bitos de navegaci\u00f3n, permitiendo desarrollar un perfil espec\u00edfico para mostrar publicidad en funci\u00f3n del mismo.<\/li>\n<\/ol>\n\n\n\n<p><strong>MARCO DE TRANSPARENCIA Y CONSENTIMIENTO DE IAB EUROPE (TCF 2.2).<\/strong><\/p>\n\n\n\n<p>Asimismo, aquellas cookies an\u00e1lisis y publicidad de terceros que se encuentren adheridos al marco de transparencia y consentimiento de IAB Europe, se categorizan en funci\u00f3n de las siguientes finalidades del TCF 2.2:<\/p>\n\n\n\n<ol class=\"wp-block-list\">\n<li>Almacenar o acceder a informaci\u00f3n en un dispositivo. Se requiere el consentimiento del usuario para utilizar las cookies con esta finalidad.<\/li>\n\n\n\n<li>Anuncios y contenido personalizados, medici\u00f3n de anuncios y del contenido, informaci\u00f3n sobre el p\u00fablico y desarrollo de productos:<ol><li>Crear un perfil publicitario personalizado. Se requiere el consentimiento del usuario para utilizar las cookies dirigidas con esta finalidad.<\/li><\/ol><ol><li>Seleccionar anuncios personalizados. Se requiere el consentimiento del usuario para utilizar las cookies dirigidas con esta finalidad.<\/li><\/ol><ol><li>Crear un perfil para la personalizaci\u00f3n de contenidos. Se requiere el consentimiento del usuario para utilizar las cookies dirigidas con esta finalidad.<\/li><\/ol><ol><li>Seleccionar contenido personalizado. Se requiere el consentimiento del usuario para utilizar las cookies dirigidas con esta finalidad.<\/li><\/ol><ol><li>Medir el rendimiento de los anuncios. Se requiere el consentimiento del usuario para utilizar las cookies dirigidas con esta finalidad.<\/li><\/ol><ol><li>Medir el rendimiento del contenido. Se requiere el consentimiento del usuario para utilizar las cookies dirigidas con esta finalidad.<\/li><\/ol><ol><li>Seleccionar anuncios b\u00e1sicos. Se requiere el consentimiento del usuario para utilizar las cookies dirigidas con esta finalidad.<\/li><\/ol><ol><li>Desarrollar y mejorar productos. Se requiere el consentimiento del usuario para utilizar las cookies dirigidas con esta finalidad.<\/li><\/ol>\n<ol class=\"wp-block-list\">\n<li>Utilizar estudios de mercado a fin de generar informaci\u00f3n sobre el p\u00fablico. Se requiere el consentimiento del usuario para utilizar las cookies dirigidas con esta finalidad.<\/li>\n<\/ol>\n<\/li>\n\n\n\n<li>Analizar activamente las caracter\u00edsticas del dispositivo para su identificaci\u00f3n. Se requiere el consentimiento del usuario para utilizar las cookies dirigidas con esta finalidad.<\/li>\n\n\n\n<li>Garantizar la seguridad, evitar fraudes y depurar errores. No se requiere el consentimiento del usuario para utilizar las cookies dirigidas con esta finalidad.<\/li>\n\n\n\n<li>Servir t\u00e9cnicamente anuncios o contenido. No se requiere el consentimiento del usuario para utilizar las cookies dirigidas con esta finalidad.<\/li>\n\n\n\n<li>Cotejar y combina fuentes de datos off line. No se requiere el consentimiento del usuario para utilizar las cookies dirigidas con esta finalidad.<\/li>\n\n\n\n<li>Vincular diferentes dispositivos. No se requiere el consentimiento del usuario para utilizar las cookies dirigidas con esta finalidad.<\/li>\n\n\n\n<li>Recibir y utilizar para su identificaci\u00f3n las caracter\u00edsticas del dispositivo que se env\u00edan autom\u00e1ticamente. No se requiere el consentimiento del usuario para utilizar las cookies dirigidas con esta finalidad.<\/li>\n<\/ol>\n\n\n\n<p>Si no permites utilizar estas cookies, ver\u00e1 menos publicidad dirigida.<strong><br><\/strong><\/p>\n\n\n\n<p><strong>LISTA DE COOKIES POR EMISOR:<\/strong><\/p>\n\n\n\n<figure class=\"wp-block-table\"><table class=\"has-fixed-layout\"><tbody><tr><td><strong>Nombre de la cookie<\/strong><\/td><td><strong>Editor<\/strong><\/td><td><strong>Tipo<\/strong><\/td><td><strong>Per\u00edodo de retenci\u00f3n<\/strong><\/td><td><strong>M\u00e1s informaci\u00f3n<\/strong><\/td><\/tr><tr><td>_icl_visitor_lang_js<\/td><td>WPML<\/td><td>Desconocido<\/td><td>Al menos una sesi\u00f3n<\/td><td><\/td><\/tr><tr><td>Wp-Configuraci\u00f3n-Tiempo-<\/td><td>WordPress<\/td><td>Funcional<\/td><td>1 a\u00f1o<\/td><td>para almacenar las preferencias del usuario<\/td><\/tr><tr><td>wp-wpml_idioma_actual<\/td><td>WPML<\/td><td>Funcional<\/td><td>1 d\u00eda<\/td><td>para almacenar la configuraci\u00f3n del idioma<\/td><\/tr><tr><td>Prueba de redirecci\u00f3n del navegador Wpml<\/td><td>WPML<\/td><td>Funcional<\/td><td>Sesi\u00f3n<\/td><td>Para leer si se pueden colocar cookies<\/td><\/tr><tr><td>WordPress_iniciado_sesi\u00f3n_<\/td><td>WordPress<\/td><td>Funcional<\/td><td>persistente<\/td><td>Para almacenar usuarios registrados<\/td><\/tr><tr><td>_lscache_variar<\/td><td>Velocidad Lite<\/td><td>Funcional<\/td><td>2 d\u00edas<\/td><td>Proporcionar la prevenci\u00f3n de p\u00e1ginas almacenadas en cach\u00e9.<\/td><\/tr><tr><td>Configuraci\u00f3n de WP<\/td><td>WordPress<\/td><td>Funcional<\/td><td>persistente<\/td><td>para almacenar las preferencias del usuario<\/td><\/tr><tr><td>prli_visitor<\/td><td>Enlaces bonitos<\/td><td>Estad\u00edstica<\/td><td>1 a\u00f1o<\/td><td><\/td><\/tr><tr><td>Identificador PHPSESSID<\/td><td>PHP<\/td><td>Funcional<\/td><td>Sesi\u00f3n<\/td><td>Proporcionar funciones en todas las p\u00e1ginas.<\/td><\/tr><tr><td>cookie de prueba de wordpress<\/td><td>WordPress<\/td><td>Funcional<\/td><td>Sesi\u00f3n<\/td><td>para leer si se pueden colocar cookies.<\/td><\/tr><tr><td>WordPress_sec_<\/td><td>WordPress<\/td><td>Funcional<\/td><td>15 d\u00edas<\/td><td>Para brindar protecci\u00f3n contra piratas inform\u00e1ticos, almacene los detalles de la cuenta.<\/td><\/tr><\/tbody><\/table><\/figure>\n\n\n\n<p>Esta tabla informativa se actualizar\u00e1 con la mayor brevedad posible cuando cambien los servicios ofrecidos en este sitio. No obstante, es posible que, temporalmente, la tabla informativa no incluya alguna cookie, tag u otro dispositivo similar debido a una actualizaci\u00f3n, si bien siempre existir\u00e1n dispositivos con id\u00e9nticas finalidades a las incluidas en esta tabla.<strong><br><\/strong><\/p>\n\n\n\n<p><strong>\u00bfQUI\u00c9NES SON LOS DESTINATARIOS DE LA INFORMACI\u00d3N? \u00bfD\u00d3NDE SE ENCUENTRAN?<\/strong><\/p>\n\n\n\n<p>La informaci\u00f3n recogida a trav\u00e9s de las Cookies podr\u00e1 ser utilizada tanto por NBN23 como por terceras empresas colaboradoras, como operadores y agentes de anal\u00edtica web, para las finalidades descritas en el apartado anterior.<\/p>\n\n\n\n<p>Algunos de estos colaboradores pueden estar ubicados en terceros pa\u00edses cuya legislaci\u00f3n no ofrezca un nivel equivalente de protecci\u00f3n de datos; no obstante, el usuario podr\u00e1 consultar las garant\u00edas adecuadas que ofrecen para que las transferencias internacionales de datos se realicen teniendo en cuenta los derechos y libertades de los interesados.<\/p>\n\n\n\n<p>El usuario puede obtener m\u00e1s informaci\u00f3n sobre estos terceros, as\u00ed como los tipos de cookies que instalan, las finalidades para las que tratan los datos, las garant\u00edas que ofrecen para realizar transferencias internacionales, los periodos de conservaci\u00f3n y c\u00f3mo se pueden configurar las preferencias respecto a los mismos, a trav\u00e9s de sus pol\u00edticas de privacidad. En cualquier caso, NBN23 no se hace responsable de la veracidad y contenido de las pol\u00edticas de privacidad ofrecidas por esos terceros en sus sitios web.<\/p>\n\n\n\n<p><strong>GESTI\u00d3N DE COOKIES<\/strong><\/p>\n\n\n\n<p>Teniendo en cuenta la informaci\u00f3n facilitada a trav\u00e9s de esta Pol\u00edtica de Cookies, a continuaci\u00f3n te facilitamos informaci\u00f3n sobre c\u00f3mo puedes gestionar las cookies utilizadas en la web a trav\u00e9s de las diferentes opciones que ofrecen los navegadores m\u00e1s comunes (Explorer, Firefox, Chrome, Safari y Opera). La funci\u00f3n de Ayuda de la mayor\u00eda de los navegadores te indica c\u00f3mo configurar tu navegador para que no acepte cookies, para que te notifique cada vez que recibas una nueva cookie, as\u00ed como para deshabilitar por completo todas las cookies.<\/p>\n\n\n\n<p>As\u00ed, por ejemplo, puedes encontrar informaci\u00f3n sobre c\u00f3mo gestionar tus preferencias de cookies en los navegadores m\u00e1s habituales a trav\u00e9s de los siguientes enlaces:<\/p>\n\n\n\n<p>Firefox desde&nbsp;<a href=\"https:\/\/support.mozilla.org\/en-US\/kb\/clear-cookies-and-site-data-firefox\">aqu\u00ed<\/a>&nbsp;.<\/p>\n\n\n\n<p>Chrome desde&nbsp;<a href=\"https:\/\/support.google.com\/chrome\/answer\/95647?hl=en&amp;co=GENIE.Platform%3DAndroid\">aqu\u00ed<\/a>&nbsp;.<\/p>\n\n\n\n<p>Microsoft Edge desde&nbsp;<a href=\"https:\/\/support.microsoft.com\/en-us\/microsoft-edge\/delete-cookies-in-microsoft-edge-63947406-40ac-c3b8-57b9-2a946a29ae09#:~:text=Open%20Microsoft%20Edge%20and%20select%20Settings%20and%20more%20%3E%20Settings%20%3E%20Cookies,cookies%20you%20want%20to%20remove.\">aqu\u00ed<\/a>&nbsp;.<\/p>\n\n\n\n<p>Safari desde&nbsp;<a href=\"https:\/\/support.apple.com\/et-ee\/guide\/safari\/sfri11471\/mac\">aqu\u00ed<\/a>&nbsp;.<\/p>\n\n\n\n<p>\u00d3pera de&nbsp;<a href=\"https:\/\/blogs.opera.com\/news\/2015\/08\/how-to-manage-cookies-in-opera\/\">aqu\u00ed<\/a>&nbsp;.<\/p>\n\n\n\n<p>Si su navegador no se encuentra entre los anteriores, consulte la documentaci\u00f3n espec\u00edfica de su navegador.<\/p>\n\n\n\n<p>El mecanismo de exclusi\u00f3n voluntaria crea una cookie que nos permite recordar que no desea cookies adicionales. Sin embargo, si elimina las cookies despu\u00e9s de haber solicitado su eliminaci\u00f3n, deber\u00e1 repetir el proceso.<\/p>\n\n\n\n<p>Estos cambios s\u00f3lo se aplican al navegador a trav\u00e9s del cual est\u00e1 conectado actualmente. Para eliminar las cookies de otros dispositivos, debe seguir el proceso descrito para dichos dispositivos.<\/p>\n\n\n\n<p>Si impide la instalaci\u00f3n de todas las cookies en el sitio web, algunas funcionalidades del sitio web, as\u00ed como algunos contenidos, podr\u00edan verse afectados.<\/p>\n\n\n\n<p><strong>INFORMACI\u00d3N ADICIONAL<\/strong><\/p>\n\n\n\n<p>Puede dirigirse a NBN23 a trav\u00e9s de&nbsp;<a href=\"mailto:DPO@nbn23.tech\">DPO@nbn23.tech<\/a>&nbsp;para ejercitar sus derechos de acceso, rectificaci\u00f3n o cancelaci\u00f3n, limitaci\u00f3n del tratamiento, oposici\u00f3n, a la portabilidad de datos o a no ser objeto de una decisi\u00f3n basada \u00fanicamente en el tratamiento automatizado, as\u00ed como a retirar el consentimiento prestado.<\/p>\n\n\n\n<p>En la medida en que la informaci\u00f3n procesada se refiera \u00fanicamente a c\u00f3digos o identificadores \u00fanicos de los dispositivos o navegadores utilizados por el usuario y no est\u00e9 relacionada con datos que identifiquen directamente al usuario, los derechos anteriores no ser\u00e1n aplicables, a menos que el usuario proporcione informaci\u00f3n adicional que permita su identificaci\u00f3n.<\/p>\n\n\n\n<p>Si desea conocer informaci\u00f3n adicional sobre el tratamiento de sus datos, puede consultar la Pol\u00edtica de Privacidad de NBN23.<\/p>\n\n\n\n<p><\/p>\n","protected":false},"excerpt":{"rendered":"<p>Pol\u00edtica de cookies NBN23 SL (en adelante&nbsp;\u201cNBN23\u201d), por su propia cuenta o la de un tercero contratado para prestaci\u00f3n de servicios de medici\u00f3n, puede utilizar cookies y otros mecanismos similares de almacenamiento y recuperaci\u00f3n de datos en equipos terminales cuando se accede al sitio web de NBN23 (en adelante, \u201cCookies\u201d). Mediante el uso de cookies [&hellip;]<\/p>\n","protected":false},"author":2,"featured_media":0,"parent":0,"menu_order":0,"comment_status":"closed","ping_status":"closed","template":"","meta":{"_exactmetrics_skip_tracking":false,"_exactmetrics_sitenote_active":false,"_exactmetrics_sitenote_note":"","_exactmetrics_sitenote_category":0,"footnotes":""},"class_list":["post-27837","page","type-page","status-publish","hentry"],"blocksy_meta":{"styles_descriptor":{"styles":{"desktop":"","tablet":"","mobile":""},"google_fonts":[],"version":6}},"aioseo_notices":[],"_links":{"self":[{"href":"https:\/\/nbn23.com\/es\/wp-json\/wp\/v2\/pages\/27837","targetHints":{"allow":["GET"]}}],"collection":[{"href":"https:\/\/nbn23.com\/es\/wp-json\/wp\/v2\/pages"}],"about":[{"href":"https:\/\/nbn23.com\/es\/wp-json\/wp\/v2\/types\/page"}],"author":[{"embeddable":true,"href":"https:\/\/nbn23.com\/es\/wp-json\/wp\/v2\/users\/2"}],"replies":[{"embeddable":true,"href":"https:\/\/nbn23.com\/es\/wp-json\/wp\/v2\/comments?post=27837"}],"version-history":[{"count":4,"href":"https:\/\/nbn23.com\/es\/wp-json\/wp\/v2\/pages\/27837\/revisions"}],"predecessor-version":[{"id":34491,"href":"https:\/\/nbn23.com\/es\/wp-json\/wp\/v2\/pages\/27837\/revisions\/34491"}],"wp:attachment":[{"href":"https:\/\/nbn23.com\/es\/wp-json\/wp\/v2\/media?parent=27837"}],"curies":[{"name":"wp","href":"https:\/\/api.w.org\/{rel}","templated":true}]}}