{"id":27832,"date":"2022-11-07T17:18:15","date_gmt":"2022-11-07T15:18:15","guid":{"rendered":"https:\/\/nbn23.com\/?page_id=27832"},"modified":"2023-03-03T11:59:20","modified_gmt":"2023-03-03T09:59:20","slug":"proteccion-de-datos-de-caracter-personal","status":"publish","type":"page","link":"https:\/\/nbn23.com\/es\/proteccion-de-datos-de-caracter-personal\/","title":{"rendered":"Protecci\u00f3n de datos de car\u00e1cter personal"},"content":{"rendered":"\n<h2 class=\"wp-block-heading\"><strong><mark style=\"background-color:rgba(0, 0, 0, 0)\" class=\"has-inline-color has-palette-color-4-color\">Informaci\u00f3n b\u00e1sica sobre Protecci\u00f3n de datos de car\u00e1cter personal<\/mark><\/strong><\/h2>\n\n\n\n<p>En cumplimiento del Reglamento General de Protecci\u00f3n de Datos de Car\u00e1cter Personal, se informa al interesado de lo siguiente:<\/p>\n\n\n\n<p><strong>RESPONSABLE DEL TRATAMIENTO<\/strong><\/p>\n\n\n\n<p>Identidad: NBN23 S.L.<\/p>\n\n\n\n<p>Direcci\u00f3n postal: JUAN DE LA CIERVA Y CODORNIU, 27 EDIFICIO WELLNESS 1 PARQUE TECNOLOGICO 46980-PATERNA<\/p>\n\n\n\n<p>CIF: B40634206 (VAT ESB40634206) Correo electr\u00f3nico: <a href=\"mailto:dpo@nbn23.tech\">dpo@nbn23.tech<\/a><\/p>\n\n\n\n<p>P\u00e1gina web: <a href=\"https:\/\/nbn23.com\/\">The digital basketball statistics solution &#8211; NBN23<\/a><\/p>\n\n\n\n<p><strong>FINALIDAD DEL TRATAMIENTO<\/strong><\/p>\n\n\n\n<p>Se tratar\u00e1n los datos para la prestaci\u00f3n del servicio y prospecci\u00f3n comercial de nuestros servicios\/productos.<\/p>\n\n\n\n<p>Los datos personales proporcionados se conservar\u00e1n durante el tiempo que sea estrictamente necesario, mientras no se solicite la supresi\u00f3n de los mismos, o bien hasta que dejen de ajustarse a la finalidad para la que fueron recabados.<\/p>\n\n\n\n<p><strong>LEGITIMACI\u00d3N<\/strong><\/p>\n\n\n\n<p>La base legal sobre la que se fundamenta el tratamiento de los datos es la siguiente:<\/p>\n\n\n\n<ul class=\"wp-block-list\"><li>Consentimiento inequ\u00edvoco y expreso de nuestros clientes para recibir el servicio prestado.<\/li><li>Ejecuci\u00f3n de un contrato o medidas precontractuales.<\/li><li>Inter\u00e9s leg\u00edtimo.<\/li><li>Seguimiento de obligaciones legales.<\/li><\/ul>\n\n\n\n<p><strong>DESTINATARIOS<\/strong><\/p>\n\n\n\n<p>Se podr\u00e1n realizar cesiones de datos a proveedores, terceros o para fines estad\u00edsticos.<\/p>\n\n\n\n<p><strong>DERECHOS<\/strong><\/p>\n\n\n\n<p>Le amparan los siguientes Derechos recogidos por el RGPD:<\/p>\n\n\n\n<ul class=\"wp-block-list\"><li>Derecho a solicitar el acceso a los datos personales, se podr\u00e1 requerir informaci\u00f3n al responsable de un fichero sobre si sus datos personales est\u00e1n siendo tratados.<\/li><li>Derecho a solicitar la rectificaci\u00f3n permite solicitar la modificaci\u00f3n de datos que sean inexactos o incompletos<\/li><li>Derecho a oponerse al tratamiento, permite solicitar que dejen de tratarse los datos bajo los requisitos establecidos legalmente<\/li><li>Derecho a solicitar su supresi\u00f3n revocar el consentimiento prestado y solicitar que se eliminen los datos personales<\/li><li>Derecho a la limitaci\u00f3n de su tratamiento: derecho a exigir que se apliquen medidas sobre esos datos para, entre otras cosas, evitar su modificaci\u00f3n o, en su caso, su borrado o supresi\u00f3n<\/li><li>Derecho a la portabilidad de los datos: solicitar que se le facilite la informaci\u00f3n en un formato estructurado y claro a otro Responsable<\/li><\/ul>\n\n\n\n<p>\u00bfC\u00f3mo ejercer estos derechos?<\/p>\n\n\n\n<ul class=\"wp-block-list\"><li>Mediante un escrito dirigido a JUAN DE LA CIERVA Y CODORNIU, 27 EDIFICIO WELLNESS 1 PARQUE TECNOLOGICO 46980-PATERNA<\/li><li>Mediante correo electr\u00f3nico dirigido a <a href=\"mailto:dpo@nbn23.tech\">dpo@nbn23.tech<\/a><\/li><li>Adem\u00e1s, en cualquier momento si el interesado considera que sus datos no est\u00e1n siendo tratados de la forma adecuada o seg\u00fan requiera el interesado, \u00e9ste podr\u00e1 presentar una reclamaci\u00f3n ante la Agencia Espa\u00f1ola de Protecci\u00f3n de Datos ( <a href=\"http:\/\/www.agpd.es\/\">Agencia Espa\u00f1ola de Protecci\u00f3n de Datos | AEPD<\/a> ).<\/li><\/ul>\n","protected":false},"excerpt":{"rendered":"<p>Informaci\u00f3n b\u00e1sica sobre Protecci\u00f3n de datos de car\u00e1cter personal En cumplimiento del Reglamento General de Protecci\u00f3n de Datos de Car\u00e1cter Personal, se informa al interesado de lo siguiente: RESPONSABLE DEL TRATAMIENTO Identidad: NBN23 S.L. Direcci\u00f3n postal: JUAN DE LA CIERVA Y CODORNIU, 27 EDIFICIO WELLNESS 1 PARQUE TECNOLOGICO 46980-PATERNA CIF: B40634206 (VAT ESB40634206) Correo electr\u00f3nico: [&hellip;]<\/p>\n","protected":false},"author":2,"featured_media":0,"parent":0,"menu_order":0,"comment_status":"closed","ping_status":"closed","template":"","meta":{"_exactmetrics_skip_tracking":false,"_exactmetrics_sitenote_active":false,"_exactmetrics_sitenote_note":"","_exactmetrics_sitenote_category":0,"footnotes":""},"class_list":["post-27832","page","type-page","status-publish","hentry"],"blocksy_meta":{"styles_descriptor":{"styles":{"desktop":"","tablet":"","mobile":""},"google_fonts":[],"version":6}},"aioseo_notices":[],"_links":{"self":[{"href":"https:\/\/nbn23.com\/es\/wp-json\/wp\/v2\/pages\/27832","targetHints":{"allow":["GET"]}}],"collection":[{"href":"https:\/\/nbn23.com\/es\/wp-json\/wp\/v2\/pages"}],"about":[{"href":"https:\/\/nbn23.com\/es\/wp-json\/wp\/v2\/types\/page"}],"author":[{"embeddable":true,"href":"https:\/\/nbn23.com\/es\/wp-json\/wp\/v2\/users\/2"}],"replies":[{"embeddable":true,"href":"https:\/\/nbn23.com\/es\/wp-json\/wp\/v2\/comments?post=27832"}],"version-history":[{"count":6,"href":"https:\/\/nbn23.com\/es\/wp-json\/wp\/v2\/pages\/27832\/revisions"}],"predecessor-version":[{"id":31260,"href":"https:\/\/nbn23.com\/es\/wp-json\/wp\/v2\/pages\/27832\/revisions\/31260"}],"wp:attachment":[{"href":"https:\/\/nbn23.com\/es\/wp-json\/wp\/v2\/media?parent=27832"}],"curies":[{"name":"wp","href":"https:\/\/api.w.org\/{rel}","templated":true}]}}