{"id":26778,"date":"2022-09-29T18:31:15","date_gmt":"2022-09-29T16:31:15","guid":{"rendered":"https:\/\/nbn23.com\/ingame-squad-soporte\/"},"modified":"2023-02-01T16:53:22","modified_gmt":"2023-02-01T14:53:22","slug":"ingame-squad-soporte","status":"publish","type":"page","link":"https:\/\/nbn23.com\/es\/ingame-squad-soporte\/","title":{"rendered":"InGame Squad &#8211; Soporte"},"content":{"rendered":"\t\t<div data-elementor-type=\"wp-page\" data-elementor-id=\"26778\" class=\"elementor elementor-26778 elementor-25893\" data-elementor-post-type=\"page\">\n\t\t\t\t\t\t<section class=\"elementor-section elementor-top-section elementor-element elementor-element-7d301d3d ct-section-stretched elementor-section-full_width elementor-section-height-default elementor-section-height-default\" data-id=\"7d301d3d\" data-element_type=\"section\" data-e-type=\"section\" data-settings=\"{&quot;background_background&quot;:&quot;classic&quot;}\">\n\t\t\t\t\t\t<div class=\"elementor-container elementor-column-gap-default\">\n\t\t\t\t\t<div class=\"elementor-column elementor-col-33 elementor-top-column elementor-element elementor-element-6d040a1b\" data-id=\"6d040a1b\" data-element_type=\"column\" data-e-type=\"column\">\n\t\t\t<div class=\"elementor-widget-wrap elementor-element-populated\">\n\t\t\t\t\t\t<div class=\"elementor-element elementor-element-4852e4 elementor-widget elementor-widget-image\" data-id=\"4852e4\" data-element_type=\"widget\" data-e-type=\"widget\" data-widget_type=\"image.default\">\n\t\t\t\t<div class=\"elementor-widget-container\">\n\t\t\t\t\t\t\t\t\t\t\t\t\t\t\t<img fetchpriority=\"high\" decoding=\"async\" width=\"1024\" height=\"267\" src=\"https:\/\/nbn23.com\/wp-content\/uploads\/2023\/01\/ingamesquad-white-1024x267.png\" class=\"attachment-large size-large wp-image-30038\" alt=\"\" srcset=\"https:\/\/nbn23.com\/wp-content\/uploads\/2023\/01\/ingamesquad-white-1024x267.png 1024w, https:\/\/nbn23.com\/wp-content\/uploads\/2023\/01\/ingamesquad-white-300x78.png 300w, https:\/\/nbn23.com\/wp-content\/uploads\/2023\/01\/ingamesquad-white-768x200.png 768w, https:\/\/nbn23.com\/wp-content\/uploads\/2023\/01\/ingamesquad-white-1536x400.png 1536w, https:\/\/nbn23.com\/wp-content\/uploads\/2023\/01\/ingamesquad-white.png 1754w\" sizes=\"(max-width: 1024px) 100vw, 1024px\" \/>\t\t\t\t\t\t\t\t\t\t\t\t\t\t\t<\/div>\n\t\t\t\t<\/div>\n\t\t\t\t\t<\/div>\n\t\t<\/div>\n\t\t\t\t<div class=\"elementor-column elementor-col-66 elementor-top-column elementor-element elementor-element-47b80a06\" data-id=\"47b80a06\" data-element_type=\"column\" data-e-type=\"column\">\n\t\t\t<div class=\"elementor-widget-wrap elementor-element-populated\">\n\t\t\t\t\t\t<div class=\"elementor-element elementor-element-393f4546 elementor-nav-menu__align-end elementor-nav-menu--dropdown-tablet elementor-nav-menu__text-align-aside elementor-nav-menu--toggle elementor-nav-menu--burger elementor-widget elementor-widget-nav-menu\" data-id=\"393f4546\" data-element_type=\"widget\" data-e-type=\"widget\" data-settings=\"{&quot;layout&quot;:&quot;horizontal&quot;,&quot;submenu_icon&quot;:{&quot;value&quot;:&quot;&lt;i class=\\&quot;fas fa-caret-down\\&quot; aria-hidden=\\&quot;true\\&quot;&gt;&lt;\\\/i&gt;&quot;,&quot;library&quot;:&quot;fa-solid&quot;},&quot;toggle&quot;:&quot;burger&quot;}\" data-widget_type=\"nav-menu.default\">\n\t\t\t\t<div class=\"elementor-widget-container\">\n\t\t\t\t\t\t\t\t<nav aria-label=\"Men\u00fa\" class=\"elementor-nav-menu--main elementor-nav-menu__container elementor-nav-menu--layout-horizontal e--pointer-underline e--animation-slide\">\n\t\t\t\t<ul id=\"menu-1-393f4546\" class=\"elementor-nav-menu\"><li class=\"menu-item menu-item-type-post_type menu-item-object-page menu-item-26848\"><a href=\"https:\/\/nbn23.com\/es\/ingamesquad\/\" class=\"elementor-item\">C\u00f3mo funciona<\/a><\/li>\n<li class=\"menu-item menu-item-type-post_type menu-item-object-page menu-item-26845\"><a href=\"https:\/\/nbn23.com\/es\/ingame-squad-premios\/\" class=\"elementor-item\">Premios<\/a><\/li>\n<li class=\"menu-item menu-item-type-post_type menu-item-object-page menu-item-26844\"><a href=\"https:\/\/nbn23.com\/es\/ingame-squad-soporte\/\" class=\"elementor-item\">Soporte<\/a><\/li>\n<li class=\"menu-item menu-item-type-custom menu-item-object-custom menu-item-31780\"><a href=\"https:\/\/ingamesquad.com\/my-dashboard\" class=\"elementor-item\">Inicia sesi\u00f3n<\/a><\/li>\n<li class=\"menu-item menu-item-type-custom menu-item-object-custom menu-item-31779\"><a href=\"https:\/\/ingamesquad.com\/my-dashboard?action=register\" class=\"elementor-item\">Registrate ahora<\/a><\/li>\n<li class=\"menu-item wpml-ls-slot-194 wpml-ls-item wpml-ls-item-es wpml-ls-current-language wpml-ls-menu-item wpml-ls-first-item menu-item-type-wpml_ls_menu_item menu-item-object-wpml_ls_menu_item menu-item-has-children menu-item-wpml-ls-194-es\"><a href=\"https:\/\/nbn23.com\/es\/\" aria-current=\"page\" aria-expanded=\"false\" aria-controls=\"wpml-ls-submenu-wpml-ls-194-es\" class=\"elementor-item\"><img decoding=\"async\"\n            class=\"wpml-ls-flag\"\n            src=\"https:\/\/nbn23.com\/wp-content\/plugins\/sitepress-multilingual-cms\/res\/flags\/es.png\"\n            alt=\"\"\n            loading=\"lazy\"\n            \n            \n    \/><span class=\"wpml-ls-display\">Espa\u00f1ol<\/span><\/a>\n<ul class=\"sub-menu elementor-nav-menu--dropdown\">\n\t<li class=\"menu-item wpml-ls-slot-194 wpml-ls-item wpml-ls-item-en wpml-ls-menu-item menu-item-type-wpml_ls_menu_item menu-item-object-wpml_ls_menu_item menu-item-wpml-ls-194-en\"><a href=\"https:\/\/nbn23.com\/\" title=\"Cambiar a Ingl\u00e9s\" aria-label=\"Cambiar a Ingl\u00e9s\" class=\"elementor-sub-item\"><img decoding=\"async\"\n            class=\"wpml-ls-flag\"\n            src=\"https:\/\/nbn23.com\/wp-content\/uploads\/flags\/flag us.png\"\n            alt=\"\"\n            loading=\"lazy\"\n            \n            \n    \/><span class=\"wpml-ls-display\">Ingl\u00e9s<\/span><\/a><\/li>\n\t<li class=\"menu-item wpml-ls-slot-194 wpml-ls-item wpml-ls-item-pt-br wpml-ls-menu-item menu-item-type-wpml_ls_menu_item menu-item-object-wpml_ls_menu_item menu-item-wpml-ls-194-pt-br\"><a href=\"https:\/\/nbn23.com\/pt-br\/\" title=\"Cambiar a Portugu\u00e9s, Brasil\" aria-label=\"Cambiar a Portugu\u00e9s, Brasil\" class=\"elementor-sub-item\"><img decoding=\"async\"\n            class=\"wpml-ls-flag\"\n            src=\"https:\/\/nbn23.com\/wp-content\/plugins\/sitepress-multilingual-cms\/res\/flags\/pt-br.png\"\n            alt=\"\"\n            loading=\"lazy\"\n            \n            \n    \/><span class=\"wpml-ls-display\">Portugu\u00e9s, Brasil<\/span><\/a><\/li>\n\t<li class=\"menu-item wpml-ls-slot-194 wpml-ls-item wpml-ls-item-tr wpml-ls-menu-item menu-item-type-wpml_ls_menu_item menu-item-object-wpml_ls_menu_item menu-item-wpml-ls-194-tr\"><a href=\"https:\/\/nbn23.com\/tr\/\" title=\"Cambiar a Turco\" aria-label=\"Cambiar a Turco\" class=\"elementor-sub-item\"><img decoding=\"async\"\n            class=\"wpml-ls-flag\"\n            src=\"https:\/\/nbn23.com\/wp-content\/plugins\/sitepress-multilingual-cms\/res\/flags\/tr.png\"\n            alt=\"\"\n            loading=\"lazy\"\n            \n            \n    \/><span class=\"wpml-ls-display\">Turco<\/span><\/a><\/li>\n\t<li class=\"menu-item wpml-ls-slot-194 wpml-ls-item wpml-ls-item-de wpml-ls-menu-item menu-item-type-wpml_ls_menu_item menu-item-object-wpml_ls_menu_item menu-item-wpml-ls-194-de\"><a href=\"https:\/\/nbn23.com\/de\/\" title=\"Cambiar a Alem\u00e1n\" aria-label=\"Cambiar a Alem\u00e1n\" class=\"elementor-sub-item\"><img decoding=\"async\"\n            class=\"wpml-ls-flag\"\n            src=\"https:\/\/nbn23.com\/wp-content\/plugins\/sitepress-multilingual-cms\/res\/flags\/de.png\"\n            alt=\"\"\n            loading=\"lazy\"\n            \n            \n    \/><span class=\"wpml-ls-display\">Alem\u00e1n<\/span><\/a><\/li>\n\t<li class=\"menu-item wpml-ls-slot-194 wpml-ls-item wpml-ls-item-fr wpml-ls-menu-item menu-item-type-wpml_ls_menu_item menu-item-object-wpml_ls_menu_item menu-item-wpml-ls-194-fr\"><a href=\"https:\/\/nbn23.com\/fr\/\" title=\"Cambiar a Franc\u00e9s\" aria-label=\"Cambiar a Franc\u00e9s\" class=\"elementor-sub-item\"><img decoding=\"async\"\n            class=\"wpml-ls-flag\"\n            src=\"https:\/\/nbn23.com\/wp-content\/plugins\/sitepress-multilingual-cms\/res\/flags\/fr.png\"\n            alt=\"\"\n            loading=\"lazy\"\n            \n            \n    \/><span class=\"wpml-ls-display\">Franc\u00e9s<\/span><\/a><\/li>\n\t<li class=\"menu-item wpml-ls-slot-194 wpml-ls-item wpml-ls-item-it wpml-ls-menu-item menu-item-type-wpml_ls_menu_item menu-item-object-wpml_ls_menu_item menu-item-wpml-ls-194-it\"><a href=\"https:\/\/nbn23.com\/it\/\" title=\"Cambiar a Italiano\" aria-label=\"Cambiar a Italiano\" class=\"elementor-sub-item\"><img decoding=\"async\"\n            class=\"wpml-ls-flag\"\n            src=\"https:\/\/nbn23.com\/wp-content\/plugins\/sitepress-multilingual-cms\/res\/flags\/it.png\"\n            alt=\"\"\n            loading=\"lazy\"\n            \n            \n    \/><span class=\"wpml-ls-display\">Italiano<\/span><\/a><\/li>\n\t<li class=\"menu-item wpml-ls-slot-194 wpml-ls-item wpml-ls-item-he wpml-ls-menu-item wpml-ls-last-item menu-item-type-wpml_ls_menu_item menu-item-object-wpml_ls_menu_item menu-item-wpml-ls-194-he\"><a href=\"https:\/\/nbn23.com\/he\/\" title=\"Cambiar a Hebreo\" aria-label=\"Cambiar a Hebreo\" class=\"elementor-sub-item\"><img decoding=\"async\"\n            class=\"wpml-ls-flag\"\n            src=\"https:\/\/nbn23.com\/wp-content\/plugins\/sitepress-multilingual-cms\/res\/flags\/he.png\"\n            alt=\"\"\n            loading=\"lazy\"\n            \n            \n    \/><span class=\"wpml-ls-display\">Hebreo<\/span><\/a><\/li>\n<\/ul>\n<\/li>\n<\/ul>\t\t\t<\/nav>\n\t\t\t\t\t<div class=\"elementor-menu-toggle\" role=\"button\" tabindex=\"0\" aria-label=\"Alternar men\u00fa\" aria-expanded=\"false\">\n\t\t\t<i aria-hidden=\"true\" role=\"presentation\" class=\"elementor-menu-toggle__icon--open eicon-menu-bar\"><\/i><i aria-hidden=\"true\" role=\"presentation\" class=\"elementor-menu-toggle__icon--close eicon-close\"><\/i>\t\t<\/div>\n\t\t\t\t\t<nav class=\"elementor-nav-menu--dropdown elementor-nav-menu__container\" aria-hidden=\"true\">\n\t\t\t\t<ul id=\"menu-2-393f4546\" class=\"elementor-nav-menu\"><li class=\"menu-item menu-item-type-post_type menu-item-object-page menu-item-26848\"><a href=\"https:\/\/nbn23.com\/es\/ingamesquad\/\" class=\"elementor-item\" tabindex=\"-1\">C\u00f3mo funciona<\/a><\/li>\n<li class=\"menu-item menu-item-type-post_type menu-item-object-page menu-item-26845\"><a href=\"https:\/\/nbn23.com\/es\/ingame-squad-premios\/\" class=\"elementor-item\" tabindex=\"-1\">Premios<\/a><\/li>\n<li class=\"menu-item menu-item-type-post_type menu-item-object-page menu-item-26844\"><a href=\"https:\/\/nbn23.com\/es\/ingame-squad-soporte\/\" class=\"elementor-item\" tabindex=\"-1\">Soporte<\/a><\/li>\n<li class=\"menu-item menu-item-type-custom menu-item-object-custom menu-item-31780\"><a href=\"https:\/\/ingamesquad.com\/my-dashboard\" class=\"elementor-item\" tabindex=\"-1\">Inicia sesi\u00f3n<\/a><\/li>\n<li class=\"menu-item menu-item-type-custom menu-item-object-custom menu-item-31779\"><a href=\"https:\/\/ingamesquad.com\/my-dashboard?action=register\" class=\"elementor-item\" tabindex=\"-1\">Registrate ahora<\/a><\/li>\n<li class=\"menu-item wpml-ls-slot-194 wpml-ls-item wpml-ls-item-es wpml-ls-current-language wpml-ls-menu-item wpml-ls-first-item menu-item-type-wpml_ls_menu_item menu-item-object-wpml_ls_menu_item menu-item-has-children menu-item-wpml-ls-194-es\"><a href=\"https:\/\/nbn23.com\/es\/\" aria-current=\"page\" aria-expanded=\"false\" aria-controls=\"wpml-ls-submenu-wpml-ls-194-es\" class=\"elementor-item\" tabindex=\"-1\"><img decoding=\"async\"\n            class=\"wpml-ls-flag\"\n            src=\"https:\/\/nbn23.com\/wp-content\/plugins\/sitepress-multilingual-cms\/res\/flags\/es.png\"\n            alt=\"\"\n            loading=\"lazy\"\n            \n            \n    \/><span class=\"wpml-ls-display\">Espa\u00f1ol<\/span><\/a>\n<ul class=\"sub-menu elementor-nav-menu--dropdown\">\n\t<li class=\"menu-item wpml-ls-slot-194 wpml-ls-item wpml-ls-item-en wpml-ls-menu-item menu-item-type-wpml_ls_menu_item menu-item-object-wpml_ls_menu_item menu-item-wpml-ls-194-en\"><a href=\"https:\/\/nbn23.com\/\" title=\"Cambiar a Ingl\u00e9s\" aria-label=\"Cambiar a Ingl\u00e9s\" class=\"elementor-sub-item\" tabindex=\"-1\"><img decoding=\"async\"\n            class=\"wpml-ls-flag\"\n            src=\"https:\/\/nbn23.com\/wp-content\/uploads\/flags\/flag us.png\"\n            alt=\"\"\n            loading=\"lazy\"\n            \n            \n    \/><span class=\"wpml-ls-display\">Ingl\u00e9s<\/span><\/a><\/li>\n\t<li class=\"menu-item wpml-ls-slot-194 wpml-ls-item wpml-ls-item-pt-br wpml-ls-menu-item menu-item-type-wpml_ls_menu_item menu-item-object-wpml_ls_menu_item menu-item-wpml-ls-194-pt-br\"><a href=\"https:\/\/nbn23.com\/pt-br\/\" title=\"Cambiar a Portugu\u00e9s, Brasil\" aria-label=\"Cambiar a Portugu\u00e9s, Brasil\" class=\"elementor-sub-item\" tabindex=\"-1\"><img decoding=\"async\"\n            class=\"wpml-ls-flag\"\n            src=\"https:\/\/nbn23.com\/wp-content\/plugins\/sitepress-multilingual-cms\/res\/flags\/pt-br.png\"\n            alt=\"\"\n            loading=\"lazy\"\n            \n            \n    \/><span class=\"wpml-ls-display\">Portugu\u00e9s, Brasil<\/span><\/a><\/li>\n\t<li class=\"menu-item wpml-ls-slot-194 wpml-ls-item wpml-ls-item-tr wpml-ls-menu-item menu-item-type-wpml_ls_menu_item menu-item-object-wpml_ls_menu_item menu-item-wpml-ls-194-tr\"><a href=\"https:\/\/nbn23.com\/tr\/\" title=\"Cambiar a Turco\" aria-label=\"Cambiar a Turco\" class=\"elementor-sub-item\" tabindex=\"-1\"><img decoding=\"async\"\n            class=\"wpml-ls-flag\"\n            src=\"https:\/\/nbn23.com\/wp-content\/plugins\/sitepress-multilingual-cms\/res\/flags\/tr.png\"\n            alt=\"\"\n            loading=\"lazy\"\n            \n            \n    \/><span class=\"wpml-ls-display\">Turco<\/span><\/a><\/li>\n\t<li class=\"menu-item wpml-ls-slot-194 wpml-ls-item wpml-ls-item-de wpml-ls-menu-item menu-item-type-wpml_ls_menu_item menu-item-object-wpml_ls_menu_item menu-item-wpml-ls-194-de\"><a href=\"https:\/\/nbn23.com\/de\/\" title=\"Cambiar a Alem\u00e1n\" aria-label=\"Cambiar a Alem\u00e1n\" class=\"elementor-sub-item\" tabindex=\"-1\"><img decoding=\"async\"\n            class=\"wpml-ls-flag\"\n            src=\"https:\/\/nbn23.com\/wp-content\/plugins\/sitepress-multilingual-cms\/res\/flags\/de.png\"\n            alt=\"\"\n            loading=\"lazy\"\n            \n            \n    \/><span class=\"wpml-ls-display\">Alem\u00e1n<\/span><\/a><\/li>\n\t<li class=\"menu-item wpml-ls-slot-194 wpml-ls-item wpml-ls-item-fr wpml-ls-menu-item menu-item-type-wpml_ls_menu_item menu-item-object-wpml_ls_menu_item menu-item-wpml-ls-194-fr\"><a href=\"https:\/\/nbn23.com\/fr\/\" title=\"Cambiar a Franc\u00e9s\" aria-label=\"Cambiar a Franc\u00e9s\" class=\"elementor-sub-item\" tabindex=\"-1\"><img decoding=\"async\"\n            class=\"wpml-ls-flag\"\n            src=\"https:\/\/nbn23.com\/wp-content\/plugins\/sitepress-multilingual-cms\/res\/flags\/fr.png\"\n            alt=\"\"\n            loading=\"lazy\"\n            \n            \n    \/><span class=\"wpml-ls-display\">Franc\u00e9s<\/span><\/a><\/li>\n\t<li class=\"menu-item wpml-ls-slot-194 wpml-ls-item wpml-ls-item-it wpml-ls-menu-item menu-item-type-wpml_ls_menu_item menu-item-object-wpml_ls_menu_item menu-item-wpml-ls-194-it\"><a href=\"https:\/\/nbn23.com\/it\/\" title=\"Cambiar a Italiano\" aria-label=\"Cambiar a Italiano\" class=\"elementor-sub-item\" tabindex=\"-1\"><img decoding=\"async\"\n            class=\"wpml-ls-flag\"\n            src=\"https:\/\/nbn23.com\/wp-content\/plugins\/sitepress-multilingual-cms\/res\/flags\/it.png\"\n            alt=\"\"\n            loading=\"lazy\"\n            \n            \n    \/><span class=\"wpml-ls-display\">Italiano<\/span><\/a><\/li>\n\t<li class=\"menu-item wpml-ls-slot-194 wpml-ls-item wpml-ls-item-he wpml-ls-menu-item wpml-ls-last-item menu-item-type-wpml_ls_menu_item menu-item-object-wpml_ls_menu_item menu-item-wpml-ls-194-he\"><a href=\"https:\/\/nbn23.com\/he\/\" title=\"Cambiar a Hebreo\" aria-label=\"Cambiar a Hebreo\" class=\"elementor-sub-item\" tabindex=\"-1\"><img decoding=\"async\"\n            class=\"wpml-ls-flag\"\n            src=\"https:\/\/nbn23.com\/wp-content\/plugins\/sitepress-multilingual-cms\/res\/flags\/he.png\"\n            alt=\"\"\n            loading=\"lazy\"\n            \n            \n    \/><span class=\"wpml-ls-display\">Hebreo<\/span><\/a><\/li>\n<\/ul>\n<\/li>\n<\/ul>\t\t\t<\/nav>\n\t\t\t\t\t\t<\/div>\n\t\t\t\t<\/div>\n\t\t\t\t\t<\/div>\n\t\t<\/div>\n\t\t\t\t\t<\/div>\n\t\t<\/section>\n\t\t\t\t<section class=\"elementor-section elementor-top-section elementor-element elementor-element-7c0c321 ct-section-stretched elementor-section-height-min-height elementor-section-boxed elementor-section-height-default elementor-section-items-middle\" data-id=\"7c0c321\" data-element_type=\"section\" data-e-type=\"section\" data-settings=\"{&quot;background_background&quot;:&quot;classic&quot;}\">\n\t\t\t\t\t\t<div class=\"elementor-container elementor-column-gap-default\">\n\t\t\t\t\t<div class=\"elementor-column elementor-col-100 elementor-top-column elementor-element elementor-element-cf5d2af\" data-id=\"cf5d2af\" data-element_type=\"column\" data-e-type=\"column\">\n\t\t\t<div class=\"elementor-widget-wrap elementor-element-populated\">\n\t\t\t\t\t\t<section class=\"elementor-section elementor-inner-section elementor-element elementor-element-bb3c84a elementor-section-boxed elementor-section-height-default elementor-section-height-default\" data-id=\"bb3c84a\" data-element_type=\"section\" data-e-type=\"section\">\n\t\t\t\t\t\t<div class=\"elementor-container elementor-column-gap-default\">\n\t\t\t\t\t<div class=\"elementor-column elementor-col-50 elementor-inner-column elementor-element elementor-element-c90ae16\" data-id=\"c90ae16\" data-element_type=\"column\" data-e-type=\"column\">\n\t\t\t<div class=\"elementor-widget-wrap elementor-element-populated\">\n\t\t\t\t\t\t<div class=\"elementor-element elementor-element-52cf0c6 elementor-widget elementor-widget-heading\" data-id=\"52cf0c6\" data-element_type=\"widget\" data-e-type=\"widget\" data-widget_type=\"heading.default\">\n\t\t\t\t<div class=\"elementor-widget-container\">\n\t\t\t\t\t<h2 class=\"elementor-heading-title elementor-size-default\">Soporte<\/h2>\t\t\t\t<\/div>\n\t\t\t\t<\/div>\n\t\t\t\t<div class=\"elementor-element elementor-element-b2b29fe elementor-widget elementor-widget-text-editor\" data-id=\"b2b29fe\" data-element_type=\"widget\" data-e-type=\"widget\" data-widget_type=\"text-editor.default\">\n\t\t\t\t<div class=\"elementor-widget-container\">\n\t\t\t\t\t\t\t\t\t<p>Hola, Anotador<\/p>\n<p>Si necesitas ayuda con INGAME App puedes contactar con nosotros en:<\/p>\n\t\t\t\t\t\t\t\t<\/div>\n\t\t\t\t<\/div>\n\t\t\t\t<div class=\"elementor-element elementor-element-981d6e0 elementor-widget elementor-widget-text-editor\" data-id=\"981d6e0\" data-element_type=\"widget\" data-e-type=\"widget\" data-widget_type=\"text-editor.default\">\n\t\t\t\t<div class=\"elementor-widget-container\">\n\t\t\t\t\t\t\t\t\t<p><strong>support@ingamesquad.com<\/strong><\/p>\n\t\t\t\t\t\t\t\t<\/div>\n\t\t\t\t<\/div>\n\t\t\t\t<div class=\"elementor-element elementor-element-f4c4a77 elementor-widget elementor-widget-text-editor\" data-id=\"f4c4a77\" data-element_type=\"widget\" data-e-type=\"widget\" data-widget_type=\"text-editor.default\">\n\t\t\t\t<div class=\"elementor-widget-container\">\n\t\t\t\t\t\t\t\t\t<p>Nuestro equipo de atenci\u00f3n al cliente recuperar\u00e1 su correo electr\u00f3nico y se pondr\u00e1 en contacto con usted para darle m\u00e1s informaci\u00f3n.<\/p>\n\t\t\t\t\t\t\t\t<\/div>\n\t\t\t\t<\/div>\n\t\t\t\t\t<\/div>\n\t\t<\/div>\n\t\t\t\t<div class=\"elementor-column elementor-col-50 elementor-inner-column elementor-element elementor-element-5381aff\" data-id=\"5381aff\" data-element_type=\"column\" data-e-type=\"column\">\n\t\t\t<div class=\"elementor-widget-wrap elementor-element-populated\">\n\t\t\t\t\t\t<div class=\"elementor-element elementor-element-32e775e elementor-widget elementor-widget-image\" data-id=\"32e775e\" data-element_type=\"widget\" data-e-type=\"widget\" data-widget_type=\"image.default\">\n\t\t\t\t<div class=\"elementor-widget-container\">\n\t\t\t\t\t\t\t\t\t\t\t\t\t\t\t<img decoding=\"async\" width=\"730\" height=\"740\" src=\"https:\/\/nbn23.com\/wp-content\/uploads\/2022\/09\/srp-support-img-1.png\" class=\"attachment-full size-full wp-image-26167\" alt=\"\" srcset=\"https:\/\/nbn23.com\/wp-content\/uploads\/2022\/09\/srp-support-img-1.png 730w, https:\/\/nbn23.com\/wp-content\/uploads\/2022\/09\/srp-support-img-1-296x300.png 296w\" sizes=\"(max-width: 730px) 100vw, 730px\" \/>\t\t\t\t\t\t\t\t\t\t\t\t\t\t\t<\/div>\n\t\t\t\t<\/div>\n\t\t\t\t\t<\/div>\n\t\t<\/div>\n\t\t\t\t\t<\/div>\n\t\t<\/section>\n\t\t\t\t\t<\/div>\n\t\t<\/div>\n\t\t\t\t\t<\/div>\n\t\t<\/section>\n\t\t\t\t<footer class=\"elementor-section elementor-top-section elementor-element elementor-element-34bcb017 elementor-section-content-middle ct-section-stretched elementor-section-boxed elementor-section-height-default elementor-section-height-default\" data-id=\"34bcb017\" data-element_type=\"section\" data-e-type=\"section\" data-settings=\"{&quot;background_background&quot;:&quot;classic&quot;}\">\n\t\t\t\t\t\t<div class=\"elementor-container elementor-column-gap-default\">\n\t\t\t\t\t<div class=\"elementor-column elementor-col-50 elementor-top-column elementor-element elementor-element-190e9d6\" data-id=\"190e9d6\" data-element_type=\"column\" data-e-type=\"column\">\n\t\t\t<div class=\"elementor-widget-wrap elementor-element-populated\">\n\t\t\t\t\t\t<div class=\"elementor-element elementor-element-6f4de7c4 elementor-widget elementor-widget-image\" data-id=\"6f4de7c4\" data-element_type=\"widget\" data-e-type=\"widget\" data-widget_type=\"image.default\">\n\t\t\t\t<div class=\"elementor-widget-container\">\n\t\t\t\t\t\t\t\t\t\t\t\t\t\t\t<img fetchpriority=\"high\" decoding=\"async\" width=\"1024\" height=\"267\" src=\"https:\/\/nbn23.com\/wp-content\/uploads\/2023\/01\/ingamesquad-white-1024x267.png\" class=\"attachment-large size-large wp-image-30038\" alt=\"\" srcset=\"https:\/\/nbn23.com\/wp-content\/uploads\/2023\/01\/ingamesquad-white-1024x267.png 1024w, https:\/\/nbn23.com\/wp-content\/uploads\/2023\/01\/ingamesquad-white-300x78.png 300w, https:\/\/nbn23.com\/wp-content\/uploads\/2023\/01\/ingamesquad-white-768x200.png 768w, https:\/\/nbn23.com\/wp-content\/uploads\/2023\/01\/ingamesquad-white-1536x400.png 1536w, https:\/\/nbn23.com\/wp-content\/uploads\/2023\/01\/ingamesquad-white.png 1754w\" sizes=\"(max-width: 1024px) 100vw, 1024px\" \/>\t\t\t\t\t\t\t\t\t\t\t\t\t\t\t<\/div>\n\t\t\t\t<\/div>\n\t\t\t\t\t<\/div>\n\t\t<\/div>\n\t\t\t\t<div class=\"elementor-column elementor-col-50 elementor-top-column elementor-element elementor-element-7cc53c01\" data-id=\"7cc53c01\" data-element_type=\"column\" data-e-type=\"column\">\n\t\t\t<div class=\"elementor-widget-wrap elementor-element-populated\">\n\t\t\t\t\t\t<div class=\"elementor-element elementor-element-4dfffde3 elementor-widget elementor-widget-text-editor\" data-id=\"4dfffde3\" data-element_type=\"widget\" data-e-type=\"widget\" data-widget_type=\"text-editor.default\">\n\t\t\t\t<div class=\"elementor-widget-container\">\n\t\t\t\t\t\t\t\t\t<p><a style=\"color: white;\" href=\"https:\/\/nbn23.com\/es\/ingame-squad-politicas\/\">Legal &amp; Privacy<\/a><\/p>\n\t\t\t\t\t\t\t\t<\/div>\n\t\t\t\t<\/div>\n\t\t\t\t<div class=\"elementor-element elementor-element-76caf658 elementor-widget elementor-widget-text-editor\" data-id=\"76caf658\" data-element_type=\"widget\" data-e-type=\"widget\" data-widget_type=\"text-editor.default\">\n\t\t\t\t<div class=\"elementor-widget-container\">\n\t\t\t\t\t\t\t\t\t<p>Copyright \u00a9 2022 NBN23<\/p>\n\t\t\t\t\t\t\t\t<\/div>\n\t\t\t\t<\/div>\n\t\t\t\t\t<\/div>\n\t\t<\/div>\n\t\t\t\t\t<\/div>\n\t\t<\/footer>\n\t\t\t\t<\/div>\n\t\t","protected":false},"excerpt":{"rendered":"<p>Soporte Hola, Anotador Si necesitas ayuda con INGAME App puedes contactar con nosotros en: support@ingamesquad.com Nuestro equipo de atenci\u00f3n al cliente recuperar\u00e1 su correo electr\u00f3nico y se pondr\u00e1 en contacto con usted para darle m\u00e1s informaci\u00f3n. Legal &amp; Privacy Copyright \u00a9 2022 NBN23<\/p>\n","protected":false},"author":2,"featured_media":26432,"parent":0,"menu_order":0,"comment_status":"closed","ping_status":"closed","template":"elementor_canvas","meta":{"_exactmetrics_skip_tracking":false,"_exactmetrics_sitenote_active":false,"_exactmetrics_sitenote_note":"","_exactmetrics_sitenote_category":0,"footnotes":""},"class_list":["post-26778","page","type-page","status-publish","has-post-thumbnail","hentry"],"blocksy_meta":{"styles_descriptor":{"styles":{"desktop":"","tablet":"","mobile":""},"google_fonts":[],"version":6}},"aioseo_notices":[],"_links":{"self":[{"href":"https:\/\/nbn23.com\/es\/wp-json\/wp\/v2\/pages\/26778","targetHints":{"allow":["GET"]}}],"collection":[{"href":"https:\/\/nbn23.com\/es\/wp-json\/wp\/v2\/pages"}],"about":[{"href":"https:\/\/nbn23.com\/es\/wp-json\/wp\/v2\/types\/page"}],"author":[{"embeddable":true,"href":"https:\/\/nbn23.com\/es\/wp-json\/wp\/v2\/users\/2"}],"replies":[{"embeddable":true,"href":"https:\/\/nbn23.com\/es\/wp-json\/wp\/v2\/comments?post=26778"}],"version-history":[{"count":11,"href":"https:\/\/nbn23.com\/es\/wp-json\/wp\/v2\/pages\/26778\/revisions"}],"predecessor-version":[{"id":30275,"href":"https:\/\/nbn23.com\/es\/wp-json\/wp\/v2\/pages\/26778\/revisions\/30275"}],"wp:featuredmedia":[{"embeddable":true,"href":"https:\/\/nbn23.com\/es\/wp-json\/wp\/v2\/media\/26432"}],"wp:attachment":[{"href":"https:\/\/nbn23.com\/es\/wp-json\/wp\/v2\/media?parent=26778"}],"curies":[{"name":"wp","href":"https:\/\/api.w.org\/{rel}","templated":true}]}}