{"id":19366,"date":"2022-02-08T15:23:59","date_gmt":"2022-02-08T13:23:59","guid":{"rendered":"https:\/\/nbn23.com\/?page_id=19366"},"modified":"2022-02-08T15:35:39","modified_gmt":"2022-02-08T13:35:39","slug":"kit-digital","status":"publish","type":"page","link":"https:\/\/nbn23.com\/es\/kit-digital\/","title":{"rendered":"KIT DIGITAL"},"content":{"rendered":"\t\t<div data-elementor-type=\"wp-page\" data-elementor-id=\"19366\" class=\"elementor elementor-19366\" data-elementor-post-type=\"page\">\n\t\t\t\t\t\t<section class=\"elementor-section elementor-top-section elementor-element elementor-element-217db22 elementor-section-boxed elementor-section-height-default elementor-section-height-default\" data-id=\"217db22\" data-element_type=\"section\" data-e-type=\"section\">\n\t\t\t\t\t\t<div class=\"elementor-container elementor-column-gap-default\">\n\t\t\t\t\t<div class=\"elementor-column elementor-col-100 elementor-top-column elementor-element elementor-element-bdddd88\" data-id=\"bdddd88\" data-element_type=\"column\" data-e-type=\"column\">\n\t\t\t<div class=\"elementor-widget-wrap elementor-element-populated\">\n\t\t\t\t\t\t<div class=\"elementor-element elementor-element-aa91597 elementor-widget elementor-widget-image\" data-id=\"aa91597\" data-element_type=\"widget\" data-e-type=\"widget\" data-widget_type=\"image.default\">\n\t\t\t\t<div class=\"elementor-widget-container\">\n\t\t\t\t\t\t\t\t\t\t\t\t\t\t\t<img fetchpriority=\"high\" decoding=\"async\" width=\"1024\" height=\"70\" src=\"https:\/\/nbn23.com\/wp-content\/uploads\/2022\/02\/Captura-de-pantalla-2022-02-04-a-las-14.46.25-2048x139-1-1024x70.png\" class=\"attachment-large size-large wp-image-19368\" alt=\"\" srcset=\"https:\/\/nbn23.com\/wp-content\/uploads\/2022\/02\/Captura-de-pantalla-2022-02-04-a-las-14.46.25-2048x139-1-1024x70.png 1024w, https:\/\/nbn23.com\/wp-content\/uploads\/2022\/02\/Captura-de-pantalla-2022-02-04-a-las-14.46.25-2048x139-1-300x20.png 300w, https:\/\/nbn23.com\/wp-content\/uploads\/2022\/02\/Captura-de-pantalla-2022-02-04-a-las-14.46.25-2048x139-1-768x52.png 768w, https:\/\/nbn23.com\/wp-content\/uploads\/2022\/02\/Captura-de-pantalla-2022-02-04-a-las-14.46.25-2048x139-1-1536x104.png 1536w, https:\/\/nbn23.com\/wp-content\/uploads\/2022\/02\/Captura-de-pantalla-2022-02-04-a-las-14.46.25-2048x139-1.png 2048w\" sizes=\"(max-width: 1024px) 100vw, 1024px\" \/>\t\t\t\t\t\t\t\t\t\t\t\t\t\t\t<\/div>\n\t\t\t\t<\/div>\n\t\t\t\t<div class=\"elementor-element elementor-element-ecdc78f elementor-widget elementor-widget-spacer\" data-id=\"ecdc78f\" data-element_type=\"widget\" data-e-type=\"widget\" data-widget_type=\"spacer.default\">\n\t\t\t\t<div class=\"elementor-widget-container\">\n\t\t\t\t\t\t\t<div class=\"elementor-spacer\">\n\t\t\t<div class=\"elementor-spacer-inner\"><\/div>\n\t\t<\/div>\n\t\t\t\t\t\t<\/div>\n\t\t\t\t<\/div>\n\t\t\t\t<div class=\"elementor-element elementor-element-de9150d elementor-widget elementor-widget-text-editor\" data-id=\"de9150d\" data-element_type=\"widget\" data-e-type=\"widget\" data-widget_type=\"text-editor.default\">\n\t\t\t\t<div class=\"elementor-widget-container\">\n\t\t\t\t\t\t\t\t\t<p><strong>Categor\u00eda de soluci\u00f3n de digitalizaci\u00f3n<\/strong><br \/>V. Business Intelligence y Anal\u00edtica<\/p><p><strong>Descripci\u00f3n:<\/strong><br \/>Explotaci\u00f3n de datos de la empresa para la mejora del proceso de toma de\u00a0decisiones.<\/p><p><strong>Rango de precios:<\/strong><br \/>Segmento III<br \/>0 &lt; 3 empleados<br \/>Segmento II<br \/>3 &lt; 9 empleados<br \/>Segmento I<br \/>10 &lt; 50 empleados<br \/>1.500 \u20ac<br \/>(1 usuario)<br \/>2.000 \u20ac<br \/>(1 usuario)<br \/>4.000 \u20ac<br \/>(3 usuario)<\/p><p><strong>Porcentajes de ejecuci\u00f3n asociados a las fases:<\/strong><br \/>Primera: 70 %.<br \/>Segunda: 30 %.<\/p><p><strong>Requisitos m\u00ednimos:<\/strong><\/p><p>Funcionalidades y servicios:<br \/>Esta soluci\u00f3n incluye un n\u00famero de horas de parametrizaci\u00f3n para la definici\u00f3n de\u00a0las particularidades de los procesos de comercializaci\u00f3n, as\u00ed como para la carga de\u00a0datos. Estas horas se determinan, para cada uno de los segmentos de empresas\u00a0definidos en el Art\u00edculo 8.2, de la siguiente forma:<\/p><p>\u2013 Segmento I (10-menos de 50 empleados): 70 horas de parametrizaci\u00f3n.<br \/>\u2013 Segmento II (3-menos de 10 empleados): 40 horas de parametrizaci\u00f3n.<br \/>\u2013 Segmento III (0-menos de 3 empleados): 30 horas de parametrizaci\u00f3n.<\/p><p>Este proceso es esencial para la posterior implantaci\u00f3n y despliegue de la soluci\u00f3n\u00a0de digitalizaci\u00f3n que proporcionar\u00e1, como m\u00ednimo, las funcionalidades y servicios que se\u00a0detallan a continuaci\u00f3n:<\/p><p>\u2013 Integraci\u00f3n de datos con otras bases de datos: la soluci\u00f3n permitir\u00e1 el acceso a\u00a0otras bases de datos y la realizaci\u00f3n de comparaciones con los datos expuestos.<br \/>\u2013 Almacenamiento de datos: la soluci\u00f3n deber\u00e1 proveer una capacidad de\u00a0almacenamiento como m\u00ednimo de 1 GB por usuario.<br \/>\u2013 Creaci\u00f3n de paneles de datos estructurados y visuales: la soluci\u00f3n permitir\u00e1 crear\u00a0paneles de datos personalizados con datos relevantes y distintas formas de\u00a0visualizaci\u00f3n.<\/p>\t\t\t\t\t\t\t\t<\/div>\n\t\t\t\t<\/div>\n\t\t\t\t\t<\/div>\n\t\t<\/div>\n\t\t\t\t\t<\/div>\n\t\t<\/section>\n\t\t\t\t<\/div>\n\t\t","protected":false},"excerpt":{"rendered":"<p>Categor\u00eda de soluci\u00f3n de digitalizaci\u00f3nV. Business Intelligence y Anal\u00edtica Descripci\u00f3n:Explotaci\u00f3n de datos de la empresa para la mejora del proceso de toma de\u00a0decisiones. Rango de precios:Segmento III0 &lt; 3 empleadosSegmento II3 &lt; 9 empleadosSegmento I10 &lt; 50 empleados1.500 \u20ac(1 usuario)2.000 \u20ac(1 usuario)4.000 \u20ac(3 usuario) Porcentajes de ejecuci\u00f3n asociados a las fases:Primera: 70 %.Segunda: 30 %. [&hellip;]<\/p>\n","protected":false},"author":2,"featured_media":0,"parent":0,"menu_order":0,"comment_status":"closed","ping_status":"closed","template":"","meta":{"_exactmetrics_skip_tracking":false,"_exactmetrics_sitenote_active":false,"_exactmetrics_sitenote_note":"","_exactmetrics_sitenote_category":0,"footnotes":""},"class_list":["post-19366","page","type-page","status-publish","hentry"],"blocksy_meta":{"styles_descriptor":{"styles":{"desktop":"","tablet":"","mobile":""},"google_fonts":[],"version":6}},"aioseo_notices":[],"_links":{"self":[{"href":"https:\/\/nbn23.com\/es\/wp-json\/wp\/v2\/pages\/19366","targetHints":{"allow":["GET"]}}],"collection":[{"href":"https:\/\/nbn23.com\/es\/wp-json\/wp\/v2\/pages"}],"about":[{"href":"https:\/\/nbn23.com\/es\/wp-json\/wp\/v2\/types\/page"}],"author":[{"embeddable":true,"href":"https:\/\/nbn23.com\/es\/wp-json\/wp\/v2\/users\/2"}],"replies":[{"embeddable":true,"href":"https:\/\/nbn23.com\/es\/wp-json\/wp\/v2\/comments?post=19366"}],"version-history":[{"count":11,"href":"https:\/\/nbn23.com\/es\/wp-json\/wp\/v2\/pages\/19366\/revisions"}],"predecessor-version":[{"id":19389,"href":"https:\/\/nbn23.com\/es\/wp-json\/wp\/v2\/pages\/19366\/revisions\/19389"}],"wp:attachment":[{"href":"https:\/\/nbn23.com\/es\/wp-json\/wp\/v2\/media?parent=19366"}],"curies":[{"name":"wp","href":"https:\/\/api.w.org\/{rel}","templated":true}]}}