{"id":1614,"date":"2019-03-08T11:19:56","date_gmt":"2019-03-08T09:19:56","guid":{"rendered":"https:\/\/nbn23.com\/?page_id=1614"},"modified":"2023-03-03T13:00:19","modified_gmt":"2023-03-03T11:00:19","slug":"privacy-policy-2","status":"publish","type":"page","link":"https:\/\/nbn23.com\/es\/privacy-policy-2\/","title":{"rendered":"Pol\u00edtica de Privacidad Plataforma de Formaci\u00f3n NBN23"},"content":{"rendered":"<p>[vc_row][vc_column][vc_column_text]<strong>POLITICA DE PRIVACIDAD DE NBN23 S.L.U<\/strong><\/p>\n<p><strong>1.- Objeto de la Pol\u00edtica de Privacidad.<\/strong><\/p>\n<p>En cumplimiento de la legislaci\u00f3n vigente en materia de protecci\u00f3n de datos de car\u00e1cter personal), NBN23 S.L.U, (en adelante NBN23) desea poner en conocimiento de los usuarios de este sitio web de NBN23, la pol\u00edtica respecto del tratamiento y protecci\u00f3n de los datos de car\u00e1cter personal de aquellas personas que suministren sus datos personales por el uso personalizado o bajo registro de los servicios de este sitio web o cualquier otro acto que suponga una comunicaci\u00f3n de sus datos personales a NBN23.<\/p>\n<p>NBN23 informa al usuario de este sitio web que en esta Pol\u00edtica de Privacidad se contiene una descripci\u00f3n general de los aspectos relacionados con el tratamiento de datos personales que NBN23 lleva a cabo derivado de la explotaci\u00f3n de este sitio web de NBN23.<\/p>\n<p>Esta pol\u00edtica se completa y es de aplicaci\u00f3n subsidiaria con aquellos textos informativos y de petici\u00f3n de consentimiento informado que se incorporen a cualquier formulario de petici\u00f3n de datos de este sitio web o se incluyan en cualesquiera condiciones particulares que se pudieran publicar para uso de determinados servicios.<\/p>\n<p>Es responsabilidad del usuario leer de forma previa a comunicar sus datos personales a NBN23 los citados textos informativos y textos de petici\u00f3n de consentimiento incluidos en cualquier formulario de petici\u00f3n de datos de este sitio web.<\/p>\n<p>Esta pol\u00edtica es aceptada expresa y plenamente por el usuario desde el momento en que para el uso de este sitio web o de los servicios publicados en los mismos, comunique a NBN23 sus datos personales dado que dicha comunicaci\u00f3n siempre es voluntaria.<\/p>\n<p>En caso en que el usuario no est\u00e9 conforme con esta pol\u00edtica no deber\u00e1 utilizar ning\u00fan servicio de este sitio web que requiera la comunicaci\u00f3n de sus datos personales a NBN23. En tal caso, el usuario podr\u00e1 contactar con NBN23 de forma telef\u00f3nica y an\u00f3nima.<\/p>\n<p>Se informa al usuario que cualquier tratamiento de datos personales, quedar\u00e1 bajo el \u00e1mbito de aplicaci\u00f3n de la legislaci\u00f3n vigente en Espa\u00f1a en materia de protecci\u00f3n de datos.<\/p>\n<p><strong>2.- Responsable del tratamiento.<\/strong><\/p>\n<p>El responsable de los tratamientos de datos personales llevados a cabo a trav\u00e9s de este sitio web es NBN23 S.L.U con NIF 40634206, con domicilio en C\/ Juan de la Cierva, 27 Edificio Wellness 1 \u2013 46980 Paterna (Valencia), direcci\u00f3n electr\u00f3nica de contacto\u00a0<a href=\"mailto:dpp@nbn23.com\"><strong>dpp@nbn23.com<\/strong><\/a> y tel\u00e9fono de contacto 96 102 26 00<\/p>\n<p><strong>3.- Datos de menores de edad.<\/strong><\/p>\n<p>Los menores de 16 a\u00f1os no podr\u00e1n utilizar los servicios de NBN23 que requieran un registro o identificaci\u00f3n como usuarios registrados de este sitio web, ni siquiera con la representaci\u00f3n de su padre, madre, tutor o representante legal.<strong>\u00a0<\/strong><\/p>\n<p><strong>4.- Exactitud y veracidad de los datos de car\u00e1cter personal.<\/strong><\/p>\n<p>Los usuarios que acceden a este sitio web de NBN23 no est\u00e1n obligados a proporcionar informaci\u00f3n personal para navegar por este sitio web, por tanto, cualquier comunicaci\u00f3n de datos a tales efectos lo ser\u00e1 porque el usuario voluntariamente ha decidido una navegaci\u00f3n o uso personalizado de este sitio web y\/o de los servicios puestos a disposici\u00f3n del usuario a trav\u00e9s de este sitio web, constituyendo dicha actuaci\u00f3n, una manifestaci\u00f3n de consentimiento expreso para el tratamiento de sus datos por NBN23.<\/p>\n<p>En caso en que el usuario voluntariamente proporcione a NBN23 sus datos personales, el usuario acepta y est\u00e1 obligado a proporcionar datos veraces, exactos y actualizados siempre y \u00fanicamente correspondiente a su propia identidad, a trav\u00e9s de cualquier canal de recogida de datos publicado en este sitio web, tal como formularios de registro o suscripci\u00f3n, de contacto, de sugerencias, de contrataci\u00f3n y\/o cualquier otro formulario de petici\u00f3n de datos de este sitio web, mediante el env\u00edo de un correo electr\u00f3nico a NBN23, a trav\u00e9s de una comunicaci\u00f3n postal y\/o mediante una llamada de tel\u00e9fono.Queda prohibido proporcionar datos de terceros.<\/p>\n<p>El usuario es el \u00fanico responsable de la veracidad, exactitud, actualizaci\u00f3n y correcci\u00f3n de los datosque proporcione a NBN23, exoner\u00e1ndose NBN23 de cualquier responsabilidad al respecto, comprometi\u00e9ndose el usuario a mantener los datos personales debidamente actualizados.<\/p>\n<p>El usuario es la \u00fanica fuente de informaci\u00f3n de sus datos personales, por lo que NBN23 le ruega que, le actualice sus datos cuando corresponda, mediante su comunicaci\u00f3n a NBN23 a la direcci\u00f3n indicada para el ejercicio de los derechos en el apartado 9de la presente Pol\u00edtica. En todo caso, cuando los datos sean recogidos o proporcionados directamente del usuario, de acuerdo con lo establecido en la normativa vigente, se considerar\u00e1n exactos y actuales los facilitados por este, en tanto adem\u00e1s el usuario no los actualice o rectifique.<\/p>\n<p><strong>5.-\u00a0Tratamiento de categor\u00edas especiales de datos personales.<\/strong><\/p>\n<p>NBN23 ni solicita ni requiere a trav\u00e9s de este sitio web informaci\u00f3n sobre categor\u00edas especiales de datos personales ni datos sensibles de los usuarios, entendi\u00e9ndose por estos, de acuerdo con la legislaci\u00f3n vigente datos relacionados con la raza o el origen \u00e9tnico, creencias religiosas, antecedentes penales, salud f\u00edsica o mental u orientaci\u00f3n sexual.<\/p>\n<p>En consecuencia, en caso en que por cualquier motivo \u2013y sin haber sido solicitada por NBN23\u2013 dicha informaci\u00f3n sea comunicada voluntariamente por el usuario a la citada<\/p>\n<p>entidad, dicha comunicaci\u00f3n supondr\u00e1 la existencia de una manifestaci\u00f3n de consentimiento expreso por el usuario respecto del tratamiento de sus datos por NBN23.<\/p>\n<p><strong>6.- Finalidades a que se destinan los datos de car\u00e1cter personal.<\/strong><\/p>\n<p>Los usuarios que acceden a este sitio web de NBN23 y voluntariamente proporcionan informaci\u00f3n personal para navegar por este sitio web de forma personalizada o utilizar alg\u00fan servicio que requiera la comunicaci\u00f3n de datos a NBN23, quedan informados de las siguientes finalidades de tratamiento de los datos de car\u00e1cter personal de los usuarios, que NBN23 podr\u00e1 llevar a cabo.<\/p>\n<p><strong>6.1 Contacto.<\/strong><\/p>\n<p>Cuando el usuario cumplimenta el formulario de contacto de este sitio web de NBN23, los datos personales que proporcione a tal efecto, ser\u00e1n tratados para atender el mensaje que remita a NBN23 y atender su petici\u00f3n.<\/p>\n<p><strong>6.2 Solicitud de env\u00edo de comunicaciones comerciales y\/o boletines o newsletter.<\/strong><\/p>\n<p>Cuando el usuario cumplimenta el formulario de contacto publicado en el sitio web de NBN23 y marque la casilla correspondiente al efecto, puede solicitar o autorizar expresamente el uso de sus datos personales para la suscripci\u00f3n al env\u00edo de comunicaciones comerciales publicitarias y boletines o newsletters que elabore NBN23 a trav\u00e9s del correo electr\u00f3nico que cumplimente en el formulario. En tales casos, NBN23 tratar\u00e1 sus datos personales para gestionar la suscripci\u00f3n a dicho servicio, as\u00ed como para el env\u00edo de las citadas comunicaciones comerciales y boletines o newsletters.<\/p>\n<p>Las comunicaciones comerciales estar\u00e1n relacionadas con EL SECTOR DE AMBITO DEPORTIVO.<\/p>\n<p>En caso en que el usuario cause baja en el servicio, revoque su consentimiento o se oponga a la recepci\u00f3n de dichos env\u00edos, con posterioridad NBN23 tratar\u00e1 sus datos para impedir el env\u00edo de comunicaciones comerciales publicitarias y boletines, tratando para ello, los datos m\u00ednimos imprescindibles con tal fin.<\/p>\n<p><strong>6.3 Formaci\u00f3n y emisi\u00f3n de certificados.<\/strong><\/p>\n<p><em>Cuando el usuario complete el formulario de formaci\u00f3n publicado en el sitio web y nos env\u00ede sus datos personales marcando la casilla correspondiente, nos autoriza a tratar sus datos para impartir la formaci\u00f3n solicitada as\u00ed como para la emisi\u00f3n de los correspondientes certificados relacionados con los cursos impartidos.<\/em><\/p>\n<p><strong>7.- Base jur\u00eddica de los tratamientos de datos de car\u00e1cter personal.<\/strong><\/p>\n<p><strong>7.1 <\/strong>Con base jur\u00eddica en el consentimiento otorgado por el usuario, NBN23 tratar\u00e1 sus datos personales con los siguientes fines:<\/p>\n<ol>\n<li>Para atender la petici\u00f3n y\/o mensaje enviado por el usuario a NBN23 a trav\u00e9s del formulario de contacto, contestando a la direcci\u00f3n electr\u00f3nica y\/o tel\u00e9fono indicado en el mismo formulario.<\/li>\n<\/ol>\n<p>Para enviar al usuario comunicaciones comerciales publicitarias, boletines y\/o newsletters, por correo electr\u00f3nico a la direcci\u00f3n que indique al cumplimentar el formulario de contacto, siempre que marque la casilla de autorizaci\u00f3n y\/o solicitud<\/p>\n<ol>\n<li>correspondiente, relacionadas con los servicios de NBN23 relacionados con los siguientes sectores de actividad DEL AMBITO DEPORTIVO.<\/li>\n<\/ol>\n<p><strong>7.2 <\/strong>Con base en el cumplimiento de las obligaciones legales de NBN23:<\/p>\n<ol>\n<li>Para conservar los datos m\u00ednimos imprescindibles del usuario que se oponga y\/o revoque su consentimiento a trav\u00e9s de alguno de los medios habilitados al efecto, a que NBN23 le env\u00ede comunicaciones comerciales y publicitarias. Este tratamiento se llevar\u00e1 a cabo con el fin de que NBN23 pueda identificarle y adoptar las medidas necesarias que eviten el env\u00edo de comunicaciones comerciales y publicitarias.<\/li>\n<\/ol>\n<p>En todo caso, el usuario queda informado de que las finalidades de tratamiento de los datos del usuario recogidos a trav\u00e9s de los formularios publicados en este sitio web, ser\u00e1n explicadas mediante textos informativos publicados en los propios formularios y cuando as\u00ed se requiera, seg\u00fan lo expuesto anteriormente, se le solicitar\u00e1 su consentimiento para el tratamiento.<\/p>\n<p>La informaci\u00f3n personal s\u00f3lo ser\u00e1 utilizada para prop\u00f3sitos limitados, tal como los expuestos anteriormente y\/o sin car\u00e1cter limitativo, aquellos que en su caso sean informados inequ\u00edvocamente de forma previa a la recogida y tratamiento al Usuario.<\/p>\n<p><strong>8.- Destinatarios de los datos personales del usuario.<\/strong><\/p>\n<p>NBN23 informa al usuario de que no tiene prevista la realizaci\u00f3n de cesiones o comunicaciones de sus datos personales a terceros, por lo que, dicha comunicaci\u00f3n s\u00f3lo se producir\u00e1 en todo caso, en base al cumplimiento de las normas jur\u00eddicas aplicables, a las administraciones p\u00fablicas competentes por raz\u00f3n de la materia, en el caso en que NBN23 est\u00e9 obligado a realizar dicha comunicaci\u00f3n.<\/p>\n<p>En todo caso, NBN23 informa al usuario de que sus datos personales podr\u00e1n ser tratados por entidades que prestan a NBN23 distintos servicios auxiliares, as\u00ed como tareas de soporte y administraci\u00f3n de sus sistemas, a trav\u00e9s de contratos de encargo del tratamiento para dar soporte a los fines de tratamiento indicados en la presente pol\u00edtica.<\/p>\n<p><strong>9.- Ejercicio de derechos de acceso, rectificaci\u00f3n, supresi\u00f3n, oposici\u00f3n, limitaci\u00f3n al tratamiento y portabilidad.<\/strong><\/p>\n<p>NBN23 informa al usuario de la posibilidad de ejercitar sus derechos de acceso, rectificaci\u00f3n, supresi\u00f3n, oposici\u00f3n, limitaci\u00f3n al tratamiento, portabilidad y retirada del consentimiento otorgado en relaci\u00f3n con los tratamientos indicados en esta Pol\u00edtica basados en el consentimiento, mediante env\u00edo de su solicitud escrita, indicando el derecho que ejercita, junto con una copia de su DNI o documento v\u00e1lido en derecho que lo identifique, a las siguientes direcciones:<\/p>\n<p>Correo electr\u00f3nico a <span class=\"ui-provider vf b c d e f g h i j k l m n o p q r s t u v w x y z ab ac ae af ag ah ai aj ak\" dir=\"ltr\">dpo@nbn23.tech<\/span><\/p>\n<p>Direcci\u00f3n postal c\/ Juan de la Cierva, 27 Edificio Wellness 1 \u2013 46980 Paterna (Valencia).<\/p>\n<p>A tales efectos, el usuario deber\u00e1 enviar a NBN23 la comunicaci\u00f3n escrita indicando la petici\u00f3n o derecho que ejercita junto con una copia de su DNI o documento v\u00e1lido en derecho que acredite su identidad.<\/p>\n<p>Asimismo, se informa al usuario que tiene derecho a presentar una reclamaci\u00f3n ante la Agencia Espa\u00f1ola de Protecci\u00f3n de Datos (<a href=\"http:\/\/www.agpd.es\/\"><strong>www.agpd.es <\/strong><\/a>y direcci\u00f3n postal en C\/ Jorge Juan, 6. 28001 \u2013 Madrid, y\/o tel\u00e9fono de contacto 912 663 517), as\u00ed como a solicitar su tutela en relaci\u00f3n con el ejercicio de sus derechos.<\/p>\n<p>Con car\u00e1cter previo a la presentaci\u00f3n de dicha reclamaci\u00f3n en Agencia Espa\u00f1ola de Protecci\u00f3n de Datos y de forma totalmente voluntaria, el\/a Interesado\/a puede dirigirse al Delegado de Protecci\u00f3n de Datos de NBN23 a trav\u00e9s de la siguiente direcci\u00f3n de correo electr\u00f3nico <span class=\"ui-provider vf b c d e f g h i j k l m n o p q r s t u v w x y z ab ac ae af ag ah ai aj ak\" dir=\"ltr\">dpo@nbn23.tech<\/span><\/p>\n<p><strong>10.- Ejercicio de otros derechos en materia de comercio electr\u00f3nico y comunicaciones comerciales publicitarias.<\/strong><\/p>\n<p>NBN23 informa al usuario\u00a0<strong>que haya autorizado expresamente y\/o solicitado a NBN23para la realizaci\u00f3n de env\u00edos de comunicaciones comerciales publicitarias y\/o boletines por correo electr\u00f3nico o newsletters, que, al amparo de los art\u00edculos 21 y 22 de la Ley de Servicios de la Sociedad de la Informaci\u00f3n y Comercio Electr\u00f3nico (LSSICE), el usuario tiene derecho a oponerse al tratamiento de sus datos con fines promocionales para la recepci\u00f3n de comunicaciones comerciales publicitarias, publicidad y\/o boletines o newsletters, as\u00ed como derecho a revocar en cualquier momento el consentimiento prestado al efecto con la simple notificaci\u00f3n de su voluntad a NBN23 y\/o enviando un correo electr\u00f3nico.<\/strong><\/p>\n<p><strong>Para ello, el usuario podr\u00e1 dirigir su comunicaci\u00f3n solicitando el cese de env\u00edo de comunicaciones comerciales, publicidad y\/o boletines o newsletters por revocaci\u00f3n de consentimiento y\/u oposici\u00f3n\u00a0<\/strong>pinchando aqu\u00ed en\u00a0<u>Darse de baja<\/u>del env\u00edo de comunicaciones comerciales y\/oenv\u00ede una petici\u00f3n a la direcci\u00f3n postal indicada anteriormente y\/o a la direcci\u00f3n: <span class=\"ui-provider vf b c d e f g h i j k l m n o p q r s t u v w x y z ab ac ae af ag ah ai aj ak\" dir=\"ltr\">dpo@nbn23.tech<\/span><\/p>\n<p>NBN23atender\u00e1 su petici\u00f3n conservando los m\u00ednimos datos imprescindibles para adoptar las medidas necesarias que eviten el env\u00edo de dichas comunicaciones comerciales.<\/p>\n<p><strong>11.-\u00a0Plazo de conservaci\u00f3n de los datos.<\/strong><\/p>\n<p>NBN23 conservar\u00e1 los datos del usuario mientras se mantenga la finalidad y base leg\u00edtima del tratamiento y el usuario no solicite la supresi\u00f3n de los mismos, as\u00ed como durante los plazos establecidos en las normas vigentes para el cumplimiento de obligaciones legales y atenci\u00f3n de posibles responsabilidades.<\/p>\n<p><strong>12.- Transferencias internacionales.<\/strong><\/p>\n<p>NBN23 no llevar\u00e1 a cabo transferencias internacionales de los datos personales del usuario ni a pa\u00edses ni a organizaciones internacionales.<\/p>\n<p><strong>13.- S\u00edguenos en redes sociales.<\/strong><\/p>\n<p>Las redes sociales son servicios prestados por terceros proveedores que permiten al usuario participar en una comunidad virtual con otros usuarios a trav\u00e9s de la cual puede generar su propio perfil p\u00fablico donde crear y compartir contenidos, informaciones y datos personales con otros usuarios de la red. En una red social se pueden crear y compartir p\u00e1ginas, cuentas o perfiles con fines personales y\/o comerciales. El funcionamiento de la red social se regula en primer t\u00e9rmino, por las condiciones establecidas por el titular y\/o proveedor de la red y, en segundo t\u00e9rmino, cuando se trata de p\u00e1ginas, cuentas o perfiles con fines comerciales, por los t\u00e9rminos y condiciones establecidos por el responsable del perfil o cuenta comercial que en su caso ser\u00e1 adem\u00e1s responsable del tratamiento de los datos de \u00e9stas.<\/p>\n<p>NBN23tiene perfiles en algunas redes socialestal como, sin car\u00e1cter limitativo Facebook, Twitter, Instagram, YouTube, Linkedin. El usuario puede seguirnos y hacerse fan de las p\u00e1ginas oficiales de NBN23en las redes sociales mencionadas y en las distintas redes sociales.<\/p>\n<p>El usuario queda informado de que el tratamiento de los datos que se realice a trav\u00e9s de las p\u00e1ginas, perfiles o cuentas de NBN23 en redes sociales se regir\u00e1 por las correspondientes pol\u00edticas y condiciones tanto de la p\u00e1gina oficial como del proveedor y titular de cada red social en su caso.<\/p>\n<p><strong>14.- Datos personales publicados en este sitio web de NBN23.<\/strong><\/p>\n<p>En relaci\u00f3n con los datos personales que puedan publicarse en este sitio web de NBN23se pone en conocimiento del usuario que dichos datos forman parte de uno o varios tratamientos de datos titularidad y responsabilidad de NBN23en el que han sido incorporados con el previo consentimiento informado de los interesados y no pueden ser libremente tratados y reproducidos por el usuario\u00a0 u otros terceros usuarios -ni a\u00fan siquiera cuando se haga referencia al origen de los mismos- salvo que se obtenga la previa autorizaci\u00f3n y consentimiento informado del propio interesado.<\/p>\n<p>Por tanto, todos los datos personales -incluidas las im\u00e1genes, videos, textos, datos y cualquier otra informaci\u00f3n que se publica en nuestro sitio web sobre personas identificadas y\/o identificables- s\u00f3lo podr\u00e1n ser utilizados por el usuario con el fin de participar y disfrutar de nuestro sitio web en la forma establecida en la presente pol\u00edtica, o en su caso condiciones generales y particulares que regulen un determinado servicio, y en el marco de la legalidad vigente, quedando expresamente prohibido cualesquiera otros usos distintos a los se\u00f1alados, incluida la incorporaci\u00f3n de las im\u00e1genes o los datos a ficheros o tratamientos y\/o creaci\u00f3n de bases de datos de personas y\/o env\u00edo de publicidad o cesi\u00f3n a terceros, sin el previo consentimiento informado del interesado<\/p>\n<p>titular de las informaciones y datos, no siendo responsable NBN23de los usos que el usuario u otros terceros usuarios de nuestro sitio web efect\u00faen contraviniendo lo establecido en estas condiciones y otras que los regulen.<\/p>\n<p>En ning\u00fan momento el usuario debe considerar que este sitio web de NBN23es una fuente accesible al p\u00fablico de la cual se pueda hacer una libre disposici\u00f3n de los datos personales, informaciones y contenidos publicados a trav\u00e9s del mismo.<\/p>\n<p><strong>15.- Medidas de seguridad.<\/strong><\/p>\n<p>NBN23 informa al usuario de que tratar\u00e1 los datos personales que recoja a trav\u00e9s de este sitio web, de forma segura, aplicando las medidas t\u00e9cnicas y organizativas apropiadas para garantizar un nivel de seguridad adecuado al riesgo, teniendo en cuenta el estado de la t\u00e9cnica, los costes de aplicaci\u00f3n, y la naturaleza, el alcance, el contexto y los fines del tratamiento, as\u00ed como riesgos de probabilidad y gravedad variables para los derechos y libertades de los usuarios.<\/p>\n<p>En l\u00ednea con lo anterior, NBN23 aplicar\u00e1 las medidas de \u00edndole t\u00e9cnica y organizativas necesarias para garantizar la seguridad de los datos de car\u00e1cter personal y evitar la alteraci\u00f3n, p\u00e9rdida, tratamiento o acceso no autorizado, habida cuenta del estado de la tecnolog\u00eda, la naturaleza de los datos almacenados y los riesgos a que est\u00e1n expuestos, ya provengan de la acci\u00f3n humana o del medio f\u00edsico o natural garantizando su integridad, confidencialidad, disponibilidad y seguridad. Igualmente, NBN23 garantiza al Usuario el cumplimiento del deber de secreto profesional respecto de los datos personales de los usuarios y del deber de guardarlos.<\/p>\n<p><strong>16.- Uso de cookies y dispositivos de almacenamiento y recuperaci\u00f3n de datos en equipos terminales de los usuarios.<\/strong><\/p>\n<p>NBN23 utiliza cookies y dispositivos de almacenamiento y recuperaci\u00f3n de datos en equipos terminales del usuario cuando el usuario navega por este sitio web.<\/p>\n<p>Tales cookies y dispositivos de almacenamiento y recuperaci\u00f3n de datos son usadas por NBN23 bajo las condiciones y con las finalidades descritas en su Politica de Cookies en <u>https:\/\/nbn23.com\/politica-de-cookies\/.<\/u><\/p>\n<p><strong>17.- Actualizaci\u00f3n de las pol\u00edticas.<\/strong><\/p>\n<p><strong>Sin perjuicio de la aplicaci\u00f3n preferente de los textos legales espec\u00edficos al efecto tal como textos informativos insertos en formularios de recogida de datos, as\u00ed como en su caso en las condiciones de servicios particulares, peri\u00f3dicamente\u00a0<\/strong>NBN23 actualizar\u00e1 esta Pol\u00edtica de Privacidad y tratamiento de datos personales de los usuarios de este sitio web. Cualquier modificaci\u00f3n de esta pol\u00edtica ser\u00e1 publicada en este sitio web de NBN23<strong>.<\/strong><strong>\u00a0<\/strong><\/p>\n<p>Ser\u00e1 responsabilidad del usuario acceder peri\u00f3dicamente a la Pol\u00edtica de Privacidad de NBN23publicada en este sitio web, a fin de conocer en todo momento la \u00faltima versi\u00f3n.<\/p>\n<p><strong>18.- Informaci\u00f3n de contacto.<\/strong><\/p>\n<p>Para cualquier consulta sobre la presente Pol\u00edtica de Privacidad, el usuario podr\u00e1 dirigirse a NBN23 por medio electr\u00f3nico a trav\u00e9s denuestro formulario de contacto en\u00a0<a title=\"Contacto\" href=\"\/?page_id=1699\"><strong>https:\/\/nbn23.com\/es\/contacto\/<\/strong><\/a><\/p>\n<p>En caso en que el usuario desee trasladar alguna consulta sobre protecci\u00f3n de datos a nuestro Delegado de Protecci\u00f3n de Datos, podr\u00e1 ponerse en contacto en los datos indicados en el siguiente apartado.<\/p>\n<p><strong>19.- Datos de contacto del Delegado de Protecci\u00f3n de Datos.<\/strong><\/p>\n<p>El usuario puede contactar con el Delegado de Protecci\u00f3n de Datos mediante correo electr\u00f3nico en la siguiente direcci\u00f3n electr\u00f3nica: <span class=\"ui-provider vf b c d e f g h i j k l m n o p q r s t u v w x y z ab ac ae af ag ah ai aj ak\" dir=\"ltr\">dpo@nbn23.tech<\/span>[\/vc_column_text][\/vc_column][\/vc_row]<\/p>\n","protected":false},"excerpt":{"rendered":"<p>[vc_row][vc_column][vc_column_text]POLITICA DE PRIVACIDAD DE NBN23 S.L.U 1.- Objeto de la Pol\u00edtica de Privacidad. En cumplimiento de la legislaci\u00f3n vigente en materia de protecci\u00f3n de datos de car\u00e1cter personal), NBN23 S.L.U, (en adelante NBN23) desea poner en conocimiento de los usuarios de este sitio web de NBN23, la pol\u00edtica respecto del tratamiento y protecci\u00f3n de los [&hellip;]<\/p>\n","protected":false},"author":2,"featured_media":0,"parent":0,"menu_order":0,"comment_status":"closed","ping_status":"closed","template":"","meta":{"_exactmetrics_skip_tracking":false,"_exactmetrics_sitenote_active":false,"_exactmetrics_sitenote_note":"","_exactmetrics_sitenote_category":0,"footnotes":""},"class_list":["post-1614","page","type-page","status-publish","hentry"],"blocksy_meta":{"styles_descriptor":{"styles":{"desktop":"","tablet":"","mobile":""},"google_fonts":[],"version":6}},"aioseo_notices":[],"_links":{"self":[{"href":"https:\/\/nbn23.com\/es\/wp-json\/wp\/v2\/pages\/1614","targetHints":{"allow":["GET"]}}],"collection":[{"href":"https:\/\/nbn23.com\/es\/wp-json\/wp\/v2\/pages"}],"about":[{"href":"https:\/\/nbn23.com\/es\/wp-json\/wp\/v2\/types\/page"}],"author":[{"embeddable":true,"href":"https:\/\/nbn23.com\/es\/wp-json\/wp\/v2\/users\/2"}],"replies":[{"embeddable":true,"href":"https:\/\/nbn23.com\/es\/wp-json\/wp\/v2\/comments?post=1614"}],"version-history":[{"count":10,"href":"https:\/\/nbn23.com\/es\/wp-json\/wp\/v2\/pages\/1614\/revisions"}],"predecessor-version":[{"id":31300,"href":"https:\/\/nbn23.com\/es\/wp-json\/wp\/v2\/pages\/1614\/revisions\/31300"}],"wp:attachment":[{"href":"https:\/\/nbn23.com\/es\/wp-json\/wp\/v2\/media?parent=1614"}],"curies":[{"name":"wp","href":"https:\/\/api.w.org\/{rel}","templated":true}]}}