{"id":1611,"date":"2019-03-08T11:13:40","date_gmt":"2019-03-08T11:13:40","guid":{"rendered":"https:\/\/nbn23.com\/?page_id=1611"},"modified":"2023-03-03T12:57:51","modified_gmt":"2023-03-03T10:57:51","slug":"cookies-policy","status":"publish","type":"page","link":"https:\/\/nbn23.com\/es\/cookies-policy\/","title":{"rendered":"Pol\u00edtica de Cookies Plataforma de Formaci\u00f3n NBN23"},"content":{"rendered":"<p>[vc_row][vc_column][vc_column_text]<strong>Introducci\u00f3n<\/strong><\/p>\n<p>Nuestro sitio web, https:\/\/nbn23.com (en adelante: \u00abel sitio web\u00bb) utiliza cookies y otras tecnolog\u00edas relacionadas (para mayor comodidad, todas las tecnolog\u00edas se denominan \u00abcookies\u00bb). Las cookies tambi\u00e9n son colocadas por terceros que hemos contratado. En el siguiente documento le informamos sobre el uso de cookies en nuestro sitio web.<\/p>\n<p><strong>\u00bfQu\u00e9 son las cookies?<\/strong><\/p>\n<p>Una cookie es un peque\u00f1o archivo simple que se env\u00eda junto con las p\u00e1ginas de este sitio web y se almacena por su navegador en el disco duro de su computadora u otro dispositivo. La informaci\u00f3n almacenada en el mismo puede ser devuelta a nuestros servidores o a los servidores de los terceros relevantes durante una visita posterior.<\/p>\n<p><strong>\u00bfQu\u00e9 son los scripts?<\/strong><\/p>\n<p>Un script es una pieza de c\u00f3digo de programa que se utiliza para hacer que nuestro sitio web funcione correctamente e interactivamente. Este c\u00f3digo se ejecuta en nuestro servidor o en su dispositivo.<\/p>\n<p><strong>\u00bfQu\u00e9 es una baliza web?<\/strong><\/p>\n<p>Una baliza web (o una etiqueta de p\u00edxel) es una peque\u00f1a pieza invisible de texto o imagen en un sitio web que se utiliza para monitorear el tr\u00e1fico en un sitio web. Para hacer esto, varios datos sobre usted se almacenan utilizando balizas web.<\/p>\n<p><strong>Cookies<\/strong><\/p>\n<p>Siguiendo las directrices de la Agencia Espa\u00f1ola de Protecci\u00f3n de Datos procedemos a detallar el uso de cookies que hace esta web con el fin de informarle con la m\u00e1xima exactitud posible.<\/p>\n<p>Cookies t\u00e9cnicas o funcionales<\/p>\n<p>Algunas cookies aseguran que ciertas partes del sitio web funcionen correctamente y que sus preferencias de usuario permanezcan conocidas. Al colocar cookies funcionales, le facilitamos la visita a nuestro sitio web. De esta manera, no es necesario que ingrese repetidamente la misma informaci\u00f3n al visitar nuestro sitio web y, por ejemplo, los art\u00edculos permanecen en su carrito de compras hasta que haya pagado. Podemos colocar estas cookies sin su consentimiento.<\/p>\n<p><strong>Cookies de marketing\/seguimiento<\/strong><\/p>\n<p>Las cookies de marketing \/ seguimiento son cookies o cualquier otra forma de almacenamiento local, utilizadas para crear perfiles de usuario para mostrar publicidad o para rastrear al usuario en este sitio web o en varios sitios web con fines de marketing similares.<\/p>\n<p><strong>Botones de redes sociales<\/strong><\/p>\n<p>En nuestro sitio web hemos incluido botones para Facebook, Twitter, LinkedIn e Instagram para promocionar p\u00e1ginas web (por ejemplo, \u00abme gusta\u00bb, \u00abpin\u00bb) o compartir (por ejemplo, \u00abtweet\u00bb) en redes sociales como Facebook, Twitter, LinkedIn e Instagram. Estos botones funcionan utilizando piezas de c\u00f3digo provenientes de Facebook, Twitter, LinkedIn e Instagram. Este c\u00f3digo coloca cookies. Estos botones de redes sociales tambi\u00e9n pueden almacenar y procesar cierta informaci\u00f3n, por lo que se le puede mostrar un anuncio personalizado. Cada red social utiliza sus propias cookies para que usted pueda pinchar en botones del tipo Me gusta o Compartir.<\/p>\n<p>Lea la declaraci\u00f3n de privacidad de estas redes sociales (que pueden cambiar regularmente) para leer lo que hacen con sus datos (personales) que procesan utilizando estas cookies. Los datos que se recuperan se anonimilizan tanto como sea posible. Facebook, Twitter, LinkedIn e Instagram se encuentran en los Estados Unidos.<\/p>\n<p><strong>Cookies colocadas<\/strong><\/p>\n<p>Fuentes de Google<\/p>\n<p>Marketing\/Seguimiento<\/p>\n<p>YouTube (en in ins\u00e9<\/p>\n<p>Marketing\/Seguimiento, Funcional<\/p>\n<p>Facebook (en in in<\/p>\n<p>Marketing\/Seguimiento, Funcional<\/p>\n<p>Twitter<\/p>\n<p>Funcional, Marketing\/Seguimiento<\/p>\n<p>LinkedIn (en ingle<\/p>\n<p>Marketing\/Seguimiento, Funcional<\/p>\n<p>Instagram (en in in<\/p>\n<p>Prop\u00f3sito pendiente de investigaci\u00f3n<\/p>\n<p>Jivochat<\/p>\n<p>Marketing\/Seguimiento<\/p>\n<p><strong>Consentimiento<\/strong><\/p>\n<p>Cuando visite nuestro sitio web por primera vez, le mostraremos una ventana emergente con una explicaci\u00f3n sobre las cookies. Tan pronto como haga clic en \u00abGuardar preferencias\u00bb, acepta que utilicemos las categor\u00edas de cookies y complementos que seleccion\u00f3 en la ventana emergente, como se describe en esta Pol\u00edtica de cookies. Puede desactivar el uso de cookies a trav\u00e9s de su navegador, pero tenga en cuenta que es posible que nuestro sitio web ya no funcione correctamente.<\/p>\n<p>Administrar su configuraci\u00f3n de consentimiento<\/p>\n<p>FUNCIONAL<\/p>\n<p>MARKETING<\/p>\n<p><strong>Sus derechos con respecto a los datos personales<\/strong><\/p>\n<p>Usted tiene los siguientes derechos con respecto a sus datos personales:<\/p>\n<p>Tiene derecho a saber por qu\u00e9 se necesitan sus datos personales, qu\u00e9 suceder\u00e1 con ellos y durante cu\u00e1nto tiempo se conservar\u00e1n.<\/p>\n<p>Derecho de acceso: Tiene derecho a acceder a sus datos personales que conocemos.<\/p>\n<p>Derecho de rectificaci\u00f3n: tiene derecho a complementar, corregir, haber eliminado o bloqueado sus datos personales cuando lo desee.<\/p>\n<p>Si nos da su consentimiento para procesar sus datos, tiene derecho a revocar ese consentimiento y a que se eliminen sus datos personales.<\/p>\n<p>Derecho a transferir sus datos: tiene derecho a solicitar todos sus datos personales al controlador y transferirlos en su totalidad a otro controlador.<\/p>\n<p>Derecho de oposici\u00f3n: puede oponerse al tratamiento de sus datos. Cumplimos con esto, a menos que haya motivos justificados para el procesamiento.<\/p>\n<p>Para ejercer estos derechos, p\u00f3ngase en contacto con nosotros en <span class=\"ui-provider vf b c d e f g h i j k l m n o p q r s t u v w x y z ab ac ae af ag ah ai aj ak\" dir=\"ltr\">dpo@nbn23.tech<\/span>.\u00a0 Consulte los datos de contacto en la parte inferior de esta Pol\u00edtica de cookies. Si tiene una queja sobre c\u00f3mo manejamos sus datos, nos gustar\u00eda saber de usted, pero tambi\u00e9n tiene derecho a presentar una queja ante la autoridad supervisora (la Autoridad de Protecci\u00f3n de Datos).<\/p>\n<p><strong>Habilitaci\u00f3n\/desactivaci\u00f3n y eliminaci\u00f3n de cookies<\/strong><\/p>\n<p>Tenga en cuenta que nuestro sitio web puede no funcionar correctamente si todas las cookies est\u00e1n deshabilitadas. Si elimina las cookies en su navegador, se colocar\u00e1n nuevamente despu\u00e9s de su consentimiento cuando vuelva a visitar nuestros sitios web.<\/p>\n<p>En cualquier momento podr\u00e1 ejercer su derecho de desactivaci\u00f3n o eliminaci\u00f3n de cookies de este sitio web. Estas acciones se realizan de forma diferente en funci\u00f3n del navegador que est\u00e9 usando.<\/p>\n<p>Todos los navegadores modernos permiten cambiar la configuraci\u00f3n de cookies. Estos ajustes normalmente se encuentran en las \u2018opciones\u2019 o \u2018Preferencias\u2019 del men\u00fa de su navegador. Asimismo, puede configurar su navegador o su gestor de correo electr\u00f3nico, as\u00ed como instalar complementos gratuitos para evitar que se descarguen los Web Bugs al abrir un email.<\/p>\n<p>A continuaci\u00f3n, se ofrece orientaci\u00f3n al usuario sobre los pasos para acceder al men\u00fa de configuraci\u00f3n de las cookies y, en su caso, de la navegaci\u00f3n privada en cada uno de los navegadores principales:<\/p>\n<p>Internet Explorer: Herramientas -&gt; Opciones de Internet -&gt; Privacidad -&gt; Configuraci\u00f3n.<\/p>\n<p>Para m\u00e1s informaci\u00f3n, puede consultar el soporte de Microsoft o la Ayuda del navegador.<\/p>\n<p>Firefox: Herramientas -&gt; Opciones -&gt; Privacidad -&gt; Historial -&gt; Configuraci\u00f3n Personalizada.<\/p>\n<p>Para m\u00e1s informaci\u00f3n, puede consultar el soporte de Mozilla o la Ayuda del navegador.<\/p>\n<p>Chrome: Configuraci\u00f3n -&gt; Mostrar opciones avanzadas -&gt; Privacidad -&gt; Configuraci\u00f3n de contenido.<\/p>\n<p>Para m\u00e1s informaci\u00f3n, puede consultar el soporte de Google o la Ayuda del navegador.<\/p>\n<p>Safari: Preferencias -&gt; Seguridad.<\/p>\n<p>Para m\u00e1s informaci\u00f3n, puede consultar el soporte de Apple o la Ayuda del navegador.<\/p>\n<p><strong>Tiempo de conservaci\u00f3n<\/strong><\/p>\n<p>Conservamos los datos derivados de las cookies durante un plazo de 2 a\u00f1os. Durante dos a\u00f1os nuestro banner recordar\u00e1 las preferencias de la persona usuaria.<\/p>\n<p><strong>Datos de contacto<\/strong><\/p>\n<p>Para preguntas y \/o comentarios sobre nuestra Pol\u00edtica de cookies y esta declaraci\u00f3n, p\u00f3ngase en contacto con nosotros utilizando los siguientes datos de contacto:<\/p>\n<p>&nbsp;<\/p>\n<p>NBN23 S.LU.<\/p>\n<p>Carrer de Juan de la Cierva y<\/p>\n<p>Codorniu 27<\/p>\n<p>46980<\/p>\n<p>B46634206<\/p>\n<p>Paterna Valencia Espa\u00f1a<\/p>\n<p>Sitio web: https:\/\/nbn23.com<\/p>\n<p>Email: marketing@nbn23.com<\/p>\n<p>Delegado de protecci\u00f3n de datos: <span class=\"ui-provider vf b c d e f g h i j k l m n o p q r s t u v w x y z ab ac ae af ag ah ai aj ak\" dir=\"ltr\">dpo@nbn23.tech<\/span><\/p>\n<p>N\u00famero de tel\u00e9fono: +34 961022600<\/p>\n<p>Enlace a <u>Pol\u00edtica de privacidad<\/u>[\/vc_column_text][\/vc_column][\/vc_row]<\/p>\n","protected":false},"excerpt":{"rendered":"<p>[vc_row][vc_column][vc_column_text]Introducci\u00f3n Nuestro sitio web, https:\/\/nbn23.com (en adelante: \u00abel sitio web\u00bb) utiliza cookies y otras tecnolog\u00edas relacionadas (para mayor comodidad, todas las tecnolog\u00edas se denominan \u00abcookies\u00bb). Las cookies tambi\u00e9n son colocadas por terceros que hemos contratado. En el siguiente documento le informamos sobre el uso de cookies en nuestro sitio web. \u00bfQu\u00e9 son las cookies? Una [&hellip;]<\/p>\n","protected":false},"author":2,"featured_media":0,"parent":0,"menu_order":0,"comment_status":"closed","ping_status":"closed","template":"","meta":{"_exactmetrics_skip_tracking":false,"_exactmetrics_sitenote_active":false,"_exactmetrics_sitenote_note":"","_exactmetrics_sitenote_category":0,"footnotes":""},"class_list":["post-1611","page","type-page","status-publish","hentry"],"blocksy_meta":{"styles_descriptor":{"styles":{"desktop":"","tablet":"","mobile":""},"google_fonts":[],"version":6}},"aioseo_notices":[],"_links":{"self":[{"href":"https:\/\/nbn23.com\/es\/wp-json\/wp\/v2\/pages\/1611","targetHints":{"allow":["GET"]}}],"collection":[{"href":"https:\/\/nbn23.com\/es\/wp-json\/wp\/v2\/pages"}],"about":[{"href":"https:\/\/nbn23.com\/es\/wp-json\/wp\/v2\/types\/page"}],"author":[{"embeddable":true,"href":"https:\/\/nbn23.com\/es\/wp-json\/wp\/v2\/users\/2"}],"replies":[{"embeddable":true,"href":"https:\/\/nbn23.com\/es\/wp-json\/wp\/v2\/comments?post=1611"}],"version-history":[{"count":10,"href":"https:\/\/nbn23.com\/es\/wp-json\/wp\/v2\/pages\/1611\/revisions"}],"predecessor-version":[{"id":31299,"href":"https:\/\/nbn23.com\/es\/wp-json\/wp\/v2\/pages\/1611\/revisions\/31299"}],"wp:attachment":[{"href":"https:\/\/nbn23.com\/es\/wp-json\/wp\/v2\/media?parent=1611"}],"curies":[{"name":"wp","href":"https:\/\/api.w.org\/{rel}","templated":true}]}}