{"id":14168,"date":"2021-10-13T17:14:17","date_gmt":"2021-10-13T15:14:17","guid":{"rendered":"https:\/\/nbn23.com\/?page_id=14168"},"modified":"2022-06-06T11:51:01","modified_gmt":"2022-06-06T09:51:01","slug":"formacion","status":"publish","type":"page","link":"https:\/\/nbn23.com\/es\/formacion\/","title":{"rendered":"FORMACI\u00d3N 2021"},"content":{"rendered":"\t\t<div data-elementor-type=\"wp-page\" data-elementor-id=\"14168\" class=\"elementor elementor-14168 elementor-14163\" data-elementor-post-type=\"page\">\n\t\t\t\t\t\t<section class=\"elementor-section elementor-top-section elementor-element elementor-element-5e5036c elementor-section-full_width elementor-section-height-min-height ct-section-stretched elementor-section-height-default elementor-section-items-middle\" data-id=\"5e5036c\" data-element_type=\"section\" data-e-type=\"section\" data-settings=\"{&quot;background_background&quot;:&quot;slideshow&quot;,&quot;background_slideshow_gallery&quot;:[{&quot;id&quot;:13437,&quot;url&quot;:&quot;https:\\\/\\\/nbn23.com\\\/wp-content\\\/uploads\\\/2021\\\/09\\\/Artboard.png&quot;}],&quot;background_slideshow_loop&quot;:&quot;yes&quot;,&quot;background_slideshow_slide_duration&quot;:5000,&quot;background_slideshow_slide_transition&quot;:&quot;fade&quot;,&quot;background_slideshow_transition_duration&quot;:500}\">\n\t\t\t\t\t\t\t<div class=\"elementor-background-overlay\"><\/div>\n\t\t\t\t\t\t\t<div class=\"elementor-container elementor-column-gap-default\">\n\t\t\t\t\t<div class=\"elementor-column elementor-col-25 elementor-top-column elementor-element elementor-element-77564b8\" data-id=\"77564b8\" data-element_type=\"column\" data-e-type=\"column\">\n\t\t\t<div class=\"elementor-widget-wrap\">\n\t\t\t\t\t\t\t<\/div>\n\t\t<\/div>\n\t\t\t\t<div class=\"elementor-column elementor-col-25 elementor-top-column elementor-element elementor-element-d373d44\" data-id=\"d373d44\" data-element_type=\"column\" data-e-type=\"column\">\n\t\t\t<div class=\"elementor-widget-wrap elementor-element-populated\">\n\t\t\t\t\t\t<div class=\"elementor-element elementor-element-c0223d2 elementor-widget elementor-widget-image\" data-id=\"c0223d2\" data-element_type=\"widget\" data-e-type=\"widget\" data-widget_type=\"image.default\">\n\t\t\t\t<div class=\"elementor-widget-container\">\n\t\t\t\t\t\t\t\t\t\t\t\t\t\t\t<img fetchpriority=\"high\" decoding=\"async\" width=\"549\" height=\"134\" src=\"https:\/\/nbn23.com\/wp-content\/uploads\/2021\/10\/horizontal-INGAME-white.png\" class=\"attachment-full size-full wp-image-13503\" alt=\"\" srcset=\"https:\/\/nbn23.com\/wp-content\/uploads\/2021\/10\/horizontal-INGAME-white.png 549w, https:\/\/nbn23.com\/wp-content\/uploads\/2021\/10\/horizontal-INGAME-white-300x73.png 300w\" sizes=\"(max-width: 549px) 100vw, 549px\" \/>\t\t\t\t\t\t\t\t\t\t\t\t\t\t\t<\/div>\n\t\t\t\t<\/div>\n\t\t\t\t<div class=\"elementor-element elementor-element-b373285 elementor-widget elementor-widget-heading\" data-id=\"b373285\" data-element_type=\"widget\" data-e-type=\"widget\" data-widget_type=\"heading.default\">\n\t\t\t\t<div class=\"elementor-widget-container\">\n\t\t\t\t\t<h1 class=\"elementor-heading-title elementor-size-xxl\">Digitaliza partidos y genera el acta digital oficial<\/h1>\t\t\t\t<\/div>\n\t\t\t\t<\/div>\n\t\t\t\t<div class=\"elementor-element elementor-element-1056987 elementor-widget elementor-widget-heading\" data-id=\"1056987\" data-element_type=\"widget\" data-e-type=\"widget\" data-widget_type=\"heading.default\">\n\t\t\t\t<div class=\"elementor-widget-container\">\n\t\t\t\t\t<p class=\"elementor-heading-title elementor-size-medium\">\u00bfEres un anotador de baloncesto y no quieres quedarte atr\u00e1s en las \u00faltimas actualizaciones?<\/p>\t\t\t\t<\/div>\n\t\t\t\t<\/div>\n\t\t\t\t<div class=\"elementor-element elementor-element-685e37c elementor-widget elementor-widget-heading\" data-id=\"685e37c\" data-element_type=\"widget\" data-e-type=\"widget\" data-widget_type=\"heading.default\">\n\t\t\t\t<div class=\"elementor-widget-container\">\n\t\t\t\t\t<h2 class=\"elementor-heading-title elementor-size-medium\">\u00a1EMPIEZA HOY!<\/h2>\t\t\t\t<\/div>\n\t\t\t\t<\/div>\n\t\t\t\t\t<\/div>\n\t\t<\/div>\n\t\t\t\t<div class=\"elementor-column elementor-col-25 elementor-top-column elementor-element elementor-element-46ad2c5\" data-id=\"46ad2c5\" data-element_type=\"column\" data-e-type=\"column\">\n\t\t\t<div class=\"elementor-widget-wrap elementor-element-populated\">\n\t\t\t\t\t\t<div class=\"elementor-element elementor-element-ca6b20a elementor-align-center elementor-widget elementor-widget-button\" data-id=\"ca6b20a\" data-element_type=\"widget\" data-e-type=\"widget\" data-widget_type=\"button.default\">\n\t\t\t\t<div class=\"elementor-widget-container\">\n\t\t\t\t\t\t\t\t\t<div class=\"elementor-button-wrapper\">\n\t\t\t\t\t<a class=\"elementor-button elementor-button-link elementor-size-sm\" href=\"https:\/\/www.easy-lms.com\/es\/curso-de-formacion-ingame-app\/course-36994\">\n\t\t\t\t\t\t<span class=\"elementor-button-content-wrapper\">\n\t\t\t\t\t\t\t\t\t<span class=\"elementor-button-text\">Cetif\u00edcate en 5x5 y 3x3<\/span>\n\t\t\t\t\t<\/span>\n\t\t\t\t\t<\/a>\n\t\t\t\t<\/div>\n\t\t\t\t\t\t\t\t<\/div>\n\t\t\t\t<\/div>\n\t\t\t\t<div class=\"elementor-element elementor-element-7d0a567 elementor-align-center elementor-widget elementor-widget-button\" data-id=\"7d0a567\" data-element_type=\"widget\" data-e-type=\"widget\" data-widget_type=\"button.default\">\n\t\t\t\t<div class=\"elementor-widget-container\">\n\t\t\t\t\t\t\t\t\t<div class=\"elementor-button-wrapper\">\n\t\t\t\t\t<a class=\"elementor-button elementor-button-link elementor-size-sm\" href=\"https:\/\/www.easy-lms.com\/es\/curso-de-formacion-ingame-app-modulo-minibasket\/course-52918\">\n\t\t\t\t\t\t<span class=\"elementor-button-content-wrapper\">\n\t\t\t\t\t\t\t\t\t<span class=\"elementor-button-text\">Cetif\u00edcate en Mini Basket<\/span>\n\t\t\t\t\t<\/span>\n\t\t\t\t\t<\/a>\n\t\t\t\t<\/div>\n\t\t\t\t\t\t\t\t<\/div>\n\t\t\t\t<\/div>\n\t\t\t\t\t<\/div>\n\t\t<\/div>\n\t\t\t\t<div class=\"elementor-column elementor-col-25 elementor-top-column elementor-element elementor-element-8938bbf\" data-id=\"8938bbf\" data-element_type=\"column\" data-e-type=\"column\">\n\t\t\t<div class=\"elementor-widget-wrap\">\n\t\t\t\t\t\t\t<\/div>\n\t\t<\/div>\n\t\t\t\t\t<\/div>\n\t\t<\/section>\n\t\t\t\t<section class=\"elementor-section elementor-top-section elementor-element elementor-element-a3f5bdc elementor-section-full_width ct-section-stretched elementor-section-height-default elementor-section-height-default\" data-id=\"a3f5bdc\" data-element_type=\"section\" data-e-type=\"section\" data-settings=\"{&quot;background_background&quot;:&quot;classic&quot;}\">\n\t\t\t\t\t\t<div class=\"elementor-container elementor-column-gap-default\">\n\t\t\t\t\t<div class=\"elementor-column elementor-col-25 elementor-top-column elementor-element elementor-element-d35cb9f\" data-id=\"d35cb9f\" data-element_type=\"column\" data-e-type=\"column\">\n\t\t\t<div class=\"elementor-widget-wrap elementor-element-populated\">\n\t\t\t\t\t\t<div class=\"elementor-element elementor-element-f5aa825 elementor-widget elementor-widget-heading\" data-id=\"f5aa825\" data-element_type=\"widget\" data-e-type=\"widget\" data-widget_type=\"heading.default\">\n\t\t\t\t<div class=\"elementor-widget-container\">\n\t\t\t\t\t<h2 class=\"elementor-heading-title elementor-size-default\">\u00c1GIL<\/br> Y DIVERTIDO<\/h2>\t\t\t\t<\/div>\n\t\t\t\t<\/div>\n\t\t\t\t\t<\/div>\n\t\t<\/div>\n\t\t\t\t<div class=\"elementor-column elementor-col-25 elementor-top-column elementor-element elementor-element-ccb0301\" data-id=\"ccb0301\" data-element_type=\"column\" data-e-type=\"column\">\n\t\t\t<div class=\"elementor-widget-wrap elementor-element-populated\">\n\t\t\t\t\t\t<div class=\"elementor-element elementor-element-7febbc8 elementor-widget elementor-widget-heading\" data-id=\"7febbc8\" data-element_type=\"widget\" data-e-type=\"widget\" data-widget_type=\"heading.default\">\n\t\t\t\t<div class=\"elementor-widget-container\">\n\t\t\t\t\t<h2 class=\"elementor-heading-title elementor-size-default\">Registra cada<\/br> jugada usando INGAME<\/h2>\t\t\t\t<\/div>\n\t\t\t\t<\/div>\n\t\t\t\t\t<\/div>\n\t\t<\/div>\n\t\t\t\t<div class=\"elementor-column elementor-col-25 elementor-top-column elementor-element elementor-element-ee8ac2a\" data-id=\"ee8ac2a\" data-element_type=\"column\" data-e-type=\"column\">\n\t\t\t<div class=\"elementor-widget-wrap elementor-element-populated\">\n\t\t\t\t\t\t<div class=\"elementor-element elementor-element-5b1d31e elementor-widget elementor-widget-heading\" data-id=\"5b1d31e\" data-element_type=\"widget\" data-e-type=\"widget\" data-widget_type=\"heading.default\">\n\t\t\t\t<div class=\"elementor-widget-container\">\n\t\t\t\t\t<h2 class=\"elementor-heading-title elementor-size-default\">Consigue ti certificado de anotador<\/h2>\t\t\t\t<\/div>\n\t\t\t\t<\/div>\n\t\t\t\t\t<\/div>\n\t\t<\/div>\n\t\t\t\t<div class=\"elementor-column elementor-col-25 elementor-top-column elementor-element elementor-element-bebca3c\" data-id=\"bebca3c\" data-element_type=\"column\" data-e-type=\"column\">\n\t\t\t<div class=\"elementor-widget-wrap elementor-element-populated\">\n\t\t\t\t\t\t<div class=\"elementor-element elementor-element-cc531a1 elementor-widget elementor-widget-heading\" data-id=\"cc531a1\" data-element_type=\"widget\" data-e-type=\"widget\" data-widget_type=\"heading.default\">\n\t\t\t\t<div class=\"elementor-widget-container\">\n\t\t\t\t\t<h3 class=\"elementor-heading-title elementor-size-default\">D\u00ed adi\u00f3s al<\/br> papel y boli<\/h3>\t\t\t\t<\/div>\n\t\t\t\t<\/div>\n\t\t\t\t\t<\/div>\n\t\t<\/div>\n\t\t\t\t\t<\/div>\n\t\t<\/section>\n\t\t\t\t<\/div>\n\t\t","protected":false},"excerpt":{"rendered":"<p>Digitaliza partidos y genera el acta digital oficial \u00bfEres un anotador de baloncesto y no quieres quedarte atr\u00e1s en las \u00faltimas actualizaciones? \u00a1EMPIEZA HOY! Cetif\u00edcate en 5&#215;5 y 3&#215;3 Cetif\u00edcate en Mini Basket \u00c1GIL Y DIVERTIDO Registra cada jugada usando INGAME Consigue ti certificado de anotador D\u00ed adi\u00f3s al papel y boli<\/p>\n","protected":false},"author":2,"featured_media":13949,"parent":0,"menu_order":0,"comment_status":"closed","ping_status":"closed","template":"","meta":{"_exactmetrics_skip_tracking":false,"_exactmetrics_sitenote_active":false,"_exactmetrics_sitenote_note":"","_exactmetrics_sitenote_category":0,"footnotes":""},"class_list":["post-14168","page","type-page","status-publish","has-post-thumbnail","hentry"],"blocksy_meta":{"styles_descriptor":{"styles":{"desktop":"","tablet":"","mobile":""},"google_fonts":[],"version":6}},"aioseo_notices":[],"_links":{"self":[{"href":"https:\/\/nbn23.com\/es\/wp-json\/wp\/v2\/pages\/14168","targetHints":{"allow":["GET"]}}],"collection":[{"href":"https:\/\/nbn23.com\/es\/wp-json\/wp\/v2\/pages"}],"about":[{"href":"https:\/\/nbn23.com\/es\/wp-json\/wp\/v2\/types\/page"}],"author":[{"embeddable":true,"href":"https:\/\/nbn23.com\/es\/wp-json\/wp\/v2\/users\/2"}],"replies":[{"embeddable":true,"href":"https:\/\/nbn23.com\/es\/wp-json\/wp\/v2\/comments?post=14168"}],"version-history":[{"count":34,"href":"https:\/\/nbn23.com\/es\/wp-json\/wp\/v2\/pages\/14168\/revisions"}],"predecessor-version":[{"id":31504,"href":"https:\/\/nbn23.com\/es\/wp-json\/wp\/v2\/pages\/14168\/revisions\/31504"}],"wp:featuredmedia":[{"embeddable":true,"href":"https:\/\/nbn23.com\/es\/wp-json\/wp\/v2\/media\/13949"}],"wp:attachment":[{"href":"https:\/\/nbn23.com\/es\/wp-json\/wp\/v2\/media?parent=14168"}],"curies":[{"name":"wp","href":"https:\/\/api.w.org\/{rel}","templated":true}]}}