{"id":11151,"date":"2021-04-07T12:05:17","date_gmt":"2021-04-07T10:05:17","guid":{"rendered":"https:\/\/nbn23.com\/notificacion-de-segregacion-empresarial\/"},"modified":"2021-04-07T12:34:24","modified_gmt":"2021-04-07T10:34:24","slug":"notificacion-de-segregacion-empresarial","status":"publish","type":"page","link":"https:\/\/nbn23.com\/es\/notificacion-de-segregacion-empresarial\/","title":{"rendered":"Notificaci\u00f3n de segregaci\u00f3n empresarial"},"content":{"rendered":"<div class=\"page\" title=\"Page 1\">\n<div class=\"layoutArea\">\n<div class=\"column\">\n<p>Por la presente le informamos que NOTHINGBUTNET, S.L. ha sido objeto de una segregaci\u00f3n en cuya virtud se ha transmitido la rama de actividad encargada entre otros, del desarrollo de la aplicaci\u00f3n SWISH APP, a la sociedad NBN23 S.L.U, filial \u00edntegramente participada por NOTHINGBUTNET, S.L, con efectos de la transmisi\u00f3n desde el d\u00eda 1 de enero de 2021 (en adelante la Fecha Efectiva), formando as\u00ed un grupo empresarial.<\/p>\n<p>En consecuencia, a partir de la Fecha Efectiva y en lo sucesivo, NBN23 S.L.U ser\u00e1 la encargada de todo el desarrollo, mantenimiento, soporte y dem\u00e1s labores relacionadas con la aplicaci\u00f3n SWISH APP, exactamente en los mismos t\u00e9rminos vigentes, puesto que no existe cesi\u00f3n sino una simple subrogaci\u00f3n.<\/p>\n<p>Los datos identificativos de NBN23, S.L.U son los siguientes: Sociedad de nacionalidad espa\u00f1ola y de duraci\u00f3n indefinida, constituida mediante escritura autorizada por el Notario de Valencia, don Juan Piquer Belloch, el d\u00eda 18 de noviembre de 2020, al n\u00famero 1878 de su protocolo , con domicilio en Paterna, Calle Juan de la Cierva 27,3, oficina 409 Edificio Wellness 1, Parque Tecnol\u00f3gico de Paterna (46980 Valencia) e inscrita en el Registro Mercantil de Valencia al Tomo 10.971, Folio 140, Hoja n\u00famero V-164577. Con C.I.F. n\u00famero ESB40634206. Siendo su Administrador \u00danico, Don Javier Bosch Fonte.<\/p>\n<\/div>\n<\/div>\n<\/div>\n","protected":false},"excerpt":{"rendered":"<p>Por la presente le informamos que NOTHINGBUTNET, S.L. ha sido objeto de una segregaci\u00f3n en cuya virtud se ha transmitido la rama de actividad encargada entre otros, del desarrollo de la aplicaci\u00f3n SWISH APP, a la sociedad NBN23 S.L.U, filial \u00edntegramente participada por NOTHINGBUTNET, S.L, con efectos de la transmisi\u00f3n desde el d\u00eda 1 de [&hellip;]<\/p>\n","protected":false},"author":23,"featured_media":0,"parent":0,"menu_order":0,"comment_status":"closed","ping_status":"closed","template":"","meta":{"_exactmetrics_skip_tracking":false,"_exactmetrics_sitenote_active":false,"_exactmetrics_sitenote_note":"","_exactmetrics_sitenote_category":0,"footnotes":""},"class_list":["post-11151","page","type-page","status-publish","hentry"],"blocksy_meta":{"styles_descriptor":{"styles":{"desktop":"","tablet":"","mobile":""},"google_fonts":[],"version":6}},"aioseo_notices":[],"_links":{"self":[{"href":"https:\/\/nbn23.com\/es\/wp-json\/wp\/v2\/pages\/11151","targetHints":{"allow":["GET"]}}],"collection":[{"href":"https:\/\/nbn23.com\/es\/wp-json\/wp\/v2\/pages"}],"about":[{"href":"https:\/\/nbn23.com\/es\/wp-json\/wp\/v2\/types\/page"}],"author":[{"embeddable":true,"href":"https:\/\/nbn23.com\/es\/wp-json\/wp\/v2\/users\/23"}],"replies":[{"embeddable":true,"href":"https:\/\/nbn23.com\/es\/wp-json\/wp\/v2\/comments?post=11151"}],"version-history":[{"count":2,"href":"https:\/\/nbn23.com\/es\/wp-json\/wp\/v2\/pages\/11151\/revisions"}],"predecessor-version":[{"id":11154,"href":"https:\/\/nbn23.com\/es\/wp-json\/wp\/v2\/pages\/11151\/revisions\/11154"}],"wp:attachment":[{"href":"https:\/\/nbn23.com\/es\/wp-json\/wp\/v2\/media?parent=11151"}],"curies":[{"name":"wp","href":"https:\/\/api.w.org\/{rel}","templated":true}]}}