{"id":35570,"date":"2025-10-15T13:33:22","date_gmt":"2025-10-15T11:33:22","guid":{"rendered":"https:\/\/nbn23.com\/nbn23-home-page\/"},"modified":"2025-10-16T10:06:52","modified_gmt":"2025-10-16T08:06:52","slug":"nbn23-home-page","status":"publish","type":"page","link":"https:\/\/nbn23.com\/de\/","title":{"rendered":"NBN23 Home Page"},"content":{"rendered":"\t\t<div data-elementor-type=\"wp-page\" data-elementor-id=\"35570\" class=\"elementor elementor-35570 elementor-35389\" data-elementor-post-type=\"page\">\n\t\t\t\t\t\t<section class=\"elementor-section elementor-top-section elementor-element elementor-element-e8b532c elementor-section-boxed elementor-section-height-default elementor-section-height-default\" data-id=\"e8b532c\" data-element_type=\"section\" data-e-type=\"section\">\n\t\t\t\t\t\t<div class=\"elementor-container elementor-column-gap-default\">\n\t\t\t\t\t<div class=\"elementor-column elementor-col-100 elementor-top-column elementor-element elementor-element-9f7a2a1\" data-id=\"9f7a2a1\" data-element_type=\"column\" data-e-type=\"column\">\n\t\t\t<div class=\"elementor-widget-wrap elementor-element-populated\">\n\t\t\t\t\t\t<div class=\"elementor-element elementor-element-e677b5d elementor-widget__width-initial elementor-widget elementor-widget-html\" data-id=\"e677b5d\" data-element_type=\"widget\" data-e-type=\"widget\" data-widget_type=\"html.default\">\n\t\t\t\t<div class=\"elementor-widget-container\">\n\t\t\t\t\t<!DOCTYPE html><br><html lang=\"de\"><br><head>\r\n  <meta charset=\"UTF-8\" \/>\r\n  <meta name=\"viewport\" content=\"width=device-width, initial-scale=1.0\" \/>\r\n  <title>NBN23 x FIBA Unterst\u00fctzung<\/title>\r\n  <link rel=\"stylesheet\" href=\"style.css\" \/>\r\n<\/head><br><body><br><br>  <!-- HERO --><br>  <section class=\"hero\">\r\n  <video autoplay muted loop playsinline class=\"hero-video\">\r\n    <source src=\"https:\/\/nbn23.com\/wp-content\/uploads\/2025\/10\/Banner-Website-video-1.mp4\" type=\"video\/mp4\">\r\n  <\/video>\r\n\r\n  <div class=\"hero-overlay\"><\/div>\r\n\r\n  <div class=\"hero-content\">\r\n    <h1>Offiziell unterst\u00fctzt von <span class=\"highlight\">FIBA<\/span><\/h1>\r\n\r\n    <p class=\"hero-subtext\">\r\n      Wir st\u00e4rken den Jugend- und Breitensport mit Echtzeitstatistiken, digitalen Spielberichten und vernetzten Erlebnissen f\u00fcr Verb\u00e4nde, Spieler und Fans.\r\n    <\/p>\r\n\r\n    <div class=\"fiba-center\">\r\n      <img decoding=\"async\" src=\"https:\/\/nbn23.com\/wp-content\/uploads\/2025\/10\/FIBA-endorsed-1.png\" alt=\"FIBA Logo\" class=\"fiba-logo\">\r\n    <\/div>\r\n\r\n    <div class=\"hero-logos\">\r\n      <div class=\"logo-item\">\r\n        <img decoding=\"async\" src=\"https:\/\/nbn23.com\/wp-content\/uploads\/2025\/10\/Logo-Swish-whit.png\" alt=\"Swish Logo\">\r\n      <\/div>\r\n      <div class=\"logo-item\">\r\n        <img decoding=\"async\" src=\"https:\/\/nbn23.com\/wp-content\/uploads\/2025\/10\/Inagme-logo-e1760449173398.png\" alt=\"InGame Logo\">\r\n      <\/div>\r\n    <\/div>\r\n\r\n    <div class=\"hero-buttons\">\r\n      <a href=\"https:\/\/swishbynbn23.com\/de\" class=\"btn orange\">Swish entdecken<\/a>\r\n      <a href=\"https:\/\/nbn23.com\/de\/ingame\/\" class=\"btn blue\">InGame entdecken<\/a>\r\n      <a href=\"https:\/\/nbn23.com\/de\/von-der-kleinen-halle-zum-globalen-standard-nbn23-erhaelt-offizielle-fiba-anerkennung\/\" class=\"btn dark\">Zur FIBA-Mitteilung<\/a>\r\n    <\/div>\r\n  <\/div>\r\n<\/section><br><br><section class=\"trust-section\">\r\n  <h2>Vertraut von Verb\u00e4nden, Ligen und Vereinen<\/h2>\r\n\r\n  <div class=\"trust-stats\">\r\n    <div class=\"trust-box\">\r\n      <span class=\"highlight\">900.000+<\/span>\r\n      <p>Spiele<\/p>\r\n    <\/div>\r\n    <div class=\"trust-box\">\r\n      <span class=\"highlight\">70+<\/span>\r\n      <p>L\u00e4nder<\/p>\r\n    <\/div>\r\n    <div class=\"trust-box\">\r\n      <span class=\"highlight\">3.000+<\/span>\r\n      <p>Wettbewerbe<\/p>\r\n    <\/div>\r\n  <\/div>\r\n\r\n  <div class=\"trust-logos\">\r\n    <img decoding=\"async\" src=\"https:\/\/nbn23.com\/wp-content\/uploads\/2023\/01\/12.png\" alt=\"FIBA\" \/>\r\n    <img decoding=\"async\" src=\"https:\/\/nbn23.com\/wp-content\/uploads\/2023\/01\/swiss-1.png\" alt=\"Swiss Basketball\" \/>\r\n    <img decoding=\"async\" src=\"https:\/\/nbn23.com\/wp-content\/uploads\/2023\/01\/9.png\" alt=\"DBB\" \/>\r\n    <img decoding=\"async\" src=\"https:\/\/nbn23.com\/wp-content\/uploads\/2023\/01\/8.png\" alt=\"Jr. NBA\" \/>\r\n    <img decoding=\"async\" src=\"https:\/\/nbn23.com\/wp-content\/uploads\/2023\/01\/1.png\" alt=\"FIP Italien\" \/>\r\n    <img decoding=\"async\" src=\"https:\/\/nbn23.com\/wp-content\/uploads\/2023\/01\/3-1.png\" alt=\"CZ Basketball\" \/>\r\n    <img decoding=\"async\" src=\"https:\/\/nbn23.com\/wp-content\/uploads\/2023\/01\/2.png\" alt=\"Kanaren Verband\" \/>\r\n    <img decoding=\"async\" src=\"https:\/\/nbn23.com\/wp-content\/uploads\/2023\/01\/11.png\" alt=\"Portugal Basketball\" \/>\r\n    <img decoding=\"async\" src=\"https:\/\/nbn23.com\/wp-content\/uploads\/2023\/01\/4.png\" alt=\"RYZE\" \/>\r\n  <\/div>\r\n<\/section><br><br><!-- SWISH --><br><section class=\"product swish\">\r\n  <img decoding=\"async\" src=\"https:\/\/nbn23.com\/wp-content\/uploads\/2025\/10\/Swish-icon.png\" alt=\"Swish Icon\">\r\n  <div class=\"text\">\r\n    <h2>Swish. Alle Spiele, alle Stats.<\/h2>\r\n    <p>Swish verbindet Fans, Spieler und Verb\u00e4nde mit Live-Daten und Echtzeit-Spielverfolgung. Dein digitales Zuhause f\u00fcr Basketball.<\/p>\r\n    <ul>\r\n      <li>Live-Statistiken zu jedem Spiel<\/li>\r\n      <li>Lieblingsspieler und -teams verfolgen<\/li>\r\n      <li>Weltweit verf\u00fcgbar<\/li>\r\n    <\/ul>\r\n    <a href=\"https:\/\/swishbynbn23.com\/de\" class=\"btn primary\">Swish entdecken<\/a>\r\n  <\/div>\r\n<\/section><br><br><!-- INGAME --><br><section class=\"product ingame\">\r\n  <img decoding=\"async\" src=\"https:\/\/nbn23.com\/wp-content\/uploads\/2025\/10\/Ingame-icon.png\" alt=\"InGame Icon\">\r\n  <div class=\"text\">\r\n    <h2>InGame. Der digitale Spielbericht f\u00fcr jedes Spielfeld.<\/h2>\r\n    <p>InGame ersetzt Papier mit einer einfachen, FIBA-konformen App. Sie erfasst alle Statistiken live und verbindet sich automatisch mit Verbandsdatenbanken.<\/p>\r\n    <ul>\r\n      <li>Schnelle, fehlerfreie Statistikerfassung<\/li>\r\n      <li>Direkte Integration mit Verb\u00e4nden<\/li>\r\n      <li>Funktioniert offline in jeder Halle<\/li>\r\n    <\/ul>\r\n    <a href=\"https:\/\/nbn23.com\/de\/ingame\/\" class=\"btn secondary\">InGame entdecken<\/a>\r\n  <\/div>\r\n<\/section><br><br><!-- FIBA ANNOUNCEMENT --><br><section class=\"fiba\">\r\n  <img decoding=\"async\" src=\"https:\/\/nbn23.com\/wp-content\/uploads\/2023\/02\/javi.jpg\" alt=\"Javier Bosch\" class=\"ceo\">\r\n  <h2>FIBA-Unterst\u00fctzung. Globale Anerkennung mit Fokus auf Jugend und Basisarbeit.<\/h2>\r\n  <p>Diese Partnerschaft best\u00e4tigt den Standard, den wir f\u00fcr Offizielle und Veranstalter setzen. Sie stellt Sichtbarkeit und Entwicklung in den Vordergrund.<\/p>\r\n  <a href=\"https:\/\/nbn23.com\/de\/von-der-kleinen-halle-zum-globalen-standard-nbn23-erhaelt-offizielle-fiba-anerkennung\/\" class=\"btn primary\">Zur vollst\u00e4ndigen Mitteilung<\/a>\r\n<\/section><br><br><!-- PARTNER TESTIMONIALS --><br><section class=\"partners\">\r\n  <h2>Verb\u00e4nde, die mit NBN23 arbeiten<\/h2>\r\n\r\n  <div class=\"testimonials\">\r\n    <div class=\"testimonial\">\r\n      <div class=\"logo-band\">\r\n        <img decoding=\"async\" src=\"https:\/\/nbn23.com\/wp-content\/uploads\/2025\/10\/DBB_logo.png\" alt=\"DBB Logo\" class=\"partner-logo\">\r\n      <\/div>\r\n      <p>\u201eUnsere Partnerschaft mit NBN23 ist gepr\u00e4gt von Professionalit\u00e4t, Innovation und einem tiefen Verst\u00e4ndnis f\u00fcr die Bed\u00fcrfnisse eines nationalen Verbandes. Ihre Tools haben das Scouting und die Wettbewerbsorganisation auf allen Ebenen vereinfacht, und ihr Team bietet konstant exzellenten Support. NBN23 ist mehr als ein Technologieanbieter \u2013 sie sind ein vertrauensw\u00fcrdiger Partner in der digitalen Zukunft des deutschen Basketballs.\u201c<\/p>\r\n      <h4>Jochen B\u00f6hmcker<\/h4>\r\n      <span>Leiter Wettbewerbe, Deutscher Basketball Bund (DBB)<\/span>\r\n    <\/div>\r\n\r\n    <div class=\"testimonial\">\r\n      <div class=\"logo-band\">\r\n        <img decoding=\"async\" src=\"https:\/\/nbn23.com\/wp-content\/uploads\/2023\/08\/icon-app.png\" alt=\"FIP Logo\" class=\"partner-logo\">\r\n      <\/div>\r\n      <p>\u201eDie Zusammenarbeit mit NBN23 war ein bedeutender Schritt zur Modernisierung der Basketballverwaltung in Italien. Ihre digitalen Werkzeuge haben Effizienz, Genauigkeit und Zug\u00e4nglichkeit in unseren Wettbewerben verbessert. NBN23 steht f\u00fcr Professionalit\u00e4t, Innovation und ein tiefes Verst\u00e4ndnis des Spiels \u2013 ein wertvoller Partner f\u00fcr den italienischen Basketballverband.\u201c<\/p>\r\n      <h4>Graziano Martinelli<\/h4>\r\n      <span>Vize-Generalsekret\u00e4r, Federazione Italiana Pallacanestro (FIP)<\/span>\r\n    <\/div>\r\n\r\n    <div class=\"testimonial\">\r\n      <div class=\"logo-band\">\r\n        <img decoding=\"async\" src=\"https:\/\/nbn23.com\/wp-content\/uploads\/2025\/10\/Untitled-design-17.png\" alt=\"Portugiesischer Verband Logo\" class=\"partner-logo\">\r\n      <\/div>\r\n      <p>\u201eDie Plattformen InGame und Swish von NBN23 sind f\u00fcr uns unverzichtbare Werkzeuge geworden. Sie haben das Spielmanagement vereinfacht, bieten Echtzeitstatistiken und bringen Fans und Spieler n\u00e4her zusammen als je zuvor. Wir sch\u00e4tzen ihre Qualit\u00e4t, Zuverl\u00e4ssigkeit und den st\u00e4ndigen Verbesserungswillen \u2013 NBN23 ist ein unverzichtbarer Partner im portugiesischen Basketball.\u201c<\/p>\r\n      <h4>Lu\u00eds Veiga<\/h4>\r\n      <span>Vizepr\u00e4sident, Portugiesischer Basketballverband (FPB)<\/span>\r\n    <\/div>\r\n  <\/div>\r\n<\/section><br><br><!-- CTA --><br><section class=\"cta-final\">\r\n  <h2>Werde Teil der globalen digitalen Basketballbewegung<\/h2>\r\n  <p>Nutze Tools, die von FIBA unterst\u00fctzt und weltweit von Verb\u00e4nden eingesetzt werden.<\/p>\r\n  <div class=\"cta-buttons\">\r\n    <a href=\"https:\/\/swishbynbn23.com\/de\" class=\"btn orange\">Swish entdecken<\/a>\r\n    <a href=\"https:\/\/nbn23.com\/de\/ingame\/\" class=\"btn blue\">InGame entdecken<\/a>\r\n    <a href=\"mailto:irene.gari@nbn23.tech\" class=\"btn dark\">E-Mail an Irene<\/a>\r\n  <\/div>\r\n<\/section><br>\t\t\t\t<\/div>\n\t\t\t\t<\/div>\n\t\t\t\t\t<\/div>\n\t\t<\/div>\n\t\t\t\t\t<\/div>\n\t\t<\/section>\n\t\t\t\t<\/div>\n\t\t","protected":false},"excerpt":{"rendered":"<p>NBN23 x FIBA Unterst\u00fctzung Offiziell unterst\u00fctzt von FIBA Wir st\u00e4rken den Jugend- und Breitensport mit Echtzeitstatistiken, digitalen Spielberichten und vernetzten Erlebnissen f\u00fcr Verb\u00e4nde, Spieler und Fans. Swish entdecken InGame entdecken Zur FIBA-Mitteilung Vertraut von Verb\u00e4nden, Ligen und Vereinen 900.000+ Spiele 70+ L\u00e4nder 3.000+ Wettbewerbe Swish. Alle Spiele, alle Stats. Swish verbindet Fans, Spieler und Verb\u00e4nde [&hellip;]<\/p>\n","protected":false},"author":10,"featured_media":35303,"parent":0,"menu_order":0,"comment_status":"closed","ping_status":"closed","template":"","meta":{"_exactmetrics_skip_tracking":false,"_exactmetrics_sitenote_active":false,"_exactmetrics_sitenote_note":"","_exactmetrics_sitenote_category":0,"footnotes":""},"class_list":["post-35570","page","type-page","status-publish","has-post-thumbnail","hentry"],"blocksy_meta":[],"aioseo_notices":[],"_links":{"self":[{"href":"https:\/\/nbn23.com\/de\/wp-json\/wp\/v2\/pages\/35570","targetHints":{"allow":["GET"]}}],"collection":[{"href":"https:\/\/nbn23.com\/de\/wp-json\/wp\/v2\/pages"}],"about":[{"href":"https:\/\/nbn23.com\/de\/wp-json\/wp\/v2\/types\/page"}],"author":[{"embeddable":true,"href":"https:\/\/nbn23.com\/de\/wp-json\/wp\/v2\/users\/10"}],"replies":[{"embeddable":true,"href":"https:\/\/nbn23.com\/de\/wp-json\/wp\/v2\/comments?post=35570"}],"version-history":[{"count":2,"href":"https:\/\/nbn23.com\/de\/wp-json\/wp\/v2\/pages\/35570\/revisions"}],"predecessor-version":[{"id":35601,"href":"https:\/\/nbn23.com\/de\/wp-json\/wp\/v2\/pages\/35570\/revisions\/35601"}],"wp:featuredmedia":[{"embeddable":true,"href":"https:\/\/nbn23.com\/de\/wp-json\/wp\/v2\/media\/35303"}],"wp:attachment":[{"href":"https:\/\/nbn23.com\/de\/wp-json\/wp\/v2\/media?parent=35570"}],"curies":[{"name":"wp","href":"https:\/\/api.w.org\/{rel}","templated":true}]}}