{"id":22222,"date":"2022-04-19T11:18:04","date_gmt":"2022-04-19T09:18:04","guid":{"rendered":"https:\/\/nbn23.com\/cookies-richtlinie-nbn23-webseite\/"},"modified":"2023-03-03T12:02:50","modified_gmt":"2023-03-03T10:02:50","slug":"cookies-richtlinie-nbn23-webseite","status":"publish","type":"page","link":"https:\/\/nbn23.com\/de\/cookies-richtlinie-nbn23-webseite\/","title":{"rendered":"Cookies-Richtlinie NBN23 Webseite"},"content":{"rendered":"<p>[vc_row][vc_column][vc_column_text]Einf\u00fchrung<\/p>\n<p>Unsere Website https:\/\/nbn23.com (im Folgenden: &#8222;die Website&#8220;) verwendet Cookies und andere damit verbundene Technologien (der Einfachheit halber werden alle Technologien als &#8222;Cookies&#8220; bezeichnet). Cookies werden auch von Dritten gesetzt, die wir unter Vertrag genommen haben. Im folgenden Dokument informieren wir Sie \u00fcber die Verwendung von Cookies auf unserer Website.<\/p>\n<p>Was sind Cookies?<\/p>\n<p>Ein Cookie ist eine kleine einfache Datei, die zusammen mit den Seiten dieser Website gesendet und von Ihrem Browser auf der Festplatte Ihres Computers oder eines anderen Ger\u00e4ts gespeichert wird. Die darin gespeicherten Informationen k\u00f6nnen bei einem sp\u00e4teren Besuch an unsere Server oder an die Server der betreffenden Dritten zur\u00fcckgesandt werden.<\/p>\n<p>Was sind Skripte?<\/p>\n<p>Ein Skript ist ein St\u00fcck Programmcode, das dazu dient, dass unsere Website korrekt und interaktiv funktioniert. Dieser Code l\u00e4uft auf unserem Server oder auf Ihrem Ger\u00e4t.<\/p>\n<p>Was ist ein Web-Beacon?<\/p>\n<p>Ein Web-Beacon (oder Pixel-Tag) ist ein kleines unsichtbares St\u00fcck Text oder Bild auf einer Website, das zur \u00dcberwachung des Datenverkehrs auf einer Website verwendet wird. Zu diesem Zweck werden verschiedene Daten \u00fcber Sie mit Hilfe von Web-Beacons gespeichert.<\/p>\n<p>Cookies<\/p>\n<p>Nach den Richtlinien der spanischen Datenschutzbeh\u00f6rde gehen wir auf die Verwendung von Cookies, dass diese Website, um Sie so genau wie m\u00f6glich zu informieren macht Detail.<\/p>\n<p>Technische oder funktionale Cookies<\/p>\n<p>Einige Cookies stellen sicher, dass bestimmte Teile der Website korrekt funktionieren und dass Ihre Benutzereinstellungen bekannt bleiben. Indem wir funktionale Cookies setzen, erleichtern wir Ihnen den Besuch unserer Website. Auf diese Weise m\u00fcssen Sie beim Besuch unserer Website nicht immer wieder dieselben Informationen eingeben, und die Artikel bleiben z. B. in Ihrem Warenkorb, bis Sie bezahlt haben. Wir k\u00f6nnen diese Cookies ohne Ihre Zustimmung setzen.<\/p>\n<p>Marketing-\/Tracking-Cookies<\/p>\n<p>Marketing-\/Tracking-Cookies sind Cookies oder jede andere Form der lokalen Speicherung, die zur Erstellung von Benutzerprofilen f\u00fcr die Anzeige von Werbung oder zur Verfolgung des Benutzers auf dieser Website oder auf mehreren Websites f\u00fcr \u00e4hnliche Marketingzwecke verwendet werden.<\/p>\n<p>Schaltfl\u00e4chen f\u00fcr soziale Medien<\/p>\n<p>Wir haben auf unserer Website Schaltfl\u00e4chen f\u00fcr Facebook, Twitter, LinkedIn und Instagram integriert, um Webseiten zu bewerben (z. B. &#8222;Gef\u00e4llt mir&#8220;, &#8222;Anheften&#8220;) oder zu teilen (z. B. &#8222;Tweeten&#8220;) in sozialen Netzwerken wie Facebook, Twitter, LinkedIn und Instagram. Diese Schaltfl\u00e4chen funktionieren durch die Verwendung von Codeteilen von Facebook, Twitter, LinkedIn und Instagram. Dieser Code setzt Cookies. Diese Social-Media-Schaltfl\u00e4chen k\u00f6nnen auch bestimmte Informationen speichern und verarbeiten, so dass Ihnen eine personalisierte Werbung angezeigt werden kann. Jedes soziale Netzwerk verwendet seine eigenen Cookies, damit Sie auf die Schaltfl\u00e4chen &#8222;Gef\u00e4llt mir&#8220; oder &#8222;Teilen&#8220; klicken k\u00f6nnen.<\/p>\n<p>Bitte lesen Sie die Datenschutzerkl\u00e4rungen dieser sozialen Netzwerke (die sich regelm\u00e4\u00dfig \u00e4ndern k\u00f6nnen), um zu erfahren, was sie mit Ihren (personenbezogenen) Daten machen, die sie mit Hilfe dieser Cookies verarbeiten. Die abgerufenen Daten werden so weit wie m\u00f6glich anonymisiert. Facebook, Twitter, LinkedIn und Instagram sind in den Vereinigten Staaten angesiedelt.<\/p>\n<p>Platzierte Cookies<\/p>\n<p>Google-Schriftarten<\/p>\n<p>Marketing\/Tracking<\/p>\n<p>YouTube (auf Englisch)<\/p>\n<p>Marketing\/Tracking, Funktional<\/p>\n<p>Facebook (in in<\/p>\n<p>Marketing\/Tracking, Funktional<\/p>\n<p>Twitter<\/p>\n<p>Funktional, Marketing\/Monitoring<\/p>\n<p>LinkedIn (in englischer Sprache)<\/p>\n<p>Marketing\/Tracking, Funktional<\/p>\n<p>Instagram (in in<\/p>\n<p>Zu untersuchender Zweck<\/p>\n<p>Jivochat<\/p>\n<p>Marketing\/Tracking<\/p>\n<p>Zustimmung<\/p>\n<p>Wenn Sie unsere Website zum ersten Mal besuchen, wird Ihnen ein Pop-up-Fenster mit einer Erkl\u00e4rung zu Cookies angezeigt. Sobald Sie auf &#8222;Einstellungen speichern&#8220; klicken, stimmen Sie unserer Verwendung der von Ihnen im Pop-up-Fenster ausgew\u00e4hlten Kategorien von Cookies und Plug-ins zu, wie in dieser Cookie-Richtlinie beschrieben. Sie k\u00f6nnen die Verwendung von Cookies \u00fcber Ihren Browser deaktivieren, aber beachten Sie bitte, dass unsere Website dann m\u00f6glicherweise nicht mehr richtig funktioniert.<\/p>\n<p>Verwalten Sie Ihre Einwilligungseinstellungen<\/p>\n<p>\u00dcbersetzt mit www.DeepL.com\/Translator (kostenlose Version)<\/p>\n<p>&nbsp;<\/p>\n<p>FUNKTIONSWEISE<\/p>\n<p>VERMARKTUNG<\/p>\n<p>Ihre Rechte in Bezug auf personenbezogene Daten<\/p>\n<p>Sie haben die folgenden Rechte in Bezug auf Ihre personenbezogenen Daten:<\/p>\n<p>Sie haben das Recht zu erfahren, wozu Ihre personenbezogenen Daten ben\u00f6tigt werden, was mit ihnen geschieht und wie lange sie aufbewahrt werden.<\/p>\n<p>Auskunftsrecht: Sie haben das Recht auf Auskunft \u00fcber die Sie betreffenden personenbezogenen Daten, die uns bekannt sind.<\/p>\n<p>Recht auf Berichtigung: Sie haben das Recht, Ihre personenbezogenen Daten zu erg\u00e4nzen, zu berichtigen, l\u00f6schen oder sperren zu lassen, wenn Sie dies w\u00fcnschen.<\/p>\n<p>Wenn Sie uns Ihre Einwilligung zur Verarbeitung Ihrer Daten gegeben haben, haben Sie das Recht, diese Einwilligung zu widerrufen und Ihre personenbezogenen Daten l\u00f6schen zu lassen.<\/p>\n<p>Recht auf Daten\u00fcbertragbarkeit: Sie haben das Recht, alle Ihre personenbezogenen Daten von dem f\u00fcr die Verarbeitung Verantwortlichen anzufordern und sie in ihrer Gesamtheit an einen anderen f\u00fcr die Verarbeitung Verantwortlichen zu \u00fcbertragen.<\/p>\n<p>Widerspruchsrecht: Sie k\u00f6nnen der Verarbeitung Ihrer Daten widersprechen. Daran halten wir uns, es sei denn, es liegen berechtigte Gr\u00fcnde f\u00fcr die Verarbeitung vor.<\/p>\n<p>Um diese Rechte auszu\u00fcben, wenden Sie sich bitte an <a href=\"mailto:dpo@nbn23.tech\"><span class=\"ui-provider vf b c d e f g h i j k l m n o p q r s t u v w x y z ab ac ae af ag ah ai aj ak\" dir=\"ltr\">dpo@nbn23.tech<\/span><\/a>. Siehe die Kontaktdaten am Ende dieser Cookie-Richtlinie. Wenn Sie sich dar\u00fcber beschweren m\u00f6chten, wie wir Ihre Daten behandeln, w\u00fcrden wir uns freuen, von Ihnen zu h\u00f6ren, aber Sie haben auch das Recht, eine Beschwerde bei der Aufsichtsbeh\u00f6rde (der Datenschutzbeh\u00f6rde) einzureichen.<\/p>\n<p>Aktivieren\/Deaktivieren und L\u00f6schen von Cookies<\/p>\n<p>Bitte beachten Sie, dass unsere Website m\u00f6glicherweise nicht richtig funktioniert, wenn alle Cookies deaktiviert sind. Wenn Sie Cookies in Ihrem Browser l\u00f6schen, werden sie nach Ihrer Zustimmung erneut gesetzt, wenn Sie unsere Websites erneut besuchen.<\/p>\n<p>Sie k\u00f6nnen jederzeit von Ihrem Recht Gebrauch machen, Cookies auf dieser Website zu deaktivieren oder zu l\u00f6schen. Diese Aktionen werden je nach dem von Ihnen verwendeten Browser unterschiedlich ausgef\u00fchrt.<\/p>\n<p>Bei allen modernen Browsern k\u00f6nnen Sie Ihre Cookie-Einstellungen \u00e4ndern. Diese Einstellungen finden Sie normalerweise im Men\u00fc &#8222;Optionen&#8220; oder &#8222;Einstellungen&#8220; Ihres Browsers. Sie k\u00f6nnen auch Ihren Browser oder E-Mail-Manager konfigurieren und kostenlose Plug-ins installieren, um zu verhindern, dass Web Bugs heruntergeladen werden, wenn Sie eine E-Mail \u00f6ffnen.<\/p>\n<p>Nachstehend finden Sie eine Anleitung, wie Sie das Men\u00fc zur Konfiguration von Cookies und gegebenenfalls zum privaten Surfen in jedem der wichtigsten Browser aufrufen k\u00f6nnen:<\/p>\n<p>Internet Explorer: Extras -&gt; Internetoptionen -&gt; Datenschutz -&gt; Einstellungen.<\/p>\n<p>Weitere Informationen erhalten Sie beim Microsoft-Support oder in der Hilfe des Browsers.<\/p>\n<p>Firefox: Extras -&gt; Optionen -&gt; Datenschutz -&gt; Verlauf -&gt; Benutzerdefinierte Einstellungen.<\/p>\n<p>Weitere Informationen erhalten Sie beim Mozilla-Support oder in der Hilfe des Browsers.<\/p>\n<p>Chrome: Einstellungen -&gt; Erweiterte Optionen anzeigen -&gt; Datenschutz -&gt; Inhaltseinstellungen.<\/p>\n<p>Weitere Informationen erhalten Sie beim Google-Support oder in der Hilfe des Browsers.<\/p>\n<p>Safari: Voreinstellungen -&gt; Sicherheit.<\/p>\n<p>F\u00fcr weitere Informationen k\u00f6nnen Sie den Apple-Support oder die Browser-Hilfe konsultieren.<\/p>\n<p>Aufbewahrungsfrist<\/p>\n<p>Wir bewahren die von Cookies abgeleiteten Daten f\u00fcr einen Zeitraum von 2 Jahren auf. Unser Banner speichert die Pr\u00e4ferenzen des Nutzers zwei Jahre lang.<\/p>\n<p>Kontaktangaben<\/p>\n<p>Wenn Sie Fragen und\/oder Anmerkungen zu unserer Cookie-Richtlinie und dieser Erkl\u00e4rung haben, wenden Sie sich bitte an die folgenden Kontaktangaben:<\/p>\n<p>&nbsp;<\/p>\n<p>NBN23 S.LU.<\/p>\n<p>Carrer de Juan de la Cierva y<\/p>\n<p>Codorniu 27<\/p>\n<p>46980<\/p>\n<p>B46634206<\/p>\n<p>Paterna Valencia Spanien<\/p>\n<p>Website: https:\/\/nbn23.com<\/p>\n<p>E-Mail: marketing@nbn23.com<\/p>\n<p>Datenschutzbeauftragter: <a href=\"mailto:dpo@nbn23.tech\"><span class=\"ui-provider vf b c d e f g h i j k l m n o p q r s t u v w x y z ab ac ae af ag ah ai aj ak\" dir=\"ltr\">dpo@nbn23.tech<\/span><\/a><\/p>\n<p>Telefonnummer: +34 961022600<\/p>\n<p>Link zur Datenschutzrichtlinie<\/p>\n<p>\u00dcbersetzt mit www.DeepL.com\/Translator (kostenlose Version)[\/vc_column_text][\/vc_column][\/vc_row]<\/p>\n","protected":false},"excerpt":{"rendered":"<p>[vc_row][vc_column][vc_column_text]Einf\u00fchrung Unsere Website https:\/\/nbn23.com (im Folgenden: &#8222;die Website&#8220;) verwendet Cookies und andere damit verbundene Technologien (der Einfachheit halber werden alle Technologien als &#8222;Cookies&#8220; bezeichnet). Cookies werden auch von Dritten gesetzt, die wir unter Vertrag genommen haben. Im folgenden Dokument informieren wir Sie \u00fcber die Verwendung von Cookies auf unserer Website. Was sind Cookies? Ein Cookie [&hellip;]<\/p>\n","protected":false},"author":2,"featured_media":0,"parent":0,"menu_order":0,"comment_status":"closed","ping_status":"closed","template":"","meta":{"_exactmetrics_skip_tracking":false,"_exactmetrics_sitenote_active":false,"_exactmetrics_sitenote_note":"","_exactmetrics_sitenote_category":0,"footnotes":""},"class_list":["post-22222","page","type-page","status-publish","hentry"],"blocksy_meta":{"styles_descriptor":{"styles":{"desktop":"","tablet":"","mobile":""},"google_fonts":[],"version":6}},"aioseo_notices":[],"_links":{"self":[{"href":"https:\/\/nbn23.com\/de\/wp-json\/wp\/v2\/pages\/22222","targetHints":{"allow":["GET"]}}],"collection":[{"href":"https:\/\/nbn23.com\/de\/wp-json\/wp\/v2\/pages"}],"about":[{"href":"https:\/\/nbn23.com\/de\/wp-json\/wp\/v2\/types\/page"}],"author":[{"embeddable":true,"href":"https:\/\/nbn23.com\/de\/wp-json\/wp\/v2\/users\/2"}],"replies":[{"embeddable":true,"href":"https:\/\/nbn23.com\/de\/wp-json\/wp\/v2\/comments?post=22222"}],"version-history":[{"count":5,"href":"https:\/\/nbn23.com\/de\/wp-json\/wp\/v2\/pages\/22222\/revisions"}],"predecessor-version":[{"id":31265,"href":"https:\/\/nbn23.com\/de\/wp-json\/wp\/v2\/pages\/22222\/revisions\/31265"}],"wp:attachment":[{"href":"https:\/\/nbn23.com\/de\/wp-json\/wp\/v2\/media?parent=22222"}],"curies":[{"name":"wp","href":"https:\/\/api.w.org\/{rel}","templated":true}]}}